

{"id":10442,"date":"2019-01-25T13:43:31","date_gmt":"2019-01-25T12:43:31","guid":{"rendered":"http:\/\/www.tv-neuhof.de\/wordpress\/?page_id=10442"},"modified":"2019-01-25T15:28:33","modified_gmt":"2019-01-25T14:28:33","slug":"handball-wm-deutschland-19","status":"publish","type":"page","link":"https:\/\/www.tv-neuhof.de\/wordpress\/about\/vereinsleben\/handball-wm-deutschland-19\/","title":{"rendered":"Handball-WM Deutschland &#8217;19"},"content":{"rendered":"\n<p style=\"text-align:center\"><strong>Der TV Neuhof zeigt Flagge bei der Hauptrunde in K\u00f6ln!<\/strong><\/p>\n\n\n\n<p>Eine kleine Abordnung des TVNs unterst\u00fctzte lautstark die deutsche Nationalmannschaft w\u00e4hrend der Hauptrunde in der K\u00f6lner Lanxess Arena.<\/p>\n\n\n\n<table border=\"0\" cellspacing=\"5\" cellpadding=\"2\" align=\"center\">\n<tbody>\n<tr><td><a href=\"https:\/\/www.tv-neuhof.de\/wordpress\/wp-content\/uploads\/2019\/01\/WM-2019_01.jpg\" target=\"_blank\"><img loading=\"lazy\" decoding=\"async\" width=\"300\" height=\"200\" src=\"https:\/\/www.tv-neuhof.de\/wordpress\/wp-content\/uploads\/2019\/01\/WM-2019_01-300x200.jpg\" alt=\"\" class=\"wp-image-10449\" srcset=\"https:\/\/www.tv-neuhof.de\/wordpress\/wp-content\/uploads\/2019\/01\/WM-2019_01-300x200.jpg 300w, https:\/\/www.tv-neuhof.de\/wordpress\/wp-content\/uploads\/2019\/01\/WM-2019_01-768x512.jpg 768w, https:\/\/www.tv-neuhof.de\/wordpress\/wp-content\/uploads\/2019\/01\/WM-2019_01.jpg 1024w\" sizes=\"auto, (max-width: 300px) 100vw, 300px\" \/><\/a>\n<\/td><\/tr>\n<\/tbody>\n<\/table>\n\n\n\n<p>Gut platziert direkt hinter dem Tor war die Fahne des TVN, die schon seit der WM in Kroatien 2009 auf verschiedenen gro\u00dfen internationalen Veranstaltungen unterwegs ist, \u00f6fters w\u00e4hrend der Fernseh\u00fcbertragung zu sehen.<\/p>\n\n\n\n<table border=\"0\" cellspacing=\"5\" cellpadding=\"2\" align=\"center\">\n<tbody>\n<tr><td>\n<a href=\"https:\/\/www.tv-neuhof.de\/wordpress\/wp-content\/uploads\/2019\/01\/WM-2019_02.jpg\" target=\"_blank\"><img loading=\"lazy\" decoding=\"async\" width=\"300\" height=\"169\" src=\"https:\/\/www.tv-neuhof.de\/wordpress\/wp-content\/uploads\/2019\/01\/WM-2019_02-300x169.jpg\" alt=\"\" class=\"wp-image-10450\" srcset=\"https:\/\/www.tv-neuhof.de\/wordpress\/wp-content\/uploads\/2019\/01\/WM-2019_02-300x169.jpg 300w, https:\/\/www.tv-neuhof.de\/wordpress\/wp-content\/uploads\/2019\/01\/WM-2019_02-768x432.jpg 768w, https:\/\/www.tv-neuhof.de\/wordpress\/wp-content\/uploads\/2019\/01\/WM-2019_02.jpg 1024w\" sizes=\"auto, (max-width: 300px) 100vw, 300px\" \/><\/a>\n<\/td>\n<td>\n<a href=\"https:\/\/www.tv-neuhof.de\/wordpress\/wp-content\/uploads\/2019\/01\/WM-2019_03.jpg\" target=\"_blank\"><img loading=\"lazy\" decoding=\"async\" width=\"300\" height=\"157\" src=\"https:\/\/www.tv-neuhof.de\/wordpress\/wp-content\/uploads\/2019\/01\/WM-2019_03-300x157.jpg\" alt=\"\" class=\"wp-image-10451\" srcset=\"https:\/\/www.tv-neuhof.de\/wordpress\/wp-content\/uploads\/2019\/01\/WM-2019_03-300x157.jpg 300w, https:\/\/www.tv-neuhof.de\/wordpress\/wp-content\/uploads\/2019\/01\/WM-2019_03-768x401.jpg 768w, https:\/\/www.tv-neuhof.de\/wordpress\/wp-content\/uploads\/2019\/01\/WM-2019_03.jpg 1024w\" sizes=\"auto, (max-width: 300px) 100vw, 300px\" \/><\/a>\n<\/td>\n<\/tr>\n<\/tbody>\n<\/table>\n\n\n\n<p>Das entsch\u00e4digte etwas f\u00fcr das unverst\u00e4ndliche Verbot des IHFs, Nationalfahnen aufzuh\u00e4ngen, obwohl das in Berlin noch erlaubt war. Auch Christian &#8222;Blacky&#8220; Schwarzer war davon \u00fcberrascht, der zuf\u00e4llig bei unserer Nachfrage anwesend war.<\/p>\n\n\n\n<table border=\"0\" cellspacing=\"5\" cellpadding=\"2\" align=\"center\">\n<tbody>\n<tr><td>\n<a href=\"https:\/\/www.tv-neuhof.de\/wordpress\/wp-content\/uploads\/2019\/01\/WM-2019_04.jpg\" target=\"_blank\"><img loading=\"lazy\" decoding=\"async\" width=\"300\" height=\"225\" src=\"https:\/\/www.tv-neuhof.de\/wordpress\/wp-content\/uploads\/2019\/01\/WM-2019_04-300x225.jpeg\" alt=\"\" class=\"wp-image-10443\" srcset=\"https:\/\/www.tv-neuhof.de\/wordpress\/wp-content\/uploads\/2019\/01\/WM-2019_04-300x225.jpeg 300w, https:\/\/www.tv-neuhof.de\/wordpress\/wp-content\/uploads\/2019\/01\/WM-2019_04-768x576.jpeg 768w, https:\/\/www.tv-neuhof.de\/wordpress\/wp-content\/uploads\/2019\/01\/WM-2019_04.jpeg 1024w\" sizes=\"auto, (max-width: 300px) 100vw, 300px\" \/><\/a>\n<\/td><\/tr>\n<\/tbody>\n<\/table>\n\n\n\n<p>\u00dcber vier Tage und dreizehn Spiele hinweg, feuerten die TVNler mit bis zu 19.500 anderen Zuschauern die Spieler der beteiligten Nationen an. Die Stimmung war riesig und bei den Spielen unserer Mannschaft kochte die Arena f\u00f6rmlich.<\/p>\n\n\n\n<p>Aber auch die anderen Mannschaften wurden flei\u00dfig unterst\u00fctzt, so dass die Hauptrunde f\u00fcr alle Spieler ein tolles Erlebnis wurde. Besonders f\u00fcr den chilenischen Spieler mit der Nummer 4, Erwin Feuchtmann. Im Spiel gegen Mazedonien entwickelte er sich zum Publikumsliebling, den 13.000 Zuschauern mit \u201eErwin, Erwin\u201c-Rufen begeistert anfeuerten. Zum Spieler des Matches gek\u00fcrt, konnte man seine R\u00fchrung im Interview deutlich sp\u00fcren. <\/p>\n\n\n\n<p>Zwischen den Spielen kam es immer wieder zu unerwarteten Begegnungen. So hatte ein nach K\u00f6ln umgezogener ehemaliger D-Jugendspieler die TVN Fahne von der anderen Seite der Halle entdeckt und kam erstmal r\u00fcber um seinen damaligen Trainer zu begr\u00fc\u00dfen. <br>Aber auch Vereinsmitglieder aus Neuhof traf man \u00fcberraschend:<\/p>\n\n\n\n<table border=\"0\" cellspacing=\"5\" cellpadding=\"2\" align=\"center\">\n<tbody>\n<tr><td>\n<a href=\"https:\/\/www.tv-neuhof.de\/wordpress\/wp-content\/uploads\/2019\/01\/WM-2019_05.jpg\" target=\"_blank\"><img loading=\"lazy\" decoding=\"async\" width=\"300\" height=\"225\" src=\"https:\/\/www.tv-neuhof.de\/wordpress\/wp-content\/uploads\/2019\/01\/WM-2019_05-300x225.jpeg\" alt=\"\" class=\"wp-image-10444\" srcset=\"https:\/\/www.tv-neuhof.de\/wordpress\/wp-content\/uploads\/2019\/01\/WM-2019_05-300x225.jpeg 300w, https:\/\/www.tv-neuhof.de\/wordpress\/wp-content\/uploads\/2019\/01\/WM-2019_05-768x576.jpeg 768w, https:\/\/www.tv-neuhof.de\/wordpress\/wp-content\/uploads\/2019\/01\/WM-2019_05.jpeg 1024w\" sizes=\"auto, (max-width: 300px) 100vw, 300px\" \/><\/a>\n<\/td>\n<td>\n<a href=\"https:\/\/www.tv-neuhof.de\/wordpress\/wp-content\/uploads\/2019\/01\/WM-2019_11.jpg\" target=\"_blank\"><img loading=\"lazy\" decoding=\"async\" width=\"300\" height=\"225\" src=\"https:\/\/www.tv-neuhof.de\/wordpress\/wp-content\/uploads\/2019\/01\/WM-2019_11-300x225.jpeg\" alt=\"\" class=\"wp-image-10469\" srcset=\"https:\/\/www.tv-neuhof.de\/wordpress\/wp-content\/uploads\/2019\/01\/WM-2019_11-300x225.jpeg 300w, https:\/\/www.tv-neuhof.de\/wordpress\/wp-content\/uploads\/2019\/01\/WM-2019_11-768x576.jpeg 768w, https:\/\/www.tv-neuhof.de\/wordpress\/wp-content\/uploads\/2019\/01\/WM-2019_11.jpeg 1024w\" sizes=\"auto, (max-width: 300px) 100vw, 300px\" \/>\n<\/td><\/tr>\n<\/tbody>\n<\/table>\n\n\n\n<p>Und wieder einmal waren auch unsere Freunde vom TV Flieden vertreten. Wie im Weltmeisterjahr 2007, feuerten TVN und TVF die Nationalmannschaft zusammen an.<\/p>\n\n\n\n<table border=\"0\" cellspacing=\"5\" cellpadding=\"2\" align=\"center\">\n<tbody>\n<tr><td>\n<a href=\"https:\/\/www.tv-neuhof.de\/wordpress\/wp-content\/uploads\/2019\/01\/WM-2019_10.jpg\" target=\"_blank\"><img loading=\"lazy\" decoding=\"async\" width=\"300\" height=\"225\" src=\"https:\/\/www.tv-neuhof.de\/wordpress\/wp-content\/uploads\/2019\/01\/WM-2019_10-300x225.jpg\" alt=\"\" class=\"wp-image-10468\" srcset=\"https:\/\/www.tv-neuhof.de\/wordpress\/wp-content\/uploads\/2019\/01\/WM-2019_10-300x225.jpg 300w, https:\/\/www.tv-neuhof.de\/wordpress\/wp-content\/uploads\/2019\/01\/WM-2019_10-768x576.jpg 768w, https:\/\/www.tv-neuhof.de\/wordpress\/wp-content\/uploads\/2019\/01\/WM-2019_10.jpg 1024w\" sizes=\"auto, (max-width: 300px) 100vw, 300px\" \/><\/a>\n<\/td>\n<td>\n<a href=\"https:\/\/www.tv-neuhof.de\/wordpress\/wp-content\/uploads\/2019\/01\/WM-2019_07.jpg\" target=\"_blank\"><img loading=\"lazy\" decoding=\"async\" width=\"300\" height=\"169\" src=\"https:\/\/www.tv-neuhof.de\/wordpress\/wp-content\/uploads\/2019\/01\/WM-2019_07-300x169.jpg\" alt=\"\" class=\"wp-image-10446\" srcset=\"https:\/\/www.tv-neuhof.de\/wordpress\/wp-content\/uploads\/2019\/01\/WM-2019_07-300x169.jpg 300w, https:\/\/www.tv-neuhof.de\/wordpress\/wp-content\/uploads\/2019\/01\/WM-2019_07-768x432.jpg 768w, https:\/\/www.tv-neuhof.de\/wordpress\/wp-content\/uploads\/2019\/01\/WM-2019_07.jpg 1024w\" sizes=\"auto, (max-width: 300px) 100vw, 300px\" \/>\n<\/td><\/tr>\n<\/tbody>\n<\/table>\n\n\n\n<p>Tolle vier Tage mit einem weltmeisterlichen Publikum, fantastischen\nSpielen und einer super aufgelegten deutschen Mannschaft liegen hinter uns. Die\nHighlights waren mit Sicherheit der \u00dcberraschungssieg der Brasilianer \u00fcber die\nklar favorisierten Kroaten und der Nervenkrimi Deutschland gegen Kroatien, mit\ndessen Sieg wir den Einzug ins Halbfinale klar machten. <\/p>\n\n\n\n<p>Aber auch die anderen Spiele waren interessant und boten Handball auf h\u00f6chstem Niveau. Leider konnten die Isl\u00e4nder, die unsere Mannschaft das Leben schwer machten, die Ausf\u00e4lle von P\u00e1lmarsson und Gunnarsson leider nicht kompensieren. Trotzdem zeigte die sehr junge Mannschaft was in ihr steckt und begeisterte das Publikum mit ihrem temporeichen Spiel. Und da waren ja auch noch der amtierende Weltmeister Frankreich und Europameister Spanien.<\/p>\n\n\n\n<p style=\"text-align:center\">Abschlie\u00dfend l\u00e4sst sich nur eins sagen: <strong>Es war ein unvergessliches Erlebnis!<\/strong><\/p>\n\n\n\n<table border=\"0\" cellspacing=\"5\" cellpadding=\"2\" align=\"center\">\n<tbody>\n<tr><td>\n<a href=\"https:\/\/www.tv-neuhof.de\/wordpress\/wp-content\/uploads\/2019\/01\/WM-2109_09.png\" target=\"_blank\"><img loading=\"lazy\" decoding=\"async\" src=\"https:\/\/www.tv-neuhof.de\/wordpress\/wp-content\/uploads\/2019\/01\/WM-2109_09.png\" alt=\"\" class=\"wp-image-10464\" width=\"768\" height=\"432\" srcset=\"https:\/\/www.tv-neuhof.de\/wordpress\/wp-content\/uploads\/2019\/01\/WM-2109_09.png 1024w, https:\/\/www.tv-neuhof.de\/wordpress\/wp-content\/uploads\/2019\/01\/WM-2109_09-300x169.png 300w, https:\/\/www.tv-neuhof.de\/wordpress\/wp-content\/uploads\/2019\/01\/WM-2109_09-768x432.png 768w\" sizes=\"auto, (max-width: 768px) 100vw, 768px\" \/><\/a>\n<\/td><\/tr>\n<\/tbody>\n<\/table>\n","protected":false},"excerpt":{"rendered":"<p>Der TV Neuhof zeigt Flagge bei der Hauptrunde in K\u00f6ln! Eine kleine Abordnung des TVNs unterst\u00fctzte lautstark die deutsche Nationalmannschaft w\u00e4hrend der Hauptrunde in der K\u00f6lner Lanxess Arena. Gut platziert direkt hinter dem Tor war die Fahne des TVN, die schon seit der WM in Kroatien 2009 auf verschiedenen gro\u00dfen internationalen Veranstaltungen unterwegs ist, \u00f6fters [&hellip;]<\/p>\n","protected":false},"author":11,"featured_media":0,"parent":1546,"menu_order":100,"comment_status":"closed","ping_status":"closed","template":"","meta":{"ngg_post_thumbnail":0,"footnotes":""},"class_list":["post-10442","page","type-page","status-publish","hentry"],"_links":{"self":[{"href":"https:\/\/www.tv-neuhof.de\/wordpress\/wp-json\/wp\/v2\/pages\/10442","targetHints":{"allow":["GET"]}}],"collection":[{"href":"https:\/\/www.tv-neuhof.de\/wordpress\/wp-json\/wp\/v2\/pages"}],"about":[{"href":"https:\/\/www.tv-neuhof.de\/wordpress\/wp-json\/wp\/v2\/types\/page"}],"author":[{"embeddable":true,"href":"https:\/\/www.tv-neuhof.de\/wordpress\/wp-json\/wp\/v2\/users\/11"}],"replies":[{"embeddable":true,"href":"https:\/\/www.tv-neuhof.de\/wordpress\/wp-json\/wp\/v2\/comments?post=10442"}],"version-history":[{"count":9,"href":"https:\/\/www.tv-neuhof.de\/wordpress\/wp-json\/wp\/v2\/pages\/10442\/revisions"}],"predecessor-version":[{"id":10478,"href":"https:\/\/www.tv-neuhof.de\/wordpress\/wp-json\/wp\/v2\/pages\/10442\/revisions\/10478"}],"up":[{"embeddable":true,"href":"https:\/\/www.tv-neuhof.de\/wordpress\/wp-json\/wp\/v2\/pages\/1546"}],"wp:attachment":[{"href":"https:\/\/www.tv-neuhof.de\/wordpress\/wp-json\/wp\/v2\/media?parent=10442"}],"curies":[{"name":"wp","href":"https:\/\/api.w.org\/{rel}","templated":true}]}}