

{"id":10763,"date":"2019-09-11T12:54:15","date_gmt":"2019-09-11T11:54:15","guid":{"rendered":"http:\/\/www.tv-neuhof.de\/wordpress\/?page_id=10763"},"modified":"2020-08-11T07:37:50","modified_gmt":"2020-08-11T06:37:50","slug":"2018-2019","status":"publish","type":"page","link":"https:\/\/www.tv-neuhof.de\/wordpress\/about\/historisches\/mannschaftsfotos\/2018-2019\/","title":{"rendered":"2018\/19"},"content":{"rendered":"\n<h1 class=\"has-text-align-center wp-block-heading\">Herren<\/h1>\n\n\n\n<p style=\"text-align: center;\"><a href=\"https:\/\/www.tv-neuhof.de\/wordpress\/?attachment_id=10144\" rel=\"attachment wp-att-10144\"><img loading=\"lazy\" decoding=\"async\" class=\"aligncenter size-thumbnail wp-image-10144\" src=\"https:\/\/www.tv-neuhof.de\/wordpress\/wp-content\/uploads\/2018\/10\/2018-M\u00e4nner-300x199.jpg\" alt=\"\" width=\"300\" height=\"199\" srcset=\"https:\/\/www.tv-neuhof.de\/wordpress\/wp-content\/uploads\/2018\/10\/2018-M\u00e4nner-300x199.jpg 300w, https:\/\/www.tv-neuhof.de\/wordpress\/wp-content\/uploads\/2018\/10\/2018-M\u00e4nner-768x509.jpg 768w, https:\/\/www.tv-neuhof.de\/wordpress\/wp-content\/uploads\/2018\/10\/2018-M\u00e4nner.jpg 1024w\" sizes=\"auto, (max-width: 300px) 100vw, 300px\" \/><\/a><\/p>\n<table border=\"0\" cellspacing=\"5\" cellpadding=\"2\" align=\"center\">\n<tbody>\n<tr>\n<td valign=\"top\" width=\"80px\">Hinten v.l.:<\/td>\n<td>Fabian Benkner, Alexander Remmert, Winfried Schmitt, Sebastian Ellenbrand, Felix M\u00f6ller, Lukas Benkner<\/td>\n<\/tr>\n<tr>\n<td valign=\"top\" width=\"80px\">Mitte v.l.:<\/td>\n<td>Marcel Sch\u00e4fer, Daniel Arnreich, Leonard Hack, Tobias Neidert, Christian Remmert, Julian Kl\u00fch, Daniel H\u00e4ndler, Florian Kramer, Michael Remmert (Co-Trainer)<\/td>\n<\/tr>\n<tr>\n<td valign=\"top\" width=\"80px\">Vorne v.l.:<\/td>\n<td>Johannes Manz (Spielertrainer), Rafi Oria, Elmar M\u00fcller, Tim Eisenstein, Jannik Enders, Frederik Storch<\/td>\n<\/tr>\n<tr>\n<td valign=\"top\" width=\"80px\">Es fehlen:<\/td>\n<td>Benedikt Grob, Felix M\u00f6ller, Johannes Kulla, Michael Andr\u00e9, Dominik Vogler, J\u00fcrgen Sch\u00e4fer (Betreuer)<\/td>\n<\/tr>\n<\/tbody>\n<\/table>\n<p><strong>&nbsp;<\/strong><\/p>\n\n\n\n<h1 class=\"has-text-align-center wp-block-heading\">Damen<\/h1>\n\n\n\n<p style=\"text-align: center;\"><a href=\"https:\/\/www.tv-neuhof.de\/wordpress\/?attachment_id=10105\" rel=\"attachment wp-att-10105\"><img loading=\"lazy\" decoding=\"async\" class=\"aligncenter size-thumbnail wp-image-10105\" src=\"https:\/\/www.tv-neuhof.de\/wordpress\/wp-content\/uploads\/2018\/09\/2018-Damen-300x200.jpg\" alt=\"\" width=\"300\" height=\"200\" srcset=\"https:\/\/www.tv-neuhof.de\/wordpress\/wp-content\/uploads\/2018\/09\/2018-Damen-300x200.jpg 300w, https:\/\/www.tv-neuhof.de\/wordpress\/wp-content\/uploads\/2018\/09\/2018-Damen-768x511.jpg 768w, https:\/\/www.tv-neuhof.de\/wordpress\/wp-content\/uploads\/2018\/09\/2018-Damen.jpg 1024w\" sizes=\"auto, (max-width: 300px) 100vw, 300px\" \/><\/a><\/p>\n<p style=\"text-align: center;\"><a href=\"http:.\/?page_id=9337\">Saison 2016\/17 (Historie)<\/a><\/p>\n<table border=\"0\" cellspacing=\"5\" cellpadding=\"2\" align=\"center\">\n<tbody>\n<tr>\n<td valign=\"top\" width=\"80px\">Von links:<\/td>\n<td>Uwe Hoffmann (Trainer), Henrike Frohnapfel, Julia M\u00fcller, Bernadette Wahl, Leonie Brunner, Alida Maxand, Sabine Kre\u00df, Annika Wenzel, Ann-Kristin Krah, Laura Kern, Jasmin Ellenbrand, Corinna Kuschnick, Antonia Kulla, Mattea Heil, Elisabeth Weber, Jule Bachmann<\/td>\n<\/tr>\n<tr>\n<td valign=\"top\">Es fehlen:<\/td>\n<td>Miriam Benkner, Patricia Betz, Franziska Kern, Anna N\u00fcchter, Lea Diegelmann, Dana Arsenie, Thomas Heil (Betreuer)<\/td>\n<\/tr>\n<\/tbody>\n<\/table>\n<p><strong>&nbsp;<\/strong><\/p>\n\n\n\n<h1 class=\"has-text-align-center wp-block-heading\">A-Jugend m\u00e4nnlich (JSG)<\/h1>\n\n\n\n<p style=\"text-align: center;\"><a href=\"https:\/\/www.tv-neuhof.de\/wordpress\/?attachment_id=10132\" rel=\"attachment wp-att-10132\"><img loading=\"lazy\" decoding=\"async\" class=\"aligncenter size-thumbnail wp-image-10132\" src=\"https:\/\/www.tv-neuhof.de\/wordpress\/wp-content\/uploads\/2018\/10\/2018-A-Jugend-m\u00e4nnlich-300x200.jpg\" alt=\"\" width=\"300\" height=\"200\" srcset=\"https:\/\/www.tv-neuhof.de\/wordpress\/wp-content\/uploads\/2018\/10\/2018-A-Jugend-m\u00e4nnlich-300x200.jpg 300w, https:\/\/www.tv-neuhof.de\/wordpress\/wp-content\/uploads\/2018\/10\/2018-A-Jugend-m\u00e4nnlich-768x512.jpg 768w, https:\/\/www.tv-neuhof.de\/wordpress\/wp-content\/uploads\/2018\/10\/2018-A-Jugend-m\u00e4nnlich.jpg 1024w\" sizes=\"auto, (max-width: 300px) 100vw, 300px\" \/><\/a><\/p>\n<table border=\"0\" cellspacing=\"5\" cellpadding=\"2\" align=\"center\">\n<tbody>\n<tr>\n<td valign=\"top\" width=\"80px\">Hinten v.l.:<\/td>\n<td>Clemens S., Nils S., Manuel B., Simon G., Felix R., Malte G.<\/td>\n<\/tr>\n<tr>\n<td valign=\"top\" width=\"80px\">Mitte v.l.:<\/td>\n<td>Maxi Leitschuh (Co-Trainer), Joshua S., Moritz S., Roman F., Kacper L., Tim B., Dominic Di Meglio (Trainer)<\/td>\n<\/tr>\n<tr>\n<td valign=\"top\" width=\"80px\">Vorne v.l.:<\/td>\n<td>Magnus A., Lorenz M., Janosch B., Hannes B., Moritz K.<\/td>\n<\/tr>\n<\/tbody>\n<\/table>\n<p><strong>&nbsp;<\/strong><\/p>\n\n\n\n<h1 class=\"has-text-align-center wp-block-heading\">B-Jugend m\u00e4nnlich (JSG)<\/h1>\n\n\n\n<p style=\"text-align: center;\"><a href=\"https:\/\/www.tv-neuhof.de\/wordpress\/?attachment_id=10133\" rel=\"attachment wp-att-10133\"><img loading=\"lazy\" decoding=\"async\" class=\"aligncenter size-thumbnail wp-image-10133\" src=\"https:\/\/www.tv-neuhof.de\/wordpress\/wp-content\/uploads\/2018\/10\/2018-B-Jugend-m\u00e4nnlich-300x146.jpg\" alt=\"\" width=\"300\" height=\"146\" srcset=\"https:\/\/www.tv-neuhof.de\/wordpress\/wp-content\/uploads\/2018\/10\/2018-B-Jugend-m\u00e4nnlich-300x146.jpg 300w, https:\/\/www.tv-neuhof.de\/wordpress\/wp-content\/uploads\/2018\/10\/2018-B-Jugend-m\u00e4nnlich-768x374.jpg 768w, https:\/\/www.tv-neuhof.de\/wordpress\/wp-content\/uploads\/2018\/10\/2018-B-Jugend-m\u00e4nnlich.jpg 1024w\" sizes=\"auto, (max-width: 300px) 100vw, 300px\" \/><\/a><\/p>\n<table border=\"0\" cellspacing=\"5\" cellpadding=\"2\" align=\"center\">\n<tbody>\n<tr>\n<td valign=\"top\" width=\"80px\">Stehend v.l.:<\/td>\n<td>Mladen Habalija (Trainer), Josef L., Leon W., Benedikt P., Noah H., Lorenz A., Jonas R., Tim-Ole B.<\/td>\n<\/tr>\n<tr>\n<td valign=\"top\" width=\"80px\">Kniend v.l.:<\/td>\n<td>Lucas G., Justus S., Felix R., Thomas R\u00e4sch (Betreuer)<\/td>\n<\/tr>\n<tr>\n<td valign=\"top\" width=\"80px\">Es fehlt:<\/td>\n<td>Markus Wolf (Betreuer)<\/td>\n<\/tr>\n<\/tbody>\n<\/table>\n<p><strong>&nbsp;<\/strong><\/p>\n\n\n\n<h1 class=\"has-text-align-center wp-block-heading\">B-Jugend weiblich (JSG)<\/h1>\n\n\n\n<p style=\"text-align: center;\"><a href=\"https:\/\/www.tv-neuhof.de\/wordpress\/?attachment_id=10134\" rel=\"attachment wp-att-10134\"><img loading=\"lazy\" decoding=\"async\" class=\"aligncenter size-thumbnail wp-image-10134\" src=\"https:\/\/www.tv-neuhof.de\/wordpress\/wp-content\/uploads\/2018\/10\/2018-B-Jugend-weiblich-300x225.jpg\" alt=\"\" width=\"300\" height=\"225\" srcset=\"https:\/\/www.tv-neuhof.de\/wordpress\/wp-content\/uploads\/2018\/10\/2018-B-Jugend-weiblich-300x225.jpg 300w, https:\/\/www.tv-neuhof.de\/wordpress\/wp-content\/uploads\/2018\/10\/2018-B-Jugend-weiblich-768x576.jpg 768w, https:\/\/www.tv-neuhof.de\/wordpress\/wp-content\/uploads\/2018\/10\/2018-B-Jugend-weiblich.jpg 1024w\" sizes=\"auto, (max-width: 300px) 100vw, 300px\" \/><\/a><\/p>\n<table border=\"0\" cellspacing=\"5\" cellpadding=\"2\" align=\"center\">\n<tbody>\n<tr>\n<td valign=\"top\" width=\"80px\">Hinten v.l.<\/td>\n<td>Anna-Lena Heil (Trainerin), Barbara H., Neele R., Sophie R., Amelie H., Lea W., Lilli O., Kiara P., Jana F., Sonja Pfannm\u00fcller (Betreuerin)<\/td>\n<\/tr>\n<tr>\n<td valign=\"top\" width=\"80px\">Vorne v.l.<\/td>\n<td>Pauline K., Luisa L., Lilly D., Marie M., Mathilda A., Maxima H., Hannah K., Sarah F.<\/td>\n<\/tr>\n<\/tbody>\n<\/table>\n<p><strong>&nbsp;<\/strong><\/p>\n\n\n\n<h1 class=\"has-text-align-center wp-block-heading\">C-Jugend m\u00e4nnlich (JSG)<\/h1>\n\n\n\n<p style=\"text-align: center;\"><a href=\"https:\/\/www.tv-neuhof.de\/wordpress\/?attachment_id=10135\" rel=\"attachment wp-att-10135\"><img loading=\"lazy\" decoding=\"async\" class=\"aligncenter size-thumbnail wp-image-10135\" src=\"https:\/\/www.tv-neuhof.de\/wordpress\/wp-content\/uploads\/2018\/10\/2018-C-Jugend-m\u00e4nnlich-300x225.jpg\" alt=\"\" width=\"300\" height=\"225\" srcset=\"https:\/\/www.tv-neuhof.de\/wordpress\/wp-content\/uploads\/2018\/10\/2018-C-Jugend-m\u00e4nnlich-300x225.jpg 300w, https:\/\/www.tv-neuhof.de\/wordpress\/wp-content\/uploads\/2018\/10\/2018-C-Jugend-m\u00e4nnlich-768x576.jpg 768w, https:\/\/www.tv-neuhof.de\/wordpress\/wp-content\/uploads\/2018\/10\/2018-C-Jugend-m\u00e4nnlich.jpg 1024w\" sizes=\"auto, (max-width: 300px) 100vw, 300px\" \/><\/a><\/p>\n<table border=\"0\" cellspacing=\"5\" cellpadding=\"2\" align=\"center\">\n<tbody>\n<tr>\n<td valign=\"top\" width=\"80px\">Stehend v.l.:<\/td>\n<td>Sandra Seng (Betreuerin), Lorenz H., Linus L., Aaron F., Luis S., Tizian S., Noah O., Christoph H\u00e4u\u00dfel (Trainer)<\/td>\n<\/tr>\n<tr>\n<td valign=\"top\" width=\"80px\">Sitzend v.l.:<\/td>\n<td>Lasse T., Vincent P., Leon B., Tim H., Simon M.<\/td>\n<\/tr>\n<tr>\n<td valign=\"top\" width=\"80px\">Es fehlen:<\/td>\n<td>Jannik W., Christof Hauschild (Betreuer)<\/td>\n<\/tr>\n<\/tbody>\n<\/table>\n<p><strong>&nbsp;<\/strong><\/p>\n\n\n\n<h1 class=\"has-text-align-center wp-block-heading\">D-Jugend m\u00e4nnlich (JSG)<\/h1>\n\n\n\n<p style=\"text-align: center;\"><a href=\"https:\/\/www.tv-neuhof.de\/wordpress\/?attachment_id=10136\" rel=\"attachment wp-att-10136\"><img loading=\"lazy\" decoding=\"async\" class=\"aligncenter size-thumbnail wp-image-10136\" src=\"https:\/\/www.tv-neuhof.de\/wordpress\/wp-content\/uploads\/2018\/10\/2018-D-Jugend-m\u00e4nnlich-300x189.jpg\" alt=\"\" width=\"300\" height=\"189\" srcset=\"https:\/\/www.tv-neuhof.de\/wordpress\/wp-content\/uploads\/2018\/10\/2018-D-Jugend-m\u00e4nnlich-300x189.jpg 300w, https:\/\/www.tv-neuhof.de\/wordpress\/wp-content\/uploads\/2018\/10\/2018-D-Jugend-m\u00e4nnlich-768x484.jpg 768w, https:\/\/www.tv-neuhof.de\/wordpress\/wp-content\/uploads\/2018\/10\/2018-D-Jugend-m\u00e4nnlich.jpg 1024w\" sizes=\"auto, (max-width: 300px) 100vw, 300px\" \/><\/a><\/p>\n<table border=\"0\" cellspacing=\"5\" cellpadding=\"2\" align=\"center\">\n<tbody>\n<tr>\n<td valign=\"top\" width=\"80px\">Stehend v.l.:<\/td>\n<td>Ehbrahim A., Marlon H., Lars P., Noah V., Noah B., Paul P., Marius S., Dirk Pezold (Trainer)<\/td>\n<\/tr>\n<tr>\n<td valign=\"top\" width=\"80px\">Sitzend v.l.:<\/td>\n<td>Laurenz F., Roman W., Gabriel R., Sverre J., Julian F., Ben S., Noel W.<\/td>\n<\/tr>\n<\/tbody>\n<\/table>\n<p><strong>&nbsp;<\/strong><\/p>\n\n\n\n<h1 class=\"has-text-align-center wp-block-heading\">D-Jugend weiblich (JSG)<\/h1>\n\n\n\n<p style=\"text-align: center;\"><a href=\"https:\/\/www.tv-neuhof.de\/wordpress\/?attachment_id=10142\" rel=\"attachment wp-att-10142\"><img loading=\"lazy\" decoding=\"async\" class=\"aligncenter size-thumbnail wp-image-10142\" src=\"https:\/\/www.tv-neuhof.de\/wordpress\/wp-content\/uploads\/2018\/10\/2018-D-Jugend-weiblich-300x225.jpg\" alt=\"\" width=\"300\" height=\"225\" srcset=\"https:\/\/www.tv-neuhof.de\/wordpress\/wp-content\/uploads\/2018\/10\/2018-D-Jugend-weiblich-300x225.jpg 300w, https:\/\/www.tv-neuhof.de\/wordpress\/wp-content\/uploads\/2018\/10\/2018-D-Jugend-weiblich-768x576.jpg 768w, https:\/\/www.tv-neuhof.de\/wordpress\/wp-content\/uploads\/2018\/10\/2018-D-Jugend-weiblich.jpg 1024w\" sizes=\"auto, (max-width: 300px) 100vw, 300px\" \/><\/a><\/p>\n<table border=\"0\" cellspacing=\"5\" cellpadding=\"2\" align=\"center\">\n<tbody>\n<tr>\n<td valign=\"top\" width=\"80px\">Hinten v.l.:<\/td>\n<td>Jule T., Anne D. Amelie S., Eva Weber (Trainerin)<\/td>\n<\/tr>\n<tr>\n<td valign=\"top\" width=\"80px\">Vorne v.l.:<\/td>\n<td>Elisa S., Ronja E., Julina S., Teresa W.<\/td>\n<\/tr>\n<tr>\n<td valign=\"top\" width=\"80px\">Es fehlen:<\/td>\n<td>Lilly W., Lena R., Elsa S.<\/td>\n<\/tr>\n<\/tbody>\n<\/table>\n<p><strong>&nbsp;<\/strong><\/p>\n\n\n\n<h1 class=\"has-text-align-center wp-block-heading\">E-Jugend<\/h1>\n\n\n\n<p style=\"text-align: center;\"><a href=\"https:\/\/www.tv-neuhof.de\/wordpress\/?attachment_id=10111\" rel=\"attachment wp-att-10111\"><img loading=\"lazy\" decoding=\"async\" class=\"aligncenter size-thumbnail wp-image-10111\" src=\"https:\/\/www.tv-neuhof.de\/wordpress\/wp-content\/uploads\/2018\/09\/2018-E-Jugend-300x200.jpg\" alt=\"\" width=\"300\" height=\"200\" srcset=\"https:\/\/www.tv-neuhof.de\/wordpress\/wp-content\/uploads\/2018\/09\/2018-E-Jugend-300x200.jpg 300w, https:\/\/www.tv-neuhof.de\/wordpress\/wp-content\/uploads\/2018\/09\/2018-E-Jugend-768x511.jpg 768w, https:\/\/www.tv-neuhof.de\/wordpress\/wp-content\/uploads\/2018\/09\/2018-E-Jugend.jpg 1024w\" sizes=\"auto, (max-width: 300px) 100vw, 300px\" \/><\/a><\/p>\n<table border=\"0\" cellspacing=\"5\" cellpadding=\"2\" align=\"center\">\n<tbody>\n<tr>\n<td valign=\"top\" width=\"80px\">Stehend v.l.:<\/td>\n<td>Antonia (Trainerin), Nico, Pius, Lennard, David-Simon, Tim, Pius, Natalie (Trainerin)<\/td>\n<\/tr>\n<tr>\n<td valign=\"top\" width=\"80px\">Kniend v.l.:<\/td>\n<td>Nike, Dominik, Lukas, Anna, Friedrich<\/td>\n<\/tr>\n<tr>\n<td valign=\"top\" width=\"80px\">Es fehlen:<\/td>\n<td>Mika und Justin, Steffi (Trainerin)<\/td>\n<\/tr>\n<\/tbody>\n<\/table>\n<p><strong>&nbsp;<\/strong><\/p>\n\n\n\n<h1 class=\"has-text-align-center wp-block-heading\">F-Jugend<\/h1>\n\n\n\n<p style=\"text-align: center;\"><a href=\"https:\/\/www.tv-neuhof.de\/wordpress\/?attachment_id=10108\" rel=\"attachment wp-att-10108\"><img loading=\"lazy\" decoding=\"async\" class=\"aligncenter size-thumbnail wp-image-10108\" src=\"https:\/\/www.tv-neuhof.de\/wordpress\/wp-content\/uploads\/2018\/09\/2018-F-Jugend-300x200.jpg\" alt=\"\" width=\"300\" height=\"200\" srcset=\"https:\/\/www.tv-neuhof.de\/wordpress\/wp-content\/uploads\/2018\/09\/2018-F-Jugend-300x200.jpg 300w, https:\/\/www.tv-neuhof.de\/wordpress\/wp-content\/uploads\/2018\/09\/2018-F-Jugend-768x511.jpg 768w, https:\/\/www.tv-neuhof.de\/wordpress\/wp-content\/uploads\/2018\/09\/2018-F-Jugend.jpg 1024w\" sizes=\"auto, (max-width: 300px) 100vw, 300px\" \/><\/a><\/p>\n<table border=\"0\" cellspacing=\"5\" cellpadding=\"2\" align=\"center\">\n<tbody>\n<tr>\n<td valign=\"top\" width=\"80px\">Hinten v.l.:<\/td>\n<td>Paul, Julius, Leonie (Trainerin), Basti, Elena, Lars, Joshua, Jonas, Maximilian, Sabine (Trainerin), Erlis<\/td>\n<\/tr>\n<tr>\n<td>Es fehlen:<\/td>\n<td>Nick, Finn, Fabian, Moritz, Noah, Nele, Annelie, Rabea, Jasmin (Trainerin), Laura (Trainerin)<\/td>\n<\/tr>\n<\/tbody>\n<\/table>\n","protected":false},"excerpt":{"rendered":"<p>Herren Hinten v.l.: Fabian Benkner, Alexander Remmert, Winfried Schmitt, Sebastian Ellenbrand, Felix M\u00f6ller, Lukas Benkner Mitte v.l.: Marcel Sch\u00e4fer, Daniel Arnreich, Leonard Hack, Tobias Neidert, Christian Remmert, Julian Kl\u00fch, Daniel H\u00e4ndler, Florian Kramer, Michael Remmert (Co-Trainer) Vorne v.l.: Johannes Manz (Spielertrainer), Rafi Oria, Elmar M\u00fcller, Tim Eisenstein, Jannik Enders, Frederik Storch Es fehlen: Benedikt Grob, [&hellip;]<\/p>\n","protected":false},"author":11,"featured_media":0,"parent":2399,"menu_order":2018,"comment_status":"closed","ping_status":"closed","template":"","meta":{"ngg_post_thumbnail":0,"footnotes":""},"class_list":["post-10763","page","type-page","status-publish","hentry"],"_links":{"self":[{"href":"https:\/\/www.tv-neuhof.de\/wordpress\/wp-json\/wp\/v2\/pages\/10763","targetHints":{"allow":["GET"]}}],"collection":[{"href":"https:\/\/www.tv-neuhof.de\/wordpress\/wp-json\/wp\/v2\/pages"}],"about":[{"href":"https:\/\/www.tv-neuhof.de\/wordpress\/wp-json\/wp\/v2\/types\/page"}],"author":[{"embeddable":true,"href":"https:\/\/www.tv-neuhof.de\/wordpress\/wp-json\/wp\/v2\/users\/11"}],"replies":[{"embeddable":true,"href":"https:\/\/www.tv-neuhof.de\/wordpress\/wp-json\/wp\/v2\/comments?post=10763"}],"version-history":[{"count":14,"href":"https:\/\/www.tv-neuhof.de\/wordpress\/wp-json\/wp\/v2\/pages\/10763\/revisions"}],"predecessor-version":[{"id":11494,"href":"https:\/\/www.tv-neuhof.de\/wordpress\/wp-json\/wp\/v2\/pages\/10763\/revisions\/11494"}],"up":[{"embeddable":true,"href":"https:\/\/www.tv-neuhof.de\/wordpress\/wp-json\/wp\/v2\/pages\/2399"}],"wp:attachment":[{"href":"https:\/\/www.tv-neuhof.de\/wordpress\/wp-json\/wp\/v2\/media?parent=10763"}],"curies":[{"name":"wp","href":"https:\/\/api.w.org\/{rel}","templated":true}]}}