

{"id":1118,"date":"2010-04-29T11:34:55","date_gmt":"2010-04-29T10:34:55","guid":{"rendered":"http:\/\/www.tv-neuhof.de\/wordpress\/?page_id=1118"},"modified":"2025-11-04T17:04:50","modified_gmt":"2025-11-04T16:04:50","slug":"kontakte","status":"publish","type":"page","link":"https:\/\/www.tv-neuhof.de\/wordpress\/about\/kontakte\/","title":{"rendered":"Kontakte"},"content":{"rendered":"\n<h1 class=\"wp-block-heading has-text-align-center\">Vorstand<\/h1>\n\n\n\n<table border=\"0\" width=\"400\" align=\"center\">\n<tbody align=\"center\">\n<tr>\n<th id=\"tablehead\" colspan=\"2\">Abteilungsleiterin<\/th>\n<\/tr>\n<tr>\n<td id=\"tablebody\" colspan=\"2\"><a href=\".\/?page_id=4859\"><img loading=\"lazy\" decoding=\"async\" title=\"Ute Kern\" src=\"https:\/\/www.tv-neuhof.de\/wordpress\/wp-content\/uploads\/2011\/07\/Ute-Kern-2011-245x300.jpg\" alt=\"\" width=\"105\" height=\"125\"><br>Ute Kern<\/a><\/td>\n<\/tr>\n<tr>\n<td>&nbsp;<\/td>\n<\/tr>\n<\/tbody>\n<\/table>\n<table border=\"0\" width=\"400\" align=\"center\">\n<tbody align=\"center\">\n<tr>\n<th id=\"tablehead\">Abteilungsleiter-Vertreter<\/th>\n<th id=\"tablehead\">Jugendleiter<\/th>\n<\/tr>\n<tr>\n<td id=\"tablebody\"><a href=\".\/?page_id=153\"><img loading=\"lazy\" decoding=\"async\" title=\"Stefan Enders\" src=\"https:\/\/www.tv-neuhof.de\/wordpress\/wp-content\/uploads\/2008\/11\/stefan-enders-2008-241x300.jpg\" alt=\"\" width=\"105\" height=\"125\"><br>Stefan Enders<\/a><\/td>\n<td id=\"tablebody\"><a href=\".\/?page_id=11504\"><img loading=\"lazy\" decoding=\"async\" src=\"https:\/\/www.tv-neuhof.de\/wordpress\/wp-content\/uploads\/2021\/11\/Michael-Andre-2021.jpg\" alt=\"\" class=\"wp-image-11562\" width=\"110\" height=\"125\"><br>Michael Andr\u00e9<\/a><\/td>\n<\/tr>\n<tr>\n<td>&nbsp;<\/td>\n<\/tr>\n<\/tbody>\n<\/table>\n<table border=\"0\" width=\"400\" align=\"center\">\n<tbody align=\"center\">\n<tr>\n<th id=\"tablehead\">Finanzen<\/th>\n<th id=\"tablehead\">Veranstaltungsbeauftragter<\/th>\n<th id=\"tablehead\">Schriftf\u00fchrer<\/th>\n<\/tr>\n<tr>\n<td id=\"tablebody\"><a href=\".\/?page_id=5640\"><img loading=\"lazy\" decoding=\"async\" title=\"Stefan Heil\" src=\"https:\/\/www.tv-neuhof.de\/wordpress\/wp-content\/uploads\/2012\/03\/2012-Stefan-Heil-227x300.png\" alt=\"\" width=\"100\" height=\"125\"><\/a><br>Stefan Heil<\/td>\n<td id=\"tablebody\"><a href=\".\/?page_id=212\"><img loading=\"lazy\" decoding=\"async\" title=\"J\u00f6rg Hillenbrand\" src=\"https:\/\/www.tv-neuhof.de\/wordpress\/wp-content\/uploads\/2008\/11\/J\u00f6rg-Hillenbrand-2010-294x300.jpg\" alt=\"\" width=\"115\" height=\"125\"><\/a><br>J\u00f6rg Hillenbrand<\/td>\n<td id=\"tablebody\"><a href=\".\/?page_id=151\"><img loading=\"lazy\" decoding=\"async\" title=\"Michael Remmert\" src=\"https:\/\/www.tv-neuhof.de\/wordpress\/wp-content\/uploads\/2008\/11\/michael-remmert-2008-217x300.jpg\" alt=\"\" width=\"95\" height=\"125\"><\/a><br>Michael Remmert<\/td>\n<\/tr>\n<tr>\n<td>&nbsp;<\/td>\n<\/tr>\n<\/tbody>\n<\/table>\n<p><strong>&nbsp;<\/strong><\/p>\n\n\n\n<h1 class=\"wp-block-heading has-text-align-center\">nuLiga<\/h1>\n\n\n\n<table border=\"0\" width=\"400\" align=\"center\">\n<tbody align=\"center\">\n<tr>\n<th id=\"tablehead\" colspan=\"2\">Passwesen und Terminplanung<\/th>\n<\/tr>\n<tr>\n<td id=\"tablebody\"><a href=\".\/?page_id=13439\"><img loading=\"lazy\" decoding=\"async\" title=\"Laura Fiterer\" src=\"https:\/\/www.tv-neuhof.de\/wordpress\/wp-content\/uploads\/2025\/11\/Laura-Fiterer-2025.jpg\" alt=\"\" width=\"100\" height=\"125\"><br>Laura Fiterer<\/td>\n<td id=\"tablebody\"><a href=\".\/?page_id=13445\"><img loading=\"lazy\" decoding=\"async\" title=\"Tim Eisenstein\" src=\"https:\/\/www.tv-neuhof.de\/wordpress\/wp-content\/uploads\/2025\/10\/Tim-Eisenstein-2025.jpg\" alt=\"\" width=\"112\" height=\"125\"><br>Tim Eisenstein<\/a><\/td>\n<\/tr>\n<tr>\n<td>&nbsp;<\/td>\n<\/tr>\n<tr>\n<th id=\"tablehead\" colspan=\"2\">Technische Vereinsadministration<\/th>\n<\/tr>\n<tr>\n<td id=\"tablebody\"><a href=\".\/?page_id=153\"><img loading=\"lazy\" decoding=\"async\" title=\"Stefan Enders\" src=\"https:\/\/www.tv-neuhof.de\/wordpress\/wp-content\/uploads\/2008\/11\/stefan-enders-2008-241x300.jpg\" alt=\"\" width=\"105\" height=\"125\"><br>Stefan Enders<\/a><\/td>\n<td id=\"tablebody\"><a href=\".\/?page_id=151\"><img loading=\"lazy\" decoding=\"async\" title=\"Michael Remmert\" src=\"https:\/\/www.tv-neuhof.de\/wordpress\/wp-content\/uploads\/2008\/11\/michael-remmert-2008-217x300.jpg\" alt=\"\" width=\"95\" height=\"125\"><br>Michael Remmert<\/a><\/td>\n<\/tr>\n<tr>\n<td>&nbsp;<\/td>\n<\/tr>\n<\/tbody>\n<\/table>\n<p id=\"JSGContactAnker\"><strong>&nbsp;<\/strong><\/p>\n\n\n\n<h1 class=\"wp-block-heading has-text-align-center\" id=\"JSGContactAnker1\">Jugendspielgemeinschaft (JSG)<\/h1>\n\n\n\n<table border=\"0\" width=\"400\" align=\"center\">\n<tbody align=\"center\">\n<tr>\n<th id=\"tablehead\" colspan=\"2\">Ansprechpartner<\/th>\n<\/tr>\n<tr>\n<td id=\"tablebody\"><a href=\".\/?page_id=11504\"><img loading=\"lazy\" decoding=\"async\" src=\"https:\/\/www.tv-neuhof.de\/wordpress\/wp-content\/uploads\/2021\/11\/Michael-Andre-2021.jpg\" alt=\"\" class=\"wp-image-11562\" width=\"110\" height=\"125\"><br>Michael Andr\u00e9<\/a><\/td>\n<td id=\"tablebody\"><a href=\".\/?page_id=13413\"><img loading=\"lazy\" decoding=\"async\" class=\"alignnone size-thumbnail wp-image-139 \" title=\"Bildplatzhalter\" src=\"https:\/\/www.tv-neuhof.de\/wordpress\/wp-content\/uploads\/2008\/09\/bildplatzhalter.gif\" alt=\"\" width=\"112\" height=\"125\"><br>Christoph Poch<\/a><\/td>\n<\/tr>\n<tr>\n<td>&nbsp;<\/td>\n<\/tr>\n<\/tbody>\n<\/table>\n<p><strong>&nbsp;<\/strong><\/p>\n\n\n\n<h1 class=\"wp-block-heading has-text-align-center\">Trainer-\/Betreuerstab<\/h1>\n\n\n\n<h3 class=\"wp-block-heading has-text-align-center\">Herren<\/h3>\n\n\n\n<table border=\"0\" width=\"400\" align=\"center\">\n<tbody align=\"center\">\n<tr>\n<td id=\"tablebody\"><a href=\".\/?page_id=9217\"><img loading=\"lazy\" decoding=\"async\" title=\"Uwe Hoffmann\" src=\"https:\/\/www.tv-neuhof.de\/wordpress\/wp-content\/uploads\/2017\/08\/Uwe-Hoffmann-2017-219x300.jpg\" alt=\"\" width=\"100\" height=\"125\"><br>Uwe Hoffmann<br>(Trainer)<\/a><\/td>\n<td id=\"tablebody\"><img loading=\"lazy\" decoding=\"async\" title=\"Felix M\u00f6ller\" src=\"https:\/\/www.tv-neuhof.de\/wordpress\/wp-content\/uploads\/2021\/11\/Felix-Moeller-2021.jpg\" width=\"109\" height=\"125\"><br>Felix M\u00f6ller<br>(Betreuer)<\/td>\n<\/tr>\n<tr>\n<td><strong>&nbsp;<\/strong><\/td>\n<\/tr>\n<tr>\n<td colspan=\"3\"><a href=\".\/?page_id=66\">Zur Mannschaftsseite -&gt;<\/a>\n<\/td>\n<\/tr>\n<tr>\n<td><strong>&nbsp;<\/strong><\/td>\n<\/tr>\n<\/tbody>\n<\/table>\n\n\n\n<h3 class=\"wp-block-heading has-text-align-center\">Damen<\/h3>\n\n\n\n<table border=\"0\" width=\"400\" align=\"center\">\n<tbody align=\"center\">\n<tr>\n<td id=\"tablebody\"><a href=\".\/?page_id=12238\"><img loading=\"lazy\" decoding=\"async\" class=\"alignnone size-thumbnail wp-image-139 \" title=\"Bildplatzhalter\" src=\"https:\/\/www.tv-neuhof.de\/wordpress\/wp-content\/uploads\/2008\/09\/bildplatzhalter.gif\" alt=\"\" width=\"112\" height=\"125\"><br>Christopher Auth<br>(Trainer)<\/a><\/td>\n<td id=\"tablebody\"><img loading=\"lazy\" decoding=\"async\" class=\"alignnone size-thumbnail wp-image-139 \" title=\"Bildplatzhalter\" src=\"https:\/\/www.tv-neuhof.de\/wordpress\/wp-content\/uploads\/2008\/09\/bildplatzhalter.gif\" alt=\"\" width=\"112\" height=\"125\"><br>Tim Eisenstein<br>(Betreuer)<\/td>\n<td id=\"tablebody\"><img loading=\"lazy\" decoding=\"async\" class=\"alignnone size-thumbnail wp-image-139 \" title=\"Bildplatzhalter\" src=\"https:\/\/www.tv-neuhof.de\/wordpress\/wp-content\/uploads\/2008\/09\/bildplatzhalter.gif\" alt=\"\" width=\"112\" height=\"125\"><br>Winfried Schmitt<br>(Betreuer)<\/td>\n<\/tr>\n<tr>\n<td><strong>&nbsp;<\/strong><\/td>\n<\/tr>\n<tr>\n<td colspan=\"3\"><a href=\".\/?page_id=256\">Zur Mannschaftsseite -&gt;<\/a>\n<\/td>\n<\/tr>\n<tr>\n<td><strong>&nbsp;<\/strong><\/td>\n<\/tr>\n<tr>\n<td><strong>&nbsp;<\/strong><\/td>\n<\/tr>\n<\/tbody>\n<\/table>\n\n\n\n<h3 class=\"wp-block-heading has-text-align-center\">A-Jugend m\u00e4nnlich<\/h3>\n\n\n\n<table border=\"0\" width=\"400\" align=\"center\">\n<tbody align=\"center\">\n<tr>\n<td align=\"center\" width=\"200\"><img loading=\"lazy\" decoding=\"async\" class=\"alignnone size-thumbnail wp-image-139 \" title=\"Bildplatzhalter\" src=\"https:\/\/www.tv-neuhof.de\/wordpress\/wp-content\/uploads\/2008\/09\/bildplatzhalter.gif\" alt=\"\" width=\"112\" height=\"125\"><br>Roman Faust<br>(Trainer)<\/td>\n<td align=\"center\" width=\"200\"><img loading=\"lazy\" decoding=\"async\" class=\"alignnone size-thumbnail wp-image-139 \" title=\"Bildplatzhalter\" src=\"https:\/\/www.tv-neuhof.de\/wordpress\/wp-content\/uploads\/2008\/09\/bildplatzhalter.gif\" alt=\"\" width=\"112\" height=\"125\"><br>Felix R\u00e4sch<br>(Trainer)<\/td>\n<\/tr><tr>\n<td align=\"center\" width=\"200\"><a href=\".\/?page_id=11589\"><img loading=\"lazy\" decoding=\"async\" class=\"alignnone size-thumbnail wp-image-\n139 \" title=\"Bildplatzhalter\" src=\"https:\/\/www.tv-neuhof.de\/wordpress\/wp-content\/uploads\/2008\/09\/bildplatzhalter.gif\" alt=\"\" width=\"112\" height=\"125\"><br>Simon Merz<br>(Trainer)<\/a><\/td>\n<td align=\"center\" width=\"200\"><a href=\".\/?page_id=11589\"><img loading=\"lazy\" decoding=\"async\" class=\"alignnone size-thumbnail wp-image-\n139 \" title=\"Bildplatzhalter\" src=\"https:\/\/www.tv-neuhof.de\/wordpress\/wp-content\/uploads\/2008\/09\/bildplatzhalter.gif\" alt=\"\" width=\"112\" height=\"125\"><br>Justus Sch\u00f6ppner<br>(Trainer)<\/a><\/td>\n<\/tr>\n<tr>\n<td><strong>&nbsp;<\/strong><\/td>\n<\/tr>\n<tr>\n<td colspan=\"3\"><a href=\".\/?page_id=2091\">Zur Mannschaftsseite -&gt;<\/a>\n<\/td>\n<\/tr>\n<tr>\n<td><strong>&nbsp;<\/strong><\/td>\n<\/tr>\n<tr>\n<td><strong>&nbsp;<\/strong><\/td>\n<\/tr>\n<\/tbody>\n<\/table>\n\n\n\n<h3 class=\"wp-block-heading has-text-align-center\">C-Jugend weiblich<\/h3>\n\n\n\n<table border=\"0\" width=\"400\" align=\"center\">\n<tbody align=\"center\">\n<tr>\n<td align=\"center\" width=\"200\"><img loading=\"lazy\" decoding=\"async\" class=\"alignnone size-thumbnail wp-image-139 \" title=\"Bildplatzhalter\" src=\"https:\/\/www.tv-neuhof.de\/wordpress\/wp-content\/uploads\/2008\/09\/bildplatzhalter.gif\" alt=\"\" width=\"112\" height=\"125\"><br>Bianca Heil<br>(Trainerin)<\/td>\n<td align=\"center\" width=\"200\"><img loading=\"lazy\" decoding=\"async\" class=\"alignnone size-thumbnail wp-image-139 \" title=\"Bildplatzhalter\" src=\"https:\/\/www.tv-neuhof.de\/wordpress\/wp-content\/uploads\/2008\/09\/bildplatzhalter.gif\" alt=\"\" width=\"112\" height=\"125\"><br>Christopher R\u00f6der<br>(Co-Trainer)<\/td>\n<td align=\"center\" width=\"200\"><a href=\".\/?page_id=11589\"><img loading=\"lazy\" decoding=\"async\" class=\"alignnone size-thumbnail wp-image-\n139 \" title=\"Bildplatzhalter\" src=\"https:\/\/www.tv-neuhof.de\/wordpress\/wp-content\/uploads\/2008\/09\/bildplatzhalter.gif\" alt=\"\" width=\"112\" height=\"125\"><br>Anna Heinrich<br>(Co-Trainerin)<\/a><\/td>\n<\/tr>\n<tr>\n<td><strong>&nbsp;<\/strong><\/td>\n<\/tr>\n<tr>\n<td colspan=\"3\"><a href=\".\/?page_id=158\">Zur Mannschaftsseite -&gt;<\/a>\n<\/td>\n<\/tr>\n<tr>\n<td><strong>&nbsp;<\/strong><\/td>\n<\/tr>\n<tr>\n<td><strong>&nbsp;<\/strong><\/td>\n<\/tr>\n<\/tbody>\n<\/table>\n\n\n\n<h3 class=\"wp-block-heading has-text-align-center\">D-Jugend m\u00e4nnlich<\/h3>\n\n\n\n<table border=\"0\" width=\"400\" align=\"center\">\n<tbody align=\"center\">\n<tr>\n<td align=\"center\" width=\"200\"><img loading=\"lazy\" decoding=\"async\" class=\"alignnone size-thumbnail wp-image-139 \" title=\"Bildplatzhalter\" src=\"https:\/\/www.tv-neuhof.de\/wordpress\/wp-content\/uploads\/2008\/09\/bildplatzhalter.gif\" alt=\"\" width=\"112\" height=\"125\"><br>Manuel Poch<br>(Trainer)<\/td>\n<\/tr>\n<tr>\n<td><strong>&nbsp;<\/strong><\/td>\n<\/tr>\n<tr>\n<td colspan=\"3\"><a href=\".\/?page_id=30\">Zur Mannschaftsseite -&gt;<\/a>\n<\/td>\n<\/tr>\n<tr>\n<td><strong>&nbsp;<\/strong><\/td>\n<\/tr>\n<tr>\n<td><strong>&nbsp;<\/strong><\/td>\n<\/tr>\n<\/tbody>\n<\/table>\n\n\n\n<h3 class=\"wp-block-heading has-text-align-center\">D-Jugend weiblich<\/h3>\n\n\n\n<table border=\"0\" width=\"400\" align=\"center\">\n<tbody align=\"center\">\n<tr>\n<td align=\"center\" width=\"200\"><img loading=\"lazy\" decoding=\"async\" class=\"alignnone size-thumbnail wp-image-139 \" title=\"Bildplatzhalter\" src=\"https:\/\/www.tv-neuhof.de\/wordpress\/wp-content\/uploads\/2008\/09\/bildplatzhalter.gif\" alt=\"\" width=\"112\" height=\"125\"><br>Paula Neumann<br>(Trainerin)<\/td>\n<td align=\"center\" width=\"200\"><img loading=\"lazy\" decoding=\"async\" class=\"alignnone size-thumbnail wp-image-139 \" title=\"Bildplatzhalter\" src=\"https:\/\/www.tv-neuhof.de\/wordpress\/wp-content\/uploads\/2008\/09\/bildplatzhalter.gif\" alt=\"\" width=\"112\" height=\"125\"><br>Leonie Reichenauer<br>(Betreuerin)<\/td>\n<td align=\"center\" width=\"200\"><img loading=\"lazy\" decoding=\"async\" class=\"alignnone size-thumbnail wp-image-139 \" title=\"Bildplatzhalter\" src=\"https:\/\/www.tv-neuhof.de\/wordpress\/wp-content\/uploads\/2008\/09\/bildplatzhalter.gif\" alt=\"\" width=\"112\" height=\"125\"><br>Sophie R\u00e4sch<br>(Betreuerin)<\/td>\n<\/tr>\n<tr>\n<td><strong>&nbsp;<\/strong><\/td>\n<\/tr>\n<tr>\n<td colspan=\"3\"><a href=\".\/?page_id=34\">Zur Mannschaftsseite -&gt;<\/a>\n<\/td>\n<\/tr>\n<tr>\n<td><strong>&nbsp;<\/strong><\/td>\n<\/tr>\n<tr>\n<td><strong>&nbsp;<\/strong><\/td>\n<\/tr>\n<\/tbody>\n<\/table>\n\n\n\n<h3 class=\"wp-block-heading has-text-align-center\">E-Jugend <\/h3>\n\n\n\n<table border=\"0\" width=\"400\" align=\"center\">\n<tbody align=\"center\">\n<tr>\n<td align=\"center\" width=\"200\"><img loading=\"lazy\" decoding=\"async\" class=\"alignnone size-thumbnail wp-image-139 \" title=\"Bildplatzhalter\" src=\"https:\/\/www.tv-neuhof.de\/wordpress\/wp-content\/uploads\/2008\/09\/bildplatzhalter.gif\" alt=\"\" width=\"112\" height=\"125\"><br>Martin Kress<br>(Trainer)<\/td>\n<td align=\"center\" width=\"200\"><img loading=\"lazy\" decoding=\"async\" class=\"alignnone size-thumbnail wp-image-139 \" title=\"Bildplatzhalter\" src=\"https:\/\/www.tv-neuhof.de\/wordpress\/wp-content\/uploads\/2008\/09\/bildplatzhalter.gif\" alt=\"\" width=\"112\" height=\"125\"><br>Johannes Manz<br>(Trainer)<\/td>\n<td align=\"center\" width=\"200\"><img loading=\"lazy\" decoding=\"async\" class=\"alignnone size-thumbnail wp-image-139 \" title=\"Bildplatzhalter\" src=\"https:\/\/www.tv-neuhof.de\/wordpress\/wp-content\/uploads\/2008\/09\/bildplatzhalter.gif\" alt=\"\" width=\"112\" height=\"125\"><br>Ramona Niederschuh<br>(Betreuerin)<\/td>\n<\/tr>\n<tr>\n<td><strong>&nbsp;<\/strong><\/td>\n<\/tr>\n<tr>\n<td colspan=\"3\"><a href=\".\/?page_id=125\">Zur Mannschaftsseite -&gt;<\/a>\n<\/td>\n<\/tr>\n<tr>\n<td><strong>&nbsp;<\/strong><\/td>\n<\/tr>\n<tr>\n<td><strong>&nbsp;<\/strong><\/td>\n<\/tr>\n<\/tbody>\n<\/table>\n\n\n\n<h3 class=\"wp-block-heading has-text-align-center\">F-Jugend <\/h3>\n\n\n\n<table border=\"0\" width=\"400\" align=\"center\">\n<tbody align=\"center\">\n<tr>\n<td id=\"tablebody\"><a href=\".\/?page_id=8516\"><img loading=\"lazy\" decoding=\"async\" class=\"aligncenter size-medium wp-image-8510\" title=\"Sabine Kre\u00df 2016\" src=\"https:\/\/www.tv-neuhof.de\/wordpress\/wp-content\/uploads\/2008\/09\/Sabine-Kre\u00df-2016-256x300.jpg\" alt=\"\" width=\"110\" height=\"125\"><br>Sabine Kre\u00df<\/a><\/td>\n<td id=\"tablebody\"><img loading=\"lazy\" decoding=\"async\" class=\"alignnone wp-image-139\" title=\"Bildplatzhalter\" src=\"https:\/\/www.tv-neuhof.de\/wordpress\/wp-content\/uploads\/2008\/09\/bildplatzhalter.gif\" alt=\"\" width=\"112\" height=\"125\"><br>Martin Kre\u00df<\/td>\n<\/tr>\n<tr>\n<td><strong>&nbsp;<\/strong><\/td>\n<\/tr>\n<tr>\n<td colspan=\"3\"><a href=\".\/?page_id=141\">Zur Mannschaftsseite -&gt;<\/a>\n<\/td>\n<\/tr>\n<tr>\n<td><strong>&nbsp;<\/strong><\/td>\n<\/tr>\n<tr>\n<td><strong>&nbsp;<\/strong><\/td>\n<\/tr>\n<\/tbody>\n<\/table>\n\n\n\n<h3 class=\"wp-block-heading has-text-align-center\">Minis <\/h3>\n\n\n\n<table border=\"0\" width=\"400\" align=\"center\">\n<tbody align=\"center\">\n<tr>\n<td id=\"tablebody\"><a href=\".\/?page_id=12959\"><img loading=\"lazy\" decoding=\"async\" title=\"Bildplatzhalter\" src=\"https:\/\/www.tv-neuhof.de\/wordpress\/wp-content\/uploads\/2008\/09\/bildplatzhalter.thumbnail.gif\" alt=\"\" width=\"112\" height=\"125\"><br>Corinna Kuschnik<\/a><\/td>\n<td id=\"tablebody\"><a href=\".\/?page_id=12955\"><img loading=\"lazy\" decoding=\"async\" class=\"alignnone wp-image-139\" title=\"\" src=\"https:\/\/www.tv-neuhof.de\/wordpress\/wp-content\/uploads\/2008\/09\/bildplatzhalter.gif\" alt=\"\" width=\"112\" height=\"125\"><br>Johannes Manz<\/a><\/td>\n<td id=\"tablebody\"><a href=\".\/?page_id=11902\"><img loading=\"lazy\" decoding=\"async\" class=\"alignnone wp-image-139\" title=\"Leonie Brunner\" src=\"https:\/\/www.tv-neuhof.de\/wordpress\/wp-content\/uploads\/2021\/11\/Leonie-Brunner-2021.jpeg\" alt=\"\" width=\"100\" height=\"125\"><br>Leonie Brunner<\/a><\/td>\n<\/tr>\n<tr>\n<td><strong>&nbsp;<\/strong><\/td>\n<\/tr>\n<tr>\n<td colspan=\"3\"><a href=\".\/?page_id=3290\">Zur Mannschaftsseite -&gt;<\/a>\n<\/td>\n<\/tr>\n<tr>\n<td><strong>&nbsp;<\/strong><\/td>\n<\/tr>\n<tr>\n<td><strong>&nbsp;<\/strong><\/td>\n<\/tr>\n<\/tbody>\n<\/table>\n\n\n\n<h3 class=\"wp-block-heading has-text-align-center\">Damen \u00dc-Team <\/h3>\n\n\n\n<table border=\"0\" width=\"400\" align=\"center\">\n<tbody align=\"center\">\n<tr>\n<td id=\"tablebody\"><a href=\".\/?page_id=138\"><img loading=\"lazy\" decoding=\"async\" title=\"Roswitha Haas\" src=\"https:\/\/www.tv-neuhof.de\/wordpress\/wp-content\/uploads\/2008\/09\/rossi.jpg\" alt=\"\" width=\"98\" height=\"125\"><\/a><br>Roswitha Haas<\/td>\n<td id=\"tablebody\"><a href=\".\/?page_id=4976\"><img loading=\"lazy\" decoding=\"async\" title=\"Bildplatzhalter\" src=\"https:\/\/www.tv-neuhof.de\/wordpress\/wp-content\/uploads\/2008\/09\/bildplatzhalter.thumbnail.gif\" alt=\"\" width=\"112\" height=\"125\"><\/a><br>Petra Remmert<\/td>\n<\/tr>\n<tr>\n<td><strong>&nbsp;<\/strong><\/td>\n<\/tr>\n<tr>\n<td colspan=\"2\"><a href=\".\/?page_id=263\">Zur Mannschaftsseite -&gt;<\/a>\n<\/td>\n<\/tr>\n<tr>\n<td><strong>&nbsp;<\/strong><\/td>\n<\/tr>\n<tr>\n<td><strong>&nbsp;<\/strong><\/td>\n<\/tr>\n<\/tbody>\n<\/table>\n\n\n\n<h1 class=\"wp-block-heading has-text-align-center\">Schiedsrichter<\/h1>\n\n\n\n<table border=\"0\" width=\"400\" align=\"center\">\n<tbody align=\"center\">\n<tr>\n<th id=\"tablehead\">Obmann<\/th>\n<\/tr>\n<tr>\n<td id=\"tablebody\" colspan=\"3\"><a href=\".\/?page_id=678\"><img loading=\"lazy\" decoding=\"async\" class=\"alignnone size-medium wp-image-1031\" title=\"Paul Zentgraf\" src=\"https:\/\/www.tv-neuhof.de\/wordpress\/wp-content\/uploads\/2008\/11\/paul-zentgraf-2008-300x272.jpg\" alt=\"\" width=\"138\" height=\"125\"><br>Paul Zentgraf<\/a><\/td>\n<\/tr>\n<tr>\n<td>&nbsp;<\/td>\n<\/tr>\n<\/tbody>\n<\/table>\n<table border=\"0\" width=\"400\" align=\"center\">\n<tbody align=\"center\">\n<tr>\n<th id=\"tablehead\" colspan=\"2\">Schiedsrichter<\/th>\n<\/tr>\n<tr>\n<td id=\"tablebody\"><img loading=\"lazy\" decoding=\"async\" class=\"alignnone size-thumbnail wp-image-139\" title=\"Claus-J\u00fcrgen Schulz\" src=\"https:\/\/www.tv-neuhof.de\/wordpress\/wp-content\/uploads\/2020\/10\/Claus-Juegen-Schulz-2020.jpg\" alt=\"\" width=\"98\" height=\"125\"><br>Claus-J\u00fcrgen Schulz<\/td>\n<td id=\"tablebody\"><img loading=\"lazy\" decoding=\"async\" class=\"alignnone size-thumbnail wp-image-139\" title=\"Peter Drescher\" src=\"https:\/\/www.tv-neuhof.de\/wordpress\/wp-content\/uploads\/2020\/09\/Peter-Drescher-2020.jpg\" alt=\"\" width=\"100\" height=\"125\"><br>Peter Drescher<\/td>\n<\/tr>\n<tr>\n<td id=\"tablebody\"><img loading=\"lazy\" decoding=\"async\" class=\"alignnone size-thumbnail wp-image-139\" title=\"Bildplatzhalter\" src=\"https:\/\/www.tv-neuhof.de\/wordpress\/wp-content\/uploads\/2008\/09\/bildplatzhalter.gif\" alt=\"\" width=\"112\" height=\"125\"><br>Lara Maria Scholtes<\/td>\n<\/tr>\n<\/tbody>\n<\/table>\n\n\n\n<p><\/p>\n","protected":false},"excerpt":{"rendered":"<p>Vorstand Abteilungsleiterin Ute Kern &nbsp; Abteilungsleiter-Vertreter Jugendleiter Stefan Enders Michael Andr\u00e9 &nbsp; Finanzen Veranstaltungsbeauftragter Schriftf\u00fchrer Stefan Heil J\u00f6rg Hillenbrand Michael Remmert &nbsp; &nbsp; nuLiga Passwesen und Terminplanung Laura Fiterer Tim Eisenstein &nbsp; Technische Vereinsadministration Stefan Enders Michael Remmert &nbsp; &nbsp; Jugendspielgemeinschaft (JSG) Ansprechpartner Michael Andr\u00e9 Christoph Poch &nbsp; &nbsp; Trainer-\/Betreuerstab Herren Uwe Hoffmann(Trainer) Felix M\u00f6ller(Betreuer) [&hellip;]<\/p>\n","protected":false},"author":11,"featured_media":0,"parent":2,"menu_order":7,"comment_status":"closed","ping_status":"closed","template":"","meta":{"ngg_post_thumbnail":0,"footnotes":""},"class_list":["post-1118","page","type-page","status-publish","hentry"],"_links":{"self":[{"href":"https:\/\/www.tv-neuhof.de\/wordpress\/wp-json\/wp\/v2\/pages\/1118","targetHints":{"allow":["GET"]}}],"collection":[{"href":"https:\/\/www.tv-neuhof.de\/wordpress\/wp-json\/wp\/v2\/pages"}],"about":[{"href":"https:\/\/www.tv-neuhof.de\/wordpress\/wp-json\/wp\/v2\/types\/page"}],"author":[{"embeddable":true,"href":"https:\/\/www.tv-neuhof.de\/wordpress\/wp-json\/wp\/v2\/users\/11"}],"replies":[{"embeddable":true,"href":"https:\/\/www.tv-neuhof.de\/wordpress\/wp-json\/wp\/v2\/comments?post=1118"}],"version-history":[{"count":311,"href":"https:\/\/www.tv-neuhof.de\/wordpress\/wp-json\/wp\/v2\/pages\/1118\/revisions"}],"predecessor-version":[{"id":13491,"href":"https:\/\/www.tv-neuhof.de\/wordpress\/wp-json\/wp\/v2\/pages\/1118\/revisions\/13491"}],"up":[{"embeddable":true,"href":"https:\/\/www.tv-neuhof.de\/wordpress\/wp-json\/wp\/v2\/pages\/2"}],"wp:attachment":[{"href":"https:\/\/www.tv-neuhof.de\/wordpress\/wp-json\/wp\/v2\/media?parent=1118"}],"curies":[{"name":"wp","href":"https:\/\/api.w.org\/{rel}","templated":true}]}}