

{"id":11487,"date":"2020-08-11T07:38:37","date_gmt":"2020-08-11T06:38:37","guid":{"rendered":"http:\/\/www.tv-neuhof.de\/wordpress\/?page_id=11487"},"modified":"2021-10-29T10:52:06","modified_gmt":"2021-10-29T08:52:06","slug":"2019-20","status":"publish","type":"page","link":"https:\/\/www.tv-neuhof.de\/wordpress\/about\/historisches\/mannschaftsfotos\/2019-20\/","title":{"rendered":"2019\/20"},"content":{"rendered":"\n<h1 class=\"has-text-align-center wp-block-heading\">Herren I + II<\/h1>\n\n\n\n<div class=\"wp-block-image\"><figure class=\"aligncenter size-large is-resized\"><a href=\"https:\/\/www.tv-neuhof.de\/wordpress\/wp-content\/uploads\/2019\/11\/2019-Herren.jpg\"><img loading=\"lazy\" decoding=\"async\" src=\"https:\/\/www.tv-neuhof.de\/wordpress\/wp-content\/uploads\/2019\/11\/2019-Herren-1024x678.jpg\" alt=\"\" class=\"wp-image-11045\" width=\"512\" height=\"339\" srcset=\"https:\/\/www.tv-neuhof.de\/wordpress\/wp-content\/uploads\/2019\/11\/2019-Herren.jpg 1024w, https:\/\/www.tv-neuhof.de\/wordpress\/wp-content\/uploads\/2019\/11\/2019-Herren-300x199.jpg 300w, https:\/\/www.tv-neuhof.de\/wordpress\/wp-content\/uploads\/2019\/11\/2019-Herren-768x509.jpg 768w\" sizes=\"auto, (max-width: 512px) 100vw, 512px\" \/><\/a><\/figure><\/div>\n\n\n\n<table border=\"0\" cellspacing=\"5\" cellpadding=\"2\" align=\"center\">\n<tbody>\n<tr>\n<td valign=\"top\" width=\"80px\">Hinten v.l.:<\/td>\n<td>Sebastian Ellenbrand, Johannes Manz (Spielertrainer), Benedikt Grob, Winfried Schmitt, Johannes Engel, Daniel Arnreich<\/td>\n<\/tr>\n<tr>\n<td valign=\"top\" width=\"80px\">Mitte v.l.:<\/td>\n<td>J\u00fcrgen Sch\u00e4fer (Betreuer), Fabian Benkner, Marcel Sch\u00e4fer, Christian Remmert, Johannes Kulla, Alexander Remmert, Jannik Enders, Christoph Temburg, Bernd Pietzko (Betreuer)<\/td>\n<\/tr>\n<tr>\n<td valign=\"top\" width=\"80px\">Vorne v.l.:<\/td>\n<td>Frederik Storch, Tobias Neidert, Johannes Kl\u00fch, Elmar M\u00fcller, Tim Eisenstein, Kilian Schmitt, Daniel H\u00e4ndler, Lukas Benkner<\/td>\n<\/tr>\n<tr>\n<td valign=\"top\" width=\"80px\">Es fehlen:<\/td>\n<td>Dominik Vogler, Felix M\u00f6ller, Felix M\u00f6ller, Leonard Hack, Michael Andr\u00e9, Rafia Oria<\/td>\n<\/tr>\n<\/tbody>\n<\/table>\n<p><strong>&nbsp;<\/strong><\/p>\n\n\n\n<h1 class=\"has-text-align-center wp-block-heading\">Damen<\/h1>\n\n\n\n<div class=\"wp-block-image\"><figure class=\"aligncenter is-resized\"><a href=\"https:\/\/www.tv-neuhof.de\/wordpress\/?attachment_id=10762\" target=\"_blank\" rel=\"noreferrer noopener\"><img loading=\"lazy\" decoding=\"async\" src=\"https:\/\/www.tv-neuhof.de\/wordpress\/wp-content\/uploads\/2019\/09\/2019-Damen-1024x705.jpg\" alt=\"\" class=\"wp-image-10762\" width=\"512\" height=\"353\" srcset=\"https:\/\/www.tv-neuhof.de\/wordpress\/wp-content\/uploads\/2019\/09\/2019-Damen.jpg 1024w, https:\/\/www.tv-neuhof.de\/wordpress\/wp-content\/uploads\/2019\/09\/2019-Damen-300x207.jpg 300w, https:\/\/www.tv-neuhof.de\/wordpress\/wp-content\/uploads\/2019\/09\/2019-Damen-768x529.jpg 768w\" sizes=\"auto, (max-width: 512px) 100vw, 512px\" \/><\/a><\/figure><\/div>\n\n\n\n<table border=\"0\" cellspacing=\"5\" cellpadding=\"2\" align=\"center\">\n<tbody>\n<tr>\n<td valign=\"top\" width=\"80px\">Von links:<\/td>\n<td>Bernadette Wahl, Mattea Heil, Franziska Kern, Laura Kern, Leonie Brunner, Ann-Kristin Krah, Steffi Sander, Uwe Hoffmann, Jule Bachmann, Sylvana Radler, Miriam Benkner-Andr\u00e9, Alida Maxand, Annika Wenzel, Antonia Kulla<\/td>\n<\/tr>\n<tr>\n<td valign=\"top\">Es fehlen:<\/td>\n<td>Anna N\u00fcchter, Corinna Kuschnick, Jasmin Ellenbrand, Eva Weber, Henrike Frohnapfel, Julia M\u00fcller, Patricia Betz, Sabine Kre\u00df, Thomas Heil (Betreuer)<\/td>\n<\/tr>\n<\/tbody>\n<\/table>\n<p><strong>&nbsp;<\/strong><\/p>\n\n\n\n<h1 class=\"has-text-align-center wp-block-heading\">A-Jugend m\u00e4nnlich (JSG)<\/h1>\n\n\n\n<div class=\"wp-block-image\"><figure class=\"aligncenter size-large is-resized\"><a href=\"https:\/\/www.tv-neuhof.de\/wordpress\/?attachment_id=11143\" target=\"_blank\" rel=\"noreferrer noopener\"><img loading=\"lazy\" decoding=\"async\" src=\"https:\/\/www.tv-neuhof.de\/wordpress\/wp-content\/uploads\/2019\/11\/2019-A-Jugend-m\u00e4nnlich.jpg\" alt=\"\" class=\"wp-image-11143\" width=\"512\" height=\"275\" srcset=\"https:\/\/www.tv-neuhof.de\/wordpress\/wp-content\/uploads\/2019\/11\/2019-A-Jugend-m\u00e4nnlich.jpg 1024w, https:\/\/www.tv-neuhof.de\/wordpress\/wp-content\/uploads\/2019\/11\/2019-A-Jugend-m\u00e4nnlich-300x161.jpg 300w, https:\/\/www.tv-neuhof.de\/wordpress\/wp-content\/uploads\/2019\/11\/2019-A-Jugend-m\u00e4nnlich-768x412.jpg 768w\" sizes=\"auto, (max-width: 512px) 100vw, 512px\" \/><\/a><\/figure><\/div>\n\n\n\n<table border=\"0\" cellspacing=\"5\" cellpadding=\"2\" align=\"center\">\n<tbody>\n<tr>\n<td valign=\"top\" width=\"80px\">Hinten v.l.:<\/td>\n<td>Moritz Sch\u00f6ppner, Lorenz Auth, Jonas Ranft, Roman Faust, Jan Wypchol, Kacper Linowski, Noah Heil, Dominic Di Meglio (Trainer)<\/td>\n<\/tr>\n<tr>\n<td valign=\"top\" width=\"80px\">Vorne v.l.:<\/td>\n<td>Manuel Betz, Nils Seng, Joshua Sperber, Janosch Block, Hannes Berboth, Moritz Krah, Magnus Albinger, Simon Goldbach<\/td>\n<\/tr>\n<tr>\n<td valign=\"top\" width=\"80px\">Es fehlen:<\/td>\n<td>Christian Gitter (Co-Trainer) und Sandra Seng (Betreuerin)<\/td>\n<\/tr>\n<\/tbody>\n<\/table>\n<p><strong>&nbsp;<\/strong><\/p>\n\n\n\n<h1 class=\"has-text-align-center wp-block-heading\">B-Jugend m\u00e4nnlich (JSG)<\/h1>\n\n\n\n<div class=\"wp-block-image\"><figure class=\"aligncenter size-large is-resized\"><a href=\"https:\/\/www.tv-neuhof.de\/wordpress\/?attachment_id=11140\" target=\"_blank\" rel=\"noreferrer noopener\"><img loading=\"lazy\" decoding=\"async\" src=\"https:\/\/www.tv-neuhof.de\/wordpress\/wp-content\/uploads\/2019\/11\/2019-B-Jugend-m\u00e4nnlich.jpg\" alt=\"\" class=\"wp-image-11140\" width=\"512\" height=\"249\" srcset=\"https:\/\/www.tv-neuhof.de\/wordpress\/wp-content\/uploads\/2019\/11\/2019-B-Jugend-m\u00e4nnlich.jpg 1024w, https:\/\/www.tv-neuhof.de\/wordpress\/wp-content\/uploads\/2019\/11\/2019-B-Jugend-m\u00e4nnlich-300x146.jpg 300w, https:\/\/www.tv-neuhof.de\/wordpress\/wp-content\/uploads\/2019\/11\/2019-B-Jugend-m\u00e4nnlich-768x373.jpg 768w\" sizes=\"auto, (max-width: 512px) 100vw, 512px\" \/><\/a><\/figure><\/div>\n\n\n\n<table border=\"0\" cellspacing=\"5\" cellpadding=\"2\" align=\"center\">\n<tbody>\n<tr>\n<td valign=\"top\" width=\"80px\">Hinten v.l.:<\/td>\n<td>Mladen Habalija (Trainer), Josef L., Henry Z., Leon W., Tizian S., Thomas R\u00e4sch (Betreuer)<\/td>\n<\/tr>\n<tr>\n<td valign=\"top\" width=\"80px\">Vorne v.l.:<\/td>\n<td>Felix R., Lucas G., Justus S., Leon B., Simon M., Luis S.<\/td>\n<\/tr>\n<tr>\n<td valign=\"top\" width=\"80px\">Es fehlen:<\/td>\n<td>Noah O. und Markus Wolf (Betreuer)<\/td>\n<\/tr>\n<\/tbody>\n<\/table>\n<p><strong>&nbsp;<\/strong><\/p>\n\n\n\n<h1 class=\"has-text-align-center wp-block-heading\">B-Jugend weiblich (JSG)<\/h1>\n\n\n\n<div class=\"wp-block-image\"><figure class=\"aligncenter size-large is-resized\"><a href=\"https:\/\/www.tv-neuhof.de\/wordpress\/?attachment_id=11137\" target=\"_blank\" rel=\"noreferrer noopener\"><img loading=\"lazy\" decoding=\"async\" src=\"https:\/\/www.tv-neuhof.de\/wordpress\/wp-content\/uploads\/2019\/11\/2019-B-Jugend-weiblich.jpg\" alt=\"\" class=\"wp-image-11137\" width=\"512\" height=\"384\" srcset=\"https:\/\/www.tv-neuhof.de\/wordpress\/wp-content\/uploads\/2019\/11\/2019-B-Jugend-weiblich.jpg 1024w, https:\/\/www.tv-neuhof.de\/wordpress\/wp-content\/uploads\/2019\/11\/2019-B-Jugend-weiblich-300x225.jpg 300w, https:\/\/www.tv-neuhof.de\/wordpress\/wp-content\/uploads\/2019\/11\/2019-B-Jugend-weiblich-768x576.jpg 768w\" sizes=\"auto, (max-width: 512px) 100vw, 512px\" \/><\/a><\/figure><\/div>\n\n\n\n<table border=\"0\" cellspacing=\"5\" cellpadding=\"2\" align=\"center\">\n<tbody>\n<tr>\n<td valign=\"top\" width=\"80px\">Hinten v.l.<\/td>\n<td>Jana F., Lilli O., Kiara P., Marie M., Amelie H., Anna-Lena Heil (Trainerin)<\/td>\n<\/tr>\n<tr>\n<td valign=\"top\" width=\"80px\">Vorne v.l.<\/td>\n<td>Hannah K., Sarah F., Lilly D., Mathilda A., Pauline K., Neele R., Luisa L.<\/td>\n<\/tr>\n<tr>\n<td>Es fehlen:<\/td><td>Barbara H., Sophie R., Sonja Pfannm\u00fcller (Betreuerin)<\/td>\n<\/tr>\n<\/tbody>\n<\/table>\n<p><strong>&nbsp;<\/strong><\/p>\n\n\n\n<h1 class=\"has-text-align-center wp-block-heading\">C-Jugend m\u00e4nnlich (JSG)<\/h1>\n\n\n\n<div class=\"wp-block-image\"><figure class=\"aligncenter size-large is-resized\"><a href=\"https:\/\/www.tv-neuhof.de\/wordpress\/?attachment_id=11133\" target=\"_blank\" rel=\"noreferrer noopener\"><img loading=\"lazy\" decoding=\"async\" src=\"https:\/\/www.tv-neuhof.de\/wordpress\/wp-content\/uploads\/2019\/11\/2019-C-Jugend-m\u00e4nnlich.jpg\" alt=\"\" class=\"wp-image-11133\" width=\"512\" height=\"384\" srcset=\"https:\/\/www.tv-neuhof.de\/wordpress\/wp-content\/uploads\/2019\/11\/2019-C-Jugend-m\u00e4nnlich.jpg 1024w, https:\/\/www.tv-neuhof.de\/wordpress\/wp-content\/uploads\/2019\/11\/2019-C-Jugend-m\u00e4nnlich-300x225.jpg 300w, https:\/\/www.tv-neuhof.de\/wordpress\/wp-content\/uploads\/2019\/11\/2019-C-Jugend-m\u00e4nnlich-768x576.jpg 768w\" sizes=\"auto, (max-width: 512px) 100vw, 512px\" \/><\/a><\/figure><\/div>\n\n\n\n<table border=\"0\" cellspacing=\"5\" cellpadding=\"2\" align=\"center\">\n<tbody>\n<tr>\n<td valign=\"top\" width=\"80px\">Hinten v.l.:<\/td>\n<td>Harald Thiem (Betreuer), Marius Reich (Trainer), Christoph Hauschild (Betreuer)<\/td>\n<\/tr>\n<tr>\n<td valign=\"top\" width=\"80px\">Vorne v.l.:<\/td>\n<td>Lorenz H., Linus L., Tim H., Marius S., Lasse T.<\/td>\n<\/tr>\n<tr>\n<td valign=\"top\" width=\"80px\">Es fehlen:<\/td>\n<td>Laurin O., Noah V.<\/td>\n<\/tr>\n<\/tbody>\n<\/table>\n<p><strong>&nbsp;<\/strong><\/p>\n\n\n\n<h1 class=\"has-text-align-center wp-block-heading\">D-Jugend m\u00e4nnlich (JSG)<\/h1>\n\n\n\n<div class=\"wp-block-image\"><figure class=\"aligncenter size-large is-resized\"><a href=\"https:\/\/www.tv-neuhof.de\/wordpress\/?attachment_id=11130\" target=\"_blank\" rel=\"noreferrer noopener\"><img loading=\"lazy\" decoding=\"async\" src=\"https:\/\/www.tv-neuhof.de\/wordpress\/wp-content\/uploads\/2019\/11\/2019-D-Jugend-m\u00e4nnlich.jpg\" alt=\"\" class=\"wp-image-11130\" width=\"512\" height=\"384\" srcset=\"https:\/\/www.tv-neuhof.de\/wordpress\/wp-content\/uploads\/2019\/11\/2019-D-Jugend-m\u00e4nnlich.jpg 1024w, https:\/\/www.tv-neuhof.de\/wordpress\/wp-content\/uploads\/2019\/11\/2019-D-Jugend-m\u00e4nnlich-300x225.jpg 300w, https:\/\/www.tv-neuhof.de\/wordpress\/wp-content\/uploads\/2019\/11\/2019-D-Jugend-m\u00e4nnlich-768x576.jpg 768w\" sizes=\"auto, (max-width: 512px) 100vw, 512px\" \/><\/a><\/figure><\/div>\n\n\n\n<table border=\"0\" cellspacing=\"5\" cellpadding=\"2\" align=\"center\">\n<tbody>\n<tr>\n<td valign=\"top\" width=\"80px\">Stehend v.l.:<\/td>\n<td>Roman W., Lars P., Noel W., Ebrahim A., Tim K.<\/td>\n<\/tr>\n<tr>\n<td valign=\"top\" width=\"80px\">Vorne v.l.:<\/td>\n<td>Ben S., Sverre J., Linus H.<\/td>\n<\/tr>\n<tr>\n<td valign=\"top\" width=\"80px\">Es fehlen:<\/td>\n<td>Noah B., Daniel B., Lennard E., David H., Gabriel R., Dirk Pezold (Trainer)<\/td>\n<\/tr>\n<\/tbody>\n<\/table>\n<p><strong>&nbsp;<\/strong><\/p>\n\n\n\n<h1 class=\"has-text-align-center wp-block-heading\">D-Jugend weiblich (JSG)<\/h1>\n\n\n\n<div class=\"wp-block-image\"><figure class=\"aligncenter size-large is-resized\"><a href=\"https:\/\/www.tv-neuhof.de\/wordpress\/?attachment_id=11126\" target=\"_blank\" rel=\"noreferrer noopener\"><img loading=\"lazy\" decoding=\"async\" src=\"https:\/\/www.tv-neuhof.de\/wordpress\/wp-content\/uploads\/2019\/11\/2019-D-Jugend-weiblich.jpg\" alt=\"\" class=\"wp-image-11126\" width=\"512\" height=\"384\" srcset=\"https:\/\/www.tv-neuhof.de\/wordpress\/wp-content\/uploads\/2019\/11\/2019-D-Jugend-weiblich.jpg 1024w, https:\/\/www.tv-neuhof.de\/wordpress\/wp-content\/uploads\/2019\/11\/2019-D-Jugend-weiblich-300x225.jpg 300w, https:\/\/www.tv-neuhof.de\/wordpress\/wp-content\/uploads\/2019\/11\/2019-D-Jugend-weiblich-768x575.jpg 768w\" sizes=\"auto, (max-width: 512px) 100vw, 512px\" \/><\/a><\/figure><\/div>\n\n\n\n<table border=\"0\" cellspacing=\"5\" cellpadding=\"2\" align=\"center\">\n<tbody>\n<tr>\n<td valign=\"top\" width=\"80px\">Hinten v.l.:<\/td>\n<td>Franzi Iller (Trainerin), Lena R., Ronja E., Teresa W., Julina S., Tanita Trenkler (Trainerin)<\/td>\n<\/tr>\n<tr>\n<td valign=\"top\" width=\"80px\">Vorne v.l.:<\/td>\n<td>Emily B., Jule T., Emily H. <\/td>\n<\/tr>\n<tr>\n<td valign=\"top\" width=\"80px\">Es fehlen:<\/td>\n<td>Nike D., Elsa S. und Tarja S.<\/td>\n<\/tr>\n<\/tbody>\n<\/table>\n<p><strong>&nbsp;<\/strong><\/p>\n\n\n\n<h1 class=\"has-text-align-center wp-block-heading\">E-Jugend<\/h1>\n\n\n\n<div class=\"wp-block-image\"><figure class=\"aligncenter is-resized\"><a href=\"https:\/\/www.tv-neuhof.de\/wordpress\/?attachment_id=10994\" target=\"_blank\" rel=\"noreferrer noopener\"><img loading=\"lazy\" decoding=\"async\" src=\"https:\/\/www.tv-neuhof.de\/wordpress\/wp-content\/uploads\/2019\/10\/2019-E-Jugend-1024x768.jpeg\" alt=\"\" class=\"wp-image-10994\" width=\"512\" height=\"384\" srcset=\"https:\/\/www.tv-neuhof.de\/wordpress\/wp-content\/uploads\/2019\/10\/2019-E-Jugend.jpeg 1024w, https:\/\/www.tv-neuhof.de\/wordpress\/wp-content\/uploads\/2019\/10\/2019-E-Jugend-300x225.jpeg 300w, https:\/\/www.tv-neuhof.de\/wordpress\/wp-content\/uploads\/2019\/10\/2019-E-Jugend-768x576.jpeg 768w\" sizes=\"auto, (max-width: 512px) 100vw, 512px\" \/><\/a><\/figure><\/div>\n\n\n\n<table border=\"0\" cellspacing=\"5\" cellpadding=\"2\" align=\"center\">\n<tbody>\n<tr>\n<td valign=\"top\" width=\"80px\">Stehend v.l.:<\/td>\n<td>Natalie Nau (Trainerin), Jason, Fabian, David-Simon, Anna, Paul, Noah, Antonia (Trainerin)<\/td>\n<\/tr>\n<tr>\n<td valign=\"top\" width=\"80px\">Kniend v.l.:<\/td>\n<td>Jonas, Moritz, Nico, Mika, Lars, Lukas<\/td>\n<\/tr>\n<tr>\n<td valign=\"top\" width=\"80px\">Es fehlen:<\/td>\n<td>Finn und Dominik, Steffi (Trainerin)<\/td>\n<\/tr>\n<\/tbody>\n<\/table>\n<p><strong>&nbsp;<\/strong><\/p>\n\n\n\n<h1 class=\"has-text-align-center wp-block-heading\">F-Jugend<\/h1>\n\n\n\n<div class=\"wp-block-image\"><figure class=\"aligncenter is-resized\"><a href=\"https:\/\/www.tv-neuhof.de\/wordpress\/?attachment_id=10997\" target=\"_blank\" rel=\"noreferrer noopener\"><img loading=\"lazy\" decoding=\"async\" src=\"https:\/\/www.tv-neuhof.de\/wordpress\/wp-content\/uploads\/2019\/10\/2019-F-Jugend-1024x768.jpeg\" alt=\"\" class=\"wp-image-10997\" width=\"512\" height=\"384\" srcset=\"https:\/\/www.tv-neuhof.de\/wordpress\/wp-content\/uploads\/2019\/10\/2019-F-Jugend.jpeg 1024w, https:\/\/www.tv-neuhof.de\/wordpress\/wp-content\/uploads\/2019\/10\/2019-F-Jugend-300x225.jpeg 300w, https:\/\/www.tv-neuhof.de\/wordpress\/wp-content\/uploads\/2019\/10\/2019-F-Jugend-768x576.jpeg 768w\" sizes=\"auto, (max-width: 512px) 100vw, 512px\" \/><\/a><\/figure><\/div>\n\n\n\n<table border=\"0\" cellspacing=\"5\" cellpadding=\"2\" align=\"center\">\n<tbody>\n<tr>\n<td valign=\"top\" width=\"80px\">Hinten v.l.:<\/td>\n<td>Annelie, Noah, Tristan, Elena, Dima, Lars, Moritz, Fabian, Jasmin Ellenbrand (Trainerin)<\/td>\n<\/tr>\n<td valign=\"top\" width=\"80px\">Vorne v.l.:<\/td>\n<td>Marlis, Julian, Julius, Max, Basti, Anton<\/td>\n<\/tr>\n<tr>\n<td>Liegend:<\/td>\n<td>Erlis<\/td>\n<\/tr>\n<\/tbody>\n<\/table>\n<p><strong>&nbsp;<\/strong><\/p>\n\n\n\n<h1 class=\"has-text-align-center wp-block-heading\">Minis<\/h1>\n\n\n\n<div class=\"wp-block-image\"><figure class=\"aligncenter is-resized\"><a href=\"https:\/\/www.tv-neuhof.de\/wordpress\/?attachment_id=10109\" target=\"_blank\" rel=\"noreferrer noopener\"><img loading=\"lazy\" decoding=\"async\" src=\"https:\/\/www.tv-neuhof.de\/wordpress\/wp-content\/uploads\/2018\/09\/2018-Minis-1024x713.jpg\" alt=\"\" class=\"wp-image-10109\" width=\"512\" height=\"357\" srcset=\"https:\/\/www.tv-neuhof.de\/wordpress\/wp-content\/uploads\/2018\/09\/2018-Minis.jpg 1024w, https:\/\/www.tv-neuhof.de\/wordpress\/wp-content\/uploads\/2018\/09\/2018-Minis-300x209.jpg 300w, https:\/\/www.tv-neuhof.de\/wordpress\/wp-content\/uploads\/2018\/09\/2018-Minis-768x535.jpg 768w\" sizes=\"auto, (max-width: 512px) 100vw, 512px\" \/><\/a><\/figure><\/div>\n\n\n\n<table border=\"0\" cellspacing=\"5\" cellpadding=\"2\" align=\"center\">\n<tbody>\n<tr>\n<td valign=\"top\" width=\"80px\">Stehend v.l.:<\/td>\n<td>Julian, Dominik, Max, Dima, Jonas, Johannes (Trainer)<\/td>\n<\/tr>\n<tr>\n<td>Kniend v.l.:<\/td>\n<td>Leon, Levin, Tristan, Anton<\/td>\n<\/tr>\n<\/tbody>\n<\/table>\n<p><strong>&nbsp;<\/strong><\/p>\n","protected":false},"excerpt":{"rendered":"<p>Herren I + II Hinten v.l.: Sebastian Ellenbrand, Johannes Manz (Spielertrainer), Benedikt Grob, Winfried Schmitt, Johannes Engel, Daniel Arnreich Mitte v.l.: J\u00fcrgen Sch\u00e4fer (Betreuer), Fabian Benkner, Marcel Sch\u00e4fer, Christian Remmert, Johannes Kulla, Alexander Remmert, Jannik Enders, Christoph Temburg, Bernd Pietzko (Betreuer) Vorne v.l.: Frederik Storch, Tobias Neidert, Johannes Kl\u00fch, Elmar M\u00fcller, Tim Eisenstein, Kilian Schmitt, [&hellip;]<\/p>\n","protected":false},"author":11,"featured_media":0,"parent":2399,"menu_order":2019,"comment_status":"closed","ping_status":"closed","template":"","meta":{"ngg_post_thumbnail":0,"footnotes":""},"class_list":["post-11487","page","type-page","status-publish","hentry"],"_links":{"self":[{"href":"https:\/\/www.tv-neuhof.de\/wordpress\/wp-json\/wp\/v2\/pages\/11487","targetHints":{"allow":["GET"]}}],"collection":[{"href":"https:\/\/www.tv-neuhof.de\/wordpress\/wp-json\/wp\/v2\/pages"}],"about":[{"href":"https:\/\/www.tv-neuhof.de\/wordpress\/wp-json\/wp\/v2\/types\/page"}],"author":[{"embeddable":true,"href":"https:\/\/www.tv-neuhof.de\/wordpress\/wp-json\/wp\/v2\/users\/11"}],"replies":[{"embeddable":true,"href":"https:\/\/www.tv-neuhof.de\/wordpress\/wp-json\/wp\/v2\/comments?post=11487"}],"version-history":[{"count":18,"href":"https:\/\/www.tv-neuhof.de\/wordpress\/wp-json\/wp\/v2\/pages\/11487\/revisions"}],"predecessor-version":[{"id":11784,"href":"https:\/\/www.tv-neuhof.de\/wordpress\/wp-json\/wp\/v2\/pages\/11487\/revisions\/11784"}],"up":[{"embeddable":true,"href":"https:\/\/www.tv-neuhof.de\/wordpress\/wp-json\/wp\/v2\/pages\/2399"}],"wp:attachment":[{"href":"https:\/\/www.tv-neuhof.de\/wordpress\/wp-json\/wp\/v2\/media?parent=11487"}],"curies":[{"name":"wp","href":"https:\/\/api.w.org\/{rel}","templated":true}]}}