

{"id":11504,"date":"2020-08-11T07:51:36","date_gmt":"2020-08-11T06:51:36","guid":{"rendered":"http:\/\/www.tv-neuhof.de\/wordpress\/?page_id=11504"},"modified":"2023-07-18T15:28:36","modified_gmt":"2023-07-18T13:28:36","slug":"michael-andre","status":"publish","type":"page","link":"https:\/\/www.tv-neuhof.de\/wordpress\/about\/kontakte\/kontaktdetails\/michael-andre\/","title":{"rendered":"Michael Andr\u00e9"},"content":{"rendered":"\n<table border=\"2\" rules=\"none\" cellspacing=\"10\">\n<tbody>\n<tr>\n<th rowspan=\"3\"><img loading=\"lazy\" decoding=\"async\" src=\"https:\/\/www.tv-neuhof.de\/wordpress\/wp-content\/uploads\/2021\/11\/Michael-Andre-2021.jpg\" alt=\"\" class=\"wp-image-11562\" width=\"110\" height=\"125\">\n<\/th>\n<td width=\"60\">Name:<\/td>\n<td width=\"250\">Michael Andr\u00e9<\/td>\n<\/tr>\n<tr>\n<td>Kontakt:<\/td>\n<td>+49 162 1880203<br><a href=\"mailto:info@nebenjob-online.biz\">info@nebenjob-online.biz<\/a><\/td>\n<\/tr>\n<tr>\n<td>T\u00e4tigkeit:<\/td>\n<td>Jugendleiter<\/td>\n<\/tr>\n<\/tbody>\n<\/table>\n<p><br><a href=\"javascript:history.back()\">&lt;&#8211;Zur\u00fcck<\/a><\/p>\n","protected":false},"excerpt":{"rendered":"<p>Name: Michael Andr\u00e9 Kontakt: +49 162 1880203info@nebenjob-online.biz T\u00e4tigkeit: Jugendleiter &lt;&#8211;Zur\u00fcck<\/p>\n","protected":false},"author":11,"featured_media":0,"parent":3641,"menu_order":1,"comment_status":"closed","ping_status":"closed","template":"","meta":{"ngg_post_thumbnail":0,"footnotes":""},"class_list":["post-11504","page","type-page","status-publish","hentry"],"_links":{"self":[{"href":"https:\/\/www.tv-neuhof.de\/wordpress\/wp-json\/wp\/v2\/pages\/11504","targetHints":{"allow":["GET"]}}],"collection":[{"href":"https:\/\/www.tv-neuhof.de\/wordpress\/wp-json\/wp\/v2\/pages"}],"about":[{"href":"https:\/\/www.tv-neuhof.de\/wordpress\/wp-json\/wp\/v2\/types\/page"}],"author":[{"embeddable":true,"href":"https:\/\/www.tv-neuhof.de\/wordpress\/wp-json\/wp\/v2\/users\/11"}],"replies":[{"embeddable":true,"href":"https:\/\/www.tv-neuhof.de\/wordpress\/wp-json\/wp\/v2\/comments?post=11504"}],"version-history":[{"count":6,"href":"https:\/\/www.tv-neuhof.de\/wordpress\/wp-json\/wp\/v2\/pages\/11504\/revisions"}],"predecessor-version":[{"id":12577,"href":"https:\/\/www.tv-neuhof.de\/wordpress\/wp-json\/wp\/v2\/pages\/11504\/revisions\/12577"}],"up":[{"embeddable":true,"href":"https:\/\/www.tv-neuhof.de\/wordpress\/wp-json\/wp\/v2\/pages\/3641"}],"wp:attachment":[{"href":"https:\/\/www.tv-neuhof.de\/wordpress\/wp-json\/wp\/v2\/media?parent=11504"}],"curies":[{"name":"wp","href":"https:\/\/api.w.org\/{rel}","templated":true}]}}