

{"id":12257,"date":"2022-09-21T18:20:37","date_gmt":"2022-09-21T16:20:37","guid":{"rendered":"https:\/\/www.tv-neuhof.de\/wordpress\/?page_id=12257"},"modified":"2022-10-26T11:43:27","modified_gmt":"2022-10-26T09:43:27","slug":"2021-2022","status":"publish","type":"page","link":"https:\/\/www.tv-neuhof.de\/wordpress\/about\/historisches\/mannschaftsfotos\/2021-2022\/","title":{"rendered":"2021\/2022"},"content":{"rendered":"\n<h1 class=\"has-text-align-center wp-block-heading\">Herren<\/h1>\n\n\n<div class=\"wp-block-image\">\n<figure class=\"aligncenter size-full is-resized\"><a href=\"https:\/\/www.tv-neuhof.de\/wordpress\/wp-content\/uploads\/2021\/10\/2021-Herren.jpg\"><img loading=\"lazy\" decoding=\"async\" src=\"https:\/\/www.tv-neuhof.de\/wordpress\/wp-content\/uploads\/2021\/10\/2021-Herren.jpg\" alt=\"\" class=\"wp-image-11782\" width=\"512\" height=\"339\" srcset=\"https:\/\/www.tv-neuhof.de\/wordpress\/wp-content\/uploads\/2021\/10\/2021-Herren.jpg 1024w, https:\/\/www.tv-neuhof.de\/wordpress\/wp-content\/uploads\/2021\/10\/2021-Herren-300x199.jpg 300w, https:\/\/www.tv-neuhof.de\/wordpress\/wp-content\/uploads\/2021\/10\/2021-Herren-768x509.jpg 768w\" sizes=\"auto, (max-width: 512px) 100vw, 512px\" \/><\/a><\/figure>\n<\/div>\n\n\n<table border=\"0\" cellspacing=\"5\" cellpadding=\"2\" align=\"center\">\n<tbody>\n<tr>\n<td valign=\"top\" width=\"80px\">Hinten v.l.:<\/td>\n<td>Sebastian Ellenbrand, Winfried Schmitt, Christoph Temburg, Julian Kl\u00fch, Johannes Manz<\/td>\n<\/tr>\n<tr>\n<td valign=\"top\" width=\"80px\">Mitte v.l.:<\/td>\n<td>Michael Remmert (Trainer), Felix M\u00f6ller (Betreuer), Christian Remmert, Michael Andr\u00e9, Felix M\u00f6ller, Alexander Remmert, J\u00fcrgen Sch\u00e4fer (Betreuer)<\/td>\n<\/tr>\n<tr>\n<td valign=\"top\" width=\"80px\">Vorne v.l.:<\/td>\n<td>Johannes Kulla, Daniel H\u00e4ndler, Tim Eisenstein, Elmar M\u00fcller, Jannik Enders, Daniel Arnreich<\/td>\n<\/tr>\n<tr>\n<td valign=\"top\" width=\"80px\">Es fehlen:<\/td>\n<td>Marcel Sch\u00e4fer, Lukas Benkner, Fabian Benkner, Tobias Neidert<\/td>\n<\/tr>\n<\/tbody>\n<\/table>\n<p><strong>&nbsp;<\/strong><\/p>\n\n\n\n<h1 class=\"has-text-align-center wp-block-heading\">Damen<\/h1>\n\n\n<div class=\"wp-block-image\">\n<figure class=\"aligncenter size-large is-resized\"><a href=\"https:\/\/www.tv-neuhof.de\/wordpress\/wp-content\/uploads\/2019\/09\/2019-Damen.jpg\"><img loading=\"lazy\" decoding=\"async\" src=\"https:\/\/www.tv-neuhof.de\/wordpress\/wp-content\/uploads\/2019\/09\/2019-Damen-1024x705.jpg\" alt=\"\" class=\"wp-image-10762\" width=\"512\" height=\"353\" srcset=\"https:\/\/www.tv-neuhof.de\/wordpress\/wp-content\/uploads\/2019\/09\/2019-Damen.jpg 1024w, https:\/\/www.tv-neuhof.de\/wordpress\/wp-content\/uploads\/2019\/09\/2019-Damen-300x207.jpg 300w, https:\/\/www.tv-neuhof.de\/wordpress\/wp-content\/uploads\/2019\/09\/2019-Damen-768x529.jpg 768w\" sizes=\"auto, (max-width: 512px) 100vw, 512px\" \/><\/a><\/figure>\n<\/div>\n\n\n<table border=\"0\" cellspacing=\"5\" cellpadding=\"2\" align=\"center\">\n<tbody>\n<tr>\n<td valign=\"top\" width=\"80px\">Von links:<\/td>\n<td>Bernadette Wahl, Mattea Heil, Franziska Kern, Laura Kern, Leonie Brunner, Ann-Kristin Krah, Steffi Sander, Uwe Hoffmann, Jule Bachmann, Sylvana Radler, Miriam Benkner-Andr\u00e9, Alida Maxand, Annika Wenzel, Antonia Kulla<\/td>\n<\/tr>\n<tr>\n<td valign=\"top\">Es fehlen:<\/td>\n<td>Anna N\u00fcchter, Corinna Kuschnick, Jasmin Ellenbrand, Eva Weber, Henrike Frohnapfel, Julia M\u00fcller, Patricia Betz, Sabine Kre\u00df, Thomas Heil (Betreuer)<\/td>\n<\/tr>\n<\/tbody>\n<\/table>\n<p><strong>&nbsp;<\/strong><\/p>\n\n\n\n<h1 class=\"has-text-align-center wp-block-heading\">A-Jugend m\u00e4nnlich (JSG)<\/h1>\n\n\n<div class=\"wp-block-image\">\n<figure class=\"aligncenter size-full is-resized\"><a href=\"https:\/\/www.tv-neuhof.de\/wordpress\/wp-content\/uploads\/2021\/11\/2021-A-Jugend-maennlich.jpg\"><img loading=\"lazy\" decoding=\"async\" src=\"https:\/\/www.tv-neuhof.de\/wordpress\/wp-content\/uploads\/2021\/11\/2021-A-Jugend-maennlich.jpg\" alt=\"\" class=\"wp-image-12031\" width=\"512\" height=\"288\" srcset=\"https:\/\/www.tv-neuhof.de\/wordpress\/wp-content\/uploads\/2021\/11\/2021-A-Jugend-maennlich.jpg 1024w, https:\/\/www.tv-neuhof.de\/wordpress\/wp-content\/uploads\/2021\/11\/2021-A-Jugend-maennlich-300x169.jpg 300w, https:\/\/www.tv-neuhof.de\/wordpress\/wp-content\/uploads\/2021\/11\/2021-A-Jugend-maennlich-768x432.jpg 768w\" sizes=\"auto, (max-width: 512px) 100vw, 512px\" \/><\/a><\/figure>\n<\/div>\n\n\n<table border=\"0\" cellspacing=\"5\" cellpadding=\"2\" align=\"center\">\n<tbody>\n<tr>\n<td valign=\"top\" width=\"80px\">Hinten v.l.:<\/td>\n<td>Dominic Di Meglio (Trainer), Justus S., Henry Z., Josef L., Martin B., Tizian S., Joshua Sperber (Trainer)<\/td>\n<\/tr>\n<tr>\n<td valign=\"top\" width=\"80px\">Vorne v.l.:<\/td>\n<td>Luis S., Felix R., Noah O., Lucas G., Simon M.<\/td>\n<\/tr>\n<tr>\n<td valign=\"top\" width=\"80px\">Es fehlt:<\/td>\n<td>Leon Wolf (Betreuer)<\/td>\n<\/tr>\n<\/tbody>\n<\/table>\n<p><strong>&nbsp;<\/strong><\/p>\n\n\n\n<h1 class=\"has-text-align-center wp-block-heading\">A-Jugend weiblich (JSG)<\/h1>\n\n\n<div class=\"wp-block-image\">\n<figure class=\"aligncenter size-full is-resized\"><a href=\"https:\/\/www.tv-neuhof.de\/wordpress\/wp-content\/uploads\/2021\/11\/2021-A-Jugend-weiblich.jpg\"><img loading=\"lazy\" decoding=\"async\" src=\"https:\/\/www.tv-neuhof.de\/wordpress\/wp-content\/uploads\/2021\/11\/2021-A-Jugend-weiblich.jpg\" alt=\"\" class=\"wp-image-12037\" width=\"512\" height=\"384\" srcset=\"https:\/\/www.tv-neuhof.de\/wordpress\/wp-content\/uploads\/2021\/11\/2021-A-Jugend-weiblich.jpg 1024w, https:\/\/www.tv-neuhof.de\/wordpress\/wp-content\/uploads\/2021\/11\/2021-A-Jugend-weiblich-300x225.jpg 300w, https:\/\/www.tv-neuhof.de\/wordpress\/wp-content\/uploads\/2021\/11\/2021-A-Jugend-weiblich-768x576.jpg 768w\" sizes=\"auto, (max-width: 512px) 100vw, 512px\" \/><\/a><\/figure>\n<\/div>\n\n\n<table border=\"0\" cellspacing=\"5\" cellpadding=\"2\" align=\"center\">\n<tbody>\n<tr>\n<td valign=\"top\" width=\"80px\">Hinten v.l.:<\/td>\n<td>Marie M., Kiara P., Lilli O., Sophie R., Jana F., Sarah F., Mladen Habalija (Trainer)<\/td>\n<\/tr>\n<tr>\n<td valign=\"top\" width=\"80px\">Vorne v.l.:<\/td>\n<td>Hannah K., Lilly D., Barbara H., Mathilda A., Amelie H., Pauline K.<\/td>\n<\/tr>\n<tr>\n<td valign=\"top\" width=\"80px\">Es fehlen:<\/td>\n<td>Neele R., Lara S. und Karina R.<\/td>\n<\/tr>\n<\/tbody>\n<\/table>\n<p><strong>&nbsp;<\/strong><\/p>\n\n\n\n<h1 class=\"has-text-align-center wp-block-heading\">B-Jugend m\u00e4nnlich (JSG)<\/h1>\n\n\n<div class=\"wp-block-image\">\n<figure class=\"aligncenter size-full is-resized\"><a href=\"https:\/\/www.tv-neuhof.de\/wordpress\/wp-content\/uploads\/2021\/11\/2021-B-Jugend-maennlich.jpg\"><img loading=\"lazy\" decoding=\"async\" src=\"https:\/\/www.tv-neuhof.de\/wordpress\/wp-content\/uploads\/2021\/11\/2021-B-Jugend-maennlich.jpg\" alt=\"\" class=\"wp-image-12032\" width=\"512\" height=\"384\" srcset=\"https:\/\/www.tv-neuhof.de\/wordpress\/wp-content\/uploads\/2021\/11\/2021-B-Jugend-maennlich.jpg 1024w, https:\/\/www.tv-neuhof.de\/wordpress\/wp-content\/uploads\/2021\/11\/2021-B-Jugend-maennlich-300x225.jpg 300w, https:\/\/www.tv-neuhof.de\/wordpress\/wp-content\/uploads\/2021\/11\/2021-B-Jugend-maennlich-768x576.jpg 768w\" sizes=\"auto, (max-width: 512px) 100vw, 512px\" \/><\/a><\/figure>\n<\/div>\n\n\n<table border=\"0\" cellspacing=\"5\" cellpadding=\"2\" align=\"center\">\n<tbody>\n<tr>\n<td valign=\"top\" width=\"80px\">Hinten v.l.:<\/td>\n<td>Noah V., Noel W., Linus L., Merlin W., Marius S., Lasse T., Marius Reich (Trainer)<\/td>\n<\/tr>\n<tr>\n<td valign=\"top\" width=\"80px\">Vorne v.l.:<\/td>\n<td>Sandro H., Roman W., Gabriel R., Sverre J., Tim K., David H.<\/td>\n<\/tr>\n<tr>\n<td valign=\"top\" width=\"80px\">Es fehlen:<\/td>\n<td>Tim H., Lorenz H., Tobias B.<\/td>\n<\/tr>\n<\/tbody>\n<\/table>\n<p><strong>&nbsp;<\/strong><\/p>\n\n\n\n<h1 class=\"has-text-align-center wp-block-heading\">C-Jugend m\u00e4nnlich (JSG)<\/h1>\n\n\n<div class=\"wp-block-image\">\n<figure class=\"aligncenter size-full is-resized\"><a href=\"https:\/\/www.tv-neuhof.de\/wordpress\/wp-content\/uploads\/2021\/11\/2021-C-Jugend-maennlich-1.jpg\"><img loading=\"lazy\" decoding=\"async\" src=\"https:\/\/www.tv-neuhof.de\/wordpress\/wp-content\/uploads\/2021\/11\/2021-C-Jugend-maennlich-1.jpg\" alt=\"\" class=\"wp-image-12049\" width=\"512\" height=\"330\" srcset=\"https:\/\/www.tv-neuhof.de\/wordpress\/wp-content\/uploads\/2021\/11\/2021-C-Jugend-maennlich-1.jpg 1024w, https:\/\/www.tv-neuhof.de\/wordpress\/wp-content\/uploads\/2021\/11\/2021-C-Jugend-maennlich-1-300x193.jpg 300w, https:\/\/www.tv-neuhof.de\/wordpress\/wp-content\/uploads\/2021\/11\/2021-C-Jugend-maennlich-1-768x495.jpg 768w\" sizes=\"auto, (max-width: 512px) 100vw, 512px\" \/><\/a><\/figure>\n<\/div>\n\n\n<table border=\"0\" cellspacing=\"5\" cellpadding=\"2\" align=\"center\">\n<tbody>\n<tr>\n<td valign=\"top\" width=\"80px\">Hinten v.l.:<\/td>\n<td>David H., Noel W., Lars P., Roman W., Marius Reich (Trainer)<\/td>\n<\/tr>\n<tr>\n<td valign=\"top\" width=\"80px\">Vorne v.l.:<\/td>\n<td>Louis Z., Gabriel R., Ben S., Sverre J., Tim K.<\/td>\n<\/tr>\n<tr>\n<td valign=\"top\" width=\"80px\">Es fehlt:<\/td>\n<td>Linus H.<\/td>\n<\/tr>\n<\/tbody>\n<\/table>\n<p><strong>&nbsp;<\/strong><\/p>\n\n\n\n<h1 class=\"has-text-align-center wp-block-heading\">C-Jugend weiblich (JSG)<\/h1>\n\n\n<div class=\"wp-block-image\">\n<figure class=\"aligncenter size-full is-resized\"><a href=\"https:\/\/www.tv-neuhof.de\/wordpress\/wp-content\/uploads\/2021\/11\/2021-C-Jugend-weiblich.jpg\"><img loading=\"lazy\" decoding=\"async\" src=\"https:\/\/www.tv-neuhof.de\/wordpress\/wp-content\/uploads\/2021\/11\/2021-C-Jugend-weiblich.jpg\" alt=\"\" class=\"wp-image-12034\" width=\"512\" height=\"314\" srcset=\"https:\/\/www.tv-neuhof.de\/wordpress\/wp-content\/uploads\/2021\/11\/2021-C-Jugend-weiblich.jpg 1024w, https:\/\/www.tv-neuhof.de\/wordpress\/wp-content\/uploads\/2021\/11\/2021-C-Jugend-weiblich-300x184.jpg 300w, https:\/\/www.tv-neuhof.de\/wordpress\/wp-content\/uploads\/2021\/11\/2021-C-Jugend-weiblich-768x470.jpg 768w\" sizes=\"auto, (max-width: 512px) 100vw, 512px\" \/><\/a><\/figure>\n<\/div>\n\n\n<table border=\"0\" cellspacing=\"5\" cellpadding=\"2\" align=\"center\">\n<tbody>\n<tr>\n<td valign=\"top\" width=\"80px\">Hinten v.l.:<\/td>\n<td>Tarja S., Emily H., Anna Sophia R., Emily B., Jule T., Eliza O.<\/td>\n<\/tr>\n<tr>\n<td valign=\"top\" width=\"80px\">Vorne v.l.:<\/td>\n<td>Julia S., Elsa S., Ronja E., Julina S., Theresa O.<\/td>\n<\/tr>\n<tr>\n<td valign=\"top\" width=\"80px\">Es fehlt:<\/td>\n<td>Lena R., Jasmin H., Teresa W.<\/td>\n<\/tr>\n<\/tbody>\n<\/table>\n<p><strong>&nbsp;<\/strong><\/p>\n\n\n\n<h1 class=\"has-text-align-center wp-block-heading\">D-Jugend m\u00e4nnlich (JSG)<\/h1>\n\n\n<div class=\"wp-block-image\">\n<figure class=\"aligncenter size-full is-resized\"><a href=\"https:\/\/www.tv-neuhof.de\/wordpress\/wp-content\/uploads\/2021\/11\/2021-D-Jugend-maennlich.jpg\"><img loading=\"lazy\" decoding=\"async\" src=\"https:\/\/www.tv-neuhof.de\/wordpress\/wp-content\/uploads\/2021\/11\/2021-D-Jugend-maennlich.jpg\" alt=\"\" class=\"wp-image-12035\" width=\"512\" height=\"288\" srcset=\"https:\/\/www.tv-neuhof.de\/wordpress\/wp-content\/uploads\/2021\/11\/2021-D-Jugend-maennlich.jpg 1024w, https:\/\/www.tv-neuhof.de\/wordpress\/wp-content\/uploads\/2021\/11\/2021-D-Jugend-maennlich-300x169.jpg 300w, https:\/\/www.tv-neuhof.de\/wordpress\/wp-content\/uploads\/2021\/11\/2021-D-Jugend-maennlich-768x432.jpg 768w\" sizes=\"auto, (max-width: 512px) 100vw, 512px\" \/><\/a><\/figure>\n<\/div>\n\n\n<h1 class=\"has-text-align-center wp-block-heading\">E und F-Jugend<\/h1>\n\n\n<div class=\"wp-block-image\">\n<figure class=\"aligncenter size-full is-resized\"><a href=\"https:\/\/www.tv-neuhof.de\/wordpress\/wp-content\/uploads\/2021\/12\/2021-E-u-F-Jugend.jpg\"><img loading=\"lazy\" decoding=\"async\" src=\"https:\/\/www.tv-neuhof.de\/wordpress\/wp-content\/uploads\/2021\/12\/2021-E-u-F-Jugend.jpg\" alt=\"\" class=\"wp-image-12083\" width=\"512\" height=\"384\" srcset=\"https:\/\/www.tv-neuhof.de\/wordpress\/wp-content\/uploads\/2021\/12\/2021-E-u-F-Jugend.jpg 1024w, https:\/\/www.tv-neuhof.de\/wordpress\/wp-content\/uploads\/2021\/12\/2021-E-u-F-Jugend-300x225.jpg 300w, https:\/\/www.tv-neuhof.de\/wordpress\/wp-content\/uploads\/2021\/12\/2021-E-u-F-Jugend-768x576.jpg 768w\" sizes=\"auto, (max-width: 512px) 100vw, 512px\" \/><\/a><\/figure>\n<\/div>\n\n\n<table border=\"0\" cellspacing=\"5\" cellpadding=\"2\" align=\"center\">\n<tbody>\n<tr>\n<td valign=\"top\" width=\"80px\">Hinten v.l.:<\/td>\n<td>Jasmin Ellenbrand (Trainerin), Jonas, Jonas, Samantha, Jonas, Luka, Lena, Samira, Daniel H\u00e4ndler (Trainer)<\/td>\n<\/tr>\n<tr>\n<td valign=\"top\" width=\"80px\">Vorne v.l.:<\/td>\n<td>Elias, Max, Hannah, Cora, Lilly, Niklas, Laurin<\/td>\n<\/tr>\n<tr>\n<td>Es fehlen:<\/td>\n<td>Melina, Till, Noah, Tristan, Antonia Kulla (Trainerin)<\/td>\n<\/tr>\n<\/tbody>\n<\/table>\n<p><strong>&nbsp;<\/strong><\/p>\n\n\n\n<h1 class=\"has-text-align-center wp-block-heading\">Minis<\/h1>\n\n\n<div class=\"wp-block-image\">\n<figure class=\"aligncenter size-large is-resized\"><a href=\"https:\/\/www.tv-neuhof.de\/wordpress\/wp-content\/uploads\/2018\/09\/2018-Minis.jpg\"><img loading=\"lazy\" decoding=\"async\" src=\"https:\/\/www.tv-neuhof.de\/tv-neuhof\/wordpress\/wp-content\/uploads\/2018\/09\/2018-Minis-1024x713.jpg\" alt=\"\" class=\"wp-image-10109\" width=\"512\" height=\"357\" srcset=\"https:\/\/www.tv-neuhof.de\/wordpress\/wp-content\/uploads\/2018\/09\/2018-Minis.jpg 1024w, https:\/\/www.tv-neuhof.de\/wordpress\/wp-content\/uploads\/2018\/09\/2018-Minis-300x209.jpg 300w, https:\/\/www.tv-neuhof.de\/wordpress\/wp-content\/uploads\/2018\/09\/2018-Minis-768x535.jpg 768w\" sizes=\"auto, (max-width: 512px) 100vw, 512px\" \/><\/a><\/figure>\n<\/div>\n\n\n<table border=\"0\" cellspacing=\"5\" cellpadding=\"2\" align=\"center\">\n<tbody>\n<tr>\n<td valign=\"top\" width=\"80px\">Stehend v.l.:<\/td>\n<td>Julian, Dominik, Max, Dima, Jonas, Johannes (Trainer)<\/td>\n<\/tr>\n<tr>\n<td>Kniend v.l.:<\/td>\n<td>Leon, Levin, Tristan, Anton<\/td>\n<\/tr>\n<\/tbody>\n<\/table>\n<p><strong>&nbsp;<\/strong><\/p>\n","protected":false},"excerpt":{"rendered":"<p>Herren Hinten v.l.: Sebastian Ellenbrand, Winfried Schmitt, Christoph Temburg, Julian Kl\u00fch, Johannes Manz Mitte v.l.: Michael Remmert (Trainer), Felix M\u00f6ller (Betreuer), Christian Remmert, Michael Andr\u00e9, Felix M\u00f6ller, Alexander Remmert, J\u00fcrgen Sch\u00e4fer (Betreuer) Vorne v.l.: Johannes Kulla, Daniel H\u00e4ndler, Tim Eisenstein, Elmar M\u00fcller, Jannik Enders, Daniel Arnreich Es fehlen: Marcel Sch\u00e4fer, Lukas Benkner, Fabian Benkner, Tobias [&hellip;]<\/p>\n","protected":false},"author":11,"featured_media":0,"parent":2399,"menu_order":2021,"comment_status":"closed","ping_status":"closed","template":"","meta":{"ngg_post_thumbnail":0,"footnotes":""},"class_list":["post-12257","page","type-page","status-publish","hentry"],"_links":{"self":[{"href":"https:\/\/www.tv-neuhof.de\/wordpress\/wp-json\/wp\/v2\/pages\/12257","targetHints":{"allow":["GET"]}}],"collection":[{"href":"https:\/\/www.tv-neuhof.de\/wordpress\/wp-json\/wp\/v2\/pages"}],"about":[{"href":"https:\/\/www.tv-neuhof.de\/wordpress\/wp-json\/wp\/v2\/types\/page"}],"author":[{"embeddable":true,"href":"https:\/\/www.tv-neuhof.de\/wordpress\/wp-json\/wp\/v2\/users\/11"}],"replies":[{"embeddable":true,"href":"https:\/\/www.tv-neuhof.de\/wordpress\/wp-json\/wp\/v2\/comments?post=12257"}],"version-history":[{"count":11,"href":"https:\/\/www.tv-neuhof.de\/wordpress\/wp-json\/wp\/v2\/pages\/12257\/revisions"}],"predecessor-version":[{"id":12361,"href":"https:\/\/www.tv-neuhof.de\/wordpress\/wp-json\/wp\/v2\/pages\/12257\/revisions\/12361"}],"up":[{"embeddable":true,"href":"https:\/\/www.tv-neuhof.de\/wordpress\/wp-json\/wp\/v2\/pages\/2399"}],"wp:attachment":[{"href":"https:\/\/www.tv-neuhof.de\/wordpress\/wp-json\/wp\/v2\/media?parent=12257"}],"curies":[{"name":"wp","href":"https:\/\/api.w.org\/{rel}","templated":true}]}}