

{"id":12616,"date":"2023-08-15T13:21:46","date_gmt":"2023-08-15T11:21:46","guid":{"rendered":"https:\/\/www.tv-neuhof.de\/wordpress\/?page_id=12616"},"modified":"2024-02-28T13:37:36","modified_gmt":"2024-02-28T12:37:36","slug":"2022-2023","status":"publish","type":"page","link":"https:\/\/www.tv-neuhof.de\/wordpress\/about\/historisches\/mannschaftsfotos\/2022-2023\/","title":{"rendered":"2022\/2023"},"content":{"rendered":"\n<h1 class=\"wp-block-heading has-text-align-center\">Herren<\/h1>\n\n\n<div class=\"wp-block-image\">\n<figure class=\"aligncenter size-full is-resized\"><a href=\"https:\/\/www.tv-neuhof.de\/wordpress\/wp-content\/uploads\/2022\/11\/2022-Herren.jpg\"><img loading=\"lazy\" decoding=\"async\" width=\"1024\" height=\"680\" src=\"https:\/\/www.tv-neuhof.de\/wordpress\/wp-content\/uploads\/2022\/11\/2022-Herren.jpg\" alt=\"\" class=\"wp-image-12411\" style=\"width:512px;height:undefinedpx\" srcset=\"https:\/\/www.tv-neuhof.de\/wordpress\/wp-content\/uploads\/2022\/11\/2022-Herren.jpg 1024w, https:\/\/www.tv-neuhof.de\/wordpress\/wp-content\/uploads\/2022\/11\/2022-Herren-300x199.jpg 300w, https:\/\/www.tv-neuhof.de\/wordpress\/wp-content\/uploads\/2022\/11\/2022-Herren-768x510.jpg 768w\" sizes=\"auto, (max-width: 1024px) 100vw, 1024px\" \/><\/a><\/figure>\n<\/div>\n\n\n<table border=\"0\" cellspacing=\"5\" cellpadding=\"2\" align=\"center\">\n<tbody>\n<tr>\n<td valign=\"top\" width=\"80px\">Hinten v.l.:<\/td>\n<td>Lukas Benkner, Daniel H\u00e4ndler, Sebastian Ellenbrand, Julian Kl\u00fch, Felix M\u00f6ller (Betreuer)<\/td>\n<\/tr>\n<tr>\n<td valign=\"top\" width=\"80px\">Mitte v.l.:<\/td>\n<td>Hans-J\u00fcrgen Arnold (Trainer), Elias Hack, Alexander Remmert, Marcel Sch\u00e4fer, Felix M\u00f6ller, Michael Andr\u00e9, J\u00fcrgen Sch\u00e4fer (Betreuer)<\/td>\n<\/tr>\n<tr>\n<td valign=\"top\" width=\"80px\">Vorne v.l.:<\/td>\n<td>Johannes Manz, Johannes Kulla, Tim Eisenstein, Elmar M\u00fcller, Jannik Enders, Winfried Schmitt<\/td>\n<\/tr>\n<tr>\n<td valign=\"top\" width=\"80px\">Es fehlen:<\/td>\n<td>Fabian Benkner, Tobias Neidert<\/td>\n<\/tr>\n<\/tbody>\n<\/table>\n<p><strong>&nbsp;<\/strong><\/p>\n\n\n\n<h1 class=\"wp-block-heading has-text-align-center\">Damen<\/h1>\n\n\n<div class=\"wp-block-image\">\n<figure class=\"aligncenter size-full is-resized\"><a href=\"https:\/\/www.tv-neuhof.de\/wordpress\/2022-damen\/\"><img loading=\"lazy\" decoding=\"async\" width=\"1024\" height=\"613\" src=\"https:\/\/www.tv-neuhof.de\/wordpress\/wp-content\/uploads\/2022\/10\/2022-Damen.jpg\" alt=\"\" class=\"wp-image-12369\" style=\"object-fit:cover;width:512px;height:314px\" srcset=\"https:\/\/www.tv-neuhof.de\/wordpress\/wp-content\/uploads\/2022\/10\/2022-Damen.jpg 1024w, https:\/\/www.tv-neuhof.de\/wordpress\/wp-content\/uploads\/2022\/10\/2022-Damen-300x180.jpg 300w, https:\/\/www.tv-neuhof.de\/wordpress\/wp-content\/uploads\/2022\/10\/2022-Damen-768x460.jpg 768w\" sizes=\"auto, (max-width: 1024px) 100vw, 1024px\" \/><\/a><\/figure>\n<\/div>\n\n\n<table border=\"0\" cellspacing=\"5\" cellpadding=\"2\" align=\"center\">\n<tbody>\n<tr>\n<td valign=\"top\" width=\"80px\">Hinten v.l.:<\/td>\n<td>Antonia Kulla, Nadine Diegelmann, Inka Peters, Leonie Brunner, Franziska Kern, Emina Hodzi\u0107, Maja Litzenbauer<\/td>\n<\/tr>\n<tr>\n<td valign=\"top\" width=\"80px\">Vorne v.l.:<\/td>\n<td>Isabell R\u00f6\u00dfler, Laura Fiterer, Alida Maxand, Laura Wa\u00dfmuth, Marie Chowanietz, Anna-Lena Heil, Paula Neumann, Sophie R\u00e4sch, Christopher Auth (Trainer)<\/td>\n<\/tr>\n\n<tr>\n<td valign=\"top\">Es fehlen:<\/td>\n<td>Ann-Kristin Krah, Bernadette Wahl, Jasmin Lorenz, Julia M\u00fcller, Jasmin Ellenbrand, Lea Leinweber, Annika Wenzel, Mattea Benkner, Miriam Benkner<\/td>\n<\/tr>\n<\/tbody>\n<\/table>\n<p><strong>&nbsp;<\/strong><\/p>\n\n\n\n<h1 class=\"wp-block-heading has-text-align-center\">A-Jugend m\u00e4nnlich (JSG)<\/h1>\n\n\n<div class=\"wp-block-image\">\n<figure class=\"aligncenter size-full is-resized\"><a href=\"https:\/\/www.tv-neuhof.de\/wordpress\/wp-content\/uploads\/2022\/10\/2022-A-Jugend-maennlich-.jpg\"><img loading=\"lazy\" decoding=\"async\" width=\"1024\" height=\"683\" src=\"https:\/\/www.tv-neuhof.de\/wordpress\/wp-content\/uploads\/2022\/10\/2022-A-Jugend-maennlich-.jpg\" alt=\"\" class=\"wp-image-12328\" style=\"width:512px\" srcset=\"https:\/\/www.tv-neuhof.de\/wordpress\/wp-content\/uploads\/2022\/10\/2022-A-Jugend-maennlich-.jpg 1024w, https:\/\/www.tv-neuhof.de\/wordpress\/wp-content\/uploads\/2022\/10\/2022-A-Jugend-maennlich--300x200.jpg 300w, https:\/\/www.tv-neuhof.de\/wordpress\/wp-content\/uploads\/2022\/10\/2022-A-Jugend-maennlich--768x512.jpg 768w\" sizes=\"auto, (max-width: 1024px) 100vw, 1024px\" \/><\/a><\/figure>\n<\/div>\n\n\n<table border=\"0\" cellspacing=\"5\" cellpadding=\"2\" align=\"center\">\n<tbody>\n<tr>\n<td valign=\"top\" width=\"80px\">Hinten v.l.:<\/td>\n<td>Tim Herrscher, Karl Rost, Tizian Seng, Karlheinz Rost (Trainer)<\/td>\n<\/tr>\n<tr>\n<td valign=\"top\" width=\"80px\">Vorne v.l.:<\/td>\n<td>Lasse Thiem, Luis Scheich, Noah Oestreich, Simon Merz<\/td>\n<\/tr>\n<tr>\n<td valign=\"top\" width=\"80px\">Es fehlen:<\/td>\n<td>Hannes Herzog, Jason Trageser, Linus Leitschuh, Luca Drechsler, Mika Zinn, Constantin Haas (Betreuer)<\/td>\n<\/tr>\n<\/tbody>\n<\/table>\n<p><strong>&nbsp;<\/strong><\/p>\n\n\n\n<h1 class=\"wp-block-heading has-text-align-center\">A-Jugend weiblich (JSG)<\/h1>\n\n\n<div class=\"wp-block-image\">\n<figure class=\"aligncenter size-full is-resized\"><a href=\"https:\/\/www.tv-neuhof.de\/wordpress\/wp-content\/uploads\/2021\/11\/2021-A-Jugend-weiblich.jpg\"><img loading=\"lazy\" decoding=\"async\" width=\"1024\" height=\"768\" src=\"https:\/\/www.tv-neuhof.de\/wordpress\/wp-content\/uploads\/2021\/11\/2021-A-Jugend-weiblich.jpg\" alt=\"\" class=\"wp-image-12037\" style=\"width:512px\" srcset=\"https:\/\/www.tv-neuhof.de\/wordpress\/wp-content\/uploads\/2021\/11\/2021-A-Jugend-weiblich.jpg 1024w, https:\/\/www.tv-neuhof.de\/wordpress\/wp-content\/uploads\/2021\/11\/2021-A-Jugend-weiblich-300x225.jpg 300w, https:\/\/www.tv-neuhof.de\/wordpress\/wp-content\/uploads\/2021\/11\/2021-A-Jugend-weiblich-768x576.jpg 768w\" sizes=\"auto, (max-width: 1024px) 100vw, 1024px\" \/><\/a><\/figure>\n<\/div>\n\n\n<table border=\"0\" cellspacing=\"5\" cellpadding=\"2\" align=\"center\">\n<tbody>\n<tr>\n<td valign=\"top\" width=\"80px\">Hinten v.l.:<\/td>\n<td>Marie M., Kiara P., Lilli O., Sophie R., Jana F., Sarah F., Mladen Habalija (Trainer)<\/td>\n<\/tr>\n<tr>\n<td valign=\"top\" width=\"80px\">Vorne v.l.:<\/td>\n<td>Hannah K., Lilly D., Barbara H., Mathilda A., Amelie H., Pauline K.<\/td>\n<\/tr>\n<tr>\n<td valign=\"top\" width=\"80px\">Es fehlen:<\/td>\n<td>Neele R., Lara S. und Karina R.<\/td>\n<\/tr>\n<\/tbody>\n<\/table>\n<p><strong>&nbsp;<\/strong><\/p>\n\n\n\n<h1 class=\"wp-block-heading has-text-align-center\">C-Jugend weiblich (JSG)<\/h1>\n\n\n<div class=\"wp-block-image\">\n<figure class=\"aligncenter size-full is-resized\"><a href=\"https:\/\/www.tv-neuhof.de\/wordpress\/?attachment_id=12034\"><img loading=\"lazy\" decoding=\"async\" width=\"1024\" height=\"627\" src=\"https:\/\/www.tv-neuhof.de\/wordpress\/wp-content\/uploads\/2021\/11\/2021-C-Jugend-weiblich.jpg\" alt=\"\" class=\"wp-image-12034\" style=\"width:512px;height:314px\" srcset=\"https:\/\/www.tv-neuhof.de\/wordpress\/wp-content\/uploads\/2021\/11\/2021-C-Jugend-weiblich.jpg 1024w, https:\/\/www.tv-neuhof.de\/wordpress\/wp-content\/uploads\/2021\/11\/2021-C-Jugend-weiblich-300x184.jpg 300w, https:\/\/www.tv-neuhof.de\/wordpress\/wp-content\/uploads\/2021\/11\/2021-C-Jugend-weiblich-768x470.jpg 768w\" sizes=\"auto, (max-width: 1024px) 100vw, 1024px\" \/><\/a><\/figure>\n<\/div>\n\n\n<table border=\"0\" cellspacing=\"5\" cellpadding=\"2\" align=\"center\">\r\n<tbody>\r\n<tr>\r\n<td valign=\"top\" width=\"80px\">Hinten v.l.:<\/td>\r\n<td>Tarja S., Emily H., Anna Sophia R., Emily B., Jule T., Eliza O.<\/td>\r\n<\/tr>\r\n<tr>\r\n<td valign=\"top\" width=\"80px\">Vorne v.l.:<\/td>\r\n<td>Julia S., Elsa S., Ronja E., Julina S., Theresa O.<\/td>\r\n<\/tr>\r\n<tr>\r\n<td valign=\"top\" width=\"80px\">Es fehlt:<\/td>\r\n<td>Lena R., Jasmin H., Teresa W.<\/td>\r\n<\/tr>\r\n<\/tbody>\r\n<\/table>\r\n<p><strong>&nbsp;<\/strong><\/p>\n\n\n\n<h1 class=\"wp-block-heading has-text-align-center\">F-Jugend<\/h1>\n\n\n<div class=\"wp-block-image\">\n<figure class=\"aligncenter size-full is-resized\"><a href=\"https:\/\/www.tv-neuhof.de\/wordpress\/?attachment_id=12083\" target=\"_blank\" rel=\"noreferrer noopener\"><img loading=\"lazy\" decoding=\"async\" width=\"1024\" height=\"768\" src=\"https:\/\/www.tv-neuhof.de\/wordpress\/wp-content\/uploads\/2021\/12\/2021-E-u-F-Jugend.jpg\" alt=\"\" class=\"wp-image-12083\" style=\"width:512px;height:384px\" srcset=\"https:\/\/www.tv-neuhof.de\/wordpress\/wp-content\/uploads\/2021\/12\/2021-E-u-F-Jugend.jpg 1024w, https:\/\/www.tv-neuhof.de\/wordpress\/wp-content\/uploads\/2021\/12\/2021-E-u-F-Jugend-300x225.jpg 300w, https:\/\/www.tv-neuhof.de\/wordpress\/wp-content\/uploads\/2021\/12\/2021-E-u-F-Jugend-768x576.jpg 768w\" sizes=\"auto, (max-width: 1024px) 100vw, 1024px\" \/><\/a><\/figure>\n<\/div>\n\n\n<table border=\"0\" cellspacing=\"5\" cellpadding=\"2\" align=\"center\">\r\n<tbody>\r\n<tr>\r\n<td valign=\"top\" width=\"80px\">Hinten v.l.:<\/td>\r\n<td>Jasmin Ellenbrand (Trainerin), Jonas, Jonas, Samantha, Jonas, Luka, Lena, Samira, Daniel H\u00e4ndler (Trainer)<\/td>\r\n<\/tr>\r\n<tr>\r\n<td valign=\"top\" width=\"80px\">Vorne v.l.:<\/td>\r\n<td>Elias, Max, Hannah, Cora, Lilly, Niklas, Laurin<\/td>\r\n<\/tr>\r\n<tr>\r\n<td>Es fehlen:<\/td>\r\n<td>Melina, Till, Noah, Tristan<\/td>\r\n<\/tr>\r\n<\/tbody>\r\n<\/table>\r\n<p><strong>&nbsp;<\/strong><\/p>\n","protected":false},"excerpt":{"rendered":"<p>Herren Hinten v.l.: Lukas Benkner, Daniel H\u00e4ndler, Sebastian Ellenbrand, Julian Kl\u00fch, Felix M\u00f6ller (Betreuer) Mitte v.l.: Hans-J\u00fcrgen Arnold (Trainer), Elias Hack, Alexander Remmert, Marcel Sch\u00e4fer, Felix M\u00f6ller, Michael Andr\u00e9, J\u00fcrgen Sch\u00e4fer (Betreuer) Vorne v.l.: Johannes Manz, Johannes Kulla, Tim Eisenstein, Elmar M\u00fcller, Jannik Enders, Winfried Schmitt Es fehlen: Fabian Benkner, Tobias Neidert &nbsp; Damen Hinten [&hellip;]<\/p>\n","protected":false},"author":11,"featured_media":0,"parent":2399,"menu_order":2022,"comment_status":"closed","ping_status":"closed","template":"","meta":{"ngg_post_thumbnail":0,"footnotes":""},"class_list":["post-12616","page","type-page","status-publish","hentry"],"_links":{"self":[{"href":"https:\/\/www.tv-neuhof.de\/wordpress\/wp-json\/wp\/v2\/pages\/12616","targetHints":{"allow":["GET"]}}],"collection":[{"href":"https:\/\/www.tv-neuhof.de\/wordpress\/wp-json\/wp\/v2\/pages"}],"about":[{"href":"https:\/\/www.tv-neuhof.de\/wordpress\/wp-json\/wp\/v2\/types\/page"}],"author":[{"embeddable":true,"href":"https:\/\/www.tv-neuhof.de\/wordpress\/wp-json\/wp\/v2\/users\/11"}],"replies":[{"embeddable":true,"href":"https:\/\/www.tv-neuhof.de\/wordpress\/wp-json\/wp\/v2\/comments?post=12616"}],"version-history":[{"count":6,"href":"https:\/\/www.tv-neuhof.de\/wordpress\/wp-json\/wp\/v2\/pages\/12616\/revisions"}],"predecessor-version":[{"id":12853,"href":"https:\/\/www.tv-neuhof.de\/wordpress\/wp-json\/wp\/v2\/pages\/12616\/revisions\/12853"}],"up":[{"embeddable":true,"href":"https:\/\/www.tv-neuhof.de\/wordpress\/wp-json\/wp\/v2\/pages\/2399"}],"wp:attachment":[{"href":"https:\/\/www.tv-neuhof.de\/wordpress\/wp-json\/wp\/v2\/media?parent=12616"}],"curies":[{"name":"wp","href":"https:\/\/api.w.org\/{rel}","templated":true}]}}