

{"id":138,"date":"2008-09-19T09:42:49","date_gmt":"2008-09-19T08:42:49","guid":{"rendered":"http:\/\/www.tv-neuhof.de\/wordpress\/?page_id=138"},"modified":"2019-09-25T12:15:49","modified_gmt":"2019-09-25T11:15:49","slug":"roswitha-haas","status":"publish","type":"page","link":"https:\/\/www.tv-neuhof.de\/wordpress\/about\/kontakte\/kontaktdetails\/roswitha-haas\/","title":{"rendered":"Roswitha Haas"},"content":{"rendered":"\n<table border=\"2\" rules=\"none\" cellspacing=\"10\">\n<tbody>\n<tr>\n<th rowspan=\"3\" width=\"150\"><img loading=\"lazy\" decoding=\"async\" src=\"https:\/\/www.tv-neuhof.de\/wordpress\/wp-content\/uploads\/2008\/09\/rossi.jpg\" alt=\"Roswitha Haas\" width=\"144\" height=\"180\"><\/th>\n<td width=\"60\">Name:<\/td>\n<td width=\"250\">Roswitha Haas<\/td>\n<\/tr>\n<tr>\n<td>Kontakt:<\/td>\n<td>+49 6655 71806<\/td>\n<\/tr>\n<tr>\n<td>T\u00e4tigkeit:<\/td>\n<td>Kontakt Damen \u00dc-Team<\/td>\n<\/tr>\n<\/tbody>\n<\/table>\n<p><br><a href=\"javascript:history.back()\">&lt;&#8211;Zur\u00fcck<\/a><\/p>\n","protected":false},"excerpt":{"rendered":"<p>Name: Roswitha Haas Kontakt: +49 6655 71806 T\u00e4tigkeit: Kontakt Damen \u00dc-Team &lt;&#8211;Zur\u00fcck<\/p>\n","protected":false},"author":11,"featured_media":0,"parent":3641,"menu_order":8,"comment_status":"closed","ping_status":"closed","template":"","meta":{"ngg_post_thumbnail":0,"footnotes":""},"class_list":["post-138","page","type-page","status-publish","hentry"],"_links":{"self":[{"href":"https:\/\/www.tv-neuhof.de\/wordpress\/wp-json\/wp\/v2\/pages\/138","targetHints":{"allow":["GET"]}}],"collection":[{"href":"https:\/\/www.tv-neuhof.de\/wordpress\/wp-json\/wp\/v2\/pages"}],"about":[{"href":"https:\/\/www.tv-neuhof.de\/wordpress\/wp-json\/wp\/v2\/types\/page"}],"author":[{"embeddable":true,"href":"https:\/\/www.tv-neuhof.de\/wordpress\/wp-json\/wp\/v2\/users\/11"}],"replies":[{"embeddable":true,"href":"https:\/\/www.tv-neuhof.de\/wordpress\/wp-json\/wp\/v2\/comments?post=138"}],"version-history":[{"count":13,"href":"https:\/\/www.tv-neuhof.de\/wordpress\/wp-json\/wp\/v2\/pages\/138\/revisions"}],"predecessor-version":[{"id":10903,"href":"https:\/\/www.tv-neuhof.de\/wordpress\/wp-json\/wp\/v2\/pages\/138\/revisions\/10903"}],"up":[{"embeddable":true,"href":"https:\/\/www.tv-neuhof.de\/wordpress\/wp-json\/wp\/v2\/pages\/3641"}],"wp:attachment":[{"href":"https:\/\/www.tv-neuhof.de\/wordpress\/wp-json\/wp\/v2\/media?parent=138"}],"curies":[{"name":"wp","href":"https:\/\/api.w.org\/{rel}","templated":true}]}}