

{"id":144,"date":"2008-09-24T17:33:15","date_gmt":"2008-09-24T16:33:15","guid":{"rendered":"http:\/\/www.tv-neuhof.de\/wordpress\/?page_id=144"},"modified":"2012-09-18T11:49:01","modified_gmt":"2012-09-18T10:49:01","slug":"grundsatzliches-zur-beitragerstellung","status":"publish","type":"page","link":"https:\/\/www.tv-neuhof.de\/wordpress\/about\/beitrag-schreiben\/beitragserstellung\/grundsatzliches-zur-beitragerstellung\/","title":{"rendered":"Grunds\u00e4tzliches zur Beitragerstellung"},"content":{"rendered":"<ol>\n<li>Um einen Beitrag schreiben zu k\u00f6nnen, muss man sich <a href=\"https:\/\/www.tv-neuhof.de\/wordpress\/wp-login.php?action=register\">registrieren<\/a> und bekommt einen Benutzernamen und ein Passwort. Mit diesen kann man sich dann <a href=\"https:\/\/www.tv-neuhof.de\/wordpress\/wp-login.php\">anmelden<\/a>.<\/li>\n<p><strong><\/strong><\/p>\n<li>Nach dem Anmelden befindet Ihr Euch im sog. &#8222;Dashboard&#8220;. Hier seht Ihr eine \u00dcbersicht \u00fcber die Beitr\u00e4ge, Kommentare usw. Ausserdem bieten Euch die Men\u00fcpunkte &#8222;Schreiben&#8220;, &#8222;Verwalten&#8220;, &#8222;Kommentare&#8220; und &#8222;Galerie&#8220; einige M\u00f6glichkeiten (s.u.).<br \/>\nEs gibt 2 Wege um einen neuen Beitrag anzulegen. Entweder Ihr klickt auf den Button &#8222;Neuer Artikel&#8220; oder auf den Men\u00fcpunkt &#8222;Schreiben.<\/li>\n<p><strong><\/strong><\/p>\n<li>Gebt einen &#8222;sprechenden&#8220; Titel ein.<\/li>\n<p><strong><\/strong><\/p>\n<li>Unter dem Artikeltext findet Ihr einige Einstellungsm\u00f6glichkeiten f\u00fcr Euren Beitrag:<\/li>\n<p><strong><\/strong><\/p>\n<ol>\n<strong><\/strong><\/p>\n<li>Tags (= Schlagworte)<br \/>\nTags dienen, wie die Kategorien dazu, einen Beitrag einzuordnen und dadurch besser wieder zu finden. Im Gegensatz zu den Kategorien werden Tags aber in einer sog. Tag-Wolke bewertet angezeigt, d.h., je mehr Beitr\u00e4ge mit dem gleichen Tag erstellt werden, desto gr\u00f6\u00dfer wird dieser Tag in der Wolke angezeigt.<\/li>\n<p><strong><\/strong><\/p>\n<li>Kategorien<br \/>\nW\u00e4hlt eine oder mehrere vorhandene Kategorie(n) aus. Nat\u00fcrlich k\u00f6nnen auch neue Kategorien von Euch erstellt werden. Diese einfach eingeben und dann das Pluszeichen anklicken.<\/li>\n<p><strong><\/strong><\/p>\n<li>User &amp; Group Access (= Personen- &amp; Gruppen-Zugriff)<br \/>\nDieser Bereich besteht aus 2 Selektionsfeldern. Das Linke enth\u00e4lt Gruppen und das Rechte enth\u00e4lt Personen. Sobald Ihr in einem der Fenster etwas ausw\u00e4hlt, kann dieser Beitrag nur noch von den ausgew\u00e4hlten Personen\/Gruppen gelesen werden. Der Beitrag erh\u00e4lt dann automatisch den Status &#8222;privat&#8220;.<br \/>\nEine Auswahl kann man durch Halten der Strg-Taste und anklicken wieder r\u00fcckg\u00e4ngig machen.<\/li>\n<p><strong><\/strong><\/p>\n<li>Auszug<br \/>\n(Funktion unbekannt)<\/li>\n<p><strong><\/strong><\/p>\n<li>Trackbags<br \/>\n(Funktion unbekannt)<\/li>\n<p><strong><\/strong><\/p>\n<li>Benutzer definierte Felder<br \/>\n(Funktion unbekannt)<\/li>\n<p><strong><\/strong><\/p>\n<li>Kommentare &amp; Pings<br \/>\nHier entscheidet Ihr Euch, ob Ihr Kommentare zu Eurem Beitrag zulassen wollt oder nicht.<br \/>\nPings erlauben anderen Blogs festzustellen, ob ein Beitrag in unserem Blog sich ge\u00e4ndert hat oder nicht (Vorschlag: nicht aktivieren)<\/li>\n<p><strong><\/strong><\/p>\n<li>Diesen Artikel durch ein Passwort sch\u00fctzen<br \/>\nHier k\u00f6nnt Ihr Euren Beitrag durch ein Passwort sch\u00fctzen, d.h. nat\u00fcrlich auch, dass diesen Beitrag nur jemand lesen kann, der das Passwort kennt.<\/li>\n<\/ol>\n<p><strong><\/strong>\n<\/li>\n<li>Neben Eurem Beitrag gibt es noch weitere Einstellungsm\u00f6glichkeiten:<\/li>\n<p><strong><\/strong><\/p>\n<ol>\n<li>Status<br \/>\nHier k\u00f6nnt Ihr einen Status ausw\u00e4hlen.<\/p>\n<table border=\"1\">\n<tbody>\n<tr>\n<td width=\"150\" valign=\"top\">Entwurf<\/td>\n<td>Status w\u00e4hrend der Erstellung. War der Beitrag schon ver\u00f6ffentlicht, ist die ver\u00f6ffentlichte Version immer noch sichtbar, au\u00dfer Ihr \u00e4ndert auf &#8222;Entwurf&#8220; und speichert. Danach ist der Beitrag bis zur erneuten Ver\u00f6ffentlichung nicht sichtbar.<\/td>\n<\/tr>\n<tr>\n<td valign=\"top\">ver\u00f6ffentlicht<\/td>\n<td>Der Beitrag wird angezeigt.<\/td>\n<\/tr>\n<tr>\n<td valign=\"top\">ausstehender Review<\/td>\n<td>Eine weitere Person muss den Beitrag erst kontrollieren und dann freigeben (nicht benutzen).<\/td>\n<\/tr>\n<\/tbody>\n<\/table>\n<p>Normalerweise bewegen sich Beitr\u00e4ge immer im Status &#8222;Entwurf&#8220; oder &#8222;ver\u00f6ffentlicht&#8220;.<\/li>\n<li>Als Privat markieren<br \/>\nDer Beitrag kann nur von ausge\u00e4hlten Personen oder Gruppen gelesen werden (s. User &amp; Group Access)<\/li>\n<p><strong><\/strong><\/p>\n<li>Der Button &#8222;Publizieren&#8220; speichert und ver\u00f6ffentlicht Euren Beitrag<\/li>\n<\/ol>\n<\/li>\n<\/ol>\n<ol><strong>Denkt immer daran, dass nur ein ver\u00f6ffentlichter Beitrag auch gelesen werden kann!<\/strong><\/ol>\n","protected":false},"excerpt":{"rendered":"<p>Um einen Beitrag schreiben zu k\u00f6nnen, muss man sich registrieren und bekommt einen Benutzernamen und ein Passwort. Mit diesen kann man sich dann anmelden. Nach dem Anmelden befindet Ihr Euch im sog. &#8222;Dashboard&#8220;. Hier seht Ihr eine \u00dcbersicht \u00fcber die Beitr\u00e4ge, Kommentare usw. Ausserdem bieten Euch die Men\u00fcpunkte &#8222;Schreiben&#8220;, &#8222;Verwalten&#8220;, &#8222;Kommentare&#8220; und &#8222;Galerie&#8220; einige M\u00f6glichkeiten [&hellip;]<\/p>\n","protected":false},"author":11,"featured_media":0,"parent":6026,"menu_order":71,"comment_status":"open","ping_status":"closed","template":"","meta":{"ngg_post_thumbnail":0,"footnotes":""},"class_list":["post-144","page","type-page","status-publish","hentry"],"_links":{"self":[{"href":"https:\/\/www.tv-neuhof.de\/wordpress\/wp-json\/wp\/v2\/pages\/144","targetHints":{"allow":["GET"]}}],"collection":[{"href":"https:\/\/www.tv-neuhof.de\/wordpress\/wp-json\/wp\/v2\/pages"}],"about":[{"href":"https:\/\/www.tv-neuhof.de\/wordpress\/wp-json\/wp\/v2\/types\/page"}],"author":[{"embeddable":true,"href":"https:\/\/www.tv-neuhof.de\/wordpress\/wp-json\/wp\/v2\/users\/11"}],"replies":[{"embeddable":true,"href":"https:\/\/www.tv-neuhof.de\/wordpress\/wp-json\/wp\/v2\/comments?post=144"}],"version-history":[{"count":38,"href":"https:\/\/www.tv-neuhof.de\/wordpress\/wp-json\/wp\/v2\/pages\/144\/revisions"}],"predecessor-version":[{"id":6030,"href":"https:\/\/www.tv-neuhof.de\/wordpress\/wp-json\/wp\/v2\/pages\/144\/revisions\/6030"}],"up":[{"embeddable":true,"href":"https:\/\/www.tv-neuhof.de\/wordpress\/wp-json\/wp\/v2\/pages\/6026"}],"wp:attachment":[{"href":"https:\/\/www.tv-neuhof.de\/wordpress\/wp-json\/wp\/v2\/media?parent=144"}],"curies":[{"name":"wp","href":"https:\/\/api.w.org\/{rel}","templated":true}]}}