

{"id":145,"date":"2008-09-24T17:32:52","date_gmt":"2008-09-24T16:32:52","guid":{"rendered":"http:\/\/www.tv-neuhof.de\/wordpress\/?page_id=145"},"modified":"2012-09-18T11:49:30","modified_gmt":"2012-09-18T10:49:30","slug":"mit-bildern-arbeiten","status":"publish","type":"page","link":"https:\/\/www.tv-neuhof.de\/wordpress\/about\/beitrag-schreiben\/beitragserstellung\/mit-bildern-arbeiten\/","title":{"rendered":"Mit Bildern arbeiten"},"content":{"rendered":"<p style=\"padding-left: 30px;\">Hier findet Ihr eine Hilfe zur Arbeit mit Bildern.<br \/>\nAlle Bilder werden immer an die Position des Cursors eingef\u00fcgt. Am Ende findet Ihr <a href=\"#Empf\">Empfehlungen<\/a> zu den meisten Bildeinstellungsm\u00f6glichkeiten.<\/p>\n<p style=\"padding-left: 30px;\">1. Ein Bild in einen Beitrag einf\u00fcgen<\/p>\n<p style=\"padding-left: 60px;\">Um ein Bild in einen Beitrag einzuf\u00fcgen, klickt Ihr auf das Bildschirmicon neben &#8222;Dateien hinzuf\u00fcgen&#8220;.<\/p>\n<p style=\"padding-left: 60px; text-align: center;\"><img loading=\"lazy\" decoding=\"async\" class=\"alignnone size-thumbnail wp-image-911\" title=\"bild-hinzufugen\" src=\"https:\/\/www.tv-neuhof.de\/wordpress\/wp-content\/uploads\/2008\/11\/bild-hinzufugen.gif\" alt=\"\" width=\"247\" height=\"70\" \/><\/p>\n<p style=\"padding-left: 60px; text-align: left;\">Danach \u00f6ffnet sich ein neues Fenster mit 3 Tabs:<\/p>\n<p style=\"padding-left: 60px; text-align: left;\">\n<p style=\"padding-left: 60px;\">\n<p style=\"padding-left: 60px; text-align: center;\"><img loading=\"lazy\" decoding=\"async\" class=\"alignnone size-full wp-image-930\" title=\"bild-hinzufugen-tabs\" src=\"https:\/\/www.tv-neuhof.de\/wordpress\/wp-content\/uploads\/2008\/11\/bild-hinzufugen-tabs.gif\" alt=\"\" width=\"363\" height=\"43\" \/><\/p>\n<p style=\"padding-left: 60px;\">&#8211; Tab &#8222;Datei w\u00e4hlen&#8220;:<\/p>\n<p style=\"padding-left: 90px;\">\u00dcber diesen Tab k\u00f6nnt Ihr Bilder von Eurem Computer hochladen.<\/p>\n<p style=\"padding-left: 90px; text-align: left;\">Benutzt dazu den Button <img loading=\"lazy\" decoding=\"async\" class=\"alignnone size-thumbnail wp-image-932\" title=\"bild-hinzufugen-button\" src=\"https:\/\/www.tv-neuhof.de\/wordpress\/wp-content\/uploads\/2008\/11\/bild-hinzufugen-button.gif\" alt=\"\" width=\"241\" height=\"29\" \/><img decoding=\"async\" src=\"file:\/\/\/C:\/DOKUME~1\/Alle\/LOKALE~1\/Temp\/moz-screenshot.jpg\" alt=\"\" \/><img decoding=\"async\" src=\"file:\/\/\/C:\/DOKUME~1\/Alle\/LOKALE~1\/Temp\/moz-screenshot-1.jpg\" alt=\"\" \/>und w\u00e4hlt Euer Bild aus. Nach dem Laden erscheint das Bild als Vorschau in diesem Fenster.<\/p>\n<p style=\"padding-left: 90px; text-align: left;\">In dem Feld &#8222;Titel&#8220; mit dem roten Stern steht der Dateiname unter der das Bild auf dem Server gespeichert wird. Wollt Ihr den vorgeschlagenen Titel \u00e4ndern, so solltet Ihr Euch sicher sein, da\u00df dieser Titel eindeutig ist. Ansonsten k\u00f6nnte ein existierendes Bild \u00fcberschrieben werden.<br \/>\nIn dem anderen Feld &#8222;Titel&#8220; k\u00f6nnt Ihr dem Bild einen Titel geben. Dieser Titel wird unter dem Bild angezeigt.\u00a0(s.u. <a href=\"#Empf\">Empfehlung<\/a>)<br \/>\nIn dem Feld &#8222;Beschreibung&#8220; k\u00f6nnt Ihr eine Beschreibung, z.B. die Namen der Personen auf dem Bild, eingeben.<\/p>\n<p style=\"padding-left: 90px; text-align: left;\">Die &#8222;URL&#8220; sollte nur \u00fcber die Buttons  ge\u00e4ndert werden. (s.u. <a href=\"#Empf\">Empfehlung<\/a>)<\/p>\n<table border=\"0\">\n<tbody>\n<tr>\n<td width=\"100\"><\/td>\n<td><img loading=\"lazy\" decoding=\"async\" class=\"alignnone size-medium wp-image-956\" title=\"bild-hinzufugen-url-keine\" src=\"https:\/\/www.tv-neuhof.de\/wordpress\/wp-content\/uploads\/2008\/11\/bild-hinzufugen-url-keine.gif\" alt=\"\" width=\"52\" height=\"28\" \/><\/td>\n<td>Das Bild wird nur angezeigt und ist nicht anklickbar.<\/td>\n<\/tr>\n<tr>\n<td><\/td>\n<td><a href=\"https:\/\/www.tv-neuhof.de\/wordpress\/wp-content\/uploads\/2008\/11\/bild-hinzufugen-url-datei.gif\"><img loading=\"lazy\" decoding=\"async\" class=\"alignnone size-full wp-image-970\" title=\"bild-hinzufugen-url-datei\" src=\"https:\/\/www.tv-neuhof.de\/wordpress\/wp-content\/uploads\/2008\/11\/bild-hinzufugen-url-datei.gif\" alt=\"\" width=\"76\" height=\"28\" \/><\/a><\/td>\n<td>Das Bild wird angezeigt und beim Anklicken wird das Bild auf einer eigenen Seite angezeigt.<\/td>\n<\/tr>\n<tr>\n<td><\/td>\n<td><a rel=\"attachment wp-att-971\" href=\"https:\/\/www.tv-neuhof.de\/wordpress\/?attachment_id=971\"><img loading=\"lazy\" decoding=\"async\" class=\"alignnone size-full wp-image-971\" title=\"bild-hinzufugen-url-artikel\" src=\"https:\/\/www.tv-neuhof.de\/wordpress\/wp-content\/uploads\/2008\/11\/bild-hinzufugen-url-artikel.gif\" alt=\"\" width=\"85\" height=\"28\" \/><\/a><\/td>\n<td>Das Bild wird angezeigt und beim Anklicken wird das Bild wie ein Artikel in der Homepage ge\u00f6ffnet. Nur bei dieser URL wird Eure Beschreibung angezeigt<\/td>\n<\/tr>\n<\/tbody>\n<\/table>\n<p style=\"padding-left: 90px; text-align: center;\"><em>Klickt auf diese Button-Bilder um den Unterschied zu sehen.<\/em><\/p>\n<p style=\"padding-left: 90px; text-align: left;\">\u00dcber die &#8222;Ausrichtung&#8220; k\u00f6nnt Ihr bestimmen wie das Bild sich im Text verh\u00e4lt. (s.u. <a href=\"#Empf\">Empfehlung<\/a>)<\/p>\n<p style=\"padding-left: 90px; text-align: left;\">Die &#8222;Gr\u00f6\u00dfe&#8220; bestimmt die Anzeigengr\u00f6\u00dfe im Artikel.<br \/>\nBilder, die mit einer &#8222;Datei-URL&#8220; eingebunden wurden, werden durch Anklicken in ihrer Originalgr\u00f6\u00dfe angezeigt. Bilder, die mit einer &#8222;Artikel-URL&#8220; eingebunden wurde, werden durch anklicken in einer Artikelseite vergr\u00f6\u00dfert angezeigt. Durch ein nochmaliges Anklicken werden sie dann in ihrer Originalgr\u00f6\u00dfe angezeigt. (s.u. <a href=\"#Empf\">Empfehlung<\/a>)<\/p>\n<p style=\"padding-left: 90px; text-align: left;\">Mit dem Button <img loading=\"lazy\" decoding=\"async\" class=\"alignnone size-thumbnail wp-image-1002\" title=\"bild-hinzufugen-button-in-artikel-einfugen\" src=\"https:\/\/www.tv-neuhof.de\/wordpress\/wp-content\/uploads\/2008\/11\/bild-hinzufugen-button-in-artikel-einfugen.gif\" alt=\"\" width=\"139\" height=\"30\" \/> f\u00fcgt Ihr Euer Bild ein.<\/p>\n<p style=\"padding-left: 60px; text-align: left;\">&#8211; Tab &#8222;Gallery&#8220;<\/p>\n<p style=\"padding-left: 90px; text-align: left;\">Wird ein Bild in einen Artikel geladen und dieser gespeichert, so wird dieses Bild der Artikelgalerie hinzugef\u00fcgt.<br \/>\nAuch wenn man das Bild aus dem Artikel l\u00f6scht, bleibt es auf dem Server und in der Artikelgalerie erhalten, bis man es hier\u00fcber l\u00f6scht.<br \/>\nDie Bilder in der Artikelgalerie kann man durch &#8222;Anzeigen&#8220; \u00f6ffnen, bearbeiten und dem Artikel hinzuf\u00fcgen.<\/p>\n<p style=\"padding-left: 90px; text-align: left;\">Der Button <img loading=\"lazy\" decoding=\"async\" class=\"alignnone size-thumbnail wp-image-1005\" title=\"bild-hinzufugen-button-alle-anderungen-speichern\" src=\"https:\/\/www.tv-neuhof.de\/wordpress\/wp-content\/uploads\/2008\/11\/bild-hinzufugen-button-alle-anderungen-speichern.gif\" alt=\"\" width=\"191\" height=\"30\" \/> speichert die \u00c4nderungen an den Galeriebildern auf den Server. Damit kann man z.B. einen Namen, den man in der Bildbeschreibung vergessen hat, dem Bild hinzuf\u00fcgen.<\/p>\n<p style=\"padding-left: 90px; text-align: left;\">Mit dem Button <img loading=\"lazy\" decoding=\"async\" class=\"alignnone size-thumbnail wp-image-1006\" title=\"bild-hinzufugen-button-gallerie-in-artikel-einfugen\" src=\"https:\/\/www.tv-neuhof.de\/wordpress\/wp-content\/uploads\/2008\/11\/bild-hinzufugen-button-gallerie-in-artikel-einfugen.gif\" alt=\"\" width=\"183\" height=\"28\" \/> f\u00fcgt Ihr alle Bilder dieser Galerie Eurem Artikel hinzu. (s.u. Galerie)<\/p>\n<p style=\"padding-left: 60px; text-align: left;\">&#8211; Tab &#8222;Mediathek&#8220;<\/p>\n<p style=\"padding-left: 90px; text-align: left;\">\u00dcber diesen Tab findet Ihr alle Bilder, die auf der Homepage vorhanden sind. (s.u. <a href=\"#Empf\">Empfehlung<\/a>)<\/p>\n<p style=\"padding-left: 60px; text-align: left;\">&#8211; Tab &#8222;NextGEN Gallerie&#8220;<\/p>\n<p style=\"padding-left: 90px; text-align: left;\">Hier findet Ihr Bilder aus Homepage-Galerien. Dies sind zentrale Galerien, die nicht \u00fcber einen Artikel erstellt worden sind. (s.u. Galerie)<\/p>\n<p style=\"padding-left: 30px; text-align: left;\">2. Ein Bild l\u00f6schen<\/p>\n<p style=\"padding-left: 60px; text-align: left;\">Ein Bild kann man aus dem Artikel l\u00f6schen, indem man es anklickt und entweder die &#8222;Entf&#8220;-Taste der Tastatur oder das Icon <img loading=\"lazy\" decoding=\"async\" class=\"alignnone size-thumbnail wp-image-1063\" title=\"bild-loschen-icon\" src=\"https:\/\/www.tv-neuhof.de\/wordpress\/wp-content\/uploads\/2008\/12\/bild-loschen-icon.gif\" alt=\"\" width=\"30\" height=\"30\" \/> benutzt. Durch beide Aktionen wird das Bild nur aus dem Artikel entfernt. Wurde der Artikel gespeichert nachdem das betreffende Bild geladen wurde, so bleibt dieses in der Artikelgalerie auf dem Server. Um es komplett zu l\u00f6schen, benutzt man das &#8222;Bild hinzuf\u00fcgen&#8220;-Icon und den Tab &#8222;Gallery&#8220;. Nachem man es \u00fcber &#8222;Anzeigen&#8220; ge\u00f6ffnet hat, steht die Option &#8222;L\u00f6schen&#8220; neben dem &#8222;In Artikel einf\u00fcgen&#8220;-Button zur Verf\u00fcgung. Damit ist dann das Bild komplett gel\u00f6scht.<\/p>\n<p style=\"padding-left: 30px; text-align: left;\">3. Ein eingef\u00fcgtes Bild ver\u00e4ndern<\/p>\n<p style=\"padding-left: 60px;\">Ein Bild in einem Artikel kann man bearbeiten, indem man es anklickt und das Icon <img loading=\"lazy\" decoding=\"async\" class=\"size-thumbnail wp-image-1066 alignnone\" title=\"bild-bearbeiten-icon\" src=\"https:\/\/www.tv-neuhof.de\/wordpress\/wp-content\/uploads\/2008\/12\/bild-bearbeiten-icon.gif\" alt=\"\" width=\"30\" height=\"30\" \/> benutzt. In dem sich \u00f6ffnenden Fenster kann man bestimmte Einstellungen des Bildes ver\u00e4ndern. (s.u. <a href=\"#Empf\">Empfehlung<\/a>)<\/p>\n<p style=\"padding-left: 60px; text-align: left;\">\n<p><strong><span style=\"text-decoration: underline;\"><a name=\"Empf\">Empfehlungen<\/a>:<\/span><\/strong><\/p>\n<ul style=\"padding-left: 30px;\">\n<li>Folgende Einstellungen f\u00fcr Bilder haben sich bew\u00e4hrt:\n<ul>\n<li>Gruppenbilder oder Panoramabilder sollten ungef\u00e4hr 1024 * 768 gro\u00df sein.<\/li>\n<li>Bilder von Einzelpersonen sollten ungef\u00e4hr 275 * 300 gro\u00df sein.<\/li>\n<li>Portraifotos sollten ungef\u00e4hr 370 * 512 gro\u00df sein.<\/li>\n<\/ul>\n<\/li>\n<li>Bildtitel<br \/>\nIn der aktuellen Version (30.11.08) wird der Titel nicht zentriert unter dem Bild angezeigt. Daher die Empfehlung keinen Titel zu verwenden.<\/li>\n<li>URL<br \/>\nF\u00fcr Fotos solltet Ihr immer die &#8222;Artikel-ULR&#8220; benutzen. F\u00fcr z.B. Logos die Option &#8222;Keine&#8220;.<\/li>\n<li>Ausrichtung<br \/>\nIch benutze die Option &#8222;Keine&#8220; und plaziere den Cursor an die richtige Stelle im Text oder richte das Bild nach dem Einf\u00fcgen mit den Ausrichtungsicons mittig, links- oder rechtsb\u00fcndig aus.<\/li>\n<li>Bei gro\u00dfen Bildern, z.B. Fotos, solltet Ihr &#8222;Medium&#8220; und bei kleinen Bildern &#8222;vollst\u00e4ndige Gr\u00f6\u00dfe&#8220; benutzen. Mit der Option &#8222;Vorschaubild&#8220; lauft Ihr Gefahr, da\u00df das Bild im Artikel nicht vollst\u00e4ndig angezeigt wird.<\/li>\n<li>Mediathek\/Galerien<br \/>\nBitte geht vorsichtig mit Bildern von anderen um. Wenn Ihr Beschreibungen \u00e4ndert, \u00e4ndert Ihr sie f\u00fcr das Bild und damit auch an allen Stellen, an denen dieses Bild angezeigt wird.<\/li>\n<li>Bild ver\u00e4ndern<br \/>\n\u00dcber das Icon <a href=\"https:\/\/www.tv-neuhof.de\/wordpress\/wp-content\/uploads\/2008\/12\/bild-bearbeiten-icon.gif\"><img loading=\"lazy\" decoding=\"async\" class=\"alignnone size-thumbnail wp-image-1066\" title=\"bild-bearbeiten-icon\" src=\"https:\/\/www.tv-neuhof.de\/wordpress\/wp-content\/uploads\/2008\/12\/bild-bearbeiten-icon.gif\" alt=\"\" width=\"30\" height=\"30\" \/><\/a> sollte man nur die Gr\u00f6\u00dfe reduzieren. Andere Einstellungen sollte man ver\u00e4ndern, indem man das Bild aus dem Artikel entfernt (nachdem man gespeichert hat) und dann \u00fcber die Artikelgalerie neu ausw\u00e4hlt. Dort kann man dann alles weitere ver\u00e4ndern.<\/li>\n<\/ul>\n","protected":false},"excerpt":{"rendered":"<p>Hier findet Ihr eine Hilfe zur Arbeit mit Bildern. Alle Bilder werden immer an die Position des Cursors eingef\u00fcgt. Am Ende findet Ihr Empfehlungen zu den meisten Bildeinstellungsm\u00f6glichkeiten. 1. Ein Bild in einen Beitrag einf\u00fcgen Um ein Bild in einen Beitrag einzuf\u00fcgen, klickt Ihr auf das Bildschirmicon neben &#8222;Dateien hinzuf\u00fcgen&#8220;. Danach \u00f6ffnet sich ein neues [&hellip;]<\/p>\n","protected":false},"author":11,"featured_media":0,"parent":6026,"menu_order":72,"comment_status":"open","ping_status":"closed","template":"","meta":{"ngg_post_thumbnail":0,"footnotes":""},"class_list":["post-145","page","type-page","status-publish","hentry"],"_links":{"self":[{"href":"https:\/\/www.tv-neuhof.de\/wordpress\/wp-json\/wp\/v2\/pages\/145","targetHints":{"allow":["GET"]}}],"collection":[{"href":"https:\/\/www.tv-neuhof.de\/wordpress\/wp-json\/wp\/v2\/pages"}],"about":[{"href":"https:\/\/www.tv-neuhof.de\/wordpress\/wp-json\/wp\/v2\/types\/page"}],"author":[{"embeddable":true,"href":"https:\/\/www.tv-neuhof.de\/wordpress\/wp-json\/wp\/v2\/users\/11"}],"replies":[{"embeddable":true,"href":"https:\/\/www.tv-neuhof.de\/wordpress\/wp-json\/wp\/v2\/comments?post=145"}],"version-history":[{"count":114,"href":"https:\/\/www.tv-neuhof.de\/wordpress\/wp-json\/wp\/v2\/pages\/145\/revisions"}],"predecessor-version":[{"id":6032,"href":"https:\/\/www.tv-neuhof.de\/wordpress\/wp-json\/wp\/v2\/pages\/145\/revisions\/6032"}],"up":[{"embeddable":true,"href":"https:\/\/www.tv-neuhof.de\/wordpress\/wp-json\/wp\/v2\/pages\/6026"}],"wp:attachment":[{"href":"https:\/\/www.tv-neuhof.de\/wordpress\/wp-json\/wp\/v2\/media?parent=145"}],"curies":[{"name":"wp","href":"https:\/\/api.w.org\/{rel}","templated":true}]}}