

{"id":151,"date":"2008-10-02T10:37:42","date_gmt":"2008-10-02T09:37:42","guid":{"rendered":"http:\/\/www.tv-neuhof.de\/wordpress\/?page_id=151"},"modified":"2022-07-07T13:14:22","modified_gmt":"2022-07-07T11:14:22","slug":"michael-remmert","status":"publish","type":"page","link":"https:\/\/www.tv-neuhof.de\/wordpress\/about\/kontakte\/kontaktdetails\/michael-remmert\/","title":{"rendered":"Michael Remmert"},"content":{"rendered":"\n<table border=\"2\" rules=\"none\" cellspacing=\"10\">\n<tbody>\n<tr>\n<th rowspan=\"3\"><img loading=\"lazy\" decoding=\"async\" class=\"alignnone size-medium wp-image-901\" title=\"Michael Remmert\" src=\"https:\/\/www.tv-neuhof.de\/wordpress\/wp-content\/uploads\/2008\/11\/michael-remmert-2008-217x300.jpg\" alt=\"\" width=\"130\" height=\"180\"><\/th>\n<td width=\"60\">Name:<\/td>\n<td width=\"250\">Michael Remmert<\/td>\n<\/tr>\n<tr>\n<td>Kontakt:<\/td>\n<td>+49 6655 4956<br><a href=\"mailto:remmy66@gmail.com\">remmy66@gmail.com<\/a><\/td>\n<\/tr>\n<tr>\n<td>T\u00e4tigkeit:<\/td>\n<td>Schriftf\u00fchrer<br>Homepage-Verantworlicher<br>nuLiga-Beauftragter<\/td>\n<\/tr>\n<\/tbody>\n<\/table>\n<p><br><a href=\"javascript:history.back()\">&lt;&#8211;Zur\u00fcck<\/a><\/p>\n","protected":false},"excerpt":{"rendered":"<p>Name: Michael Remmert Kontakt: +49 6655 4956remmy66@gmail.com T\u00e4tigkeit: Schriftf\u00fchrerHomepage-VerantworlichernuLiga-Beauftragter &lt;&#8211;Zur\u00fcck<\/p>\n","protected":false},"author":11,"featured_media":0,"parent":3641,"menu_order":18,"comment_status":"closed","ping_status":"closed","template":"","meta":{"ngg_post_thumbnail":0,"footnotes":""},"class_list":["post-151","page","type-page","status-publish","hentry"],"_links":{"self":[{"href":"https:\/\/www.tv-neuhof.de\/wordpress\/wp-json\/wp\/v2\/pages\/151","targetHints":{"allow":["GET"]}}],"collection":[{"href":"https:\/\/www.tv-neuhof.de\/wordpress\/wp-json\/wp\/v2\/pages"}],"about":[{"href":"https:\/\/www.tv-neuhof.de\/wordpress\/wp-json\/wp\/v2\/types\/page"}],"author":[{"embeddable":true,"href":"https:\/\/www.tv-neuhof.de\/wordpress\/wp-json\/wp\/v2\/users\/11"}],"replies":[{"embeddable":true,"href":"https:\/\/www.tv-neuhof.de\/wordpress\/wp-json\/wp\/v2\/comments?post=151"}],"version-history":[{"count":44,"href":"https:\/\/www.tv-neuhof.de\/wordpress\/wp-json\/wp\/v2\/pages\/151\/revisions"}],"predecessor-version":[{"id":12220,"href":"https:\/\/www.tv-neuhof.de\/wordpress\/wp-json\/wp\/v2\/pages\/151\/revisions\/12220"}],"up":[{"embeddable":true,"href":"https:\/\/www.tv-neuhof.de\/wordpress\/wp-json\/wp\/v2\/pages\/3641"}],"wp:attachment":[{"href":"https:\/\/www.tv-neuhof.de\/wordpress\/wp-json\/wp\/v2\/media?parent=151"}],"curies":[{"name":"wp","href":"https:\/\/api.w.org\/{rel}","templated":true}]}}