

{"id":158,"date":"2008-10-06T10:28:09","date_gmt":"2008-10-06T09:28:09","guid":{"rendered":"http:\/\/www.tv-neuhof.de\/wordpress\/?page_id=158"},"modified":"2025-09-30T10:13:55","modified_gmt":"2025-09-30T08:13:55","slug":"c-jugend-weiblich","status":"publish","type":"page","link":"https:\/\/www.tv-neuhof.de\/wordpress\/unsere-mannschaften\/c-jugend-weiblich\/","title":{"rendered":"C-Jugend weiblich (JSG)"},"content":{"rendered":"\n<h1 class=\"wp-block-heading has-text-align-center\">Mannschaftsportrait<\/h1>\n\n\n<div class=\"wp-block-image\">\n<figure class=\"aligncenter size-full is-resized\"><a href=\"https:\/\/www.tv-neuhof.de\/wordpress\/2025-c-jugend-weiblich\/\"><img loading=\"lazy\" decoding=\"async\" width=\"1024\" height=\"768\" src=\"https:\/\/www.tv-neuhof.de\/wordpress\/wp-content\/uploads\/2025\/09\/2025-C-Jugend-weiblich.jpeg\" alt=\"\" class=\"wp-image-13399\" style=\"width:512px\" srcset=\"https:\/\/www.tv-neuhof.de\/wordpress\/wp-content\/uploads\/2025\/09\/2025-C-Jugend-weiblich.jpeg 1024w, https:\/\/www.tv-neuhof.de\/wordpress\/wp-content\/uploads\/2025\/09\/2025-C-Jugend-weiblich-300x225.jpeg 300w, https:\/\/www.tv-neuhof.de\/wordpress\/wp-content\/uploads\/2025\/09\/2025-C-Jugend-weiblich-768x576.jpeg 768w\" sizes=\"auto, (max-width: 1024px) 100vw, 1024px\" \/><\/a><\/figure>\n<\/div>\n\n\n<p style=\"text-align: center;\"><a href=\".\/?page_id=12934\">Saison 2022\/23 (Historie)<\/a><\/p>\n\n\n\n<table border=\"0\" cellspacing=\"5\" cellpadding=\"2\" align=\"center\">\n<tbody>\n<tr>\n<td valign=\"top\" width=\"80px\">Hinten v.l.:<\/td>\n<td>Greta Best, Helena Bach, Lotta Kraft, Hermine D\u00f6lp, Carla M\u00f6ller, Amelie Bagus, Mia\nOfenstein<\/td>\n<\/tr>\n<tr>\n<td valign=\"top\" width=\"80px\">Mitte v.l.:<\/td>\n<td>Chris R\u00f6der (Co-Trainer), Anna de Tommaso, Emily Hack, Juno Rohm, Lia Henze, Leonor\nHeil, Anna Appel, Bianca Heil (Trainerin)<\/td>\n<\/tr>\n<tr>\n<td valign=\"top\" width=\"80px\">Vorne v.l.:<\/td>\n<td>Lina Schultheis, Leni Latus, Sophie Baranyai, Aenne Freitag, Leni Salfer, Maja Sch\u00f6ppner<\/td>\n<\/tr>\n<tr>\n<td valign=\"top\" width=\"80px\">Es fehlen:<\/td>\n<td>Celina Bolz, Olivia Fritz, Alina Krah, Anna Heinrich (Co-Trainerin)<\/td>\n<\/tr>\n<\/tbody>\n<\/table>\n<p><strong>&nbsp;<\/strong><\/p>\n\n\n\n<h1 class=\"wp-block-heading has-text-align-center\">Trainer\/Betreuer<\/h1>\n\n\n\n<table border=\"0\" align=\"center\">\n<tbody>\n<tr>\n<td align=\"center\" width=\"200\"><img loading=\"lazy\" decoding=\"async\" class=\"alignnone size-thumbnail wp-image-139 \" title=\"Bildplatzhalter\" src=\"https:\/\/www.tv-neuhof.de\/wordpress\/wp-content\/uploads\/2008\/09\/bildplatzhalter.gif\" alt=\"\" width=\"112\" height=\"125\"><br>Bianca Heil<br>(Trainerin)<\/td>\n<td align=\"center\" width=\"200\"><img loading=\"lazy\" decoding=\"async\" class=\"alignnone size-thumbnail wp-image-139 \" title=\"Bildplatzhalter\" src=\"https:\/\/www.tv-neuhof.de\/wordpress\/wp-content\/uploads\/2008\/09\/bildplatzhalter.gif\" alt=\"\" width=\"112\" height=\"125\"><br>Christopher R\u00f6der<br>(Co-Trainer)<\/td>\n<td align=\"center\" width=\"200\"><img loading=\"lazy\" decoding=\"async\" class=\"alignnone size-thumbnail wp-image-139 \" title=\"Bildplatzhalter\" src=\"https:\/\/www.tv-neuhof.de\/wordpress\/wp-content\/uploads\/2008\/09\/bildplatzhalter.gif\" alt=\"\" width=\"112\" height=\"125\"><br>Anna Heinrich<br>(Co-Trainerin)<\/td>\n<\/tr>\n<tr><td><strong>&nbsp;<\/strong><\/td><\/tr>\n<tr>\n<td colspan=\"3\" align=\"center\"><a title=\"Ansprechpartner Jugendspielgemeinschaft\" href=\"https:\/\/www.tv-neuhof.de\/wordpress\/?page_id=1118#JSGContactAnker\"><b>Ansprechpartner Jugendspielgemeinschaft<\/b><\/a><\/td>\n<\/tr>\n<\/tbody>\n<\/table>\n<p><strong>&nbsp;<\/strong><\/p>\n\n\n\n<h1 class=\"wp-block-heading has-text-align-center\">Trainingszeiten<\/h1>\n\n\n\n<p style=\"text-align:center\">Montag, 18:30 &#8211; 20:00 Uhr &#8211; Kreissporthalle Flieden<br>Mittwoch, 17:30 &#8211; 19:00 Uhr &#8211; Steinau<\/p>\n<p><strong>&nbsp;<\/strong><\/p>\n\n\n\n<h1 class=\"wp-block-heading has-text-align-center\">Altersklasse<\/h1>\n\n\n\n<p style=\"text-align:center\">13 &#8211; 14<\/p>\n<p><strong>&nbsp;<\/strong><\/p>\n\n\n\n<h1 class=\"wp-block-heading has-text-align-center\">Informationen<\/h1>\n\n\n\n<h3 class=\"wp-block-heading has-text-align-center\"><u><p style=\"text-align: center;\"><a href=\"https:\/\/hhv-handball.liga.nu\/cgi-bin\/WebObjects\/nuLigaHBDE.woa\/wa\/groupPage?championship=Offenbach-Hanau+25%2F26&amp;group=421681\" target=\"_blank\" rel=\"noreferrer noopener\">Tabelle und Spielplan<\/a><\/p><\/u><\/h3>\n","protected":false},"excerpt":{"rendered":"<p>Mannschaftsportrait Saison 2022\/23 (Historie) Hinten v.l.: Greta Best, Helena Bach, Lotta Kraft, Hermine D\u00f6lp, Carla M\u00f6ller, Amelie Bagus, Mia Ofenstein Mitte v.l.: Chris R\u00f6der (Co-Trainer), Anna de Tommaso, Emily Hack, Juno Rohm, Lia Henze, Leonor Heil, Anna Appel, Bianca Heil (Trainerin) Vorne v.l.: Lina Schultheis, Leni Latus, Sophie Baranyai, Aenne Freitag, Leni Salfer, Maja Sch\u00f6ppner [&hellip;]<\/p>\n","protected":false},"author":11,"featured_media":0,"parent":414,"menu_order":18,"comment_status":"closed","ping_status":"closed","template":"","meta":{"ngg_post_thumbnail":0,"footnotes":""},"class_list":["post-158","page","type-page","status-publish","hentry"],"_links":{"self":[{"href":"https:\/\/www.tv-neuhof.de\/wordpress\/wp-json\/wp\/v2\/pages\/158","targetHints":{"allow":["GET"]}}],"collection":[{"href":"https:\/\/www.tv-neuhof.de\/wordpress\/wp-json\/wp\/v2\/pages"}],"about":[{"href":"https:\/\/www.tv-neuhof.de\/wordpress\/wp-json\/wp\/v2\/types\/page"}],"author":[{"embeddable":true,"href":"https:\/\/www.tv-neuhof.de\/wordpress\/wp-json\/wp\/v2\/users\/11"}],"replies":[{"embeddable":true,"href":"https:\/\/www.tv-neuhof.de\/wordpress\/wp-json\/wp\/v2\/comments?post=158"}],"version-history":[{"count":119,"href":"https:\/\/www.tv-neuhof.de\/wordpress\/wp-json\/wp\/v2\/pages\/158\/revisions"}],"predecessor-version":[{"id":13401,"href":"https:\/\/www.tv-neuhof.de\/wordpress\/wp-json\/wp\/v2\/pages\/158\/revisions\/13401"}],"up":[{"embeddable":true,"href":"https:\/\/www.tv-neuhof.de\/wordpress\/wp-json\/wp\/v2\/pages\/414"}],"wp:attachment":[{"href":"https:\/\/www.tv-neuhof.de\/wordpress\/wp-json\/wp\/v2\/media?parent=158"}],"curies":[{"name":"wp","href":"https:\/\/api.w.org\/{rel}","templated":true}]}}