

{"id":1582,"date":"2009-01-23T14:14:28","date_gmt":"2009-01-23T13:14:28","guid":{"rendered":"http:\/\/www.tv-neuhof.de\/wordpress\/?page_id=1582"},"modified":"2009-02-09T20:11:47","modified_gmt":"2009-02-09T19:11:47","slug":"handball-wm-kroation-09","status":"publish","type":"page","link":"https:\/\/www.tv-neuhof.de\/wordpress\/about\/vereinsleben\/handball-wm-kroation-09\/","title":{"rendered":"Handball-WM Kroation &#8217;09"},"content":{"rendered":"<p style=\"text-align: left;\">Hier findet Ihr ein &#8222;Tagebuch&#8220; der Erlebnisse von 9 TVNlern bei der Handball WM in Kroatien 2009.<\/p>\n<p style=\"text-align: center;\"><a rel=\"attachment wp-att-1632\" href=\"https:\/\/www.tv-neuhof.de\/wordpress\/?attachment_id=1632\"><img loading=\"lazy\" decoding=\"async\" class=\"alignnone size-medium wp-image-1632\" title=\"hbwm09kroatien_02\" src=\"https:\/\/www.tv-neuhof.de\/wordpress\/wp-content\/uploads\/2009\/02\/hbwm09kroatien_02-300x225.jpg\" alt=\"\" width=\"300\" height=\"225\" \/><\/a><\/p>\n<p style=\"text-align: left;\"><span style=\"text-decoration: underline;\"><strong>22.01.2009<\/strong><\/span><\/p>\n<p style=\"text-align: left;\">Das letzte Vorrundenspiel wurde noch im &#8222;sch\u00f6nsten Vereinsheim der Welt&#8220; zusammen mit den nun auch handballbegeisterten Fu\u00dfballern angesehen. Nach dem \u00fcberzeugenden Sieg \u00fcber Polen, ging es zum vorl\u00e4ufig letzten deutschen Essen in unsere Vereinskneipe Gasse.<br \/>\nGut ges\u00e4ttigt waren wir nun bereit, uns mit dem Auto auf den langen Weg nach Kroatien zu machen.<\/p>\n<p style=\"text-align: center;\"><a rel=\"attachment wp-att-1672\" href=\"https:\/\/www.tv-neuhof.de\/wordpress\/?attachment_id=1672\"><img loading=\"lazy\" decoding=\"async\" class=\"size-medium wp-image-1672 aligncenter\" title=\"hbwm09kroatien_bus\" src=\"https:\/\/www.tv-neuhof.de\/wordpress\/wp-content\/uploads\/2009\/02\/hbwm09kroatien_bus-300x225.jpg\" alt=\"Fan-Bus\" width=\"180\" height=\"135\" \/><\/a><\/p>\n<p style=\"text-align: left;\">\n<p style=\"text-align: left;\">Von der ersten Sekunde an schallte aus den Lautsprechern die \u201elustigste Musik\u201c (O-Ton A.S.: \u201e Ich sollte doch lustige Musik aufnehmen!\u201c). Im Klartext, wir genossen w\u00e4hrend der gesamten Fahrt so herrliche Ohrw\u00fcrmer wie: \u201eSybille, du hast zu viel Promille\u201c, \u201eFinger in Po, Mexiko..\u201c, \u201e Gute Freunde, kann niemand trennen\u201c ,\u00a0 \u201ezehn nackte Fris\u00f6sen\u201c oder \u201eich bin Alkoholiker \u2026<br \/>\nDie Stimmung kochte fast \u00fcber, besonders D.P und E.V waren kaum zu halten.<br \/>\nFahrer S.E. und Beifahrer T.O. erlitten fast einen H\u00f6rsturz, da unser herrliches\u00a0 Gef\u00e4hrt lediglich \u00fcber Lautsprecher im Fahrerbereich verf\u00fcgte. (Die armen Fahrer!)<\/p>\n<p style=\"text-align: left;\">Aber so arm waren die gar nicht, denn sie wurden von der f\u00fcrsorglichen Steffi regelm\u00e4\u00dfig nach ihrem Befinden und ihren W\u00fcnschen befragt. Steffi opferte sich sogar in der Weise auf, dass sie, wie die Fahrer, keine Minute schlafen wollte. Quasi allzeit bereit Kaffee, Cola oder einen kleinen Snack in Richtung hungernder und verdurstender Fahrer zu reichen.<\/p>\n<p style=\"text-align: left;\">In den hinteren Reihen floss das Bier in Str\u00f6men. Kaum hatten wir die hessischen Landesgrenzen \u00fcberschritten, schallte schon der erste verzweifelte Ruf aus der hintersten Reihe.<br \/>\n\u201ePinkelpause!\u201c<br \/>\nUnd diesen verzweifelten Ruf aus der R\u00fcckbank sollten wir noch oft vernehmen. Wer nun glaubt, ja, ja die M\u00e4dels, die haben ihre Bl\u00e4schen nicht im Griff und wollen sich unbedingt jede Toilette von Neuhof bis Zadar ansehen, der irrt gewaltig. A.S. war der st\u00e4ndige Rufer in der Nacht. Da hat wohl jemand ein Sextanerbl\u00e4schen!<\/p>\n<p style=\"text-align: left;\">Nach ca. 1 \u00bd Stunden\u00a0 pl\u00f6tzlich und unerwartet, fiel unser Hauptkrakeler von einer Sekunde zur anderen ins Schlafkoma. Sehr zur Freude seiner beiden Sitznachbarn Andreas + Andreas, die abwechselnd als Kissen herhalten mussten.<br \/>\nZwischendurch mal kurz ansprechbar, laut klatschend ein lustiges Lied tr\u00e4llernd, um einen Moment sp\u00e4ter den Schalter wieder umzulegen und selig weiterzuschlummern.<br \/>\nEine beneidenswerte Gabe so schlafen zu k\u00f6nnen.<\/p>\n<p style=\"text-align: left;\"><span style=\"text-decoration: underline;\"><strong>23.01.2009<\/strong><\/span><\/p>\n<p style=\"text-align: left;\">Ca. 12 Stunden sp\u00e4ter, hie\u00df uns die Sonne Kroatiens willkommen.<br \/>\nAls wir endlich das Meer sehen konnten, war alle M\u00fcdigkeit verflogen. Nach der erfolgreichen Hotelsuche, starteten wir einen kleinen Erkundungsmarsch in Richtung Innenstadt.<br \/>\nLediglich 45 Minuten Fu\u00dfmarsch und schon erreichten wir die Altstadt.<br \/>\nEs war so sch\u00f6n &#8211;\u00a0 Urlaub, Kaffeetrinken im Stra\u00dfencafe &#8211;\u00a0 traumhaft!<br \/>\nStefan zeigte seine Reiseleiterqualit\u00e4ten und f\u00fchrte uns gekonnt durch die Gassen Zadars. Hier schlug uns die geballte Sympathie der Kroaten entgegen. Vor allem Stefan und die anderen Trikottr\u00e4ger wurden ein ums andere Mal auf das nahende Spiel gegen Serbien angesprochen. Wir (Wir = Kroaten + Deutschen) m\u00fcssen gewinnen, gegen die \u201eKurac\u201c (Stefan, so hei\u00dft doch das b\u00f6se kroatische Wort, oder?)<br \/>\nAm Meer war Stefan kaum mehr zu halten, unbedingt wollte er ins Wasser. In Anbetracht der etwas k\u00fchlen Temperaturen gab er sich schlie\u00dflich mit einer nassen Hose zufrieden.<br \/>\nEin weiterer H\u00f6hepunkt der kleinen Sightseeingtour, der Besuch der Meeresorgel. Man kann es nicht beschreiben, man muss es geh\u00f6rt haben.<br \/>\nSo langsam war die Gruppe des Wanderns m\u00fcde, an einen Marsch zur\u00fcck ins Hotel nicht zu denken. Aber wer einen guten Reiseleiter hat, der braucht sich nicht zu sorgen. In Windeseile war Angelos Gro\u00dfraumtaxi bestellt.<br \/>\nAngelo wurde zu unserem pers\u00f6nlichen Fahrer, allzeit bereit zu jeder Tages- und Nachtzeit.<\/p>\n<p style=\"text-align: left;\">Angelo stand uns auch bei der Wahl der Gastst\u00e4tte f\u00fcrs Abendessen beratend zur Seite. \u201eKlein und gem\u00fctlich oder gro\u00df und gut \ud83d\ude09<br \/>\nWir entschieden uns f\u00fcr klein und gem\u00fctlich, was kulinarisch ein Fehler, sich aber sp\u00e4ter noch als Gl\u00fcckfall erweisen sollte.<br \/>\nDas Essen war so Lala, besonders das Lamm von A.J.. Wer Holzkohle mag, h\u00e4tte vielleicht Spa\u00df dran gehabt. Da konnte auch der eklige Schnaps, f\u00fcr Kenner \u201eTrabavica\u201c, den wir flaschenweise geschenkt bekamen, nicht hinwegt\u00e4uschen. Wer den Schnaps mal testen will, es ist noch was \u00fcbrig. Nur zu!<br \/>\nBeim Verlassen des Restaurant der n\u00e4chste Schreck, es regnet. Und dieser Regen war eigentlich auch der Grund, warum wir in eine absolute leere Kneipe einfielen. Nichts los, der Hund begraben, na ja auf ein Getr\u00e4nk halt.<br \/>\nWir hielten kaum unsere Getr\u00e4nke in den H\u00e4nden, da f\u00fcllte sich die Kneipe pl\u00f6tzlich. Offensichtlich von den deutschen Trikots angelockt, str\u00f6mten Massen von Mazedoniern und Norwegern in die Kneipe. Partystimmung pur, fremde Menschen liegen sich in den Armen, jolen lauthals ihren L\u00e4ndernamen und haben richtig Spa\u00df miteinander. Als besonders positiv f\u00fcr die Gemeinschaftskasse und den Durst unserer Gruppe erwies sich Stefans au\u00dferordentlich guter Draht zu den Norwegern, die unter 10 Bier gar nicht erst bestellten und so nahezu die gesamte Kneipe aushielten. Danke sch\u00f6n!<\/p>\n<p style=\"text-align: left;\"><span style=\"text-decoration: underline;\"><strong>24.01.2008<\/strong><\/span><\/p>\n<p>Hurra, endlich da, der erste Spieltag unseres Teams.<br \/>\nWie es sich f\u00fcr echte Fans geh\u00f6rt, waren wir fantechnisch bestens ausger\u00fcstet. Egal ob Fahnen,<\/p>\n<p style=\"text-align: center;\"><a rel=\"attachment wp-att-1679\" href=\"https:\/\/www.tv-neuhof.de\/wordpress\/?attachment_id=1679\"><img loading=\"lazy\" decoding=\"async\" class=\"size-medium wp-image-1679 aligncenter\" title=\"hbwm09kroatien_fahne\" src=\"https:\/\/www.tv-neuhof.de\/wordpress\/wp-content\/uploads\/2009\/02\/hbwm09kroatien_fahne-300x225.jpg\" alt=\"TV Neuhof Fahne\" width=\"180\" height=\"135\" \/><\/a><\/p>\n<p style=\"text-align: left;\">Tr\u00f6ten, Germany-Riesen-Zylinder, Fan-Kosmetika, Schals zum Tauschen, wir hatten alles. Nicht zu vergessen die fantastischen Deutschland Sonnenbrillen.<\/p>\n<p style=\"text-align: center;\"><a rel=\"attachment wp-att-1680\" href=\"https:\/\/www.tv-neuhof.de\/wordpress\/?attachment_id=1680\"><img loading=\"lazy\" decoding=\"async\" class=\"size-medium wp-image-1680 aligncenter\" title=\"hbwm09kroatien_brille\" src=\"https:\/\/www.tv-neuhof.de\/wordpress\/wp-content\/uploads\/2009\/02\/hbwm09kroatien_brille-225x300.jpg\" alt=\"Deutschlandbrille\" width=\"135\" height=\"180\" \/><\/a><\/p>\n<p style=\"text-align: left;\">Jetzt galt es nur noch den richtigen Bus zur Halle zur finden. Der DHB-Fan Bus h\u00e4tte uns mitgenommen, wenn wir nur sechs Fans gewesen w\u00e4ren.<br \/>\nNeun Leute waren zu viel, da nur sechs Sitzpl\u00e4tze vorhanden. Stehpl\u00e4tze gab es in diesem Bus nicht.<br \/>\nAuf der 2 km langen Wegstrecke war das einfach zu riskant.<br \/>\nZum Gl\u00fcck tauchte gerade noch rechtzeitig unser d\u00e4nischer Freund, Herr Smalby, samt dem d\u00e4nischen Transferbus auf. Wir durften sogar mitfahren. Rossi war so gl\u00fccklich, dass sie sich \u00fcberschw\u00e4nglich bei dem etwas irritiert wirkenden Herrn Smalby bedankte. Der Transfer war \u00fcbrigens mitgebucht und bezahlt. Aber wir sind eben ein dankbares und freundliches V\u00f6lkchen.<br \/>\nDer Bus f\u00fcllte sich und Tino nahm erfreut zur Kenntnis, dass sich zwei h\u00f6chstattraktive D\u00e4ninnen, typisch d\u00e4nisch, blaue Augen, dunkles Haar, direkt hinter ihm niederlie\u00dfen.<br \/>\nSp\u00e4ter erfuhren wir, dass eine von Ihnen die Freundin von Hans Lindberg (d\u00e4nischer Nationalspieler in Diensten Hamburgs) ist.<\/p>\n<p style=\"text-align: center;\"><a rel=\"attachment wp-att-1683\" href=\"https:\/\/www.tv-neuhof.de\/wordpress\/?attachment_id=1683\"><img loading=\"lazy\" decoding=\"async\" class=\"size-medium wp-image-1683 aligncenter\" title=\"hbwm09kroatien_daninnen\" src=\"https:\/\/www.tv-neuhof.de\/wordpress\/wp-content\/uploads\/2009\/02\/hbwm09kroatien_daninnen-300x225.jpg\" alt=\"D\u00e4ninnen\" width=\"140\" height=\"105\" \/><\/a><\/p>\n<p>Endlich am Ziel, die Sporthalle von Zadar. Kaum dem Bus entstiegen, wartete auch schon die Presse auf ein Interview mit Rossi und Steffi.<br \/>\nRossi, ein bisschen kamerascheu, \u00fcberlie\u00df nach kurzem englischen Statement Steffi das Feld.<br \/>\nSteffi stand der Reporterschar bereitwillig Rede und Antwort.<\/p>\n<p>Nach der Leibesvisitation ging es rein in die Halle. Wir durften im Gegensatz zu anderen Fans alles mitnehmen. Manch eine musste von ihrem Labello, weil ein potentielles Wurfgeschoss, Abschied nehmen, wir nicht.<br \/>\nB\u00fcnnesch Werner (TV Flieden) musste sogar den Ersatzakku seiner Kamera rausr\u00fccken. Jegliche Speisen und Getr\u00e4nke fanden ihre Abnehmer bei den Kontrolleuren.<\/p>\n<p>Besonders schrecklich, es galt absolutes Alkoholverbot in den Hallen. Jedoch in Anbetracht der noch schwelenden Spannungen zwischen Serben und Kroaten, sowie der Heerschar an hochemotionalen Mazedoniern, war diese Vorkehrung sicherlich die richtige Entscheidung.<\/p>\n<p>Die erste Tat in der Halle war die medienwirksame Platzierung unserer \u201eTV Neuhof Fahne\u201c.<br \/>\nDie besten Pl\u00e4tze hinter den Toren waren allerdings von mazedonischen Flaggen belegt.<\/p>\n<p>Als n\u00e4chstes stand die Platzsuche auf dem Programm.<br \/>\nLeider erwiesen sich die reservierten Pl\u00e4tze als schlecht, da die Sicht auf das komplette Spielfeld unm\u00f6glich war.<br \/>\nDas erste Spiel des Tages Mazedonien gegen Norwegen.<br \/>\nIn der Halle ein ohrenbet\u00e4ubender L\u00e4rm. Die Fan\u00fcbermacht Mazedoniens verwandelte die schmucke Halle Zadars in einen gelb\/roten Hexenkessel.<br \/>\nWie die Spieler die Pfiffe der Schiedsrichter oder die Kommandos von Mitspielern und Trainerbank h\u00f6ren konnten, bleibt bei dem L\u00e4rm ein Geheimnis.<br \/>\nDoch alle Anfeuerungen, Fanges\u00e4nge und Pfeifkonzerte halfen nichts. Mazedoniens Kiril Lazarov hatte einen rabenschwarzen Tag und konnte seine Mannschaft\u00a0 allein nicht auf die Siegerstra\u00dfe bringen. Norwegen gewann mit 29:27.<\/p>\n<p style=\"text-align: center;\"><a rel=\"attachment wp-att-1691\" href=\"https:\/\/www.tv-neuhof.de\/wordpress\/?attachment_id=1691\"><img loading=\"lazy\" decoding=\"async\" class=\"size-medium wp-image-1691 aligncenter\" title=\"hbwm09kroatien_stefan\" src=\"https:\/\/www.tv-neuhof.de\/wordpress\/wp-content\/uploads\/2009\/02\/hbwm09kroatien_stefan-300x225.jpg\" alt=\"Ein richtiger Fan\" width=\"180\" height=\"135\" \/><\/a><\/p>\n<p>Endlich, das Warten hatte ein Ende, unser Spiel Deutschland gegen Serbien stand unmittelbar bevor. Die Aufregung wuchs von Minute zu Minute, manch einer bekam sogar feuchte H\u00e4nde. Doch vor dem Start musste unsere Flagge noch von einem Randplatz ins Zentrum hinter das Tor ger\u00fcckt werden. Schlie\u00dflich sollten die Daheimgebliebenen den Gru\u00df aus Kroatien auch sehen.<br \/>\nRossi und Andreas S. w\u00e4hlten einen hervorragenden Platz, gut sichtbar f\u00fcr Fernsehdeutschland.<br \/>\nEntsprechend stolz kamen sie zur\u00fcck und erwarteten ein dickes Lob von allen Seiten. Doch weit gefehlt, denn in der Zwischenzeit hatte sich auch bei der Restgruppe einiges ereignet.<br \/>\nEs geschah Minuten vor Spielbeginn. Die RTL Vorberichterstattung war in vollem Gange und zwar nur wenige Meter vor unserem Standort. Clevere Idee, wenn wir uns geschickt platzieren, ergattern wir ein Foto mit Markus \u201eSchorsch\u201c Baur und Marco Schreyl im Hintergrund, Ellen und Stefan im Vordergrund. Gesagt getan, das Foto war geknipst, Heikes Akku am Ende. Sch\u00f6n das erste Foto mit einem ehemaligen Handballstar. Doch es sollte noch besser kommen. Nach Ende des Gespr\u00e4chs war Markus Baur bereit mit Ellen, Stefan und Steffi gemeinsam ein Foto zu machen. Einzige Pr\u00e4misse, es musste schnell gehen, denn Markus musste eiligst zu RTL.<br \/>\nAJ und seine Digi waren bereit f\u00fcr den Schnappschuss mit dem Star. \u201eGleich, einen Moment. Halt einen kurzen Moment, gleich kann es losgehen. Warte, einen Moment noch!\u201c\u00a0 &#8211; Chance vertan, Markus schwirrte genervt ab in Richtung RTL, zur\u00fcck blieben einige TV Neuhof Fans ohne Foto.<br \/>\n\u201e Da ist man mit neun Leuten unterwegs, jeder besitzt eine Kamera und wenn es gilt, ist keiner in der Lage ein Foto zu machen!\u00a0 &#8211; Oh Mann, wie d\u00e4mlich sind wir denn?\u201c Aber wie soll man ein Foto mit einem leeren Akku machen.<br \/>\nEin hoch erz\u00fcrnter und entt\u00e4uschter S.E. verlie\u00df die Gruppe und ward w\u00e4hrend des gesamten Deutschlandspiels nicht mehr gesehen.<\/p>\n<p>F\u00fcr langen \u00c4rger blieb keine Zeit, schlie\u00dflich musste unser Team angefeuert werden.<\/p>\n<p style=\"text-align: center;\"><a rel=\"attachment wp-att-1690\" href=\"https:\/\/www.tv-neuhof.de\/wordpress\/?attachment_id=1690\"><img loading=\"lazy\" decoding=\"async\" class=\"size-medium wp-image-1690 aligncenter\" title=\"hbwm09kroatien_hute\" src=\"https:\/\/www.tv-neuhof.de\/wordpress\/wp-content\/uploads\/2009\/02\/hbwm09kroatien_hute-300x225.jpg\" alt=\"Hut steht gut\" width=\"180\" height=\"135\" \/><\/a><\/p>\n<p>Wir hatten uns direkt hinter Johannes Bitters Tor und vor der winzigen serbischen Fangemeinde platziert.<br \/>\nDer serbische Fanblock war von Polizei umzingelt, um eventuelle \u00dcbergriffe von Seiten der Kroaten auf die kleine Schar an Serben zu vermeiden.<br \/>\nSchon beim Abspielen der Nationalhymnen wurde die Brisanz dieser Spielpaarung deutlich.<br \/>\nVom ersten bis zum letzten Ton der serbischen Hymne ein ohrenbet\u00e4ubendes Pfeifkonzert. W\u00e4hrend der Vorstellung der Spieler nach jedem Namen die w\u00fcstesten Beschimpfungen \u201eKurac\u201c. Ein eiskalter Schauer lief einem den R\u00fccken runter. Das war keine gew\u00f6hnliche Atmosph\u00e4re, es war der blanke Hass Kroatiens, den das serbische Team w\u00e4hrend der gesamten Spielzeit zu sp\u00fcren bekam. F\u00fcr uns war dieses Verhalten schwer nachvollziehbar. Es ging hier doch nur um Sport.<br \/>\nErf\u00e4hrt man allerdings, dass fast jede Familie Zadars im Krieg ein Opfer zu beklagen hatte, so wird der Zorn verst\u00e4ndlicher.<br \/>\nZu sehr schmerzt wohl noch die Wunde des Kriegs Anfang der 90iger Jahre, von dem Zadar als belagerte Stadt betroffen war. Die serbischen Spieler verhielten sich w\u00e4hrend des gesamten Spiels zur\u00fcckhaltend und zu keiner Zeit in irgendeiner Art provokant.<\/p>\n<p>Doch nun zum Spiel Deutschland gegen Serbien.<br \/>\nUnser Team fand schlecht ins Spiel, gleich zu Beginn wurden viele Chancen vergeben. Der in der Vorrunde noch \u00fcberragende Christian Sch\u00f6ne versiebte etliche Torchancen. Weder die Abwehr, noch die deutschen Torleute hatten ihren besten Tag. Entsprechend leicht war es dem serbischen R\u00fcckraum m\u00f6glich Tore zu erzielen. Vor allem die Nr. 14 Mladen Bojinovic hatte leichtes Spiel, schoss einfachste Tore von der Halbposition oder setzte ein ums andere Mal den Kreisl\u00e4ufer in Szene. Schnell lag unser Team einige Tore im R\u00fcckstand.<br \/>\nDie deutsche Mannschaft k\u00e4mpfte unverdrossen und so konnte das Spiel offen gestaltet werden. Kurz vor Schluss lagen wir dann auch mit einem Tor in F\u00fchrung, der Einzug ins Halbfinale schon fast vorzeitig geschafft. Wenn nicht Bojinovic den Ball geschnappt h\u00e4tte und drei Sekunden vor Schluss in Johannes Bitters Tor versenkt h\u00e4tte. Absolut ein Spiel der vertanen Chancen.<br \/>\nSchade, ein Unentschieden mit dem faden Beigeschmack einer Niederlage.<\/p>\n<p>Die TV Neuhof Fans waren erst einmal bedient, absolut fix und fertig. K\u00f6rperlich und geistig, f\u00fchlten wir uns,\u00a0 als ob wir selber gespielt h\u00e4tten.<br \/>\nUm wenigstens doch noch zu einem pers\u00f6nlichen Erfolgserlebnis, sprich einem Foto mit einem Handballer zu kommen, entschlossen wir uns Toto Jansen, den \u201eSpieler des Spiels\u201c nach dem Interview bei RTL abzufangen.<br \/>\nWie alle deutschen Spieler, die wir getroffen haben, war auch er bereit sich schnell mit uns fotografieren zu lassen (obwohl ungeduscht). Und man glaubt es kaum, dieses Mal haben auch die Fotoapparate schnell genug funktioniert.<\/p>\n<p style=\"text-align: center;\"><a rel=\"attachment wp-att-1684\" href=\"https:\/\/www.tv-neuhof.de\/wordpress\/?attachment_id=1684\"><img loading=\"lazy\" decoding=\"async\" class=\"size-medium wp-image-1684 aligncenter\" title=\"hbwm09kroatien_jansen\" src=\"https:\/\/www.tv-neuhof.de\/wordpress\/wp-content\/uploads\/2009\/02\/hbwm09kroatien_jansen-300x225.jpg\" alt=\"Thorsten Jansen\" width=\"180\" height=\"135\" \/><\/a><\/p>\n<p>Als Markus Baur den Interviewposition verlie\u00df, sahen die eifrigsten Starfotosammler Ellen und Rossi ihre erneute Chance auf ein Foto.<br \/>\nMarkus, die Treppe hinab noch langsam, nahm im Gang Fahrt auf. O-Ton Ellen \u201eO-Nein, der hat schon wieder keine Zeit.\u201c Doch Rossi lie\u00df sich davon nicht beeindrucken: \u201eDem gehen wir jetzt hinterher, der muss ja hier wieder zur\u00fcckkommen.\u201c<br \/>\nMarkus st\u00fcrmte davon, die Neuhofer M\u00e4dels hinterher. Bei der Herrentoilette konnte Markus die zwei f\u00fcr kurze Zeit absch\u00fctteln. Aber er sa\u00df in der Falle, nun gab es kein Entrinnen.<br \/>\nEllen, total aufgeregt, sprach ihn an. Und siehe da, das Foto kam zustande.<\/p>\n<p style=\"text-align: center;\"><a rel=\"attachment wp-att-1685\" href=\"https:\/\/www.tv-neuhof.de\/wordpress\/?attachment_id=1685\"><img loading=\"lazy\" decoding=\"async\" class=\"size-medium wp-image-1685 aligncenter\" title=\"hbwm09kroatien_bauer\" src=\"https:\/\/www.tv-neuhof.de\/wordpress\/wp-content\/uploads\/2009\/02\/hbwm09kroatien_bauer-300x224.jpg\" alt=\"Markus (Schorch) Baur\" width=\"180\" height=\"134\" \/><\/a><\/p>\n<p>Das letzte Spiel des Tages Polen gegen D\u00e4nemark<br \/>\nPolen war den D\u00e4nen spielerisch \u00fcberlegen, Torwart Slawomir Szmal zeigte eine klasse Leistung.<br \/>\nD\u00e4nemark fand in der ersten Halbzeit nicht ins Spiel. In der zweiten H\u00e4lfte zeigten sie Moral und k\u00e4mpften sich Tor um Tor heran. Gegen Ende wurde es noch mal eng, aber Polen behielt mit zwei Toren die Oberhand.<br \/>\nWir sahen uns das Spiel hungrig und mehr oder weniger emotionslos vom obersten Rang aus an.<\/p>\n<p>Zum Thema Hunger:<br \/>\nBemerkenswert war die miserable Versorgungslage in der Halle. Getr\u00e4nke waren ja noch zu bekommen, wer in dieser Halle allerdings in der Zeit von 14:30 Uhr bis 21:00 ein bisserl hungrig wurde, der musste sich mit Erdn\u00fcssen (kroatisch: Kikeriki) oder Eis begn\u00fcgen. F\u00fcr den schnellen Zuschauer gab es auch noch belegte Baguette, allerdings nur ca. 1-2 Stunden.<br \/>\nBei ca. 100 Br\u00f6tchen f\u00fcr ca. 5.000 Zuschauer, muss, wer Hunger hat, fr\u00fcher an sp\u00e4ter denken.<\/p>\n<p>Entsprechend ausgehungert fuhr uns Angelo, dann zu einem Italiener (nat\u00fcrlich einer seiner Freunde).<br \/>\nWir waren so ziemlich die einzigen G\u00e4ste und dekorierten zun\u00e4chst erst mal unseren Tisch zum deutschen Fantisch um.\u00a0 Unser Reiseleiter S.E. k\u00fcmmerte sich freundlicherweise um die Standardbestellung \u201eK\u00e4se und Schinken\u201c f\u00fcr alle, Wein und pet pivo.<\/p>\n<p>Nur auf ein Getr\u00e4nk ging es anschlie\u00dfend zum Arsenal, den In-Schuppen in Zadar. Musik super, Stimmung gut, wie immer viele Mazedonier unterwegs. Wie immer wollten alle einen der \u201eGermany- Zylinder\u201c gegen irgendein anderes Kleidungsst\u00fcck tauschen, wie immer wollten die, die kein Kleidungsst\u00fcck eintauschen wollten, zumindest ein Bild mit den beiden deutschen \u201eSuper-Fans\u201c ergattern.<br \/>\nIm Arsenal kam es dann zum legend\u00e4ren Interview von Stefan mit dem \u201eOffenen Kanal\u201c von Zadar. Wie ein Medienprofi, kokettierte er mit der Kamera und beantwortete in lockerem Englisch die Fragen des Reporters. Besonderen Spa\u00df an dieser Aufnahme hatte sein Sohn Jonas, der seinen Vater auf leichte grammatikalische Defizite in seinen Ausf\u00fchrungen hinwies (nicht ganz richtig, aber v\u00f6llig falsch). Unvergesslich auch die deutschen Fanges\u00e4nge, die Stefan, Andreas, Andreas und Daniel inbr\u00fcnstig ins Mikro schmetterten.<\/p>\n<p style=\"text-align: left;\">\n<p style=\"text-align: left;\">\n<p style=\"text-align: left;\">\n<p style=\"text-align: left;\">\n<p style=\"text-align: center;\">Fernsehbilder<\/p>\n<p style=\"text-align: center;\"><a rel=\"attachment wp-att-1600\" href=\"https:\/\/www.tv-neuhof.de\/wordpress\/?attachment_id=1600\"><img loading=\"lazy\" decoding=\"async\" class=\"alignnone size-medium wp-image-1599\" title=\"handballwm09_tvn\" src=\"https:\/\/www.tv-neuhof.de\/wordpress\/wp-content\/uploads\/2009\/01\/handballwm09_tvn-300x200.jpg\" alt=\"\" width=\"180\" height=\"134\" \/> <img loading=\"lazy\" decoding=\"async\" class=\"alignnone size-medium wp-image-1600\" title=\"handballwm09_rossi\" src=\"https:\/\/www.tv-neuhof.de\/wordpress\/wp-content\/uploads\/2009\/01\/handballwm09_rossi-300x225.jpg\" alt=\"\" width=\"180\" height=\"135\" \/> <img loading=\"lazy\" decoding=\"async\" class=\"alignnone size-medium wp-image-1606\" title=\"handballwm09_ellen\" src=\"https:\/\/www.tv-neuhof.de\/wordpress\/wp-content\/uploads\/2009\/01\/handballwm09_ellen-300x225.jpg\" alt=\"\" width=\"180\" height=\"135\" \/><\/a><\/p>\n<p style=\"text-align: center;\"><a rel=\"attachment wp-att-1611\" href=\"https:\/\/www.tv-neuhof.de\/wordpress\/?attachment_id=1611\"><img loading=\"lazy\" decoding=\"async\" class=\"alignnone size-medium wp-image-1605\" title=\"handballwm09_tinoheike\" src=\"https:\/\/www.tv-neuhof.de\/wordpress\/wp-content\/uploads\/2009\/01\/handballwm09_tinoheike-300x225.jpg\" alt=\"\" width=\"180\" height=\"135\" \/> <img loading=\"lazy\" decoding=\"async\" class=\"alignnone size-medium wp-image-1611\" title=\"handballwm09_gruppe\" src=\"https:\/\/www.tv-neuhof.de\/wordpress\/wp-content\/uploads\/2009\/01\/handballwm09_gruppe-300x200.jpg\" alt=\"\" width=\"202\" height=\"135\" \/><\/a><\/p>\n<p style=\"text-align: left;\">\n<p style=\"text-align: center;\"><strong>Fortsetzung folgt<\/strong><\/p>\n<p style=\"text-align: center;\"><a rel=\"attachment wp-att-1700\" href=\"https:\/\/www.tv-neuhof.de\/wordpress\/?attachment_id=1700\"><img loading=\"lazy\" decoding=\"async\" class=\"size-medium wp-image-1700 aligncenter\" title=\"hbwm09kroatien_logo\" src=\"https:\/\/www.tv-neuhof.de\/wordpress\/wp-content\/uploads\/2009\/02\/hbwm09kroatien_logo-300x254.jpg\" alt=\"\" width=\"180\" height=\"152\" \/><\/a><\/p>\n","protected":false},"excerpt":{"rendered":"<p>Hier findet Ihr ein &#8222;Tagebuch&#8220; der Erlebnisse von 9 TVNlern bei der Handball WM in Kroatien 2009. 22.01.2009 Das letzte Vorrundenspiel wurde noch im &#8222;sch\u00f6nsten Vereinsheim der Welt&#8220; zusammen mit den nun auch handballbegeisterten Fu\u00dfballern angesehen. Nach dem \u00fcberzeugenden Sieg \u00fcber Polen, ging es zum vorl\u00e4ufig letzten deutschen Essen in unsere Vereinskneipe Gasse. Gut ges\u00e4ttigt [&hellip;]<\/p>\n","protected":false},"author":11,"featured_media":0,"parent":1546,"menu_order":15,"comment_status":"open","ping_status":"closed","template":"","meta":{"ngg_post_thumbnail":0,"footnotes":""},"class_list":["post-1582","page","type-page","status-publish","hentry"],"_links":{"self":[{"href":"https:\/\/www.tv-neuhof.de\/wordpress\/wp-json\/wp\/v2\/pages\/1582","targetHints":{"allow":["GET"]}}],"collection":[{"href":"https:\/\/www.tv-neuhof.de\/wordpress\/wp-json\/wp\/v2\/pages"}],"about":[{"href":"https:\/\/www.tv-neuhof.de\/wordpress\/wp-json\/wp\/v2\/types\/page"}],"author":[{"embeddable":true,"href":"https:\/\/www.tv-neuhof.de\/wordpress\/wp-json\/wp\/v2\/users\/11"}],"replies":[{"embeddable":true,"href":"https:\/\/www.tv-neuhof.de\/wordpress\/wp-json\/wp\/v2\/comments?post=1582"}],"version-history":[{"count":47,"href":"https:\/\/www.tv-neuhof.de\/wordpress\/wp-json\/wp\/v2\/pages\/1582\/revisions"}],"predecessor-version":[{"id":10452,"href":"https:\/\/www.tv-neuhof.de\/wordpress\/wp-json\/wp\/v2\/pages\/1582\/revisions\/10452"}],"up":[{"embeddable":true,"href":"https:\/\/www.tv-neuhof.de\/wordpress\/wp-json\/wp\/v2\/pages\/1546"}],"wp:attachment":[{"href":"https:\/\/www.tv-neuhof.de\/wordpress\/wp-json\/wp\/v2\/media?parent=1582"}],"curies":[{"name":"wp","href":"https:\/\/api.w.org\/{rel}","templated":true}]}}