

{"id":1746,"date":"2009-03-05T07:55:49","date_gmt":"2009-03-05T06:55:49","guid":{"rendered":"http:\/\/www.tv-neuhof.de\/wordpress\/?page_id=1746"},"modified":"2009-03-05T08:01:58","modified_gmt":"2009-03-05T07:01:58","slug":"ausflug-zu-tv-groswallstadt-%e2%80%93-thw-kiel","status":"publish","type":"page","link":"https:\/\/www.tv-neuhof.de\/wordpress\/about\/vereinsleben\/ausflug-zu-tv-groswallstadt-%e2%80%93-thw-kiel\/","title":{"rendered":"Ausflug zu TV Gro\u00dfwallstadt \u2013 THW Kiel"},"content":{"rendered":"<p style=\"text-align: left;\">Am Samstag, den 28.02.2009 machten sich 76 Jugendliche und Betreuer des TV Neuhofs auf den Weg nach Aschaffenburg zum Spiel Gro\u00dfwallstadt gegen Kiel. Die Jugendlichen erhielten die Eintrittskarten f\u00fcr dieses Spiel als Weihnachtsgeschenk von der Handballabteilung.<\/p>\n<p style=\"text-align: center;\"><a rel=\"attachment wp-att-1748\" href=\"https:\/\/www.tv-neuhof.de\/wordpress\/?attachment_id=1748\"><img loading=\"lazy\" decoding=\"async\" class=\"size-medium wp-image-1748 alignnone\" title=\"280209_grosswallstadt-kiel_01\" src=\"https:\/\/www.tv-neuhof.de\/wordpress\/wp-content\/uploads\/2009\/03\/280209_grosswallstadt-kiel_01-300x225.jpg\" alt=\"\" width=\"180\" height=\"135\" \/><\/a><\/p>\n<p style=\"text-align: left;\">Nachdem sich endlich alle auf dem Parkplatz der Schlossschule Neuhof versammelt hatten, wurden die Teilnehmer auf den Bus und 5 Privatfahrzeuge verteilt und man machte sich auf den Weg nach Aschaffenburg. Nach einer knappen Stunde Fahrt traf man sich dann vor dem Halleneingang. Die blauen TV Neuhof T-Shirts waren dabei eine gute Erkennungshilfe.<\/p>\n<p style=\"text-align: center;\"><a rel=\"attachment wp-att-1749\" href=\"https:\/\/www.tv-neuhof.de\/wordpress\/?attachment_id=1749\"><img loading=\"lazy\" decoding=\"async\" class=\"alignnone size-medium wp-image-1749\" title=\"280209_grosswallstadt-kiel_02\" src=\"https:\/\/www.tv-neuhof.de\/wordpress\/wp-content\/uploads\/2009\/03\/280209_grosswallstadt-kiel_02-300x225.jpg\" alt=\"\" width=\"180\" height=\"135\" \/><\/a> <a rel=\"attachment wp-att-1750\" href=\"https:\/\/www.tv-neuhof.de\/wordpress\/?attachment_id=1750\"> <img loading=\"lazy\" decoding=\"async\" class=\"size-medium wp-image-1750 aligncenter\" title=\"280209_grosswallstadt-kiel_03\" src=\"https:\/\/www.tv-neuhof.de\/wordpress\/wp-content\/uploads\/2009\/03\/280209_grosswallstadt-kiel_03-300x225.jpg\" alt=\"\" width=\"180\" height=\"135\" \/><\/a><\/p>\n<p style=\"text-align: left;\">Der Block Q der Halle war kurz darauf fast komplett in Neuhofer Hand, was bei einigen Zuschauern R\u00fcckfragen nach dem Warum aufkommen lies.<\/p>\n<p style=\"text-align: center;\"><a rel=\"attachment wp-att-1753\" href=\"https:\/\/www.tv-neuhof.de\/wordpress\/?attachment_id=1753\"><img loading=\"lazy\" decoding=\"async\" class=\"size-medium wp-image-1753 aligncenter\" title=\"280209_grosswallstadt-kiel_04\" src=\"https:\/\/www.tv-neuhof.de\/wordpress\/wp-content\/uploads\/2009\/03\/280209_grosswallstadt-kiel_04-300x225.jpg\" alt=\"\" width=\"180\" height=\"135\" \/><\/a><\/p>\n<p style=\"text-align: left;\">Das Spiel war leider nur in der ersten Halbzeit spannend. Nach dem Wideranpfiff wurde der THW seiner Favoritenrolle gerecht und setzte sich immer mehr ab. Das Spiel ging deutlich 23:31 (12:14) aus.<br \/>\nKurz vor Spielende hielt es schon viele Jugendliche nicht mehr auf den Sitzen. Sie verschwanden nach und nach in Richtung Spielfeldrand. Was nach dem Abpfiff folgte, muss man einfach gesehen haben. Es st\u00fcrmten Horden von Zuschauern auf der Jagd nach Autogrammen das Spielfeld. Und unsere Jugendlichen mittendrin. Schnell konnte man anhand der Gr\u00f6\u00dfe der Menschentrauben die Beliebtheit des jeweiligen Spielers erkennen.<br \/>\nHoch anerkennen muss man die Geduld der Spieler, die sich nicht wie die Fu\u00dfballer sofort zur\u00fcckzogen, sondern geduldig fast jeden Autogrammwunsch erf\u00fcllten.<\/p>\n<p style=\"text-align: center;\"><a rel=\"attachment wp-att-1758\" href=\"https:\/\/www.tv-neuhof.de\/wordpress\/?attachment_id=1758\"><img loading=\"lazy\" decoding=\"async\" class=\"size-medium wp-image-1758 aligncenter\" title=\"280209_grosswallstadt-kiel_05\" src=\"https:\/\/www.tv-neuhof.de\/wordpress\/wp-content\/uploads\/2009\/03\/280209_grosswallstadt-kiel_05-300x225.jpg\" alt=\"\" width=\"180\" height=\"135\" \/><\/a><\/p>\n<p style=\"text-align: left;\">Es dauert lange, bis sich alle wieder am Hallenausgang versammelt hatten. Jedoch wurde die Ordnung sofort wieder unterbrochen, sobald sich ein Spieler zeigte.<br \/>\nNachdem man sich dann doch endlich auf den Weg zum Bus machen konnte, stellten die Kids erfreut fest, dass der Mannschaftsbus des THW Kiel direkt vor unserem Bus parkte. Als dann noch die Spieler zu ihrem Bus zur\u00fcckkehrten, gab es kein Halten mehr. Aber auch jetzt zeigten die Spieler eine Engelsgeduld und verteilten Autogramme bis die Stifte gl\u00fchten. Zus\u00e4tzlich wurden viele Bilder von und zusammen mit den Spielern von den Jugendlichen gemacht.<\/p>\n<p style=\"text-align: center;\"><a rel=\"attachment wp-att-1765\" href=\"https:\/\/www.tv-neuhof.de\/wordpress\/?attachment_id=1765\"><img loading=\"lazy\" decoding=\"async\" class=\"alignnone size-medium wp-image-1765\" title=\"280209_grosswallstadt-kiel_06\" src=\"https:\/\/www.tv-neuhof.de\/wordpress\/wp-content\/uploads\/2009\/03\/280209_grosswallstadt-kiel_06-300x225.jpg\" alt=\"\" width=\"180\" height=\"135\" \/> <\/a> <a rel=\"attachment wp-att-1766\" href=\"https:\/\/www.tv-neuhof.de\/wordpress\/?attachment_id=1766\"><img loading=\"lazy\" decoding=\"async\" class=\"alignnone size-medium wp-image-1766\" title=\"280209_grosswallstadt-kiel_07\" src=\"https:\/\/www.tv-neuhof.de\/wordpress\/wp-content\/uploads\/2009\/03\/280209_grosswallstadt-kiel_07-300x225.jpg\" alt=\"\" width=\"180\" height=\"135\" \/><\/a><\/p>\n<p style=\"text-align: center;\"><a rel=\"attachment wp-att-1769\" href=\"https:\/\/www.tv-neuhof.de\/wordpress\/?attachment_id=1769\">Video: Autogrammjagd<\/a><\/p>\n<p style=\"text-align: left;\">Dies f\u00fchrte dazu, dass unsere Zeitplanung nicht ganz eingehalten werden konnte und die Eltern zuhause doch etwas l\u00e4nger auf ihre Heimkehrer warten mussten.<br \/>\nAbschlie\u00dfend l\u00e4sst sich sagen, dass diese Aktion ein voller Erfolg war und alle den Ausflug genossen haben. Wobei mit Sicherheit das Autogrammjagen, und nicht das Spiel, bei vielen das Highlight war.<br \/>\nVielen Dank an das Organisationsteam und alle Autofahrer.<\/p>\n","protected":false},"excerpt":{"rendered":"<p>Am Samstag, den 28.02.2009 machten sich 76 Jugendliche und Betreuer des TV Neuhofs auf den Weg nach Aschaffenburg zum Spiel Gro\u00dfwallstadt gegen Kiel. Die Jugendlichen erhielten die Eintrittskarten f\u00fcr dieses Spiel als Weihnachtsgeschenk von der Handballabteilung. Nachdem sich endlich alle auf dem Parkplatz der Schlossschule Neuhof versammelt hatten, wurden die Teilnehmer auf den Bus und [&hellip;]<\/p>\n","protected":false},"author":11,"featured_media":0,"parent":1546,"menu_order":15,"comment_status":"open","ping_status":"closed","template":"","meta":{"ngg_post_thumbnail":0,"footnotes":""},"class_list":["post-1746","page","type-page","status-publish","hentry"],"_links":{"self":[{"href":"https:\/\/www.tv-neuhof.de\/wordpress\/wp-json\/wp\/v2\/pages\/1746","targetHints":{"allow":["GET"]}}],"collection":[{"href":"https:\/\/www.tv-neuhof.de\/wordpress\/wp-json\/wp\/v2\/pages"}],"about":[{"href":"https:\/\/www.tv-neuhof.de\/wordpress\/wp-json\/wp\/v2\/types\/page"}],"author":[{"embeddable":true,"href":"https:\/\/www.tv-neuhof.de\/wordpress\/wp-json\/wp\/v2\/users\/11"}],"replies":[{"embeddable":true,"href":"https:\/\/www.tv-neuhof.de\/wordpress\/wp-json\/wp\/v2\/comments?post=1746"}],"version-history":[{"count":32,"href":"https:\/\/www.tv-neuhof.de\/wordpress\/wp-json\/wp\/v2\/pages\/1746\/revisions"}],"predecessor-version":[{"id":1786,"href":"https:\/\/www.tv-neuhof.de\/wordpress\/wp-json\/wp\/v2\/pages\/1746\/revisions\/1786"}],"up":[{"embeddable":true,"href":"https:\/\/www.tv-neuhof.de\/wordpress\/wp-json\/wp\/v2\/pages\/1546"}],"wp:attachment":[{"href":"https:\/\/www.tv-neuhof.de\/wordpress\/wp-json\/wp\/v2\/media?parent=1746"}],"curies":[{"name":"wp","href":"https:\/\/api.w.org\/{rel}","templated":true}]}}