

{"id":1971,"date":"2009-07-13T07:15:46","date_gmt":"2009-07-13T06:15:46","guid":{"rendered":"http:\/\/www.tv-neuhof.de\/wordpress\/?page_id=1971"},"modified":"2009-07-13T07:19:40","modified_gmt":"2009-07-13T06:19:40","slug":"old-gentleman-team-in-kroatien-09","status":"publish","type":"page","link":"https:\/\/www.tv-neuhof.de\/wordpress\/about\/vereinsleben\/old-gentleman-team-in-kroatien-09\/","title":{"rendered":"Old Gentleman Team in Kroatien &#8217;09"},"content":{"rendered":"<h2 style=\"text-align: center;\">Reise zur Insel PAG und zu den Jagdgr\u00fcnden von Old Shatterhand und Winnetou<\/h2>\n<h3 style=\"text-align: center;\">8-t\u00e4gige Kroatienreise f\u00fcr Handball-AH zwischen 40 &#8211; 72<br \/>\nvon Sonntag 17.05. bis Sonntag 24.05.2009<\/h3>\n<p><a class=\"thickbox\" href=\"https:\/\/www.tv-neuhof.de\/wordpress\/wp-content\/gallery\/old-gentleman-team-kroation-2009\/imgp1083.jpg\"><img loading=\"lazy\" decoding=\"async\" class=\"ngg-singlepic ngg-center\" src=\"https:\/\/www.tv-neuhof.de\/wordpress\/wp-content\/gallery\/old-gentleman-team-kroation-2009\/imgp1083.jpg\" alt=\"imgp1083.jpg\" width=\"544\" height=\"407\" \/><\/a><\/p>\n<p>Von langer Hand und perfekt vorbereitet sowie mit dem Segen der jeweiligen Obrigkeit auf die Reise geschickt, starteten wir am Sonntag, 17.5. nachts um 3 Uhr und trafen p\u00fcnktlich um 16 Uhr zum ersten Fassanstich der Sommersaison in unserem Urlaubsort JASKISNICA, Insel PAG ein. Nach dem Check in im Hotel durften wir die erste k\u00f6stliche Kostprobe der hervorragenden Kochkunst unseres Gastgebers Marijan genie\u00dfen. Leider hatte er den von Lothar angek\u00fcndigten Fl\u00fcssigkeitsbedarf der Mannschaft untersch\u00e4tzt, so dass wir an die mitgebrachten eisernen Reserven gehen mussten. Ein einmaliger Lapsus, der an den Folgeabenden nicht mehr passierte.<br \/>\nAm ersten Urlaubstag hie\u00df es die Insel zu erkunden und hier zeigte besonders Erwin seine F\u00e4higkeit Balladen aus der Vorzeit zu den unendlich vielen Steinen zu erz\u00e4hlen, was insbesondere Ernst so stark inspirierte, dass er neben einigen Kilogramm Steinen, noch eine auf ca. 1.500 &#8211; 2000 Jahre gesch\u00e4tzte Olivenbaum-Skulptur f\u00fcr seine Sommerresidenz mit nahm. Dann ging es ab zum Badespa\u00df zum ber\u00fchmten Strand mit dem Namen \u201eSchweinebucht&#8220;. Und weil uns dieses \u00d6rtchen so gut gefallen hat, haben wir gerade noch einen Entspannungstag daran geh\u00e4ngt, wobei Erwin und Ernst Stunden lang den Fischen mit der Angel drohten. Da kam Durst auf und so wurde das Gebet von Thomas H. und Stefan nach k\u00fchlem Nass erh\u00f6rt. Es kam Marijan mit dem Bott und brachte uns gek\u00fchltes Licher Pils. Das dauerte dem Thomas D. zu lange und er machte sich zu Fu\u00df los um Nachschub zu holen. So konnten wir gut den Nachdurst l\u00f6schen.<br \/>\nAm dritten Tag war dann der erste Ausflug zur Insel RAB angesagt. Eine absolute Sensation waren die springenden und um das Bootstaxi verspielt schwimmenden Delphine.<br \/>\nDer vierte Tag war nat\u00fcrlich f\u00fcr uns V\u00e4ter der H\u00f6hepunkt: \u201eHimmelfahrt&#8220;, \u201eVatertag&#8220;! Fr\u00fch ging es los zum Fischmarkt, in die 100 KM entfernt liegende Stadt ZADAR zu unendlich vielen Meeresfr\u00fcchten. Nach dem Gang \u00fcber den Basar ging es ab in Richtung Fischfabrik. Der Bruder von Marijan hat in zentraler Lage zwischen DUBROVNIK und RIJEKA eine neue Fischfabrik in Betrieb genommen, in der von ca. 200-300 Personen pro Tag bis zu 100 Tonnen frischer Fisch verarbeitet werden. Der Gastgeber hat uns ausf\u00fchrlich die Produktion erl\u00e4utert und mit uns zum Abschluss ein paar H\u00e4ppchen frischen Fisch verspeist. Von da ging es weiter zu den KRKA Wasserf\u00e4llen, dem Ort, wo einst die Karl-May-Filme gedreht wurden.  Hier haben wir die volle Sch\u00f6nheit der Sch\u00f6pfung genossen: kaskadenf\u00f6rmig angeordnete Wasserf\u00e4lle, ein Bad im s\u00fc\u00dfen Nass, Klippenspringer und ein mit optischen Reizen der Natur  ausgestatteter Weg aus dem Tal in Richtung Parkplatz. Abschlie\u00dfender Kommentar von Reini zu diesem Tag: diese kroatischen Sehensw\u00fcrdigkeiten \u00fcberbieten  selbst den Flug durch den Grand-Canyon. Und am Abend gab es dann den am Morgen frisch gekauften Fisch. Bestens zubereitet mit ein, zwei Gl\u00e4schen Wein dazu.<br \/>\nDer n\u00e4chste Tag begann damit, dass Hubert nun endlich seine Reifepr\u00fcfung f\u00fcr den TV Neuhof bestanden hatte, d.h. der Vorstand, vertreten durch Thomas D. und dem Vorsitzenden des \u00c4ltestenrates Reini, gaben dem seit Monaten von Stefan geforderten Aufnahmewunsch von Hubert in den TV Neuhof endlich statt. Nach einer kleinen Einstandsfeier ging es zur \u201eSchweinebucht&#8220;. Es geht aber nicht ohne \u00dcberraschung: zum Mittag kam Marijan mit einen kleinen Traktor zum Strand und grillte f\u00fcr uns kroatische Leckereinen (Cevapcici, Lamm, Steak etc.). Nat\u00fcrlich dazu, k\u00fchles Licher Pils. Am letzten Abend bei Marijan spielte dann noch einmal Hubert auf seiner Gitarre. Zu Huberts Kl\u00e4ngen wurden  stimmgewaltig die Lieder aus unserer Heimat geschmettert.<br \/>\nNach dem uns doch schwer fallenden Abschied von Marijan und dem sch\u00f6nen Mittelmeer  sind wir dann am Samstag zum Naturpark PLITVICER Seen gefahren. Weltkulturerbe!  Hat voll seinen Namen verdient. Wir  sind ausgiebig gewandert und haben uns an der Sch\u00f6nheit der Natur erfreut. Am Abend gab es einen netten Empfang in der Herberge und zum Abschluss nochmals eine kroatische Grillplatte.<br \/>\nGut ausgeruht ging es am Sonntag Morgen in Richtung Heimat. Lothar lie\u00df es sich nicht nehmen uns noch einmal abseits der Stra\u00dfe ein wundersch\u00f6nes Fleckchen mit Wasserf\u00e4llen zu zeigen. Unter planm\u00e4\u00dfiger Einhaltung der  Pausen trafen wir dann p\u00fcnktlich um 19:55 Uhr bei Gasse ein, streiften uns unser Traditionstrikot \u00fcber und gratulierten unserem Vereinswirt zum 50igsten Geburtstag.<br \/>\nAbschlie\u00dfend bedanken wir uns bei Lothar f\u00fcr die hervorragende Organisation, bei Timo f\u00fcr die fl\u00fcssige Spende und nat\u00fcrlich bei dem ganzen Team f\u00fcr die eine Woche sehr gute Laune und Stimmung.<\/p>\n<p>Ein kleiner Auszug des Erlebnisses vermittelt Dir das beigef\u00fcgte Bildmaterial, wobei erg\u00e4nzend festzustellen ist, dass die Bildqualit\u00e4t stark von der Ansprache \u201eAmeisenschei\u00dfe&#8220; des Fotografen sicher gestellt wurde.<\/p>ngg_shortcode_0_placeholder","protected":false},"excerpt":{"rendered":"<p>Reise zur Insel PAG und zu den Jagdgr\u00fcnden von Old Shatterhand und Winnetou 8-t\u00e4gige Kroatienreise f\u00fcr Handball-AH zwischen 40 &#8211; 72 von Sonntag 17.05. bis Sonntag 24.05.2009 Von langer Hand und perfekt vorbereitet sowie mit dem Segen der jeweiligen Obrigkeit auf die Reise geschickt, starteten wir am Sonntag, 17.5. nachts um 3 Uhr und trafen [&hellip;]<\/p>\n","protected":false},"author":11,"featured_media":0,"parent":1546,"menu_order":20,"comment_status":"open","ping_status":"closed","template":"","meta":{"ngg_post_thumbnail":0,"footnotes":""},"class_list":["post-1971","page","type-page","status-publish","hentry"],"_links":{"self":[{"href":"https:\/\/www.tv-neuhof.de\/wordpress\/wp-json\/wp\/v2\/pages\/1971","targetHints":{"allow":["GET"]}}],"collection":[{"href":"https:\/\/www.tv-neuhof.de\/wordpress\/wp-json\/wp\/v2\/pages"}],"about":[{"href":"https:\/\/www.tv-neuhof.de\/wordpress\/wp-json\/wp\/v2\/types\/page"}],"author":[{"embeddable":true,"href":"https:\/\/www.tv-neuhof.de\/wordpress\/wp-json\/wp\/v2\/users\/11"}],"replies":[{"embeddable":true,"href":"https:\/\/www.tv-neuhof.de\/wordpress\/wp-json\/wp\/v2\/comments?post=1971"}],"version-history":[{"count":18,"href":"https:\/\/www.tv-neuhof.de\/wordpress\/wp-json\/wp\/v2\/pages\/1971\/revisions"}],"predecessor-version":[{"id":1989,"href":"https:\/\/www.tv-neuhof.de\/wordpress\/wp-json\/wp\/v2\/pages\/1971\/revisions\/1989"}],"up":[{"embeddable":true,"href":"https:\/\/www.tv-neuhof.de\/wordpress\/wp-json\/wp\/v2\/pages\/1546"}],"wp:attachment":[{"href":"https:\/\/www.tv-neuhof.de\/wordpress\/wp-json\/wp\/v2\/media?parent=1971"}],"curies":[{"name":"wp","href":"https:\/\/api.w.org\/{rel}","templated":true}]}}