

{"id":2,"date":"2007-12-30T14:07:08","date_gmt":"2007-12-30T13:07:08","guid":{"rendered":""},"modified":"2012-03-26T06:58:16","modified_gmt":"2012-03-26T05:58:16","slug":"about","status":"publish","type":"page","link":"https:\/\/www.tv-neuhof.de\/wordpress\/about\/","title":{"rendered":"\u00dcber uns"},"content":{"rendered":"<p>Auf diesen Seiten findet Ihr Informationen rund um die Abteilung Handball des TV Neuhof. <\/p>\n<p>Ansprechpartner f\u00fcr die Homepage sind <a href=\".\/?page_id=151\">Michael Remmert<\/a> und <a href=\".\/?page_id=812\">Thomas Diegm\u00fcller<\/a>.<\/p>\n<p>Zentraler Ansprechpartner f\u00fcr die Abteilung Handball ist <a href=\".\/?page_id=4859\">Ute Kern<\/a>.<\/p>\n<p><strong><u>Kontakt<\/u><\/strong><br \/>\nEMail: <a href=\"mailto:tvneuhof.handball@gmail.com\">tvneuhof.handball@gmail.com<\/a><br \/>\nPostadresse: Ute Kern, Tilsiter Str. 14, 36119 Neuhof<\/p>\n<p>Dies ist keine offizielle Seite des Vereins! Alles was hier ver\u00f6ffentlicht ist, ist privat und stellt nur die Meinung seiner Verfasser dar!<\/p>\n","protected":false},"excerpt":{"rendered":"<p>Auf diesen Seiten findet Ihr Informationen rund um die Abteilung Handball des TV Neuhof. Ansprechpartner f\u00fcr die Homepage sind Michael Remmert und Thomas Diegm\u00fcller. Zentraler Ansprechpartner f\u00fcr die Abteilung Handball ist Ute Kern. Kontakt EMail: tvneuhof.handball@gmail.com Postadresse: Ute Kern, Tilsiter Str. 14, 36119 Neuhof Dies ist keine offizielle Seite des Vereins! Alles was hier ver\u00f6ffentlicht [&hellip;]<\/p>\n","protected":false},"author":28,"featured_media":0,"parent":0,"menu_order":1,"comment_status":"open","ping_status":"closed","template":"","meta":{"ngg_post_thumbnail":0,"footnotes":""},"class_list":["post-2","page","type-page","status-publish","hentry"],"_links":{"self":[{"href":"https:\/\/www.tv-neuhof.de\/wordpress\/wp-json\/wp\/v2\/pages\/2","targetHints":{"allow":["GET"]}}],"collection":[{"href":"https:\/\/www.tv-neuhof.de\/wordpress\/wp-json\/wp\/v2\/pages"}],"about":[{"href":"https:\/\/www.tv-neuhof.de\/wordpress\/wp-json\/wp\/v2\/types\/page"}],"author":[{"embeddable":true,"href":"https:\/\/www.tv-neuhof.de\/wordpress\/wp-json\/wp\/v2\/users\/28"}],"replies":[{"embeddable":true,"href":"https:\/\/www.tv-neuhof.de\/wordpress\/wp-json\/wp\/v2\/comments?post=2"}],"version-history":[{"count":20,"href":"https:\/\/www.tv-neuhof.de\/wordpress\/wp-json\/wp\/v2\/pages\/2\/revisions"}],"predecessor-version":[{"id":5645,"href":"https:\/\/www.tv-neuhof.de\/wordpress\/wp-json\/wp\/v2\/pages\/2\/revisions\/5645"}],"wp:attachment":[{"href":"https:\/\/www.tv-neuhof.de\/wordpress\/wp-json\/wp\/v2\/media?parent=2"}],"curies":[{"name":"wp","href":"https:\/\/api.w.org\/{rel}","templated":true}]}}