

{"id":2091,"date":"2009-08-25T17:11:10","date_gmt":"2009-08-25T16:11:10","guid":{"rendered":"http:\/\/www.tv-neuhof.de\/wordpress\/?page_id=2091"},"modified":"2025-09-30T10:09:09","modified_gmt":"2025-09-30T08:09:09","slug":"mannliche-a-jugend","status":"publish","type":"page","link":"https:\/\/www.tv-neuhof.de\/wordpress\/unsere-mannschaften\/mannliche-a-jugend\/","title":{"rendered":"A-Jugend m\u00e4nnlich (JSG)"},"content":{"rendered":"\n<h1 class=\"wp-block-heading has-text-align-center\">Mannschaftsportrait<\/h1>\n\n\n<div class=\"wp-block-image\">\n<figure class=\"aligncenter size-full is-resized\"><a href=\"https:\/\/www.tv-neuhof.de\/wordpress\/unsere-mannschaften\/mannliche-a-jugend\/2025-a-jugend\/\"><img loading=\"lazy\" decoding=\"async\" width=\"1024\" height=\"603\" src=\"https:\/\/www.tv-neuhof.de\/wordpress\/wp-content\/uploads\/2025\/09\/2025-A-Jugend.jpg\" alt=\"\" class=\"wp-image-13393\" style=\"width:512px\" srcset=\"https:\/\/www.tv-neuhof.de\/wordpress\/wp-content\/uploads\/2025\/09\/2025-A-Jugend.jpg 1024w, https:\/\/www.tv-neuhof.de\/wordpress\/wp-content\/uploads\/2025\/09\/2025-A-Jugend-300x177.jpg 300w, https:\/\/www.tv-neuhof.de\/wordpress\/wp-content\/uploads\/2025\/09\/2025-A-Jugend-768x452.jpg 768w\" sizes=\"auto, (max-width: 1024px) 100vw, 1024px\" \/><\/a><\/figure>\n<\/div>\n\n\n<p style=\"text-align: center;\"><a href=\".\/?page_id=12616\">Saison 2022\/23 (Historie)<\/a><\/p>\n\n\n\n<table border=\"0\" cellspacing=\"5\" cellpadding=\"2\" align=\"center\">\n<tbody>\n<tr>\n<td valign=\"top\" width=\"80px\">Hinten v.l.:<\/td>\n<td>Roman Faust (Trainer), Linus Herbert, Philipp D\u00f6lp, David Heil, Leon Becker,\nSimon Merz (Trainer)<\/td>\n<\/tr>\n<tr>\n<td valign=\"top\" width=\"80px\">Vorne v.l.:<\/td>\n<td>Felix R\u00e4sch (Trainer), Nico Weigand, Louis Zechmeister, Julian Flauger, Marlon\nHack, Roman Weism\u00fcller, Justus Sch\u00f6ppner (Trainer)<\/td>\n<\/tr>\n<tr>\n<td valign=\"top\" width=\"80px\">Es fehlen:<\/td>\n<td>Ben Scheich, Emil Marburger, Felix Teubert, Finn Bartholom\u00e4, Gabriel Rodriguez,\nMaximilian Spielmann, Noel Wolf<\/td>\n<\/tr>\n<\/tbody>\n<\/table>\n<p><strong>&nbsp;<\/strong><\/p>\n\n\n\n<h1 class=\"wp-block-heading has-text-align-center\">Trainer\/Betreuer<\/h1>\n\n\n\n<table border=\"0\" align=\"center\">\n<tbody>\n<tr>\n<td align=\"center\" width=\"200\"><img loading=\"lazy\" decoding=\"async\" class=\"alignnone size-thumbnail wp-image-139 \" title=\"Bildplatzhalter\" src=\"https:\/\/www.tv-neuhof.de\/wordpress\/wp-content\/uploads\/2008\/09\/bildplatzhalter.gif\" alt=\"\" width=\"112\" height=\"125\"><br>Roman Faust<br>(Trainer)<\/td>\n<td align=\"center\" width=\"200\"><img loading=\"lazy\" decoding=\"async\" class=\"alignnone size-thumbnail wp-image-139 \" title=\"Bildplatzhalter\" src=\"https:\/\/www.tv-neuhof.de\/wordpress\/wp-content\/uploads\/2008\/09\/bildplatzhalter.gif\" alt=\"\" width=\"112\" height=\"125\"><br>Felix R\u00e4sch<br>(Trainer)<\/td>\n<td align=\"center\" width=\"200\"><img loading=\"lazy\" decoding=\"async\" class=\"alignnone size-thumbnail wp-image-139 \" title=\"Bildplatzhalter\" src=\"https:\/\/www.tv-neuhof.de\/wordpress\/wp-content\/uploads\/2008\/09\/bildplatzhalter.gif\" alt=\"\" width=\"112\" height=\"125\"><br>Simon Merz<br>(Trainer)<\/td>\n<td align=\"center\" width=\"200\"><img loading=\"lazy\" decoding=\"async\" class=\"alignnone size-thumbnail wp-image-139 \" title=\"Bildplatzhalter\" src=\"https:\/\/www.tv-neuhof.de\/wordpress\/wp-content\/uploads\/2008\/09\/bildplatzhalter.gif\" alt=\"\" width=\"112\" height=\"125\"><br>Justus Sch\u00f6ppner<br>(Trainer)<\/td>\n<\/tr>\n<tr><td><strong>&nbsp;<\/strong><\/td><\/tr>\n<tr>\n<td colspan=\"4\" align=\"center\"><a title=\"Ansprechpartner Jugendspielgemeinschaft\" href=\"https:\/\/www.tv-neuhof.de\/wordpress\/?page_id=1118#JSGContactAnker\"><b>Ansprechpartner Jugendspielgemeinschaft<\/b><\/a><\/td>\n<\/tr>\n<\/tbody>\n<\/table>\n<p><strong>&nbsp;<\/strong><\/p>\n\n\n\n<h1 class=\"wp-block-heading has-text-align-center\">Trainingszeiten<\/h1>\n\n\n\n<p style=\"text-align:center\">Dienstag, 18:00 &#8211; 19:30 Uhr &#8211; Kreissporthalle Flieden<br>Donnerstag, 17:30 &#8211; 19:00 Uhr &#8211; Schl\u00fcchtern<\/p>\n<p><strong>&nbsp;<\/strong><\/p>\n\n\n\n<h1 class=\"wp-block-heading has-text-align-center\">Altersklasse<\/h1>\n\n\n\n<p style=\"text-align:center\">17 -18<\/p>\n<p><strong>&nbsp;<\/strong><\/p>\n\n\n\n<h1 class=\"wp-block-heading has-text-align-center\">Informationen<\/h1>\n\n\n\n<h3 class=\"wp-block-heading has-text-align-center\"><u><p style=\"text-align: center;\"><a href=\"https:\/\/hhv-handball.liga.nu\/cgi-bin\/WebObjects\/nuLigaHBDE.woa\/wa\/groupPage?championship=Offenbach-Hanau+25%2F26&amp;group=421817\" target=\"_blank\" rel=\"noreferrer noopener\">Tabelle und Spielplan<\/a><\/p><\/u><\/h3>\n","protected":false},"excerpt":{"rendered":"<p>Mannschaftsportrait Saison 2022\/23 (Historie) Hinten v.l.: Roman Faust (Trainer), Linus Herbert, Philipp D\u00f6lp, David Heil, Leon Becker, Simon Merz (Trainer) Vorne v.l.: Felix R\u00e4sch (Trainer), Nico Weigand, Louis Zechmeister, Julian Flauger, Marlon Hack, Roman Weism\u00fcller, Justus Sch\u00f6ppner (Trainer) Es fehlen: Ben Scheich, Emil Marburger, Felix Teubert, Finn Bartholom\u00e4, Gabriel Rodriguez, Maximilian Spielmann, Noel Wolf &nbsp; [&hellip;]<\/p>\n","protected":false},"author":11,"featured_media":0,"parent":414,"menu_order":14,"comment_status":"closed","ping_status":"closed","template":"","meta":{"ngg_post_thumbnail":0,"footnotes":""},"class_list":["post-2091","page","type-page","status-publish","hentry"],"_links":{"self":[{"href":"https:\/\/www.tv-neuhof.de\/wordpress\/wp-json\/wp\/v2\/pages\/2091","targetHints":{"allow":["GET"]}}],"collection":[{"href":"https:\/\/www.tv-neuhof.de\/wordpress\/wp-json\/wp\/v2\/pages"}],"about":[{"href":"https:\/\/www.tv-neuhof.de\/wordpress\/wp-json\/wp\/v2\/types\/page"}],"author":[{"embeddable":true,"href":"https:\/\/www.tv-neuhof.de\/wordpress\/wp-json\/wp\/v2\/users\/11"}],"replies":[{"embeddable":true,"href":"https:\/\/www.tv-neuhof.de\/wordpress\/wp-json\/wp\/v2\/comments?post=2091"}],"version-history":[{"count":108,"href":"https:\/\/www.tv-neuhof.de\/wordpress\/wp-json\/wp\/v2\/pages\/2091\/revisions"}],"predecessor-version":[{"id":13396,"href":"https:\/\/www.tv-neuhof.de\/wordpress\/wp-json\/wp\/v2\/pages\/2091\/revisions\/13396"}],"up":[{"embeddable":true,"href":"https:\/\/www.tv-neuhof.de\/wordpress\/wp-json\/wp\/v2\/pages\/414"}],"wp:attachment":[{"href":"https:\/\/www.tv-neuhof.de\/wordpress\/wp-json\/wp\/v2\/media?parent=2091"}],"curies":[{"name":"wp","href":"https:\/\/api.w.org\/{rel}","templated":true}]}}