

{"id":212,"date":"2008-11-04T08:21:38","date_gmt":"2008-11-04T07:21:38","guid":{"rendered":"http:\/\/www.tv-neuhof.de\/wordpress\/?page_id=212"},"modified":"2024-10-23T11:02:53","modified_gmt":"2024-10-23T09:02:53","slug":"jorg-hillenbrand","status":"publish","type":"page","link":"https:\/\/www.tv-neuhof.de\/wordpress\/about\/kontakte\/kontaktdetails\/jorg-hillenbrand\/","title":{"rendered":"J\u00f6rg Hillenbrand"},"content":{"rendered":"\n<table border=\"2\" rules=\"none\" cellspacing=\"10\">\n<tbody>\n<tr>\n<th rowspan=\"3\"><img loading=\"lazy\" decoding=\"async\" class=\"alignnone size-thumbnail wp-image-5124\" title=\"J\u00f6rg Hillenbrand 2010\" src=\"https:\/\/www.tv-neuhof.de\/wordpress\/wp-content\/uploads\/2008\/11\/J\u00f6rg-Hillenbrand-2010.jpg\" alt=\"\" width=\"178\" height=\"180\"><\/th>\n<td width=\"60\">Name:<\/td>\n<td width=\"250\">J\u00f6rg Hillenbrand<\/td>\n<\/tr>\n<tr>\n<td>Kontakt:<\/td>\n<td>+49 6655 96100<br><a href=\"mailto:joerg.hillenbrand@hillenbrand-metall.de\">joerg.hillenbrand@hillenbrand-metall.de<\/a><\/td>\n<\/tr>\n<tr>\n<td>T\u00e4tigkeit:<\/td>\n<td>Veranstaltungsbeauftragter<\/td>\n<\/tr>\n<\/tbody>\n<\/table>\n<p><br><a href=\"javascript:history.back()\">&lt;&#8211;Zur\u00fcck<\/a><\/p>\n","protected":false},"excerpt":{"rendered":"<p>Name: J\u00f6rg Hillenbrand Kontakt: +49 6655 96100joerg.hillenbrand@hillenbrand-metall.de T\u00e4tigkeit: Veranstaltungsbeauftragter &lt;&#8211;Zur\u00fcck<\/p>\n","protected":false},"author":11,"featured_media":0,"parent":3641,"menu_order":8,"comment_status":"closed","ping_status":"closed","template":"","meta":{"ngg_post_thumbnail":0,"footnotes":""},"class_list":["post-212","page","type-page","status-publish","hentry"],"_links":{"self":[{"href":"https:\/\/www.tv-neuhof.de\/wordpress\/wp-json\/wp\/v2\/pages\/212","targetHints":{"allow":["GET"]}}],"collection":[{"href":"https:\/\/www.tv-neuhof.de\/wordpress\/wp-json\/wp\/v2\/pages"}],"about":[{"href":"https:\/\/www.tv-neuhof.de\/wordpress\/wp-json\/wp\/v2\/types\/page"}],"author":[{"embeddable":true,"href":"https:\/\/www.tv-neuhof.de\/wordpress\/wp-json\/wp\/v2\/users\/11"}],"replies":[{"embeddable":true,"href":"https:\/\/www.tv-neuhof.de\/wordpress\/wp-json\/wp\/v2\/comments?post=212"}],"version-history":[{"count":42,"href":"https:\/\/www.tv-neuhof.de\/wordpress\/wp-json\/wp\/v2\/pages\/212\/revisions"}],"predecessor-version":[{"id":13098,"href":"https:\/\/www.tv-neuhof.de\/wordpress\/wp-json\/wp\/v2\/pages\/212\/revisions\/13098"}],"up":[{"embeddable":true,"href":"https:\/\/www.tv-neuhof.de\/wordpress\/wp-json\/wp\/v2\/pages\/3641"}],"wp:attachment":[{"href":"https:\/\/www.tv-neuhof.de\/wordpress\/wp-json\/wp\/v2\/media?parent=212"}],"curies":[{"name":"wp","href":"https:\/\/api.w.org\/{rel}","templated":true}]}}