

{"id":2308,"date":"2009-09-13T12:34:19","date_gmt":"2009-09-13T11:34:19","guid":{"rendered":"http:\/\/www.tv-neuhof.de\/wordpress\/?page_id=2308"},"modified":"2012-09-18T11:49:57","modified_gmt":"2012-09-18T10:49:57","slug":"spielberichte","status":"publish","type":"page","link":"https:\/\/www.tv-neuhof.de\/wordpress\/about\/beitrag-schreiben\/beitragserstellung\/spielberichte\/","title":{"rendered":"Spielberichte"},"content":{"rendered":"<p>Hier ein paar Tipps zur Formatierung und Einsortierung von Spielberichten:<\/p>\n<ol>\n<li>Der Titel sollte immer in dem folgenden Format eingegeben werden:<br \/>\nWer: Mannschaft &#8211; Mannschaft Endergebnis (Halbzeitergebnis)<br \/>\nM\u00e4nnl. D-Jugend: TV Neuhof &#8211; Gro\u00dfenl\u00fcder 7:16 (1:7)<br \/>\nHerren I: TV Neuhof &#8211; TLV Eichenzell 15:15 (6:6)<\/li>\n<li>Berichte mit mehr als 10 Zeilen und\/oder mit Bildern sollten nach 2-3 Zeilen durch das &#8222;more-Tag&#8220; getrennt werden. Dazu dr\u00fcckt Ihr nach der betreffenden Zeile einfach die Eingabetaste (Enter) und klickt auf dieses Icon <img loading=\"lazy\" decoding=\"async\" class=\"alignnone size-full wp-image-2311\" title=\"more-tag-icon\" src=\"https:\/\/www.tv-neuhof.de\/wordpress\/wp-content\/uploads\/2009\/09\/more-tag-icon.gif\" alt=\"\" width=\"28\" height=\"26\" \/>. Danach habt Ihr eine solche Zeile in Eurem Bericht:<br \/>\n<a href=\"https:\/\/www.tv-neuhof.de\/wordpress\/wp-content\/uploads\/2009\/09\/more-tag-zeile.gif\"><img loading=\"lazy\" decoding=\"async\" class=\"alignnone size-medium wp-image-2312\" title=\"more-tag-zeile\" src=\"https:\/\/www.tv-neuhof.de\/wordpress\/wp-content\/uploads\/2009\/09\/more-tag-zeile-300x20.gif\" alt=\"\" width=\"300\" height=\"20\" \/><\/a><br \/>\nAlles was vor dieser Zeile steht, sieht man in der \u00dcbersicht und  dadurch stehen mehr Berichte auf der Startseite.<\/li>\n<li>Bei den &#8218;Tags&#8216; w\u00e4hlt Ihr die betreffende Mannschaft und &#8222;Spielbericht&#8220; aus.<br \/>\nGebt dazu einfach die ersten 2-3 Buchstaben, z.b. &#8222;he&#8220; f\u00fcr Herren ein. Dann erscheint eine Auswahlliste und Ihr k\u00f6nnt &#8222;Herren&#8220; ausw\u00e4hlen.<br \/>\n<img loading=\"lazy\" decoding=\"async\" class=\"alignnone size-medium wp-image-2318\" title=\"tag-eingabe\" src=\"https:\/\/www.tv-neuhof.de\/wordpress\/wp-content\/uploads\/2009\/09\/tag-eingabe.gif\" alt=\"\" width=\"263\" height=\"91\" \/><br \/>\nMit dem Pluszeichen f\u00fcgt Ihr dann den Tag zu dem Artikel hinzu.  F\u00fcr &#8222;Spielbericht&#8220; &#8222;Sp&#8220; eingeben.<br \/>\n<img loading=\"lazy\" decoding=\"async\" class=\"alignnone size-full wp-image-2319\" title=\"tag-beispiel\" src=\"https:\/\/www.tv-neuhof.de\/wordpress\/wp-content\/uploads\/2009\/09\/tag-beispiel.gif\" alt=\"\" width=\"249\" height=\"41\" \/><\/li>\n<li>Bei den &#8218;Kategorien&#8216; w\u00e4hlt Ihr auch die betreffende Mannschaft und &#8222;Spielbericht&#8220; aus.<br \/>\nDadurch werden dann alle Spielberichte in der Kategorie &#8222;Spielberichte&#8220; und auch in der Kategorie der betreffenden Mannschaft angezeigt.<br \/>\n<a href=\"https:\/\/www.tv-neuhof.de\/wordpress\/wp-content\/uploads\/2009\/09\/more-tag-zeile.gif\"><br \/>\n<\/a><img decoding=\"async\" src=\"file:\/\/\/C:\/DOKUME~1\/FAM~1.REM\/LOKALE~1\/Temp\/moz-screenshot.png\" alt=\"\" \/><img decoding=\"async\" src=\"file:\/\/\/C:\/DOKUME~1\/FAM~1.REM\/LOKALE~1\/Temp\/moz-screenshot-1.png\" alt=\"\" \/><\/li>\n<\/ol>\n","protected":false},"excerpt":{"rendered":"<p>Hier ein paar Tipps zur Formatierung und Einsortierung von Spielberichten: Der Titel sollte immer in dem folgenden Format eingegeben werden: Wer: Mannschaft &#8211; Mannschaft Endergebnis (Halbzeitergebnis) M\u00e4nnl. D-Jugend: TV Neuhof &#8211; Gro\u00dfenl\u00fcder 7:16 (1:7) Herren I: TV Neuhof &#8211; TLV Eichenzell 15:15 (6:6) Berichte mit mehr als 10 Zeilen und\/oder mit Bildern sollten nach 2-3 [&hellip;]<\/p>\n","protected":false},"author":11,"featured_media":0,"parent":6026,"menu_order":73,"comment_status":"closed","ping_status":"closed","template":"","meta":{"ngg_post_thumbnail":0,"footnotes":""},"class_list":["post-2308","page","type-page","status-publish","hentry"],"_links":{"self":[{"href":"https:\/\/www.tv-neuhof.de\/wordpress\/wp-json\/wp\/v2\/pages\/2308","targetHints":{"allow":["GET"]}}],"collection":[{"href":"https:\/\/www.tv-neuhof.de\/wordpress\/wp-json\/wp\/v2\/pages"}],"about":[{"href":"https:\/\/www.tv-neuhof.de\/wordpress\/wp-json\/wp\/v2\/types\/page"}],"author":[{"embeddable":true,"href":"https:\/\/www.tv-neuhof.de\/wordpress\/wp-json\/wp\/v2\/users\/11"}],"replies":[{"embeddable":true,"href":"https:\/\/www.tv-neuhof.de\/wordpress\/wp-json\/wp\/v2\/comments?post=2308"}],"version-history":[{"count":7,"href":"https:\/\/www.tv-neuhof.de\/wordpress\/wp-json\/wp\/v2\/pages\/2308\/revisions"}],"predecessor-version":[{"id":6033,"href":"https:\/\/www.tv-neuhof.de\/wordpress\/wp-json\/wp\/v2\/pages\/2308\/revisions\/6033"}],"up":[{"embeddable":true,"href":"https:\/\/www.tv-neuhof.de\/wordpress\/wp-json\/wp\/v2\/pages\/6026"}],"wp:attachment":[{"href":"https:\/\/www.tv-neuhof.de\/wordpress\/wp-json\/wp\/v2\/media?parent=2308"}],"curies":[{"name":"wp","href":"https:\/\/api.w.org\/{rel}","templated":true}]}}