

{"id":2423,"date":"2009-09-15T18:11:34","date_gmt":"2009-09-15T17:11:34","guid":{"rendered":"http:\/\/www.tv-neuhof.de\/wordpress\/?page_id=2423"},"modified":"2024-10-13T14:45:22","modified_gmt":"2024-10-13T12:45:22","slug":"200708-2","status":"publish","type":"page","link":"https:\/\/www.tv-neuhof.de\/wordpress\/about\/historisches\/mannschaftsfotos\/200708-2\/","title":{"rendered":"2007\/08"},"content":{"rendered":"\n<h1 class=\"wp-block-heading has-text-align-center\">Herren I<\/h1>\n\n\n<div class=\"wp-block-image\">\n<figure class=\"aligncenter size-full is-resized\"><a href=\"https:\/\/www.tv-neuhof.de\/wordpress\/unsere-mannschaften\/herren-mannschaft-20072008\/herren-mannschaft-20072007\/\"><img decoding=\"async\" src=\"https:\/\/www.tv-neuhof.de\/wordpress\/wp-content\/uploads\/2008\/09\/herren2007-2008.jpg\" alt=\"\" class=\"wp-image-124\" style=\"width:512px\"\/><\/a><\/figure>\n<\/div>\n\n\n<table border=\"0\" cellspacing=\"5\" cellpadding=\"2\" align=\"center\"><tbody><tr><td>Hinten v.l.:<\/td><td>Rainer Diegm\u00fcller (Spieler-Trainer), Charly Schulz, Peter Kaib, Veit Vogel, Stefan Enders<\/td><\/tr><tr><td>Mitten v.l.:<\/td><td>Stefan Trost, Kai N\u00fcchter, Markus M\u00fcller, Norbert Kern, J\u00fcrgen Sch\u00e4fer<\/td><\/tr><tr><td>Vorne v.l.:<\/td><td>Martin Kress, Peter Vamberg, Michael Remmert, Bernd Pietzko, Werner Trost<\/td><\/tr><\/tbody><\/table>\n<p><strong>&nbsp;<\/strong><\/p>\n\n\n\n<h1 class=\"wp-block-heading has-text-align-center\">D-Jugend m\u00e4nnlich<\/h1>\n\n\n<div class=\"wp-block-image\">\n<figure class=\"aligncenter size-full is-resized\"><a href=\"https:\/\/www.tv-neuhof.de\/wordpress\/unsere-mannschaften\/mannliche-d-jugend-20072008\/mannliche-d-jugend-20072008-2\/\"><img decoding=\"async\" src=\"https:\/\/www.tv-neuhof.de\/wordpress\/wp-content\/uploads\/2008\/02\/md-jugend.jpg\" alt=\"\" class=\"wp-image-31\" style=\"width:512px\"\/><\/a><\/figure>\n<\/div>\n\n\n<table border=\"0\" cellspacing=\"5\" cellpadding=\"2\" align=\"center\"><tbody><tr><td>Trainer v.l.:<\/td><td>Johannes Engel, Steffi Sallmann, Stefan Enders, Norbert Kern, es fehlt Fabian Benkner<\/td><\/tr><tr><td>Stehend v.l.:<\/td><td>Eddi Zamfir, Dominik We\u00df, Leonard Hack, Patrick Heil, Marcel Sch\u00e4fer<\/td><\/tr><tr><td>Kniend v.l.:<\/td><td>Fabian Romeis, Paul Ernst, Jannik Enders, Julian Kl\u00fch, Christian Remmert, Robin Haschke, Marius M\u00f6ller, Sebastian Happ<\/td><\/tr><tr><td>Es fehlen:<\/td><td>Marcel Rehm, Sebastian Helker<\/td><\/tr><\/tbody><\/table>\n<p><strong>&nbsp;<\/strong><\/p>\n\n\n\n<h1 class=\"wp-block-heading has-text-align-center\"><strong>D-Jugend weiblich<\/strong><\/h1>\n\n\n<div class=\"wp-block-image\">\n<figure class=\"aligncenter size-full is-resized\"><a href=\"https:\/\/www.tv-neuhof.de\/wordpress\/unsere-mannschaften\/weibliche-d-jugend-20072008\/weibliche-d-jugend-20072008\/\"><img decoding=\"async\" src=\"https:\/\/www.tv-neuhof.de\/wordpress\/wp-content\/uploads\/2008\/02\/wd-jugend.jpg\" alt=\"\" class=\"wp-image-33\" style=\"width:512px\"\/><\/a><\/figure>\n<\/div>\n\n\n<table border=\"0\" cellspacing=\"5\" cellpadding=\"2\" align=\"center\"><tbody><tr><td>Trainer v.l.:<\/td><td>Johannes Engel, Steffi Sallmann, Stefan Enders, Norbert Kern, es fehlt Fabian Benkner<\/td><\/tr><tr><td>Stehend v.l.:<\/td><td>Aileen Ruppel, Franziska Kern, Michelle Grefer, Antonia Kulla<\/td><\/tr><tr><td>Kniend v.l.:<\/td><td>Deborah Schneider, Jaqueline M\u00fcck, Ann-Kristin Krah, Nadine Diegelmann<\/td><\/tr><tr><td>Es fehlen:<\/td><td>Rieke Heurich, Mareike Auth, Anna-Lena Engel, Helena M\u00f6ller<\/td><\/tr><\/tbody><\/table>\n<p><strong>&nbsp;<\/strong><\/p>\n\n\n\n<h1 class=\"wp-block-heading has-text-align-center\"><strong>E-Jugend<\/strong><\/h1>\n\n\n<div class=\"wp-block-image\">\n<figure class=\"aligncenter size-full is-resized\"><a href=\"https:\/\/www.tv-neuhof.de\/wordpress\/unsere-mannschaften\/e-jugend\/e-jugend-20072008\/\"><img decoding=\"async\" src=\"https:\/\/www.tv-neuhof.de\/wordpress\/wp-content\/uploads\/2008\/09\/e-jugend-2007-2008.JPG\" alt=\"\" class=\"wp-image-128\" style=\"width:512px\"\/><\/a><\/figure>\n<\/div>\n\n\n<table border=\"0\" cellspacing=\"5\" cellpadding=\"2\" align=\"center\"><tbody><tr><td>Trainer v.l.:<\/td><td>Rossi Haas, Michael Remmert, Heike Trost<\/td><\/tr><tr><td>Stehend v.l.:<\/td><td>Felix M\u00f6ller, Niklas Vogel, Elisabeth Assmann, Antonia Kulla, Dominic B\u00f6schen<\/td><\/tr><tr><td>Kniend v.l.:<\/td><td>Jonathan Schad, Jan Leitsch, Jonas Leitsch, Johannes Kulla, Alexander Remmert<\/td><\/tr><\/tbody><\/table>\n<p><strong>&nbsp;<\/strong><\/p>\n\n\n\n<h2 class=\"wp-block-heading has-text-align-center\">F-Jugend<\/h2>\n\n\n<div class=\"wp-block-image\">\n<figure class=\"aligncenter size-full is-resized\"><a href=\"https:\/\/www.tv-neuhof.de\/wordpress\/unsere-mannschaften\/f-jugend\/f-jugend-20072008\/\"><img decoding=\"async\" src=\"https:\/\/www.tv-neuhof.de\/wordpress\/wp-content\/uploads\/2008\/09\/f-jugend-2007-2008.jpg\" alt=\"\" class=\"wp-image-142\" style=\"width:512px\"\/><\/a><\/figure>\n<\/div>\n\n\n<table border=\"0\" cellspacing=\"5\" cellpadding=\"2\" align=\"center\"><tbody><tr><td>Stehend v.l.:<\/td><td>Sabine Schmitt (Trainerin), Pauline Bach, Lea Diegelmann, Leonie Odenwald, Jannis Diegelmann, Tim Benkner, Samoel Schad, Manuel Betz, Anna-Lena Heil (Trainerin)<\/td><\/tr><tr><td>Kniend v.l.:<\/td><td>Niklas Belika,Lorenz Heil, Thorben Weisensee, Leonie Brunner, Julia M\u00fcller, Louisa Kulla, Lorenz Borngr\u00e4ber<\/td><\/tr><tr><td>Es fehlen:<\/td><td>Luca- Marie Engel, Justin Odenwald, Rene Kl\u00fch, Felix Pappert, Leon M\u00fcller, Janick Stiefele, Ariane Benkner (Trainerin)<\/td><\/tr><\/tbody><\/table>\n<p><strong>&nbsp;<\/strong><\/p>\n","protected":false},"excerpt":{"rendered":"<p>Herren I Hinten v.l.: Rainer Diegm\u00fcller (Spieler-Trainer), Charly Schulz, Peter Kaib, Veit Vogel, Stefan Enders Mitten v.l.: Stefan Trost, Kai N\u00fcchter, Markus M\u00fcller, Norbert Kern, J\u00fcrgen Sch\u00e4fer Vorne v.l.: Martin Kress, Peter Vamberg, Michael Remmert, Bernd Pietzko, Werner Trost &nbsp; D-Jugend m\u00e4nnlich Trainer v.l.: Johannes Engel, Steffi Sallmann, Stefan Enders, Norbert Kern, es fehlt Fabian [&hellip;]<\/p>\n","protected":false},"author":11,"featured_media":0,"parent":2399,"menu_order":2007,"comment_status":"closed","ping_status":"closed","template":"","meta":{"ngg_post_thumbnail":0,"footnotes":""},"class_list":["post-2423","page","type-page","status-publish","hentry"],"_links":{"self":[{"href":"https:\/\/www.tv-neuhof.de\/wordpress\/wp-json\/wp\/v2\/pages\/2423","targetHints":{"allow":["GET"]}}],"collection":[{"href":"https:\/\/www.tv-neuhof.de\/wordpress\/wp-json\/wp\/v2\/pages"}],"about":[{"href":"https:\/\/www.tv-neuhof.de\/wordpress\/wp-json\/wp\/v2\/types\/page"}],"author":[{"embeddable":true,"href":"https:\/\/www.tv-neuhof.de\/wordpress\/wp-json\/wp\/v2\/users\/11"}],"replies":[{"embeddable":true,"href":"https:\/\/www.tv-neuhof.de\/wordpress\/wp-json\/wp\/v2\/comments?post=2423"}],"version-history":[{"count":28,"href":"https:\/\/www.tv-neuhof.de\/wordpress\/wp-json\/wp\/v2\/pages\/2423\/revisions"}],"predecessor-version":[{"id":13055,"href":"https:\/\/www.tv-neuhof.de\/wordpress\/wp-json\/wp\/v2\/pages\/2423\/revisions\/13055"}],"up":[{"embeddable":true,"href":"https:\/\/www.tv-neuhof.de\/wordpress\/wp-json\/wp\/v2\/pages\/2399"}],"wp:attachment":[{"href":"https:\/\/www.tv-neuhof.de\/wordpress\/wp-json\/wp\/v2\/media?parent=2423"}],"curies":[{"name":"wp","href":"https:\/\/api.w.org\/{rel}","templated":true}]}}