

{"id":256,"date":"2008-11-04T11:45:42","date_gmt":"2008-11-04T10:45:42","guid":{"rendered":"http:\/\/www.tv-neuhof.de\/wordpress\/?page_id=256"},"modified":"2025-11-11T10:50:02","modified_gmt":"2025-11-11T09:50:02","slug":"damen-mannschaft-i","status":"publish","type":"page","link":"https:\/\/www.tv-neuhof.de\/wordpress\/unsere-mannschaften\/damen-mannschaft-i\/","title":{"rendered":"Damen"},"content":{"rendered":"\n<h1 class=\"wp-block-heading has-text-align-center\">Mannschaftsportrait<\/h1>\n\n\n<div class=\"wp-block-image\">\n<figure class=\"aligncenter size-full is-resized\"><a href=\"https:\/\/www.tv-neuhof.de\/wordpress\/2025-damen\/\" target=\"_blank\" rel=\"noreferrer noopener\"><img loading=\"lazy\" decoding=\"async\" width=\"1024\" height=\"680\" src=\"https:\/\/www.tv-neuhof.de\/wordpress\/wp-content\/uploads\/2025\/11\/2025-Damen.jpg\" alt=\"\" class=\"wp-image-13520\" style=\"width:512px;height:undefinedpx\" srcset=\"https:\/\/www.tv-neuhof.de\/wordpress\/wp-content\/uploads\/2025\/11\/2025-Damen.jpg 1024w, https:\/\/www.tv-neuhof.de\/wordpress\/wp-content\/uploads\/2025\/11\/2025-Damen-300x199.jpg 300w, https:\/\/www.tv-neuhof.de\/wordpress\/wp-content\/uploads\/2025\/11\/2025-Damen-768x510.jpg 768w\" sizes=\"auto, (max-width: 1024px) 100vw, 1024px\" \/><\/a><\/figure>\n<\/div>\n\n\n<p style=\"text-align: center;\"><a href=\".\/?page_id=13374\">Saison 2024\/25 (Historie)<\/a><\/p>\n\n\n\n<table border=\"0\" cellspacing=\"5\" cellpadding=\"2\" align=\"center\">\n<tbody>\n<tr>\n<td valign=\"top\" width=\"80px\">Hinten v.l.:<\/td>\n<td>Christopher Auth (Trainer), Leonie Brunner, Miriam Benkner-Andr\u00e9, Marie Sch\u00f6nherr, Franziska Vietense, Isabell Roesler<\/td>\n<\/tr>\n<tr>\n<td valign=\"top\" width=\"80px\">Vorne v.l.:<\/td>\n<td>Sophie R\u00e4sch, Paula Neumann, Julia M\u00fcller, Laura Wa\u00dfmuth, Lena Haas, Alida Maxand, Antonia Kulla, Anna-Lena Heil<\/td>\n<\/tr>\n<tr>\n<td valign=\"top\">Es fehlen:<\/td>\n<td>Annika Wenzel, Franziska Kern, Inka Peters, Laura Fiterer, Luisa Wolf, Michelle Koch, Paulin Haas, Ronja Enders, Mattea Benkner<\/td>\n<\/tr>\n<\/tbody>\n<\/table>\n<p><strong>&nbsp;<\/strong><\/p>\n\n\n\n<h1 class=\"wp-block-heading has-text-align-center\">Trainer<\/h1>\n\n\n\n<table border=\"0\" align=\"center\">\n<tbody>\n<tr>\n<td align=\"center\" width=\"200\"><a href=\".\/?page_id=12238\"><img loading=\"lazy\" decoding=\"async\" class=\"alignnone size-thumbnail wp-image-139 \" title=\"Bildplatzhalter\" src=\"https:\/\/www.tv-neuhof.de\/wordpress\/wp-content\/uploads\/2008\/09\/bildplatzhalter.gif\" alt=\"\" width=\"112\" height=\"125\"><br>Christopher Auth<br>(Trainer)<\/a><\/td>\n<td align=\"center\" width=\"200\"><img loading=\"lazy\" decoding=\"async\" class=\"alignnone size-thumbnail wp-image-139 \" title=\"Bildplatzhalter\" src=\"https:\/\/www.tv-neuhof.de\/wordpress\/wp-content\/uploads\/2008\/09\/bildplatzhalter.gif\" alt=\"\" width=\"112\" height=\"125\"><br>Tim Eisenstein<br>(Betreuer)<\/td>\n<td align=\"center\" width=\"200\"><img loading=\"lazy\" decoding=\"async\" class=\"alignnone size-thumbnail wp-image-139 \" title=\"Bildplatzhalter\" src=\"https:\/\/www.tv-neuhof.de\/wordpress\/wp-content\/uploads\/2008\/09\/bildplatzhalter.gif\" alt=\"\" width=\"112\" height=\"125\"><br>Winfried Schmitt<br>(Betreuer)<\/td>\n<\/tr>\n<\/tbody>\n<\/table>\n<p><strong>&nbsp;<\/strong><\/p>\n\n\n\n<h1 class=\"wp-block-heading has-text-align-center\">Trainingszeiten<\/h1>\n\n\n\n<p style=\"text-align:center\">Mittwoch, 19:00 &#8211; 20:30 Uhr<br>Freitag, 19:00 &#8211; 20:30 Uhr<br>Kreissporthalle an der Johannes-Kepler-Schule Neuhof<\/p>\n<p><strong>&nbsp;<\/strong><\/p>\n\n\n\n<h1 class=\"wp-block-heading has-text-align-center\">Information<\/h1>\n\n\n\n<p style=\"text-align:center\">Bei uns k\u00f6nnen M\u00e4dchen ab 16 Jahren mitspielen.<\/p>\n\n\n\n<h3 class=\"wp-block-heading\"><u><p style=\"text-align: center;\"><a href=\"https:\/\/hhv-handball.liga.nu\/cgi-bin\/WebObjects\/nuLigaHBDE.woa\/wa\/groupPage?championship=Melsungen-Fulda+25%2F26&amp;group=421850\" target=\"_blank\" rel=\"noreferrer noopener\">Tabelle und Spielplan<\/a><\/p><\/u><\/h3>\n","protected":false},"excerpt":{"rendered":"<p>Mannschaftsportrait Saison 2024\/25 (Historie) Hinten v.l.: Christopher Auth (Trainer), Leonie Brunner, Miriam Benkner-Andr\u00e9, Marie Sch\u00f6nherr, Franziska Vietense, Isabell Roesler Vorne v.l.: Sophie R\u00e4sch, Paula Neumann, Julia M\u00fcller, Laura Wa\u00dfmuth, Lena Haas, Alida Maxand, Antonia Kulla, Anna-Lena Heil Es fehlen: Annika Wenzel, Franziska Kern, Inka Peters, Laura Fiterer, Luisa Wolf, Michelle Koch, Paulin Haas, Ronja Enders, [&hellip;]<\/p>\n","protected":false},"author":11,"featured_media":0,"parent":414,"menu_order":12,"comment_status":"closed","ping_status":"closed","template":"","meta":{"ngg_post_thumbnail":0,"footnotes":""},"class_list":["post-256","page","type-page","status-publish","hentry"],"_links":{"self":[{"href":"https:\/\/www.tv-neuhof.de\/wordpress\/wp-json\/wp\/v2\/pages\/256","targetHints":{"allow":["GET"]}}],"collection":[{"href":"https:\/\/www.tv-neuhof.de\/wordpress\/wp-json\/wp\/v2\/pages"}],"about":[{"href":"https:\/\/www.tv-neuhof.de\/wordpress\/wp-json\/wp\/v2\/types\/page"}],"author":[{"embeddable":true,"href":"https:\/\/www.tv-neuhof.de\/wordpress\/wp-json\/wp\/v2\/users\/11"}],"replies":[{"embeddable":true,"href":"https:\/\/www.tv-neuhof.de\/wordpress\/wp-json\/wp\/v2\/comments?post=256"}],"version-history":[{"count":169,"href":"https:\/\/www.tv-neuhof.de\/wordpress\/wp-json\/wp\/v2\/pages\/256\/revisions"}],"predecessor-version":[{"id":13521,"href":"https:\/\/www.tv-neuhof.de\/wordpress\/wp-json\/wp\/v2\/pages\/256\/revisions\/13521"}],"up":[{"embeddable":true,"href":"https:\/\/www.tv-neuhof.de\/wordpress\/wp-json\/wp\/v2\/pages\/414"}],"wp:attachment":[{"href":"https:\/\/www.tv-neuhof.de\/wordpress\/wp-json\/wp\/v2\/media?parent=256"}],"curies":[{"name":"wp","href":"https:\/\/api.w.org\/{rel}","templated":true}]}}