

{"id":3,"date":"2007-12-30T15:16:58","date_gmt":"2007-12-30T14:16:58","guid":{"rendered":"http:\/\/www.tv-neuhof.de\/wordpress\/?page_id=3"},"modified":"2008-11-16T12:29:13","modified_gmt":"2008-11-16T11:29:13","slug":"chronik-des-tv-neuhof","status":"publish","type":"page","link":"https:\/\/www.tv-neuhof.de\/wordpress\/about\/chronik-des-tv-neuhof\/","title":{"rendered":"Chronik des TV Neuhof"},"content":{"rendered":"<p><!--  \t\t@page { size: 21cm 29.7cm; margin: 2cm } \t\tP { margin-bottom: 0cm } \t\tP.western { font-size: 18pt } \t\tP.cjk { font-size: 18pt } --><\/p>\n<p align=\"center\"><span style=\"font-family: Lucida Handwriting,cursive;\"><span style=\"font-size: large;\"><strong>Chronik des TV Jahn Neuhof 1908 e. V.<\/strong><\/span><\/span><\/p>\n<p class=\"western\"><span style=\"font-size: small;\">Im Sommer 1908 wurde ein Turnerwettstreit in Fulda ausgetragen. Dies war f\u00fcr 10 M\u00e4nner aus Neuhof der Anlass, einen Turnverein ins Leben zu rufen.<\/span><\/p>\n<p class=\"western\"><span style=\"font-size: small;\">Am 1. Oktober 1908 gr\u00fcndeten diese 10 M\u00e4nner im Gasthaus \u201eZum wei\u00dfen Hirsch\u201c den Turnverein Jahn Neuhof. Unter den Gr\u00fcndungsmitgliedern befand sich unter anderem der damalige B\u00fcrgermeister von Ellers, Herr Emil M\u00f6ller. Er wurde in dieser Versammlung zum 1. Vorsitzenden des Vereins gew\u00e4hlt. Die anderen neun Gr\u00fcndungsmitglieder waren: <\/span><\/p>\n<p class=\"western\"><span style=\"font-size: small;\">Ludwig Suffa, Konrad Schr\u00f6der, Gustav Sch\u00fctze, August Weiland, Josef Feldmann, Amandus Diegelmann, Ferdinand M\u00f6ller, August Heil und Johann Demmel.<\/span><\/p>\n<p class=\"western\"><span style=\"font-size: small;\">Bis zum 1. Weltkrieg und noch in den ersten Jahren des Krieges bl\u00fchte das Leben des Vereins und zeichnete sich durch eine rege und best\u00e4ndige Arbeit, sowie wachsende Mitgliederzahlen aus. Durch die Dauer und die H\u00e4rte des Krieges kam das Vereinsleben vollst\u00e4ndig zum erliegen. Erst nach dem 1. Weltkrieg und der schweren Nachkriegszeit wurde das Vereinsleben im Jahr 1925 durch die Initiative von Herrn H\u00fcther wieder aufgenommen, insbesondere durch den Anschluss des Turnvereins Dorfborn.<\/span><\/p>\n<p class=\"western\"><span style=\"font-size: small;\">In den zwanziger und drei\u00dfiger Jahren wurden dann neben dem bisher ausschlie\u00dflichen Turnen auch Handball und Leichtathletik angeboten. <\/span><\/p>\n<p class=\"western\"><span style=\"font-size: small;\">W\u00e4hrend der Nazi-Zeit mussten sich der Turn- und der Sportverein im Jahr 1935zu einem Verein f\u00fcr Leibes\u00fcbungen (VfL-Neuhof) zusammenschlie\u00dfen.<\/span><\/p>\n<p class=\"western\"><span style=\"font-size: small;\">Nach dem 2. Weltkrieg wurden die Vereine zun\u00e4chst vom Alliierten Kontrollrat durch Gesetz verboten. Nach Lockerung  dieses Gesetzes konnte im Jahr 1950 der Turnverein Jahn Neuhof wieder ins Leben gerufen werden. Die Mitgliederlisten verzeichneten im Ortsteil Ellers 166 Mitglieder, im Ortsteil Neustadt 51 Mitglieder, im Ortsteil Opperz 86 Mitglieder und 10 ausw\u00e4rtige Mitglieder, also insgesamt 313 Mitglieder.<\/span><\/p>\n<p class=\"western\"><span style=\"font-size: small;\">Ab den 60er Jahren wurden folgende eigenst\u00e4ndige Abteilungen gegr\u00fcndet. 1960 die Abteilung Handball und 1962 die Abteilung Fu\u00dfball. Im Jahr 1971 schlossen sich die Leichtathleten der SG Rommerz unserem Verein an und auch hier entstand eine eigenst\u00e4ndige Abteilung. 1976 wurde die Judo-Abteilung gegr\u00fcndet. <\/span><\/p>\n<p class=\"western\"><span style=\"font-size: small;\">Die Turnabteilung besteht heute aus verschiedenen Untergruppierungen, wie das Jedermann-Turnen, das Kinder-Turnen, Gymnastik-Gruppe Damen, Aerobic und eine Leistungsriege. Diese Gruppen wurden im Laufe der letzten 25 Jahre gegr\u00fcndet, zuletzt die Aerobic-Gruppe im Jahr 1992 und die Leistungsriege im Jahr 1996.<\/span><\/p>\n<p class=\"western\"><span style=\"font-size: small;\">Der TV Jahn Neuhof geh\u00f6rt durch seine st\u00e4ndig steigenden Mitgliederzahlen zu einem der gr\u00f6\u00dften Vereine Osthessens. <\/span><\/p>\n<p class=\"western\"><span style=\"font-size: small;\">Die Gesamtmitgliederzahl im Jahr 2000 betr\u00e4gt ca. 1250 Personen.<\/span><\/p>\n<p class=\"western\"><span style=\"font-size: small;\">Da das Sportangebot des TV Jahn Neuhof 1908 e. V. breit gef\u00e4chert ist, sollte jeder zwischen 3 und 90 Jahren f\u00fcr seine Ambitionen eine entsprechende sportliche Bet\u00e4tigung in unserem Verein finden. Neumitglieder sind erw\u00fcnscht und werden herzlich aufgenommen. Bei Fragen richten Sie sich an die entsprechenden Abteilungsleiter oder an den Vorstand.<\/span><\/p>\n<p class=\"western\">\n","protected":false},"excerpt":{"rendered":"<p>Chronik des TV Jahn Neuhof 1908 e. V. Im Sommer 1908 wurde ein Turnerwettstreit in Fulda ausgetragen. Dies war f\u00fcr 10 M\u00e4nner aus Neuhof der Anlass, einen Turnverein ins Leben zu rufen. Am 1. Oktober 1908 gr\u00fcndeten diese 10 M\u00e4nner im Gasthaus \u201eZum wei\u00dfen Hirsch\u201c den Turnverein Jahn Neuhof. Unter den Gr\u00fcndungsmitgliedern befand sich unter [&hellip;]<\/p>\n","protected":false},"author":28,"featured_media":0,"parent":2,"menu_order":5,"comment_status":"open","ping_status":"closed","template":"","meta":{"ngg_post_thumbnail":0,"footnotes":""},"class_list":["post-3","page","type-page","status-publish","hentry"],"_links":{"self":[{"href":"https:\/\/www.tv-neuhof.de\/wordpress\/wp-json\/wp\/v2\/pages\/3","targetHints":{"allow":["GET"]}}],"collection":[{"href":"https:\/\/www.tv-neuhof.de\/wordpress\/wp-json\/wp\/v2\/pages"}],"about":[{"href":"https:\/\/www.tv-neuhof.de\/wordpress\/wp-json\/wp\/v2\/types\/page"}],"author":[{"embeddable":true,"href":"https:\/\/www.tv-neuhof.de\/wordpress\/wp-json\/wp\/v2\/users\/28"}],"replies":[{"embeddable":true,"href":"https:\/\/www.tv-neuhof.de\/wordpress\/wp-json\/wp\/v2\/comments?post=3"}],"version-history":[{"count":1,"href":"https:\/\/www.tv-neuhof.de\/wordpress\/wp-json\/wp\/v2\/pages\/3\/revisions"}],"predecessor-version":[{"id":439,"href":"https:\/\/www.tv-neuhof.de\/wordpress\/wp-json\/wp\/v2\/pages\/3\/revisions\/439"}],"up":[{"embeddable":true,"href":"https:\/\/www.tv-neuhof.de\/wordpress\/wp-json\/wp\/v2\/pages\/2"}],"wp:attachment":[{"href":"https:\/\/www.tv-neuhof.de\/wordpress\/wp-json\/wp\/v2\/media?parent=3"}],"curies":[{"name":"wp","href":"https:\/\/api.w.org\/{rel}","templated":true}]}}