

{"id":3290,"date":"2010-03-09T16:34:47","date_gmt":"2010-03-09T15:34:47","guid":{"rendered":"http:\/\/www.tv-neuhof.de\/wordpress\/?page_id=3290"},"modified":"2024-09-26T13:21:00","modified_gmt":"2024-09-26T11:21:00","slug":"minis","status":"publish","type":"page","link":"https:\/\/www.tv-neuhof.de\/wordpress\/unsere-mannschaften\/minis\/","title":{"rendered":"Minis"},"content":{"rendered":"\n<h1 class=\"wp-block-heading has-text-align-center\">Mannschaftsportrait<\/h1>\n\n\n<div class=\"wp-block-image\">\n<figure class=\"aligncenter size-full is-resized\"><a href=\"https:\/\/www.tv-neuhof.de\/wordpress\/unsere-mannschaften\/minis\/2024-f-jugend-temp\/\" target=\"_blank\" rel=\"noreferrer noopener\"><img loading=\"lazy\" decoding=\"async\" width=\"1024\" height=\"710\" src=\"https:\/\/www.tv-neuhof.de\/wordpress\/wp-content\/uploads\/2024\/09\/2024-F-Jugend-Temp.jpeg\" alt=\"\" class=\"wp-image-12965\" style=\"width:512px\" srcset=\"https:\/\/www.tv-neuhof.de\/wordpress\/wp-content\/uploads\/2024\/09\/2024-F-Jugend-Temp.jpeg 1024w, https:\/\/www.tv-neuhof.de\/wordpress\/wp-content\/uploads\/2024\/09\/2024-F-Jugend-Temp-300x208.jpeg 300w, https:\/\/www.tv-neuhof.de\/wordpress\/wp-content\/uploads\/2024\/09\/2024-F-Jugend-Temp-768x533.jpeg 768w\" sizes=\"auto, (max-width: 1024px) 100vw, 1024px\" \/><\/a><\/figure>\n<\/div>\n\n\n<p style=\"text-align: center;\"><a href=\".\/?page_id=12934\">Saison 2023\/24 (Historie)<\/a><\/p>\n\n\n\n<h1 class=\"wp-block-heading has-text-align-center\">Trainer\/Betreuer<\/h1>\n\n\n\n<table border=\"0\" align=\"center\">\n<tbody>\n<tr>\n<td align=\"center\">\n<img loading=\"lazy\" decoding=\"async\" title=\"2022 Trainer Minis\" src=\"https:\/\/www.tv-neuhof.de\/wordpress\/wp-content\/uploads\/2022\/09\/2022-Trainer-Minis.jpeg\" alt=\"\" width=\"200\" height=\"200\">\n<\/td>\n<\/tr>\n<tr>\n<td align=\"center\">\n<a href=\".\/?page_id=12959\">Corinna Kuschnik<\/a> \/ <a href=\".\/?page_id=12955\">Johannes Manz<\/a> \/ <a href=\".\/?page_id=11902\">Leonie Brunner<\/a>\n<\/td>\n<\/tr>\n<\/tbody>\n<\/table>\n<p><strong>&nbsp;<\/strong><\/p>\n\n\n\n<h1 class=\"wp-block-heading has-text-align-center\">Trainingszeiten<\/h1>\n\n\n\n<p style=\"text-align:center\">Freitag, 17:30 &#8211; 18:30<br>Kreissporthalle an der Johannes-Kepler-Schule Neuhof<\/p>\n<p><strong>&nbsp;<\/strong><\/p>\n\n\n\n<h1 class=\"wp-block-heading has-text-align-center\">Altersklasse<\/h1>\n\n\n\n<p style=\"text-align:center\">bis 6 Jahre<\/p>\n<p><strong>&nbsp;<\/strong><\/p>\n\n\n\n<h1 class=\"wp-block-heading has-text-align-center\">Informationen<\/h1>\n\n\n\n<p>Bei den Handball-Minis k\u00f6nnen Kinder ab 4 Jahren spielerisch Erfahrungen mit dem Ball und Gruppenspielen machen. Das abwechslungsreiche Training will neben Teamgeist und Motorik vor allem Freude am Handballspielen vermitteln und Grundregeln des Spiels und den Umgang mit dem Ball festigen. Prellen, Werfen und Fangen wollen schlie\u00dflich ge\u00fcbt sein und es macht viel Spa\u00df, dies gemeinsam in der Halle zu tun. Kommt doch einfach mal vorbei und probiert es aus!\n<\/p>\n","protected":false},"excerpt":{"rendered":"<p>Mannschaftsportrait Saison 2023\/24 (Historie) Trainer\/Betreuer Corinna Kuschnik \/ Johannes Manz \/ Leonie Brunner &nbsp; Trainingszeiten Freitag, 17:30 &#8211; 18:30Kreissporthalle an der Johannes-Kepler-Schule Neuhof &nbsp; Altersklasse bis 6 Jahre &nbsp; Informationen Bei den Handball-Minis k\u00f6nnen Kinder ab 4 Jahren spielerisch Erfahrungen mit dem Ball und Gruppenspielen machen. Das abwechslungsreiche Training will neben Teamgeist und Motorik vor [&hellip;]<\/p>\n","protected":false},"author":11,"featured_media":0,"parent":414,"menu_order":23,"comment_status":"closed","ping_status":"closed","template":"","meta":{"ngg_post_thumbnail":0,"footnotes":""},"class_list":["post-3290","page","type-page","status-publish","hentry"],"_links":{"self":[{"href":"https:\/\/www.tv-neuhof.de\/wordpress\/wp-json\/wp\/v2\/pages\/3290","targetHints":{"allow":["GET"]}}],"collection":[{"href":"https:\/\/www.tv-neuhof.de\/wordpress\/wp-json\/wp\/v2\/pages"}],"about":[{"href":"https:\/\/www.tv-neuhof.de\/wordpress\/wp-json\/wp\/v2\/types\/page"}],"author":[{"embeddable":true,"href":"https:\/\/www.tv-neuhof.de\/wordpress\/wp-json\/wp\/v2\/users\/11"}],"replies":[{"embeddable":true,"href":"https:\/\/www.tv-neuhof.de\/wordpress\/wp-json\/wp\/v2\/comments?post=3290"}],"version-history":[{"count":57,"href":"https:\/\/www.tv-neuhof.de\/wordpress\/wp-json\/wp\/v2\/pages\/3290\/revisions"}],"predecessor-version":[{"id":12967,"href":"https:\/\/www.tv-neuhof.de\/wordpress\/wp-json\/wp\/v2\/pages\/3290\/revisions\/12967"}],"up":[{"embeddable":true,"href":"https:\/\/www.tv-neuhof.de\/wordpress\/wp-json\/wp\/v2\/pages\/414"}],"wp:attachment":[{"href":"https:\/\/www.tv-neuhof.de\/wordpress\/wp-json\/wp\/v2\/media?parent=3290"}],"curies":[{"name":"wp","href":"https:\/\/api.w.org\/{rel}","templated":true}]}}