

{"id":3427,"date":"2010-04-14T06:45:46","date_gmt":"2010-04-14T05:45:46","guid":{"rendered":"http:\/\/www.tv-neuhof.de\/wordpress\/?page_id=3427"},"modified":"2024-10-13T14:47:15","modified_gmt":"2024-10-13T12:47:15","slug":"200910-2","status":"publish","type":"page","link":"https:\/\/www.tv-neuhof.de\/wordpress\/about\/historisches\/mannschaftsfotos\/200910-2\/","title":{"rendered":"2009\/10"},"content":{"rendered":"\n<h1 class=\"wp-block-heading has-text-align-center\">Herren II<\/h1>\n\n\n<div class=\"wp-block-image\">\n<figure class=\"aligncenter size-full is-resized\"><a href=\"https:\/\/www.tv-neuhof.de\/wordpress\/?attachment_id=2598\"><img decoding=\"async\" src=\"https:\/\/www.tv-neuhof.de\/wordpress\/wp-content\/uploads\/2009\/09\/2009-herren-ii.jpg\" alt=\"\" class=\"wp-image-2598\" style=\"width:512px\"\/><\/a><\/figure>\n<\/div>\n\n\n<table border=\"0\" cellspacing=\"5\" cellpadding=\"2\" align=\"center\"><tbody><tr><td>Stehend v.l.:<\/td><td>Thomas Diegm\u00fcller (Betreuer), Kai N\u00fcchter, Stefan Enders, Stefan Trost, Werner Trost, Michael Remmert, Ralf Recktenwald<\/td><\/tr><tr><td>Kniend v.l.:<\/td><td>Tino Odenwald, Oliver Heil, Claus-J\u00fcrgen Schulz, Norbert Kern<\/td><\/tr><\/tbody><\/table>\n<p><strong>&nbsp;<\/strong><\/p>\n\n\n\n<h1 class=\"wp-block-heading has-text-align-center\">C-Jugend m\u00e4nnlich<\/h1>\n\n\n<div class=\"wp-block-image\">\n<figure class=\"aligncenter size-full is-resized\"><a href=\"https:\/\/www.tv-neuhof.de\/wordpress\/unsere-mannschaften\/mannliche-d-jugend-20072008\/2009-c-jugend-mannl\/\"><img decoding=\"async\" src=\"https:\/\/www.tv-neuhof.de\/wordpress\/wp-content\/uploads\/2009\/09\/2009-c-jugend-mannl.jpg\" alt=\"\" class=\"wp-image-2572\" style=\"width:512px\"\/><\/a><\/figure>\n<\/div>\n\n\n<table border=\"0\" cellspacing=\"5\" cellpadding=\"2\" align=\"center\"><tbody><tr><td>Hinten v.l.:<\/td><td>Stefan Enders (Trainer), Sebastian Helker, Leonard Hack, Christian Remmert, Marcel Sch\u00e4fer, Martin Kress (Trainer)<\/td><\/tr><tr><td>Vorne v.l.:<\/td><td>Sebastian Happ, Dominik We\u00df, Robin Haschke, Steffen Deigert, Jannik Enders, Fabian Romeis, Daniel H\u00e4ndler, Paul Ernst<\/td><\/tr><\/tbody><\/table>\n<p><strong>&nbsp;<\/strong><\/p>\n\n\n\n<h1 class=\"wp-block-heading has-text-align-center\">C-Jugend weiblich<\/h1>\n\n\n<div class=\"wp-block-image\">\n<figure class=\"aligncenter size-full is-resized\"><a href=\"https:\/\/www.tv-neuhof.de\/wordpress\/unsere-mannschaften\/c-jugend-weiblich\/2009-c-jugend-weiblich\/\"><img decoding=\"async\" src=\"https:\/\/www.tv-neuhof.de\/wordpress\/wp-content\/uploads\/2009\/12\/2009-c-jugend-weiblich.jpg\" alt=\"\" class=\"wp-image-3057\" style=\"width:512px\"\/><\/a><\/figure>\n<\/div>\n\n\n<table border=\"0\" cellspacing=\"5\" cellpadding=\"2\" align=\"center\"><tbody><tr><td>Stehend v.l.:<\/td><td>Alida Maxand, Franziska Kern, Anna-Lena Engel, Michell\u00e8 Grefer, Helena M\u00f6ller, Ann-Kristin Krah<\/td><\/tr><tr><td>Kniend v.l.:<\/td><td>Adriana Schellenberger, Vanessa Hohmann, Aileen Ruppel, Antonia Kulla, Patricia Betz, Rebecca Jost<\/td><\/tr><tr><td>Es fehlt:<\/td><td>Deborah Schneider<\/td><\/tr><\/tbody><\/table>\n<p><strong>&nbsp;<\/strong><\/p>\n\n\n\n<h1 class=\"wp-block-heading has-text-align-center\">D-Jugend<\/h1>\n\n\n<div class=\"wp-block-image\">\n<figure class=\"aligncenter size-full is-resized\"><a href=\"https:\/\/www.tv-neuhof.de\/wordpress\/unsere-mannschaften\/mannliche-d-jugend-20072008\/2009-d-jugend-mannlich\/\"><img decoding=\"async\" src=\"https:\/\/www.tv-neuhof.de\/wordpress\/wp-content\/uploads\/2009\/12\/2009-d-jugend-mannlich.jpg\" alt=\"\" class=\"wp-image-3068\" style=\"width:512px\"\/><\/a><\/figure>\n<\/div>\n\n\n<table border=\"0\" cellspacing=\"5\" cellpadding=\"2\" align=\"center\"><tbody><tr><td>Stehend v.l.:<\/td><td>Jana Wittkamm, Niklas Vogel, Felix M\u00f6ller, Johannes Kulla, Dominic B\u00f6schen, Alexander Remmert<\/td><\/tr><tr><td>Kniend v.l.:<\/td><td>Jan Leitsch, Svenja Riedl, Jonathan M\u00f6ller, Jonathan Schad<\/td><\/tr><tr><td>Es fehlen:<\/td><td>Elias Hack, Rieke Heurich, Elisabeth Assmann<\/td><\/tr><\/tbody><\/table>\n<p><strong>&nbsp;<\/strong><\/p>\n\n\n\n<h1 class=\"wp-block-heading has-text-align-center\">E-Jugend<\/h1>\n\n\n<div class=\"wp-block-image\">\n<figure class=\"aligncenter size-full is-resized\"><a href=\"https:\/\/www.tv-neuhof.de\/wordpress\/2009\/09\/15\/e-jugendturnier-in-flieden\/e-jugend-2009-10\/\"><img decoding=\"async\" src=\"https:\/\/www.tv-neuhof.de\/wordpress\/wp-content\/uploads\/2009\/09\/e-jugend-2009-10.jpg\" alt=\"\" class=\"wp-image-2349\" style=\"width:512px\"\/><\/a><\/figure>\n<\/div>\n\n\n<table border=\"0\" cellspacing=\"5\" cellpadding=\"2\" align=\"center\"><tbody><tr><td>Hinten v.l.:<\/td><td>Ariane Benkner, Sabine Schmitt, Anna-Lena Heil (Trainerinnen)<\/td><\/tr><tr><td>Stehend v.l.:<\/td><td>Samuel Schad, Lorenz Heil, Leon Gerhard, Leon M\u00fcller, Torben M\u00fcller, Jannis Diegelmann, Luca-Marie Engel<\/td><\/tr><tr><td>Kniend v.l.:<\/td><td>Julia M\u00fcller, Pauline Bach, Antonia Gerhard, Leonie Brunner, Lea Diegelmann, Jonathan M\u00f6ller, Elias Hack, Manuel Betz<\/td><\/tr><\/tbody><\/table>\n<p><strong>&nbsp;<\/strong><\/p>\n","protected":false},"excerpt":{"rendered":"<p>Herren II Stehend v.l.: Thomas Diegm\u00fcller (Betreuer), Kai N\u00fcchter, Stefan Enders, Stefan Trost, Werner Trost, Michael Remmert, Ralf Recktenwald Kniend v.l.: Tino Odenwald, Oliver Heil, Claus-J\u00fcrgen Schulz, Norbert Kern &nbsp; C-Jugend m\u00e4nnlich Hinten v.l.: Stefan Enders (Trainer), Sebastian Helker, Leonard Hack, Christian Remmert, Marcel Sch\u00e4fer, Martin Kress (Trainer) Vorne v.l.: Sebastian Happ, Dominik We\u00df, Robin [&hellip;]<\/p>\n","protected":false},"author":11,"featured_media":0,"parent":2399,"menu_order":2009,"comment_status":"closed","ping_status":"closed","template":"","meta":{"ngg_post_thumbnail":0,"footnotes":""},"class_list":["post-3427","page","type-page","status-publish","hentry"],"_links":{"self":[{"href":"https:\/\/www.tv-neuhof.de\/wordpress\/wp-json\/wp\/v2\/pages\/3427","targetHints":{"allow":["GET"]}}],"collection":[{"href":"https:\/\/www.tv-neuhof.de\/wordpress\/wp-json\/wp\/v2\/pages"}],"about":[{"href":"https:\/\/www.tv-neuhof.de\/wordpress\/wp-json\/wp\/v2\/types\/page"}],"author":[{"embeddable":true,"href":"https:\/\/www.tv-neuhof.de\/wordpress\/wp-json\/wp\/v2\/users\/11"}],"replies":[{"embeddable":true,"href":"https:\/\/www.tv-neuhof.de\/wordpress\/wp-json\/wp\/v2\/comments?post=3427"}],"version-history":[{"count":23,"href":"https:\/\/www.tv-neuhof.de\/wordpress\/wp-json\/wp\/v2\/pages\/3427\/revisions"}],"predecessor-version":[{"id":13058,"href":"https:\/\/www.tv-neuhof.de\/wordpress\/wp-json\/wp\/v2\/pages\/3427\/revisions\/13058"}],"up":[{"embeddable":true,"href":"https:\/\/www.tv-neuhof.de\/wordpress\/wp-json\/wp\/v2\/pages\/2399"}],"wp:attachment":[{"href":"https:\/\/www.tv-neuhof.de\/wordpress\/wp-json\/wp\/v2\/media?parent=3427"}],"curies":[{"name":"wp","href":"https:\/\/api.w.org\/{rel}","templated":true}]}}