

{"id":4919,"date":"2011-07-10T10:02:57","date_gmt":"2011-07-10T09:02:57","guid":{"rendered":"http:\/\/www.tv-neuhof.de\/wordpress\/?page_id=4919"},"modified":"2024-10-13T14:49:55","modified_gmt":"2024-10-13T12:49:55","slug":"201011-2","status":"publish","type":"page","link":"https:\/\/www.tv-neuhof.de\/wordpress\/about\/historisches\/mannschaftsfotos\/201011-2\/","title":{"rendered":"2010\/11"},"content":{"rendered":"\n<h1 class=\"wp-block-heading has-text-align-center\">Herren I<\/h1>\n\n\n<div class=\"wp-block-image\">\n<figure class=\"aligncenter size-full is-resized\"><a href=\"https:\/\/www.tv-neuhof.de\/wordpress\/unsere-mannschaften\/herren-mannschaft-20072008\/2010-herren-i\/\"><img loading=\"lazy\" decoding=\"async\" width=\"1024\" height=\"700\" src=\"https:\/\/www.tv-neuhof.de\/wordpress\/wp-content\/uploads\/2008\/04\/2010-Herren-I.jpg\" alt=\"\" class=\"wp-image-3874\" style=\"width:512px\" srcset=\"https:\/\/www.tv-neuhof.de\/wordpress\/wp-content\/uploads\/2008\/04\/2010-Herren-I.jpg 1024w, https:\/\/www.tv-neuhof.de\/wordpress\/wp-content\/uploads\/2008\/04\/2010-Herren-I-300x205.jpg 300w\" sizes=\"auto, (max-width: 1024px) 100vw, 1024px\" \/><\/a><\/figure>\n<\/div>\n\n\n<table border=\"0\" cellspacing=\"5\" cellpadding=\"2\" align=\"center\"><tbody><tr><td>Stehend v.l.:<\/td><td>J\u00fcrgen Sch\u00e4fer (Betreuer), Thomas Stey, Andreas Stehling, Andreas Jahn, Lutz Gerhard, Johannes Engel, Christoph Temburg. Daniel Arnreich, Rainer Diegm\u00fcller (Trainer)<\/td><\/tr><tr><td>Kniend v.l.:<\/td><td>Peter Kaib, Dominik Arnreich, Kilian Schmitt, Frederik Storch, Tim Eisenstein, Peter Vamberg<\/td><\/tr><tr><td>Es fehlen:<\/td><td>Fabian Benkner, Lukas Benkner, Benedikt Laudemann, Daniel Pansa, Dominik Vogler, Marius Auth<\/td><\/tr><\/tbody><\/table>\n<p><strong>&nbsp;<\/strong><\/p>\n\n\n\n<h1 class=\"wp-block-heading has-text-align-center\">Herren II<\/h1>\n\n\n<div class=\"wp-block-image\">\n<figure class=\"aligncenter size-full is-resized\"><a href=\"https:\/\/www.tv-neuhof.de\/wordpress\/?attachment_id=3901\"><img loading=\"lazy\" decoding=\"async\" width=\"1024\" height=\"682\" src=\"https:\/\/www.tv-neuhof.de\/wordpress\/wp-content\/uploads\/2008\/09\/2010-Herren-II.jpg\" alt=\"\" class=\"wp-image-3901\" style=\"width:512px\" srcset=\"https:\/\/www.tv-neuhof.de\/wordpress\/wp-content\/uploads\/2008\/09\/2010-Herren-II.jpg 1024w, https:\/\/www.tv-neuhof.de\/wordpress\/wp-content\/uploads\/2008\/09\/2010-Herren-II-300x199.jpg 300w\" sizes=\"auto, (max-width: 1024px) 100vw, 1024px\" \/><\/a><\/figure>\n<\/div>\n\n\n<table border=\"0\" cellspacing=\"5\" cellpadding=\"2\" align=\"center\"><tbody><tr><td>Stehend v.l.:<\/td><td>Thomas Schaub (Zeitnehmer), Stefan Enders, J\u00fcrgen Goldbach, Tino Odenwald, Claus-J\u00fcrgen Schulz, Ralf Recktenwald, Thomas Hack<\/td><\/tr><tr><td>Sitzend v.l.:<\/td><td>Thomas Diegm\u00fcller (Betreuer), Veit Vogel, Martin Kress, Norbert Kern, Bernd Pietzko, J\u00fcrgen Sch\u00e4fer, Stefan Trost<\/td><\/tr><tr><td>Vorne v.l.:<\/td><td>J\u00f6rg Hillenbrand, Michael Remmert<\/td><\/tr><tr><td>Es fehlen:<\/td><td>Werner Trost, Kai N\u00fcchter, Oliver Heil<\/td><\/tr><\/tbody><\/table>\n<p><strong>&nbsp;<\/strong><\/p>\n\n\n\n<h1 class=\"wp-block-heading has-text-align-center\">Damen I<\/h1>\n\n\n<div class=\"wp-block-image\">\n<figure class=\"aligncenter size-full is-resized\"><a href=\"https:\/\/www.tv-neuhof.de\/wordpress\/unsere-mannschaften\/damen-mannschaft-i\/damen-i-2009-2010\/\"><img decoding=\"async\" src=\"https:\/\/www.tv-neuhof.de\/wordpress\/wp-content\/uploads\/2009\/09\/damen-i-2009-2010.jpg\" alt=\"\" class=\"wp-image-2330\" style=\"width:512px\"\/><\/a><\/figure>\n<\/div>\n\n\n<table border=\"0\" cellspacing=\"5\" cellpadding=\"2\" align=\"center\"><tbody><tr><td>Stehend v.l.:<\/td><td>Anna H\u00fcbner, Michaela Blum, Anna-Sophia M\u00f6ller, Sabine Schmitt, Maria Wehner, Ariane Benkner, Sabine Wehner, Miriam Benkner<\/td><\/tr><tr><td>Kniend v.l.:<\/td><td>Bernadette Wahl, Mattea Heil, Elisabeth Weber, Katharina Weber, Laura Kern, Annika Wenzel, Anna-Lena Heil, Ellen Vasters<\/td><\/tr><\/tbody><\/table>\n<p><strong>&nbsp;<\/strong><\/p>\n\n\n\n<h1 class=\"wp-block-heading has-text-align-center\">Damen II<\/h1>\n\n\n<div class=\"wp-block-image\">\n<figure class=\"aligncenter size-full is-resized\"><a href=\"https:\/\/www.tv-neuhof.de\/wordpress\/unsere-mannschaften\/damen-mannschaft-ii\/damen-ii-2008\/\"><img decoding=\"async\" src=\"https:\/\/www.tv-neuhof.de\/wordpress\/wp-content\/uploads\/2009\/01\/damen-ii-2008.jpg\" alt=\"\" class=\"wp-image-1434\" style=\"width:512px\"\/><\/a><\/figure>\n<\/div>\n\n\n<table border=\"0\" cellspacing=\"5\" cellpadding=\"2\" align=\"center\"><tbody><tr><td>Hinten v.l.:<\/td><td>Henrike Stuwe, Heike Trost, Christine Romeis, Steffi Sallmann, Susanne M\u00f6ller, Ute Kern, Martina Chrostek (Trainerin)<\/td><\/tr><tr><td>Vorne v.l.:<\/td><td>Maria Trost, Bettina Schmidt, Annette Spahn, Sabine Wehner, Natalie Nau, Michaela Blum<\/td><\/tr><tr><td>Es fehlen:<\/td><td>Nicole Hohmann, Corinna Kuschnick<\/td><\/tr><\/tbody><\/table>\n<p><strong>&nbsp;<\/strong><\/p>\n\n\n\n<h1 class=\"wp-block-heading has-text-align-center\">A-Jugend m\u00e4nnlich<\/h1>\n\n\n<div class=\"wp-block-image\">\n<figure class=\"aligncenter size-full is-resized\"><a href=\"https:\/\/www.tv-neuhof.de\/wordpress\/unsere-mannschaften\/mannliche-a-jugend\/2009-a-jugend-mannlich\/\"><img decoding=\"async\" src=\"https:\/\/www.tv-neuhof.de\/wordpress\/wp-content\/uploads\/2009\/10\/2009-a-jugend-mannlich.jpg\" alt=\"\" class=\"wp-image-2745\" style=\"width:512px\"\/><\/a><\/figure>\n<\/div>\n\n\n<table border=\"0\" cellspacing=\"5\" cellpadding=\"2\" align=\"center\"><tbody><tr><td>Stehend v.l.:<\/td><td>Felix M\u00f6ller, Winfried Schmitt, Dominik Schmitt, Jonas Enders, Fabian M\u00f6ller, Sebastian Fl\u00fcgel, Lutz Gerhard, Paul Zentgraf (Trainer)<\/td><\/tr><tr><td>Kniend v.l.:<\/td><td>Johannes Engel, Frederik Storch, Tim Eisenstein, Helge Chrostek, Fabian Benkner<\/td><\/tr><\/tbody><\/table>\n<p><strong>&nbsp;<\/strong><\/p>\n\n\n\n<h1 class=\"wp-block-heading has-text-align-center\">B-Jugend weiblich<\/h1>\n\n\n<div class=\"wp-block-image\">\n<figure class=\"aligncenter size-full is-resized\"><a href=\"https:\/\/www.tv-neuhof.de\/wordpress\/unsere-mannschaften\/b-jugend-weiblich\/2010-b-jugend-weiblich\/\"><img loading=\"lazy\" decoding=\"async\" width=\"1024\" height=\"682\" src=\"https:\/\/www.tv-neuhof.de\/wordpress\/wp-content\/uploads\/2010\/09\/2010-B-Jugend-weiblich.jpg\" alt=\"\" class=\"wp-image-3922\" style=\"width:512px\" srcset=\"https:\/\/www.tv-neuhof.de\/wordpress\/wp-content\/uploads\/2010\/09\/2010-B-Jugend-weiblich.jpg 1024w, https:\/\/www.tv-neuhof.de\/wordpress\/wp-content\/uploads\/2010\/09\/2010-B-Jugend-weiblich-300x199.jpg 300w\" sizes=\"auto, (max-width: 1024px) 100vw, 1024px\" \/><\/a><\/figure>\n<\/div>\n\n\n<table border=\"0\" cellspacing=\"5\" cellpadding=\"2\" align=\"center\"><tbody><tr><td>Stehend v.l.:<\/td><td>Norbert Kern (Trainer), Michelle Grefer, Anna-Lena Engel, Franziska Kern, Anna-Maria Weber, Stefanie Sallmann (Trainerin)<\/td><\/tr><tr><td>Kniend v.l.:<\/td><td>Alida Maxand, Helena M\u00f6ller, Antonia Kulla, Patricia Betz, Ann-Kristin Krah, Vanessa Hohmann, Deborah Schneider<\/td><\/tr><\/tbody><\/table>\n<p><strong>&nbsp;<\/strong><\/p>\n\n\n\n<h1 class=\"wp-block-heading has-text-align-center\">C-Jugend m\u00e4nnlich<\/h1>\n\n\n<div class=\"wp-block-image\">\n<figure class=\"aligncenter size-full is-resized\"><a href=\"https:\/\/www.tv-neuhof.de\/wordpress\/unsere-mannschaften\/c-jugend-mannlich\/c-jugend-mannlich-2010\/\"><img loading=\"lazy\" decoding=\"async\" width=\"1024\" height=\"682\" src=\"https:\/\/www.tv-neuhof.de\/wordpress\/wp-content\/uploads\/2008\/10\/C-Jugend-m\u00e4nnlich-2010.jpg\" alt=\"\" class=\"wp-image-3737\" style=\"width:512px\" srcset=\"https:\/\/www.tv-neuhof.de\/wordpress\/wp-content\/uploads\/2008\/10\/C-Jugend-m\u00e4nnlich-2010.jpg 1024w, https:\/\/www.tv-neuhof.de\/wordpress\/wp-content\/uploads\/2008\/10\/C-Jugend-m\u00e4nnlich-2010-300x199.jpg 300w\" sizes=\"auto, (max-width: 1024px) 100vw, 1024px\" \/><\/a><\/figure>\n<\/div>\n\n\n<table border=\"0\" cellspacing=\"5\" cellpadding=\"2\" align=\"center\"><tbody><tr><td>Stehend v.l.:<\/td><td>Michael Remmert (Trainer), Christian Remmert, Sebastian Happ, Marcel Sch\u00e4fer, Fabian Romeis, Daniel H\u00e4ndler, Manual We\u00df<\/td><\/tr><tr><td>Sitzend v.l.:<\/td><td>Janek Gl\u00fcckler (Tor), Felix Diegm\u00fcller, David Brehler (Tor), Paul Ernst, Jannik Enders, Domini B\u00f6schen<\/td><\/tr><\/tbody><\/table>\n<p><strong>&nbsp;<\/strong><\/p>\n\n\n\n<h1 class=\"wp-block-heading has-text-align-center\">D-Jugend m\u00e4nnlich<\/h1>\n\n\n<div class=\"wp-block-image\">\n<figure class=\"aligncenter size-full is-resized\"><a href=\"https:\/\/www.tv-neuhof.de\/wordpress\/unsere-mannschaften\/mannliche-d-jugend-20072008\/2010-d-jugend-mannlich\/\"><img loading=\"lazy\" decoding=\"async\" width=\"1024\" height=\"682\" src=\"https:\/\/www.tv-neuhof.de\/wordpress\/wp-content\/uploads\/2008\/02\/2010-D-Jugend-m\u00e4nnlich.jpg\" alt=\"\" class=\"wp-image-4005\" style=\"width:512px\" srcset=\"https:\/\/www.tv-neuhof.de\/wordpress\/wp-content\/uploads\/2008\/02\/2010-D-Jugend-m\u00e4nnlich.jpg 1024w, https:\/\/www.tv-neuhof.de\/wordpress\/wp-content\/uploads\/2008\/02\/2010-D-Jugend-m\u00e4nnlich-300x199.jpg 300w\" sizes=\"auto, (max-width: 1024px) 100vw, 1024px\" \/><\/a><\/figure>\n<\/div>\n\n\n<table border=\"0\" cellspacing=\"5\" cellpadding=\"2\" align=\"center\"><tbody><tr><td>Stehend v.l.:<\/td><td>Heike Trost (Trainerin), Johannes Kulla, Niklas Vogel, Alexander Remmert, Felix M\u00f6ller, Roswitha Haas (Trainerin)<\/td><\/tr><tr><td>Sitzend v.l.:<\/td><td>Jonathan Schad, Jonathan M\u00f6ller, Jan Leitsch, Jonas Leitsch, Elias Hack<\/td><\/tr><\/tbody><\/table>\n<p><strong>&nbsp;<\/strong><\/p>\n\n\n\n<h1 class=\"wp-block-heading has-text-align-center\">E-Jugend<\/h1>\n\n\n\n<table border=\"0\" cellspacing=\"5\" cellpadding=\"2\" align=\"center\"><tbody><tr><td>Hinten v.l.:<\/td><td>Marion Zentgraf, Roland Spahn<\/td><\/tr><tr><td>Stehend v.l.:<\/td><td>Ren\u00e9 Kl\u00fch, Joshua Ruppel, Luca-Marie Engel, Lorenz Heil, Leon M\u00fcller, Antonia Gerhard, Leonie Brunner<\/td><\/tr><tr><td>Sitzend v.l.:<\/td><td>Anna-Lena Heil (Trainerin), Luisa Kulla, Leonie Odenwald, Julia M\u00fcller, Felix Pappert, Torben Weisensee, Jannis Diegelmann, Samuel Schad, Ariane Benkner (Trainerin)<\/td><\/tr><tr><td>Es fehlen:<\/td><td>Tizian Gr\u00f6\u00dfl, Elisa-Sophie Puhr, Lea Diegelmann, Manuel Betz, Sabine Schmitt (Trainerin)<\/td><\/tr><\/tbody><\/table>\n<p><strong>&nbsp;<\/strong><\/p>\n\n\n\n<h1 class=\"wp-block-heading has-text-align-center\">F-Jugend<\/h1>\n\n\n<div class=\"wp-block-image\">\n<figure class=\"aligncenter size-full is-resized\"><a href=\"https:\/\/www.tv-neuhof.de\/wordpress\/unsere-mannschaften\/f-jugend\/20100307-f-jugend\/\"><img decoding=\"async\" src=\"https:\/\/www.tv-neuhof.de\/wordpress\/wp-content\/uploads\/2010\/03\/20100307-f-jugend.jpg\" alt=\"\" class=\"wp-image-3282\" style=\"width:512px\"\/><\/a><\/figure>\n<\/div>\n\n\n<table border=\"0\" cellspacing=\"5\" cellpadding=\"2\" align=\"center\"><tbody><tr><td>Stehend v.l.:<\/td><td>Sandro Schleicher, Niclas Belika, Clara Heil, Justin Odenwald, Constantin M\u00f6ller, Markus Herren (Trainer)<\/td><\/tr><tr><td>vorne:<\/td><td>Sabrine Kl\u00fch<\/td><\/tr><\/tbody><\/table>\n<p><strong>&nbsp;<\/strong><\/p>\n","protected":false},"excerpt":{"rendered":"<p>Herren I Stehend v.l.: J\u00fcrgen Sch\u00e4fer (Betreuer), Thomas Stey, Andreas Stehling, Andreas Jahn, Lutz Gerhard, Johannes Engel, Christoph Temburg. Daniel Arnreich, Rainer Diegm\u00fcller (Trainer) Kniend v.l.: Peter Kaib, Dominik Arnreich, Kilian Schmitt, Frederik Storch, Tim Eisenstein, Peter Vamberg Es fehlen: Fabian Benkner, Lukas Benkner, Benedikt Laudemann, Daniel Pansa, Dominik Vogler, Marius Auth &nbsp; Herren II [&hellip;]<\/p>\n","protected":false},"author":11,"featured_media":0,"parent":2399,"menu_order":2010,"comment_status":"open","ping_status":"closed","template":"","meta":{"ngg_post_thumbnail":0,"footnotes":""},"class_list":["post-4919","page","type-page","status-publish","hentry"],"_links":{"self":[{"href":"https:\/\/www.tv-neuhof.de\/wordpress\/wp-json\/wp\/v2\/pages\/4919","targetHints":{"allow":["GET"]}}],"collection":[{"href":"https:\/\/www.tv-neuhof.de\/wordpress\/wp-json\/wp\/v2\/pages"}],"about":[{"href":"https:\/\/www.tv-neuhof.de\/wordpress\/wp-json\/wp\/v2\/types\/page"}],"author":[{"embeddable":true,"href":"https:\/\/www.tv-neuhof.de\/wordpress\/wp-json\/wp\/v2\/users\/11"}],"replies":[{"embeddable":true,"href":"https:\/\/www.tv-neuhof.de\/wordpress\/wp-json\/wp\/v2\/comments?post=4919"}],"version-history":[{"count":45,"href":"https:\/\/www.tv-neuhof.de\/wordpress\/wp-json\/wp\/v2\/pages\/4919\/revisions"}],"predecessor-version":[{"id":13060,"href":"https:\/\/www.tv-neuhof.de\/wordpress\/wp-json\/wp\/v2\/pages\/4919\/revisions\/13060"}],"up":[{"embeddable":true,"href":"https:\/\/www.tv-neuhof.de\/wordpress\/wp-json\/wp\/v2\/pages\/2399"}],"wp:attachment":[{"href":"https:\/\/www.tv-neuhof.de\/wordpress\/wp-json\/wp\/v2\/media?parent=4919"}],"curies":[{"name":"wp","href":"https:\/\/api.w.org\/{rel}","templated":true}]}}