

{"id":5020,"date":"2011-07-29T18:22:02","date_gmt":"2011-07-29T17:22:02","guid":{"rendered":"http:\/\/www.tv-neuhof.de\/wordpress\/?page_id=5020"},"modified":"2011-07-31T10:54:22","modified_gmt":"2011-07-31T09:54:22","slug":"old-gentleman-team-in-kroatien-%e2%80%9811","status":"publish","type":"page","link":"https:\/\/www.tv-neuhof.de\/wordpress\/about\/vereinsleben\/old-gentleman-team-in-kroatien-%e2%80%9811\/","title":{"rendered":"Old Gentleman Team in Kroatien \u201811"},"content":{"rendered":"<h2 style=\"text-align: center;\">Reise zur Insel PAG (Kroatien),<br \/>\nbekannte Sehensw\u00fcrdigkeiten von Dalmatien sowie mit Abschlussabend in Slowenien<\/h2>\n<h3 style=\"text-align: center;\">9-t\u00e4gige Kroatien-Reise des \u201eOld Gentleman Team\u201c<br \/>\nder Handballabteilung des TV Neuhof<br \/>\nvon Samstag, 28.05. bis Sonntag 05.06.2011<\/h3>\n<p style=\"text-align: center;\"><a rel=\"attachment wp-att-5044\" href=\"https:\/\/www.tv-neuhof.de\/wordpress\/?attachment_id=5044\"><img loading=\"lazy\" decoding=\"async\" class=\"alignnone size-thumbnail wp-image-5044\" title=\"Old Gentleman Kroation 2011_00\" src=\"https:\/\/www.tv-neuhof.de\/wordpress\/wp-content\/uploads\/2011\/07\/Old-Gentleman-Kroation-2011_00-300x225.jpg\" alt=\"\" width=\"300\" height=\"225\" srcset=\"https:\/\/www.tv-neuhof.de\/wordpress\/wp-content\/uploads\/2011\/07\/Old-Gentleman-Kroation-2011_00-300x225.jpg 300w, https:\/\/www.tv-neuhof.de\/wordpress\/wp-content\/uploads\/2011\/07\/Old-Gentleman-Kroation-2011_00.jpg 1024w\" sizes=\"auto, (max-width: 300px) 100vw, 300px\" \/><\/a><\/p>\n<p><img decoding=\"async\" title=\"Weiterlesen...\" src=\"..\/wp-includes\/js\/tinymce\/plugins\/wordpress\/img\/trans.gif\" alt=\"\" \/><br \/>\nVon langer Hand und perfekt vorbereitet sowie mit dem Segen seiner  Lieben auf die Reise geschickt, starteten wir am Samstag, 28.5. nachts  um 3 Uhr und trafen p\u00fcnktlich um 15:40 Uhr im \u201eGlasbiergesch\u00e4ft PALMA\u201c  zum frisch Gezapften an unserem Urlaubsort JASKISNICA, Insel PAG ein.  Schnell gesellte sich unser Gastgeber Marijan zum Begr\u00fc\u00dfungstunk hinzu.  Das Wiedersehen\u00a0 nach 2 Jahren war f\u00fcr alle Beteiligen eine gro\u00dfe  Freude.<br \/>\nNach dem Check-In wurde uns von Marijan ein leckeres Abendmen\u00fc mit \u2013  dieses Mal \u2013 ausreichend Fl\u00fcssigkeit serviert. Unsere Gegenleistung an  ihn: die Trikot\u00fcbergabe!<br \/>\nDer Sonntag begann f\u00fcr die Wasserraten mit dem Schwimmerlebnis vor dem  Fr\u00fchst\u00fcck. Nach dem Fr\u00fchst\u00fcck wurde ein ausgiebiger Spaziergang \u00fcber den  Westteil des Ortes vorgenommen und im Anschluss ging es zur Bucht  SLATINA, auch von uns \u201eSchweinebucht\u201c genannt.<br \/>\nGut ausgeruht ging es am Montagmorgen \u00fcber die Klippen zum Badespa\u00df in  die SLATINA. Ernst und Erwin badeten derweil die W\u00fcrmer, dieses erneut  in der Hoffnung, den gro\u00dfen Fischfang zu machen.\u00a0 Am Mittag traf Marijan  mit dem Boot ein. Es wurden von ihm lecker gegrillte dalmatinische  K\u00f6stlichkeiten geboten. Abgerundet wurde die Aktion mit frisch gezapften  k\u00fchlen \u201eLicher\u201c und einem \u201eSchnapschen\u201c. Dann ging es zum Austoben ins  k\u00fchle Nass und im Anschluss begleitet Hubert mit der Gitarre bekannte  Lieder aus der Heimat. H\u00f6hepunkt des Abends war der Besuch des Weingutes  BOSKINAC in Novalja. Der Chef des Hauses pr\u00e4sentierte uns seine  erlesenen Weine. Die fr\u00f6hliche Hin- und R\u00fcckfahrt im Exklusivreisebus  rundeten das Event ab.<br \/>\nAm Dienstagmittag wurde eine Fahrt in das Touristenzentrum Novalja mit Stadtrundgang gemacht.<br \/>\nDer Mittwoch weckte in uns die Erinnerungen an die Winnetou-Filme. An  einem der zentralen Drehorte der Filme im Nationalpark PAKLENICA durften  wir die Sch\u00f6nheit der Schluchten und T\u00e4ler, aber auch den Mut vieler  aktiver Bergkletterer bewundern. Das Abendessen muss dieses Mal  besonders erw\u00e4hnt werden. Es gab \u201eschwarzes Risotto\u201c, ein Reisgericht,  das mit der Tinte des Tintenfisches verfeinert wird. Lecker!<br \/>\nDer Vatertagausflug ging im ersten Step mit dem Boot von Marijan nach  Lun und von hier ging es weiter mit dem Bootstaxi zur bekannten Stadt  Rab, auf der gleichnamigen Insel. Die historische Altstadt mit ihrer  geschichtlichen Vergangenheit ist immer wieder ein beeindruckendes  Erlebnis. Am Nachmittag wurde dann die feuchtfr\u00f6hliche R\u00fcckreise mit  frischem \u201eLicher\u201c auf dem Boot von Marijan angetreten. Die Kehlen wurden  eingestimmt, damit dann am Abend unserem Gastgeber das in vielen Proben  vorher eingestimmt kroatischen Liebeslied \u201eO Marijana \u2026\u201c auf original  Kroatisch erfolgreich pr\u00e4sentiert werden konnte.<br \/>\nAm Freitag und Samstagvormittag war nochmals Chillen in der  \u201eSchweinebucht\u201c angesagt. Marijan holte uns am Samstagmittag zum letzten  Mittagessen mit dem Boot ab. Jetzt hiss es Abschied nehmen von Marijan  und die R\u00fcckfahrt zur Zwischen\u00fcbernachtung nach Ptuj, Slowenien. Hier  haben wir den Urlaub ausklingen lassen. Am Abend gab es in einem\u00a0  modernen Restaurant eine Balkangrillplatte, gute Livemusik und ein  gem\u00fctliches Beisammensein bis in die Morgenstunden. Nach einem  au\u00dfergew\u00f6hnlichen Fr\u00fchst\u00fcck am Sonntagmorgen wurde die R\u00fcckreise  angetreten. Finaler Abschluss war der Empfang in Neuhof mit einem  Abschiedsschoppen und einer Gulaschsuppe.<br \/>\nSo schlie\u00dfen wir den Bericht mit den Feststellungen:<br \/>\n<strong>Wir danken<\/strong>,<\/p>\n<ul>\n<li>Unserem Reiseleiter Lothar, allen Aktivisten f\u00fcr die hervorragende  Vorbereitung und Durchf\u00fchrung der Reise, Ausfl\u00fcge, Events, Speisen,  Musik etc.<\/li>\n<li>Marijan f\u00fcr die individuelle Urlaubsbetreuung<\/li>\n<li>Den Teilnehmern, die den Slogan \u201eEiner f\u00fcr alle \u2013 Alle f\u00fcr einen!\u201c konsequent lebten und dieses immer bei bester Laune<\/li>\n<li>Unseren Lieben f\u00fcr die sch\u00f6ne Zeit<\/li>\n<li>Dem Wettergott, dass er uns Sonne und ein warmes und himmelblaues Meer geboten hat<\/li>\n<\/ul>\n<p><strong>Wir bedauern<\/strong>, dass die zuhause gebliebenen \u201eOld Gentlemans\u201c dieses mal nicht dabei sein konnten.<br \/>\nWir freuen uns, es wieder zu tun!<\/p>ngg_shortcode_0_placeholder","protected":false},"excerpt":{"rendered":"<p>Reise zur Insel PAG (Kroatien), bekannte Sehensw\u00fcrdigkeiten von Dalmatien sowie mit Abschlussabend in Slowenien 9-t\u00e4gige Kroatien-Reise des \u201eOld Gentleman Team\u201c der Handballabteilung des TV Neuhof von Samstag, 28.05. bis Sonntag 05.06.2011 Von langer Hand und perfekt vorbereitet sowie mit dem Segen seiner Lieben auf die Reise geschickt, starteten wir am Samstag, 28.5. nachts um 3 [&hellip;]<\/p>\n","protected":false},"author":11,"featured_media":0,"parent":1546,"menu_order":21,"comment_status":"closed","ping_status":"closed","template":"","meta":{"ngg_post_thumbnail":0,"footnotes":""},"class_list":["post-5020","page","type-page","status-publish","hentry"],"_links":{"self":[{"href":"https:\/\/www.tv-neuhof.de\/wordpress\/wp-json\/wp\/v2\/pages\/5020","targetHints":{"allow":["GET"]}}],"collection":[{"href":"https:\/\/www.tv-neuhof.de\/wordpress\/wp-json\/wp\/v2\/pages"}],"about":[{"href":"https:\/\/www.tv-neuhof.de\/wordpress\/wp-json\/wp\/v2\/types\/page"}],"author":[{"embeddable":true,"href":"https:\/\/www.tv-neuhof.de\/wordpress\/wp-json\/wp\/v2\/users\/11"}],"replies":[{"embeddable":true,"href":"https:\/\/www.tv-neuhof.de\/wordpress\/wp-json\/wp\/v2\/comments?post=5020"}],"version-history":[{"count":14,"href":"https:\/\/www.tv-neuhof.de\/wordpress\/wp-json\/wp\/v2\/pages\/5020\/revisions"}],"predecessor-version":[{"id":5042,"href":"https:\/\/www.tv-neuhof.de\/wordpress\/wp-json\/wp\/v2\/pages\/5020\/revisions\/5042"}],"up":[{"embeddable":true,"href":"https:\/\/www.tv-neuhof.de\/wordpress\/wp-json\/wp\/v2\/pages\/1546"}],"wp:attachment":[{"href":"https:\/\/www.tv-neuhof.de\/wordpress\/wp-json\/wp\/v2\/media?parent=5020"}],"curies":[{"name":"wp","href":"https:\/\/api.w.org\/{rel}","templated":true}]}}