

{"id":5649,"date":"2012-03-27T06:07:27","date_gmt":"2012-03-27T05:07:27","guid":{"rendered":"http:\/\/www.tv-neuhof.de\/wordpress\/?page_id=5649"},"modified":"2024-10-13T14:50:57","modified_gmt":"2024-10-13T12:50:57","slug":"20112012-2","status":"publish","type":"page","link":"https:\/\/www.tv-neuhof.de\/wordpress\/about\/historisches\/mannschaftsfotos\/20112012-2\/","title":{"rendered":"2011\/12"},"content":{"rendered":"\n<h1 class=\"wp-block-heading has-text-align-center\">Herren I<\/h1>\n\n\n<div class=\"wp-block-image\">\n<figure class=\"aligncenter size-full is-resized\"><a href=\"https:\/\/www.tv-neuhof.de\/wordpress\/unsere-mannschaften\/herren-mannschaft-20072008\/2011-herren-i-2\/\"><img loading=\"lazy\" decoding=\"async\" width=\"1335\" height=\"768\" src=\"https:\/\/www.tv-neuhof.de\/wordpress\/wp-content\/uploads\/2008\/04\/2011-Herren-I.png\" alt=\"\" class=\"wp-image-5387\" style=\"width:512px\" srcset=\"https:\/\/www.tv-neuhof.de\/wordpress\/wp-content\/uploads\/2008\/04\/2011-Herren-I.png 1335w, https:\/\/www.tv-neuhof.de\/wordpress\/wp-content\/uploads\/2008\/04\/2011-Herren-I-300x172.png 300w, https:\/\/www.tv-neuhof.de\/wordpress\/wp-content\/uploads\/2008\/04\/2011-Herren-I-1024x589.png 1024w\" sizes=\"auto, (max-width: 1335px) 100vw, 1335px\" \/><\/a><\/figure>\n<\/div>\n\n\n<table border=\"0\" cellspacing=\"5\" cellpadding=\"2\" align=\"center\"><tbody><tr><td>Stehend v.l.:<\/td><td>Rainer Diegm\u00fcller (Trainer), Benedikt Grob, Mirco Auth, Dominik Vogler, Andreas Stehling, Winfried Schmitt, Lutz Gerhard, Fabian Benkner, J\u00fcrgen Sch\u00e4fer (Betreuer)<\/td><\/tr><tr><td>Sitzend v.l.:<\/td><td>Johannes Manz, Karsten Simon, Christoph Temburg, Peter Vamberg, Tim Eisenstein, Marius Auth, Frederik Storch, Thomas Schaub (Zeitnehmer)<\/td><\/tr><\/tbody><\/table>\n<p><strong>&nbsp;<\/strong><\/p>\n\n\n\n<h1 class=\"wp-block-heading has-text-align-center\">\u00a0Herren II<\/h1>\n\n\n<div class=\"wp-block-image\">\n<figure class=\"aligncenter size-full is-resized\"><a href=\"https:\/\/www.tv-neuhof.de\/wordpress\/?attachment_id=5313\"><img loading=\"lazy\" decoding=\"async\" width=\"1024\" height=\"768\" src=\"https:\/\/www.tv-neuhof.de\/wordpress\/wp-content\/uploads\/2008\/09\/2011-Herren-II.jpg\" alt=\"\" class=\"wp-image-5313\" style=\"width:512px\" srcset=\"https:\/\/www.tv-neuhof.de\/wordpress\/wp-content\/uploads\/2008\/09\/2011-Herren-II.jpg 1024w, https:\/\/www.tv-neuhof.de\/wordpress\/wp-content\/uploads\/2008\/09\/2011-Herren-II-300x225.jpg 300w\" sizes=\"auto, (max-width: 1024px) 100vw, 1024px\" \/><\/a><\/figure>\n<\/div>\n\n\n<table border=\"0\" cellspacing=\"5\" cellpadding=\"2\" align=\"center\"><tbody><tr><td>Stehend v.l.:<\/td><td>Stefan Enders, Kai N\u00fcchter Benedikt Grob, Fabian M\u00f6ller, Michael Remmert, Ralf Recktenwald<\/td><\/tr><tr><td>Kniend v.l:<\/td><td>Peter Kaib, Johannes Engel, Lukas Benkner, Bernd Pietzko, Oliver Heil, Martin Kre\u00df<\/td><\/tr><tr><td>Es fehlen:<\/td><td>Daniel Arnreich, Mirko Auth, J\u00fcrgen Goldbach, Thomas Hack, J\u00f6rg Hillenbrand, Kern Norbert, Benedikt Laudemann, Dominik Schmitt, Claus-J\u00fcrgen Schulz, Stefan Trost, Werner Trost, Veit Vogel<\/td><\/tr><\/tbody><\/table>\n<p><strong>&nbsp;<\/strong><\/p>\n\n\n\n<h1 class=\"wp-block-heading has-text-align-center\">Damen I<\/h1>\n\n\n<div class=\"wp-block-image\">\n<figure class=\"aligncenter size-full is-resized\"><a href=\"https:\/\/www.tv-neuhof.de\/wordpress\/unsere-mannschaften\/damen-mannschaft-i\/2011-damen-i\/\"><img loading=\"lazy\" decoding=\"async\" width=\"1024\" height=\"602\" src=\"https:\/\/www.tv-neuhof.de\/wordpress\/wp-content\/uploads\/2008\/11\/2011-Damen-I.jpg\" alt=\"\" class=\"wp-image-5278\" style=\"width:512px\" srcset=\"https:\/\/www.tv-neuhof.de\/wordpress\/wp-content\/uploads\/2008\/11\/2011-Damen-I.jpg 1024w, https:\/\/www.tv-neuhof.de\/wordpress\/wp-content\/uploads\/2008\/11\/2011-Damen-I-300x176.jpg 300w\" sizes=\"auto, (max-width: 1024px) 100vw, 1024px\" \/><\/a><\/figure>\n<\/div>\n\n\n<table border=\"0\" cellspacing=\"5\" cellpadding=\"2\" align=\"center\"><tbody><tr><td>Stehend v.l.:<\/td><td>J\u00f6rg Hillenbrand (Betreuer), Henrike Stuwe, Anna-Sophia M\u00f6ller, Corinna Kuschnick, Sabine Schmitt, Elisabeth Weber, Ariane Benkner, Stefanie Sallmann mit T\u00f6chterchen Nele, Martina Chrostek (Trainerin)<\/td><\/tr><tr><td>Kniend v.l.:<\/td><td>Bernadette Wahl, Natalie Nau, Anna-Lena Heil, Mattea Heil, Annika Wenzel, Miriam Benkner<\/td><\/tr><\/tbody><\/table>\n<p><strong>&nbsp;<\/strong><\/p>\n\n\n\n<h1 class=\"wp-block-heading has-text-align-center\">B-Jugend m\u00e4nnlich<\/h1>\n\n\n<div class=\"wp-block-image\">\n<figure class=\"aligncenter size-full is-resized\"><a href=\"https:\/\/www.tv-neuhof.de\/wordpress\/unsere-mannschaften\/b-jugend-mannlich\/2011-b-jugend-mannlich\/\"><img loading=\"lazy\" decoding=\"async\" width=\"1024\" height=\"561\" src=\"https:\/\/www.tv-neuhof.de\/wordpress\/wp-content\/uploads\/2008\/11\/2011-B-Jugend-m\u00e4nnlich.jpg\" alt=\"\" class=\"wp-image-5201\" style=\"width:512px\" srcset=\"https:\/\/www.tv-neuhof.de\/wordpress\/wp-content\/uploads\/2008\/11\/2011-B-Jugend-m\u00e4nnlich.jpg 1024w, https:\/\/www.tv-neuhof.de\/wordpress\/wp-content\/uploads\/2008\/11\/2011-B-Jugend-m\u00e4nnlich-300x164.jpg 300w\" sizes=\"auto, (max-width: 1024px) 100vw, 1024px\" \/><\/a><\/figure>\n<\/div>\n\n\n<table border=\"0\" cellspacing=\"5\" cellpadding=\"2\" align=\"center\"><tbody><tr><td>Stehend v.l.:<\/td><td>Michael Remmert (Trainer), Patrick Heil, Dominik We\u00df, Leonard Hack, Christian Remmert, Sebastian Happ, Marcel Sch\u00e4fer, Marcel Frank, Erwin Remmert (Sponsor)<\/td><\/tr><tr><td>Sitzend v.l.:<\/td><td>Julian M\u00f6ller, Felix Diegm\u00fcller, David Brehler, Janek Gl\u00fcckler, Daniel H\u00e4ndler, Sandro M\u00f6ller, Jannik Enders<\/td><\/tr><tr><td>Fehlend:<\/td><td>Manuel We\u00df<\/td><\/tr><\/tbody><\/table>\n<p><strong>&nbsp;<\/strong><\/p>\n\n\n\n<h1 class=\"wp-block-heading has-text-align-center\">D-Jugend<\/h1>\n\n\n<div class=\"wp-block-image\">\n<figure class=\"aligncenter size-full is-resized\"><a href=\"https:\/\/www.tv-neuhof.de\/wordpress\/unsere-mannschaften\/mannliche-d-jugend-20072008\/2011-d-jugend-mannlich\/\"><img loading=\"lazy\" decoding=\"async\" width=\"1024\" height=\"768\" src=\"https:\/\/www.tv-neuhof.de\/wordpress\/wp-content\/uploads\/2008\/02\/2011-D-Jugend-m\u00e4nnlich.jpg\" alt=\"\" class=\"wp-image-5299\" style=\"width:512px\" srcset=\"https:\/\/www.tv-neuhof.de\/wordpress\/wp-content\/uploads\/2008\/02\/2011-D-Jugend-m\u00e4nnlich.jpg 1024w, https:\/\/www.tv-neuhof.de\/wordpress\/wp-content\/uploads\/2008\/02\/2011-D-Jugend-m\u00e4nnlich-300x225.jpg 300w\" sizes=\"auto, (max-width: 1024px) 100vw, 1024px\" \/><\/a><\/figure>\n<\/div>\n\n\n<table border=\"0\" cellspacing=\"5\" cellpadding=\"2\" align=\"center\"><tbody><tr><td>Hinten v.l.:<\/td><td>Luca-Marie Engel, Besjan Beciri, Jonathan M\u00f6ller, Elias Hack, Levin Heil, Joshua Ruppel, Robin B\u00fcrtel<\/td><\/tr><tr><td>Vorne v.l.:<\/td><td>Rene Kl\u00fch, Julia M\u00fcller, Leonie Odenwald, Elisa Puhr, Manuel Betz<\/td><\/tr><tr><td>Es fehlen:<\/td><td>Leonie Brunner, Lea Diegelmann, Jannis Diegelmann, Antonia Gerhard, Luisa Kulla, Dennis N\u00fcchter, Leon M\u00fcller, Felix Pappert, Samuel Schad, Janick Stiefele, Torben Weisensee<\/td><\/tr><\/tbody><\/table>\n<p><strong>&nbsp;<\/strong><\/p>\n","protected":false},"excerpt":{"rendered":"<p>Herren I Stehend v.l.: Rainer Diegm\u00fcller (Trainer), Benedikt Grob, Mirco Auth, Dominik Vogler, Andreas Stehling, Winfried Schmitt, Lutz Gerhard, Fabian Benkner, J\u00fcrgen Sch\u00e4fer (Betreuer) Sitzend v.l.: Johannes Manz, Karsten Simon, Christoph Temburg, Peter Vamberg, Tim Eisenstein, Marius Auth, Frederik Storch, Thomas Schaub (Zeitnehmer) &nbsp; \u00a0Herren II Stehend v.l.: Stefan Enders, Kai N\u00fcchter Benedikt Grob, Fabian [&hellip;]<\/p>\n","protected":false},"author":11,"featured_media":0,"parent":2399,"menu_order":2011,"comment_status":"open","ping_status":"closed","template":"","meta":{"ngg_post_thumbnail":0,"footnotes":""},"class_list":["post-5649","page","type-page","status-publish","hentry"],"_links":{"self":[{"href":"https:\/\/www.tv-neuhof.de\/wordpress\/wp-json\/wp\/v2\/pages\/5649","targetHints":{"allow":["GET"]}}],"collection":[{"href":"https:\/\/www.tv-neuhof.de\/wordpress\/wp-json\/wp\/v2\/pages"}],"about":[{"href":"https:\/\/www.tv-neuhof.de\/wordpress\/wp-json\/wp\/v2\/types\/page"}],"author":[{"embeddable":true,"href":"https:\/\/www.tv-neuhof.de\/wordpress\/wp-json\/wp\/v2\/users\/11"}],"replies":[{"embeddable":true,"href":"https:\/\/www.tv-neuhof.de\/wordpress\/wp-json\/wp\/v2\/comments?post=5649"}],"version-history":[{"count":19,"href":"https:\/\/www.tv-neuhof.de\/wordpress\/wp-json\/wp\/v2\/pages\/5649\/revisions"}],"predecessor-version":[{"id":13061,"href":"https:\/\/www.tv-neuhof.de\/wordpress\/wp-json\/wp\/v2\/pages\/5649\/revisions\/13061"}],"up":[{"embeddable":true,"href":"https:\/\/www.tv-neuhof.de\/wordpress\/wp-json\/wp\/v2\/pages\/2399"}],"wp:attachment":[{"href":"https:\/\/www.tv-neuhof.de\/wordpress\/wp-json\/wp\/v2\/media?parent=5649"}],"curies":[{"name":"wp","href":"https:\/\/api.w.org\/{rel}","templated":true}]}}