

{"id":6026,"date":"2012-09-18T10:51:36","date_gmt":"2012-09-18T09:51:36","guid":{"rendered":"http:\/\/www.tv-neuhof.de\/wordpress\/?page_id=6026"},"modified":"2012-09-18T11:53:24","modified_gmt":"2012-09-18T10:53:24","slug":"beitragserstellung","status":"publish","type":"page","link":"https:\/\/www.tv-neuhof.de\/wordpress\/about\/beitrag-schreiben\/beitragserstellung\/","title":{"rendered":"Beitragserstellung"},"content":{"rendered":"<p>Diese Seiten sollen Euch bei der Erstellung Eurer Beitr\u00e4ge unterst\u00fctzen. Sie erheben keinen Anspruch auf Vollst\u00e4ndigkeit und werden sich wahrscheinlich auch ab und zu \u00e4ndern. Also schaut immer mal vorbei.<\/p>\n<ul>\n<li><a href=\"https:\/\/www.tv-neuhof.de\/wordpress\/?page_id=144\">Grunds\u00e4tzliches zur Beitragserstellung<\/a> (Aktualisiert: 13.11.2008)<\/li>\n<\/ul>\n<ul>\n<li><a href=\"https:\/\/www.tv-neuhof.de\/wordpress\/?page_id=397\">Mit Bildern arbeiten<\/a><\/li>\n<\/ul>\n<ul>\n<li><a href=\"https:\/\/www.tv-neuhof.de\/wordpress\/?page_id=2308\">Spielberichte<\/a> (Aktualisiert: 13.09.2009)<\/li>\n<\/ul>\n<ul>\n<li><a href=\"https:\/\/www.tv-neuhof.de\/wordpress\/?page_id=4665\">Tips und Tricks zur Formatierung<\/a> (Neu: 05.04.2011)<\/li>\n<\/ul>\n","protected":false},"excerpt":{"rendered":"<p>Diese Seiten sollen Euch bei der Erstellung Eurer Beitr\u00e4ge unterst\u00fctzen. Sie erheben keinen Anspruch auf Vollst\u00e4ndigkeit und werden sich wahrscheinlich auch ab und zu \u00e4ndern. Also schaut immer mal vorbei. Grunds\u00e4tzliches zur Beitragserstellung (Aktualisiert: 13.11.2008) Mit Bildern arbeiten Spielberichte (Aktualisiert: 13.09.2009) Tips und Tricks zur Formatierung (Neu: 05.04.2011)<\/p>\n","protected":false},"author":11,"featured_media":0,"parent":143,"menu_order":70,"comment_status":"open","ping_status":"closed","template":"","meta":{"ngg_post_thumbnail":0,"footnotes":""},"class_list":["post-6026","page","type-page","status-publish","hentry"],"_links":{"self":[{"href":"https:\/\/www.tv-neuhof.de\/wordpress\/wp-json\/wp\/v2\/pages\/6026","targetHints":{"allow":["GET"]}}],"collection":[{"href":"https:\/\/www.tv-neuhof.de\/wordpress\/wp-json\/wp\/v2\/pages"}],"about":[{"href":"https:\/\/www.tv-neuhof.de\/wordpress\/wp-json\/wp\/v2\/types\/page"}],"author":[{"embeddable":true,"href":"https:\/\/www.tv-neuhof.de\/wordpress\/wp-json\/wp\/v2\/users\/11"}],"replies":[{"embeddable":true,"href":"https:\/\/www.tv-neuhof.de\/wordpress\/wp-json\/wp\/v2\/comments?post=6026"}],"version-history":[{"count":4,"href":"https:\/\/www.tv-neuhof.de\/wordpress\/wp-json\/wp\/v2\/pages\/6026\/revisions"}],"predecessor-version":[{"id":6036,"href":"https:\/\/www.tv-neuhof.de\/wordpress\/wp-json\/wp\/v2\/pages\/6026\/revisions\/6036"}],"up":[{"embeddable":true,"href":"https:\/\/www.tv-neuhof.de\/wordpress\/wp-json\/wp\/v2\/pages\/143"}],"wp:attachment":[{"href":"https:\/\/www.tv-neuhof.de\/wordpress\/wp-json\/wp\/v2\/media?parent=6026"}],"curies":[{"name":"wp","href":"https:\/\/api.w.org\/{rel}","templated":true}]}}