

{"id":6172,"date":"2012-10-17T06:37:54","date_gmt":"2012-10-17T05:37:54","guid":{"rendered":"http:\/\/www.tv-neuhof.de\/wordpress\/?page_id=6172"},"modified":"2021-11-07T11:16:28","modified_gmt":"2021-11-07T10:16:28","slug":"miriam-benkner","status":"publish","type":"page","link":"https:\/\/www.tv-neuhof.de\/wordpress\/about\/kontakte\/kontaktdetails\/miriam-benkner\/","title":{"rendered":"Miriam Benkner-Andr\u00e9"},"content":{"rendered":"\n<table border=\"2\" rules=\"none\" cellspacing=\"10\">\n<tbody>\n<tr>\n<th rowspan=\"3\"><img loading=\"lazy\" decoding=\"async\" class=\"alignnone size-medium wp-image-6173\" title=\"Miriam Benkner 2012\" src=\"https:\/\/www.tv-neuhof.de\/wordpress\/wp-content\/uploads\/2012\/10\/Miriam-Benkner-2012-227x300.jpg\" alt=\"\" width=\"113\" height=\"150\" srcset=\"https:\/\/www.tv-neuhof.de\/wordpress\/wp-content\/uploads\/2012\/10\/Miriam-Benkner-2012-227x300.jpg 227w, https:\/\/www.tv-neuhof.de\/wordpress\/wp-content\/uploads\/2012\/10\/Miriam-Benkner-2012.jpg 389w\" sizes=\"auto, (max-width: 113px) 100vw, 113px\" \/><\/th>\n<td width=\"60\">Name:<\/td>\n<td width=\"250\">Miriam Benkner-Andr\u00e9<\/td>\n<\/tr>\n<tr>\n<td>Kontakt:<\/td>\n<td>+49 6655 9099312<br><a href=\"mailto:miriam.Benkner@gmx.de\">miriam.Benkner@gmx.de<\/a><\/td>\n<\/tr>\n<tr>\n<td>T\u00e4tigkeit:<\/td>\n<td>Schiedsrichterin<\/td>\n<\/tr>\n<\/tbody>\n<\/table>\n<p><br><a href=\"javascript:history.back()\">&lt;&#8211;Zur\u00fcck<\/a><\/p>\n","protected":false},"excerpt":{"rendered":"<p>Name: Miriam Benkner-Andr\u00e9 Kontakt: +49 6655 9099312miriam.Benkner@gmx.de T\u00e4tigkeit: Schiedsrichterin &lt;&#8211;Zur\u00fcck<\/p>\n","protected":false},"author":11,"featured_media":0,"parent":3641,"menu_order":2,"comment_status":"open","ping_status":"closed","template":"","meta":{"ngg_post_thumbnail":0,"footnotes":""},"class_list":["post-6172","page","type-page","status-publish","hentry"],"_links":{"self":[{"href":"https:\/\/www.tv-neuhof.de\/wordpress\/wp-json\/wp\/v2\/pages\/6172","targetHints":{"allow":["GET"]}}],"collection":[{"href":"https:\/\/www.tv-neuhof.de\/wordpress\/wp-json\/wp\/v2\/pages"}],"about":[{"href":"https:\/\/www.tv-neuhof.de\/wordpress\/wp-json\/wp\/v2\/types\/page"}],"author":[{"embeddable":true,"href":"https:\/\/www.tv-neuhof.de\/wordpress\/wp-json\/wp\/v2\/users\/11"}],"replies":[{"embeddable":true,"href":"https:\/\/www.tv-neuhof.de\/wordpress\/wp-json\/wp\/v2\/comments?post=6172"}],"version-history":[{"count":8,"href":"https:\/\/www.tv-neuhof.de\/wordpress\/wp-json\/wp\/v2\/pages\/6172\/revisions"}],"predecessor-version":[{"id":11966,"href":"https:\/\/www.tv-neuhof.de\/wordpress\/wp-json\/wp\/v2\/pages\/6172\/revisions\/11966"}],"up":[{"embeddable":true,"href":"https:\/\/www.tv-neuhof.de\/wordpress\/wp-json\/wp\/v2\/pages\/3641"}],"wp:attachment":[{"href":"https:\/\/www.tv-neuhof.de\/wordpress\/wp-json\/wp\/v2\/media?parent=6172"}],"curies":[{"name":"wp","href":"https:\/\/api.w.org\/{rel}","templated":true}]}}