

{"id":6461,"date":"2013-04-20T09:53:05","date_gmt":"2013-04-20T08:53:05","guid":{"rendered":"http:\/\/www.tv-neuhof.de\/wordpress\/?page_id=6461"},"modified":"2013-04-20T10:19:27","modified_gmt":"2013-04-20T09:19:27","slug":"karrierebeender-herren-ii-2013","status":"publish","type":"page","link":"https:\/\/www.tv-neuhof.de\/wordpress\/about\/vereinsleben\/karrierebeender-herren-ii-2013\/","title":{"rendered":"Karrierebeender Herren II 2013"},"content":{"rendered":"<p>Das Abschiedsspiel unserer 2. Herrenmannschaft.<br \/>\nMit diesem Spiel verabschiedeten sich 16 Spieler, die jahrzehntelang f\u00fcr den TV Neuhof gespielt haben.<br \/>\nIn den 90ern und noch bis 2005 war diese Mannschaft immer im vorderen Tabellendrittel zu finden. Der gr\u00f6\u00dfte Erfolg war 1992 die Meisterschaft in der Kreisliga A.<\/p>\n<p>Vielen Dank auch nochmal an die Sportskameraden aus Dipperz und Schiedsrichter H. Sochiera, die dieses Spiel erm\u00f6glicht haben.<\/p>\n<p>Die Spieler:<br \/>\nJ\u00f6rg Hillenbrand (69), Thomas Diegm\u00fcller (4), Claus-J\u00fcrgen Schulz (77), Michael Remmert (6), Markus M\u00fcller (33), Stefan Enders (9), Kai N\u00fcchter (17), J\u00fcrgen Sch\u00e4fer (2), Oliver Heil (14), Veit Vogel (12), J\u00fcrgen Goldbach (10), Norbert Kern (8), Martin Kre\u00df (41), Tino Odenwald (7), Peter Kaib (21), Bernd Pietzko (11), Tim Eisenstein (1)<\/p>\n<p>Bitte beachten, dass es drei Seiten mit Bildern gibt. Ganz unten auf der Seite kann man umschalten.<\/p>\nngg_shortcode_0_placeholder\n","protected":false},"excerpt":{"rendered":"<p>Das Abschiedsspiel unserer 2. Herrenmannschaft. Mit diesem Spiel verabschiedeten sich 16 Spieler, die jahrzehntelang f\u00fcr den TV Neuhof gespielt haben. In den 90ern und noch bis 2005 war diese Mannschaft immer im vorderen Tabellendrittel zu finden. Der gr\u00f6\u00dfte Erfolg war 1992 die Meisterschaft in der Kreisliga A. Vielen Dank auch nochmal an die Sportskameraden aus [&hellip;]<\/p>\n","protected":false},"author":11,"featured_media":0,"parent":1546,"menu_order":60,"comment_status":"open","ping_status":"closed","template":"","meta":{"ngg_post_thumbnail":0,"footnotes":""},"class_list":["post-6461","page","type-page","status-publish","hentry"],"_links":{"self":[{"href":"https:\/\/www.tv-neuhof.de\/wordpress\/wp-json\/wp\/v2\/pages\/6461","targetHints":{"allow":["GET"]}}],"collection":[{"href":"https:\/\/www.tv-neuhof.de\/wordpress\/wp-json\/wp\/v2\/pages"}],"about":[{"href":"https:\/\/www.tv-neuhof.de\/wordpress\/wp-json\/wp\/v2\/types\/page"}],"author":[{"embeddable":true,"href":"https:\/\/www.tv-neuhof.de\/wordpress\/wp-json\/wp\/v2\/users\/11"}],"replies":[{"embeddable":true,"href":"https:\/\/www.tv-neuhof.de\/wordpress\/wp-json\/wp\/v2\/comments?post=6461"}],"version-history":[{"count":3,"href":"https:\/\/www.tv-neuhof.de\/wordpress\/wp-json\/wp\/v2\/pages\/6461\/revisions"}],"predecessor-version":[{"id":6462,"href":"https:\/\/www.tv-neuhof.de\/wordpress\/wp-json\/wp\/v2\/pages\/6461\/revisions\/6462"}],"up":[{"embeddable":true,"href":"https:\/\/www.tv-neuhof.de\/wordpress\/wp-json\/wp\/v2\/pages\/1546"}],"wp:attachment":[{"href":"https:\/\/www.tv-neuhof.de\/wordpress\/wp-json\/wp\/v2\/media?parent=6461"}],"curies":[{"name":"wp","href":"https:\/\/api.w.org\/{rel}","templated":true}]}}