

{"id":6502,"date":"2013-08-20T16:05:09","date_gmt":"2013-08-20T15:05:09","guid":{"rendered":"http:\/\/www.tv-neuhof.de\/wordpress\/?page_id=6502"},"modified":"2024-10-13T14:52:11","modified_gmt":"2024-10-13T12:52:11","slug":"201213-2","status":"publish","type":"page","link":"https:\/\/www.tv-neuhof.de\/wordpress\/about\/historisches\/mannschaftsfotos\/201213-2\/","title":{"rendered":"2012\/13"},"content":{"rendered":"\n<h1 class=\"wp-block-heading has-text-align-center\">Herren I<\/h1>\n\n\n<div class=\"wp-block-image\">\n<figure class=\"aligncenter size-full is-resized\"><a href=\"https:\/\/www.tv-neuhof.de\/wordpress\/unsere-mannschaften\/herren-mannschaft-20072008\/2012-herren-i\/\"><img loading=\"lazy\" decoding=\"async\" width=\"1024\" height=\"526\" src=\"https:\/\/www.tv-neuhof.de\/wordpress\/wp-content\/uploads\/2008\/04\/2012-Herren-I.jpg\" alt=\"\" class=\"wp-image-6098\" style=\"width:512px\" srcset=\"https:\/\/www.tv-neuhof.de\/wordpress\/wp-content\/uploads\/2008\/04\/2012-Herren-I.jpg 1024w, https:\/\/www.tv-neuhof.de\/wordpress\/wp-content\/uploads\/2008\/04\/2012-Herren-I-300x154.jpg 300w\" sizes=\"auto, (max-width: 1024px) 100vw, 1024px\" \/><\/a><\/figure>\n<\/div>\n\n\n<table border=\"0\" cellspacing=\"5\" cellpadding=\"2\" align=\"center\"><tbody><tr><td>Stehend v.l.:<\/td><td>Lukas Benkner, Dominik Vogler, Fabian Benkner, Winfried Schmitt, Daniel Arnreich, Johannes Engel, J\u00fcrgen Sch\u00e4fer (Betreuer), J\u00fcrgen Arnold (Trainer)<\/td><\/tr><tr><td>Sitzend v.l.:<\/td><td>Johannes Manz, Marius Auth, Frederick Storch, Peter Vamberg, Tim Eisenstein, Christoph Temburg, Karsten Simon, Andreas Stehling, Thomas Schaub (Zeitnehmer)<\/td><\/tr><tr><td>Es fehlen:<\/td><td>Mirko Auth, Benedikt Grob, Felix M\u00f6ller, Kilian Schmitt<\/td><\/tr><\/tbody><\/table>\n<p><strong>&nbsp;<\/strong><\/p>\n\n\n\n<h1 class=\"wp-block-heading has-text-align-center\">Herren II<\/h1>\n\n\n<div class=\"wp-block-image\">\n<figure class=\"aligncenter size-full is-resized\"><a href=\"https:\/\/www.tv-neuhof.de\/wordpress\/?attachment_id=5313\"><img loading=\"lazy\" decoding=\"async\" width=\"1024\" height=\"768\" src=\"https:\/\/www.tv-neuhof.de\/wordpress\/wp-content\/uploads\/2008\/09\/2011-Herren-II.jpg\" alt=\"\" class=\"wp-image-5313\" style=\"width:512px\" srcset=\"https:\/\/www.tv-neuhof.de\/wordpress\/wp-content\/uploads\/2008\/09\/2011-Herren-II.jpg 1024w, https:\/\/www.tv-neuhof.de\/wordpress\/wp-content\/uploads\/2008\/09\/2011-Herren-II-300x225.jpg 300w\" sizes=\"auto, (max-width: 1024px) 100vw, 1024px\" \/><\/a><\/figure>\n<\/div>\n\n\n<table border=\"0\" cellspacing=\"5\" cellpadding=\"2\" align=\"center\"><tbody><tr><td>Stehend v.l.:<\/td><td>Stefan Enders, Kai N\u00fcchter Benedikt Grob, Fabian M\u00f6ller, Michael Remmert, Ralf Recktenwald<\/td><\/tr><tr><td>Kniend v.l:<\/td><td>Peter Kaib, Johannes Engel, Lukas Benkner, Bernd Pietzko, Oliver Heil, Martin Kre\u00df<\/td><\/tr><tr><td>Es fehlen:<\/td><td>Daniel Arnreich, Mirko Auth, J\u00fcrgen Goldbach, Thomas Hack, J\u00f6rg Hillenbrand, Kern Norbert, Benedikt Laudemann, Dominik Schmitt, Claus-J\u00fcrgen Schulz, Stefan Trost, Werner Trost, Veit Vogel<\/td><\/tr><\/tbody><\/table>\n<p><strong>&nbsp;<\/strong><\/p>\n\n\n\n<h1 class=\"wp-block-heading has-text-align-center\">Damen I<\/h1>\n\n\n<div class=\"wp-block-image\">\n<figure class=\"aligncenter size-full is-resized\"><a href=\"https:\/\/www.tv-neuhof.de\/wordpress\/unsere-mannschaften\/damen-mannschaft-i\/2012-damen-i\/\"><img loading=\"lazy\" decoding=\"async\" width=\"1024\" height=\"564\" src=\"https:\/\/www.tv-neuhof.de\/wordpress\/wp-content\/uploads\/2008\/11\/2012-Damen-I.png\" alt=\"\" class=\"wp-image-5665\" style=\"width:512px\" srcset=\"https:\/\/www.tv-neuhof.de\/wordpress\/wp-content\/uploads\/2008\/11\/2012-Damen-I.png 1024w, https:\/\/www.tv-neuhof.de\/wordpress\/wp-content\/uploads\/2008\/11\/2012-Damen-I-300x165.png 300w\" sizes=\"auto, (max-width: 1024px) 100vw, 1024px\" \/><\/a><\/figure>\n<\/div>\n\n\n<table border=\"0\" cellspacing=\"5\" cellpadding=\"2\" align=\"center\"><tbody><tr><td>Stehend v.l.:<\/td><td>Christof Hadwiger (Trainer), Corinna Kuschnick, Anna-Maria Weber, Stefanie Sallmann, Henrike Stuwe, Anna-Sophia M\u00f6ller, Bernadette Wahl, Patricia Betz<\/td><\/tr><tr><td>Sitzend v.l.:<\/td><td>Anna H\u00fcbner, Elisabeth Weber, Laura Kern, Ariane Benkner, Miriam Benkner, Annika Wenzel, Natalie Nau, Anna-Lena Heil, Mattea Heil, Sabine Schmitt<\/td><\/tr><tr><td>Es fehlen:<\/td><td>Thomas Heil (Betreuer), Alida Maxand, Frederike Weber, Sabine Wehner und Ann Giersberg<\/td><\/tr><\/tbody><\/table>\n<p><strong>&nbsp;<\/strong><\/p>\n\n\n\n<h1 class=\"wp-block-heading has-text-align-center\">A-Jugend weiblich<\/h1>\n\n\n<div class=\"wp-block-image\">\n<figure class=\"aligncenter size-full is-resized\"><a href=\"https:\/\/www.tv-neuhof.de\/wordpress\/unsere-mannschaften\/b-jugend-weiblich\/2011-b-jugend-weiblich\/\"><img loading=\"lazy\" decoding=\"async\" width=\"1024\" height=\"628\" src=\"https:\/\/www.tv-neuhof.de\/wordpress\/wp-content\/uploads\/2010\/09\/2011-B-Jugend-weiblich.jpg\" alt=\"\" class=\"wp-image-5358\" style=\"width:512px\" srcset=\"https:\/\/www.tv-neuhof.de\/wordpress\/wp-content\/uploads\/2010\/09\/2011-B-Jugend-weiblich.jpg 1024w, https:\/\/www.tv-neuhof.de\/wordpress\/wp-content\/uploads\/2010\/09\/2011-B-Jugend-weiblich-300x183.jpg 300w\" sizes=\"auto, (max-width: 1024px) 100vw, 1024px\" \/><\/a><\/figure>\n<\/div>\n\n\n<table border=\"0\" cellspacing=\"5\" cellpadding=\"2\" align=\"center\"><tbody><tr><td>Stehend v.l.:<\/td><td>Anna-Lena Engel, Patricia Betz, Vanessa Hohmann, Franziska Kern, Alida Maxand, Norbert Kern (Trainer)<\/td><\/tr><tr><td>Kniend v.l.:<\/td><td>Deborah Schneider, Jana Wittkamm, Antonia Kulla, Helena M\u00f6ller<\/td><\/tr><tr><td>Es fehlt:<\/td><td>Anna-Maria Weber<\/td><\/tr><\/tbody><\/table>\n<p><strong>&nbsp;<\/strong><\/p>\n\n\n\n<h1 class=\"wp-block-heading has-text-align-center\">B-Jugend m\u00e4nnlich<\/h1>\n\n\n<div class=\"wp-block-image\">\n<figure class=\"aligncenter size-full is-resized\"><a href=\"https:\/\/www.tv-neuhof.de\/wordpress\/unsere-mannschaften\/b-jugend-mannlich\/2012-b-jugend-mannlich\/\"><img loading=\"lazy\" decoding=\"async\" width=\"1024\" height=\"678\" src=\"https:\/\/www.tv-neuhof.de\/wordpress\/wp-content\/uploads\/2008\/11\/2012-B-Jugend-m\u00e4nnlich.jpg\" alt=\"\" class=\"wp-image-6068\" style=\"width:512px\" srcset=\"https:\/\/www.tv-neuhof.de\/wordpress\/wp-content\/uploads\/2008\/11\/2012-B-Jugend-m\u00e4nnlich.jpg 1024w, https:\/\/www.tv-neuhof.de\/wordpress\/wp-content\/uploads\/2008\/11\/2012-B-Jugend-m\u00e4nnlich-300x198.jpg 300w\" sizes=\"auto, (max-width: 1024px) 100vw, 1024px\" \/><\/a><\/figure>\n<\/div>\n\n\n<table border=\"0\" cellspacing=\"5\" cellpadding=\"2\" align=\"center\"><tbody><tr><td>Stehend v.l.:<\/td><td>Michael Remmert (Trainer), Jannik Enders, Christian Remmert, Marcel Sch\u00e4fer, Sebastian Happ, Daniel H\u00e4ndler, Marcel Frank, David Brehler<\/td><\/tr><tr><td>Es fehlt:<\/td><td>Christian Rehberg<\/td><\/tr><\/tbody><\/table>\n<p><strong>&nbsp;<\/strong><\/p>\n\n\n\n<h1 class=\"wp-block-heading has-text-align-center\">C-Jugend m\u00e4nnlich<\/h1>\n\n\n<div class=\"wp-block-image\">\n<figure class=\"aligncenter size-full is-resized\"><a href=\"https:\/\/www.tv-neuhof.de\/wordpress\/unsere-mannschaften\/mannliche-d-jugend-20072008\/2010-d-jugend-mannlich\/\"><img loading=\"lazy\" decoding=\"async\" width=\"1024\" height=\"682\" src=\"https:\/\/www.tv-neuhof.de\/wordpress\/wp-content\/uploads\/2008\/02\/2010-D-Jugend-m\u00e4nnlich.jpg\" alt=\"\" class=\"wp-image-4005\" style=\"width:512px\" srcset=\"https:\/\/www.tv-neuhof.de\/wordpress\/wp-content\/uploads\/2008\/02\/2010-D-Jugend-m\u00e4nnlich.jpg 1024w, https:\/\/www.tv-neuhof.de\/wordpress\/wp-content\/uploads\/2008\/02\/2010-D-Jugend-m\u00e4nnlich-300x199.jpg 300w\" sizes=\"auto, (max-width: 1024px) 100vw, 1024px\" \/><\/a><\/figure>\n<\/div>\n\n\n<table border=\"0\" cellspacing=\"5\" cellpadding=\"2\" align=\"center\"><tbody><tr><td>Stehend v.l.:<\/td><td>Heike Trost (Trainerin), Johannes Kulla, Niklas Vogel, Alexander Remmert, Felix M\u00f6ller, Roswitha Haas (Trainerin)<\/td><\/tr><tr><td>Sitzend v.l.:<\/td><td>Jonathan Schad, Jonathan M\u00f6ller, Jan Leitsch, Jonas Leitsch, Elias Hack<\/td><\/tr><\/tbody><\/table>\n<p><strong>&nbsp;<\/strong><\/p>\n\n\n\n<h1 class=\"wp-block-heading has-text-align-center\">D-Jugend<\/h1>\n\n\n<div class=\"wp-block-image\">\n<figure class=\"aligncenter size-full is-resized\"><a href=\"https:\/\/www.tv-neuhof.de\/wordpress\/unsere-mannschaften\/mannliche-d-jugend-20072008\/2012-d-jugend\/\"><img loading=\"lazy\" decoding=\"async\" width=\"1024\" height=\"768\" src=\"https:\/\/www.tv-neuhof.de\/wordpress\/wp-content\/uploads\/2008\/02\/2012-D-Jugend.jpg\" alt=\"\" class=\"wp-image-6166\" style=\"width:512px\" srcset=\"https:\/\/www.tv-neuhof.de\/wordpress\/wp-content\/uploads\/2008\/02\/2012-D-Jugend.jpg 1024w, https:\/\/www.tv-neuhof.de\/wordpress\/wp-content\/uploads\/2008\/02\/2012-D-Jugend-300x225.jpg 300w\" sizes=\"auto, (max-width: 1024px) 100vw, 1024px\" \/><\/a><\/figure>\n<\/div>\n\n\n<table border=\"0\" cellspacing=\"5\" cellpadding=\"2\" align=\"center\"><tbody><tr><td>Hinten v.l.:<\/td><td>Ren\u00e9 Kl\u00fch, Leonie Odenwald, Robin B\u00fcrtel, Jannis Diegelmann, Samuel Schad, Antonia Gerhard<\/td><\/tr><tr><td>Vorne v.l.:<\/td><td>Manuel Betz, Joshua Ruppel, Leonie Brunner, Levin Heil, Lea Diegelmann, Luca-Marie Engel<\/td><\/tr><tr><td>Es fehlen:<\/td><td>Hannes Berboth, Tizian Gr\u00f6\u00dfl, Julia M\u00fcller und Leon M\u00fcller<\/td><\/tr><\/tbody><\/table>\n<p><strong>&nbsp;<\/strong><\/p>\n\n\n\n<h1 class=\"wp-block-heading has-text-align-center\">E-Jugend<\/h1>\n\n\n<div class=\"wp-block-image\">\n<figure class=\"aligncenter size-full is-resized\"><a href=\"https:\/\/www.tv-neuhof.de\/wordpress\/unsere-mannschaften\/e-jugend\/2011-e-jugend\/\"><img loading=\"lazy\" decoding=\"async\" width=\"1024\" height=\"683\" src=\"https:\/\/www.tv-neuhof.de\/wordpress\/wp-content\/uploads\/2008\/09\/2011-E-Jugend.jpg\" alt=\"\" class=\"wp-image-5233\" style=\"width:512px\" srcset=\"https:\/\/www.tv-neuhof.de\/wordpress\/wp-content\/uploads\/2008\/09\/2011-E-Jugend.jpg 1024w, https:\/\/www.tv-neuhof.de\/wordpress\/wp-content\/uploads\/2008\/09\/2011-E-Jugend-300x200.jpg 300w\" sizes=\"auto, (max-width: 1024px) 100vw, 1024px\" \/><\/a><\/figure>\n<\/div>\n\n\n<table border=\"0\" cellspacing=\"5\" cellpadding=\"2\" align=\"center\"><tbody><tr><td>Hinten:<\/td><td>Katja &amp; Volker Ruppel (Sponsor der neuen Trikots), Markus Herren (Trainer)<\/td><\/tr><tr><td>Von links:<\/td><td>Samuel Schad, Clara Heil, Josef Lachnitt (F-Jugend), Luca Herren (F-Jugend), Tizian Gr\u00f6\u00dfl, Justin Odenwald, Sandro Schleicher &amp; Niclas Belika<\/td><\/tr><tr><td>Es fehlt:<\/td><td>Tino Odenwald (Trainter)<\/td><\/tr><\/tbody><\/table>\n<p><strong>&nbsp;<\/strong><\/p>\n\n\n\n<h1 class=\"wp-block-heading has-text-align-center\">F-Jugend<\/h1>\n\n\n<div class=\"wp-block-image\">\n<figure class=\"aligncenter size-full is-resized\"><a href=\"https:\/\/www.tv-neuhof.de\/wordpress\/unsere-mannschaften\/f-jugend\/2012-f-jugend\/\"><img loading=\"lazy\" decoding=\"async\" width=\"1024\" height=\"768\" src=\"https:\/\/www.tv-neuhof.de\/wordpress\/wp-content\/uploads\/2008\/09\/2012-F-Jugend.jpg\" alt=\"\" class=\"wp-image-6250\" style=\"width:512px\" srcset=\"https:\/\/www.tv-neuhof.de\/wordpress\/wp-content\/uploads\/2008\/09\/2012-F-Jugend.jpg 1024w, https:\/\/www.tv-neuhof.de\/wordpress\/wp-content\/uploads\/2008\/09\/2012-F-Jugend-300x225.jpg 300w\" sizes=\"auto, (max-width: 1024px) 100vw, 1024px\" \/><\/a><\/figure>\n<\/div>\n\n\n<table border=\"0\" cellspacing=\"5\" cellpadding=\"2\" align=\"center\"><tbody><tr><td>Stehend v.l.:<\/td><td>Josef Lachnitt, Jannik Enders, Louis Hillenbrand, Simon Vogel<\/td><\/tr><tr><td>Kniend v.l.:<\/td><td>Jason L\u00fcdtke, Carla Stanzel, Nele Diegelmann<\/td><\/tr><tr><td>Liegend:<\/td><td>Elisabeth Lachnitt<\/td><\/tr><\/tbody><\/table>\n<p><strong>&nbsp;<\/strong><\/p>\n\n\n\n<h1 class=\"wp-block-heading has-text-align-center\">Minis<\/h1>\n\n\n<div class=\"wp-block-image\">\n<figure class=\"aligncenter size-full is-resized\"><a href=\"https:\/\/www.tv-neuhof.de\/wordpress\/unsere-mannschaften\/minis\/2011-minis\/\"><img loading=\"lazy\" decoding=\"async\" width=\"1024\" height=\"768\" src=\"https:\/\/www.tv-neuhof.de\/wordpress\/wp-content\/uploads\/2010\/03\/2011-Minis.jpg\" alt=\"\" class=\"wp-image-5361\" style=\"width:512px\" srcset=\"https:\/\/www.tv-neuhof.de\/wordpress\/wp-content\/uploads\/2010\/03\/2011-Minis.jpg 1024w, https:\/\/www.tv-neuhof.de\/wordpress\/wp-content\/uploads\/2010\/03\/2011-Minis-300x225.jpg 300w\" sizes=\"auto, (max-width: 1024px) 100vw, 1024px\" \/><\/a><\/figure>\n<\/div>\n\n\n<table border=\"0\" cellspacing=\"5\" cellpadding=\"2\" align=\"center\"><tbody><tr><td>Von links:<\/td><td>Elisabeth Lachnitt, Fabienne Wied, Jason L\u00fcdtke, Carla Stanzel, Ronja Enders, Sofie Hach, Paula Burkhard, Simon Vogel, Cheyenne Gausmann, Benedikt Specht<\/td><\/tr><\/tbody><\/table>\n<p><strong>&nbsp;<\/strong><\/p>\n","protected":false},"excerpt":{"rendered":"<p>Herren I Stehend v.l.: Lukas Benkner, Dominik Vogler, Fabian Benkner, Winfried Schmitt, Daniel Arnreich, Johannes Engel, J\u00fcrgen Sch\u00e4fer (Betreuer), J\u00fcrgen Arnold (Trainer) Sitzend v.l.: Johannes Manz, Marius Auth, Frederick Storch, Peter Vamberg, Tim Eisenstein, Christoph Temburg, Karsten Simon, Andreas Stehling, Thomas Schaub (Zeitnehmer) Es fehlen: Mirko Auth, Benedikt Grob, Felix M\u00f6ller, Kilian Schmitt &nbsp; Herren [&hellip;]<\/p>\n","protected":false},"author":11,"featured_media":0,"parent":2399,"menu_order":2012,"comment_status":"open","ping_status":"closed","template":"","meta":{"ngg_post_thumbnail":0,"footnotes":""},"class_list":["post-6502","page","type-page","status-publish","hentry"],"_links":{"self":[{"href":"https:\/\/www.tv-neuhof.de\/wordpress\/wp-json\/wp\/v2\/pages\/6502","targetHints":{"allow":["GET"]}}],"collection":[{"href":"https:\/\/www.tv-neuhof.de\/wordpress\/wp-json\/wp\/v2\/pages"}],"about":[{"href":"https:\/\/www.tv-neuhof.de\/wordpress\/wp-json\/wp\/v2\/types\/page"}],"author":[{"embeddable":true,"href":"https:\/\/www.tv-neuhof.de\/wordpress\/wp-json\/wp\/v2\/users\/11"}],"replies":[{"embeddable":true,"href":"https:\/\/www.tv-neuhof.de\/wordpress\/wp-json\/wp\/v2\/comments?post=6502"}],"version-history":[{"count":36,"href":"https:\/\/www.tv-neuhof.de\/wordpress\/wp-json\/wp\/v2\/pages\/6502\/revisions"}],"predecessor-version":[{"id":13062,"href":"https:\/\/www.tv-neuhof.de\/wordpress\/wp-json\/wp\/v2\/pages\/6502\/revisions\/13062"}],"up":[{"embeddable":true,"href":"https:\/\/www.tv-neuhof.de\/wordpress\/wp-json\/wp\/v2\/pages\/2399"}],"wp:attachment":[{"href":"https:\/\/www.tv-neuhof.de\/wordpress\/wp-json\/wp\/v2\/media?parent=6502"}],"curies":[{"name":"wp","href":"https:\/\/api.w.org\/{rel}","templated":true}]}}