

{"id":7334,"date":"2014-06-17T13:22:08","date_gmt":"2014-06-17T12:22:08","guid":{"rendered":"http:\/\/www.tv-neuhof.de\/wordpress\/?page_id=7334"},"modified":"2024-10-14T15:29:38","modified_gmt":"2024-10-14T13:29:38","slug":"201314-2","status":"publish","type":"page","link":"https:\/\/www.tv-neuhof.de\/wordpress\/about\/historisches\/mannschaftsfotos\/201314-2\/","title":{"rendered":"2013\/14"},"content":{"rendered":"\n<h1 class=\"wp-block-heading has-text-align-center\">Herren I<\/h1>\n\n\n<div class=\"wp-block-image\">\n<figure class=\"aligncenter size-full is-resized\"><a href=\"https:\/\/www.tv-neuhof.de\/wordpress\/unsere-mannschaften\/herren-mannschaft-20072008\/2012-herren-i\/\"><img loading=\"lazy\" decoding=\"async\" width=\"1024\" height=\"526\" src=\"https:\/\/www.tv-neuhof.de\/wordpress\/wp-content\/uploads\/2008\/04\/2012-Herren-I.jpg\" alt=\"\" class=\"wp-image-6098\" style=\"width:512px\" srcset=\"https:\/\/www.tv-neuhof.de\/wordpress\/wp-content\/uploads\/2008\/04\/2012-Herren-I.jpg 1024w, https:\/\/www.tv-neuhof.de\/wordpress\/wp-content\/uploads\/2008\/04\/2012-Herren-I-300x154.jpg 300w\" sizes=\"auto, (max-width: 1024px) 100vw, 1024px\" \/><\/a><\/figure>\n<\/div>\n\n\n<table border=\"0\" cellspacing=\"5\" cellpadding=\"2\" align=\"center\"><tbody><tr><td>Stehend v.l.:<\/td><td>Lukas Benkner, Dominik Vogler, Fabian Benkner, Winfried Schmitt, Daniel Arnreich, Johannes Engel, J\u00fcrgen Sch\u00e4fer (Betreuer), J\u00fcrgen Arnold (Trainer)<\/td><\/tr><tr><td>Sitzend v.l.:<\/td><td>Johannes Manz, Marius Auth, Frederick Storch, Peter Vamberg, Tim Eisenstein, Christoph Temburg, Karsten Simon, Andreas Stehling, Thomas Schaub (Zeitnehmer)<\/td><\/tr><tr><td>Es fehlen:<\/td><td>Mirko Auth, Benedikt Grob, Felix M\u00f6ller, Kilian Schmitt<\/td><\/tr><\/tbody><\/table><p><strong>&nbsp;<\/strong><\/p>\n\n\n\n<h1 class=\"wp-block-heading has-text-align-center\">Damen I<\/h1>\n\n\n<div class=\"wp-block-image\">\n<figure class=\"aligncenter size-full is-resized\"><a href=\"https:\/\/www.tv-neuhof.de\/wordpress\/unsere-mannschaften\/damen-mannschaft-i\/2012-damen-i\/\"><img loading=\"lazy\" decoding=\"async\" width=\"1024\" height=\"564\" src=\"https:\/\/www.tv-neuhof.de\/wordpress\/wp-content\/uploads\/2008\/11\/2012-Damen-I.png\" alt=\"\" class=\"wp-image-5665\" style=\"width:512px\" srcset=\"https:\/\/www.tv-neuhof.de\/wordpress\/wp-content\/uploads\/2008\/11\/2012-Damen-I.png 1024w, https:\/\/www.tv-neuhof.de\/wordpress\/wp-content\/uploads\/2008\/11\/2012-Damen-I-300x165.png 300w\" sizes=\"auto, (max-width: 1024px) 100vw, 1024px\" \/><\/a><\/figure>\n<\/div>\n\n\n<table border=\"0\" cellspacing=\"5\" cellpadding=\"2\" align=\"center\"><tbody><tr><td>Stehend v.l.:<\/td><td>Christof Hadwiger (Trainer), Corinna Kuschnick, Anna-Maria Weber, Stefanie Sallmann, Henrike Stuwe, Anna-Sophia M\u00f6ller, Bernadette Wahl, Patricia Betz<\/td><\/tr><tr><td>Sitzend v.l.:<\/td><td>Anna H\u00fcbner, Elisabeth Weber, Laura Kern, Ariane Benkner, Miriam Benkner, Annika Wenzel, Natalie Nau, Anna-Lena Heil, Mattea Heil, Sabine Schmitt<\/td><\/tr><tr><td>Es fehlen:<\/td><td>Thomas Heil (Betreuer), Alida Maxand, Frederike Weber, Sabine Wehner und Ann Giersberg<\/td><\/tr><\/tbody><\/table>\n<p><strong>&nbsp;<\/strong><\/p>\n\n\n\n<h1 class=\"wp-block-heading has-text-align-center\">A-Jugend m\u00e4nnlich (JSG)<\/h1>\n\n\n<div class=\"wp-block-image\">\n<figure class=\"aligncenter size-full is-resized\"><a href=\"https:\/\/www.tv-neuhof.de\/wordpress\/unsere-mannschaften\/mannliche-a-jugend\/2013-a-jugend-mannlich-jsg\/\"><img loading=\"lazy\" decoding=\"async\" width=\"1024\" height=\"676\" src=\"https:\/\/www.tv-neuhof.de\/wordpress\/wp-content\/uploads\/2009\/08\/2013-A-Jugend-m\u00e4nnlich-JSG.jpg\" alt=\"\" class=\"wp-image-6616\" style=\"width:512px\" srcset=\"https:\/\/www.tv-neuhof.de\/wordpress\/wp-content\/uploads\/2009\/08\/2013-A-Jugend-m\u00e4nnlich-JSG.jpg 1024w, https:\/\/www.tv-neuhof.de\/wordpress\/wp-content\/uploads\/2009\/08\/2013-A-Jugend-m\u00e4nnlich-JSG-300x198.jpg 300w\" sizes=\"auto, (max-width: 1024px) 100vw, 1024px\" \/><\/a><\/figure>\n<\/div>\n\n\n<table border=\"0\" cellspacing=\"5\" cellpadding=\"2\" align=\"center\"><tbody><tr><td>Hinten v.l.:<\/td><td>Daniel H\u00e4ndler, Marcel Frank, Marco Klug, Leonard Hack, Christian Remmert, Marcel Sch\u00e4fer, David Brehler<\/td><\/tr><tr><td>Mitte v.l.:<\/td><td>Michael Remmert (Trainer), Daniel Junk, Jannik Bachus, Jannik Enders, Benni Iller, Patrick Heil, Andreas Klug (Betreuer)<\/td><\/tr><tr><td>Vorne v.l.:<\/td><td>Jannik Reichenauer, Jan-Niklas Koch, Leon Poch, Sebastian Happ, Dominik We\u00df, Elmar M\u00fcller<\/td><\/tr><tr><td>Es fehlen:<\/td><td>Christian Rehberg, Sebastian H\u00fcttenm\u00fcller (Trainer)<\/td><\/tr><\/tbody><\/table>\n<p><strong>&nbsp;<\/strong><\/p>\n\n\n\n<h1 class=\"wp-block-heading has-text-align-center\">A-Jugend weiblich (JSG)<\/h1>\n\n\n<div class=\"wp-block-image\">\n<figure class=\"aligncenter size-full is-resized\"><a href=\"https:\/\/www.tv-neuhof.de\/wordpress\/unsere-mannschaften\/a-jugend-weiblich\/2013-a-jugend-weiblich-jsg\/\"><img loading=\"lazy\" decoding=\"async\" width=\"1024\" height=\"739\" src=\"https:\/\/www.tv-neuhof.de\/wordpress\/wp-content\/uploads\/2012\/09\/2013-A-Jugend-weiblich-JSG.jpg\" alt=\"\" class=\"wp-image-6594\" style=\"width:512px\" srcset=\"https:\/\/www.tv-neuhof.de\/wordpress\/wp-content\/uploads\/2012\/09\/2013-A-Jugend-weiblich-JSG.jpg 1024w, https:\/\/www.tv-neuhof.de\/wordpress\/wp-content\/uploads\/2012\/09\/2013-A-Jugend-weiblich-JSG-300x216.jpg 300w\" sizes=\"auto, (max-width: 1024px) 100vw, 1024px\" \/><\/a><\/figure>\n<\/div>\n\n\n<table border=\"0\" cellspacing=\"5\" cellpadding=\"2\" align=\"center\"><tbody><tr><td>Hinten v.l.:<\/td><td>Alida Maxand, Luisa Friedrich, Anna-Lena Engel, Norbert Kern (Trainer)<\/td><\/tr><tr><td>Mitte v.l.:<\/td><td>Franziska Kern, Marion Elm, Theresa Betz<\/td><\/tr><tr><td>Vorne v.l.:<\/td><td>Tatiana Elistratova, Patricia Betz, Vanessa Hohmann<\/td><\/tr><tr><td>Es fehlen:<\/td><td>Katharina Kramer, Antonia K\u00fcpferling, Deborah Schneider<\/td><\/tr><\/tbody><\/table>\n<p><strong>&nbsp;<\/strong><\/p>\n\n\n\n<h1 class=\"wp-block-heading has-text-align-center\">B-Jugend m\u00e4nnlich (JSG)<\/h1>\n\n\n<div class=\"wp-block-image\">\n<figure class=\"aligncenter size-full is-resized\"><a href=\"https:\/\/www.tv-neuhof.de\/wordpress\/unsere-mannschaften\/b-jugend-mannlich\/2013-b-jugend-mannlich-jsg_1\/\"><img loading=\"lazy\" decoding=\"async\" width=\"1024\" height=\"600\" src=\"https:\/\/www.tv-neuhof.de\/wordpress\/wp-content\/uploads\/2008\/11\/2013-B-Jugend-m\u00e4nnlich-JSG_1.jpg\" alt=\"\" class=\"wp-image-6838\" style=\"width:512px\" srcset=\"https:\/\/www.tv-neuhof.de\/wordpress\/wp-content\/uploads\/2008\/11\/2013-B-Jugend-m\u00e4nnlich-JSG_1.jpg 1024w, https:\/\/www.tv-neuhof.de\/wordpress\/wp-content\/uploads\/2008\/11\/2013-B-Jugend-m\u00e4nnlich-JSG_1-300x175.jpg 300w\" sizes=\"auto, (max-width: 1024px) 100vw, 1024px\" \/><\/a><\/figure>\n<\/div>\n\n\n<table border=\"0\" cellspacing=\"5\" cellpadding=\"2\" align=\"center\"><tbody><tr><td>Stehend v.l.:<\/td><td>Alexander Seng (Betreuer), Moritz Born, Jonas Seng, Jonas Harengel, Constantin Haas, Marvin R\u00fctzel, Konstantin Be\u00dfler, Alexander Remmert, Simon Kramer, Mladen Habalija (Trainer)<\/td><\/tr><tr><td>Kniend v.l.:<\/td><td>Clemens Sch\u00f6ppner, Yannis Frings, Felix M\u00f6ller, Leon Hartung, Felix Leitschuh, Konrad Klug, Jonathan Schad, Maximilian Leitschuh<\/td><\/tr><tr><td>Es fehlen:<\/td><td>Felix Sch\u00f6ppner, Jan Leitsch, Jonas Leitsch<\/td><\/tr><\/tbody><\/table>\n<p><strong>&nbsp;<\/strong><\/p>\n\n\n\n<h1 class=\"wp-block-heading has-text-align-center\">B-Jugend weiblich (JSG)<\/h1>\n\n\n<div class=\"wp-block-image\">\n<figure class=\"aligncenter size-full is-resized\"><a href=\"https:\/\/www.tv-neuhof.de\/wordpress\/unsere-mannschaften\/b-jugend-weiblich\/2013-b-jugend-weiblich-jsg\/\"><img loading=\"lazy\" decoding=\"async\" width=\"1024\" height=\"767\" src=\"https:\/\/www.tv-neuhof.de\/wordpress\/wp-content\/uploads\/2010\/09\/2013-B-Jugend-weiblich-JSG.jpg\" alt=\"\" class=\"wp-image-6724\" style=\"width:512px\" srcset=\"https:\/\/www.tv-neuhof.de\/wordpress\/wp-content\/uploads\/2010\/09\/2013-B-Jugend-weiblich-JSG.jpg 1024w, https:\/\/www.tv-neuhof.de\/wordpress\/wp-content\/uploads\/2010\/09\/2013-B-Jugend-weiblich-JSG-300x224.jpg 300w\" sizes=\"auto, (max-width: 1024px) 100vw, 1024px\" \/><\/a><\/figure>\n<\/div>\n\n\n<table border=\"0\" cellspacing=\"5\" cellpadding=\"2\" align=\"center\"><tbody><tr><td>Hinten (v.l.):<\/td><td>Ann-Kathrin Auth, Luca Pappert, Sophie Leibold, Milena Betz, Paulin Haas, Dominic Di Meglio (Trainer)<\/td><\/tr><tr><td>Vorne (v.l.):<\/td><td>Antonia Kulla, Ann-Kristin Krah, Celine N\u00fcchter, Elisa Heil, Leonie Brunner, Tina Bagus<\/td><\/tr><tr><td>Es fehlen:<\/td><td>Lena Junk, Julia Rehberg (Betreuerin) und Franzi Iller (Betreuerin)<\/td><\/tr><\/tbody><\/table>\n<p><strong>&nbsp;<\/strong><\/p>\n\n\n\n<h1 class=\"wp-block-heading has-text-align-center\">C-Jugend m\u00e4nnlich (JSG)<\/h1>\n\n\n<div class=\"wp-block-image\">\n<figure class=\"aligncenter size-full is-resized\"><a href=\"https:\/\/www.tv-neuhof.de\/wordpress\/unsere-mannschaften\/c-jugend-mannlich\/2013-c-jugend-mannlich-jsg\/\"><img loading=\"lazy\" decoding=\"async\" width=\"1024\" height=\"768\" src=\"https:\/\/www.tv-neuhof.de\/wordpress\/wp-content\/uploads\/2008\/10\/2013-C-Jugend-m\u00e4nnlich-JSG.jpg\" alt=\"\" class=\"wp-image-6599\" style=\"width:512px\" srcset=\"https:\/\/www.tv-neuhof.de\/wordpress\/wp-content\/uploads\/2008\/10\/2013-C-Jugend-m\u00e4nnlich-JSG.jpg 1024w, https:\/\/www.tv-neuhof.de\/wordpress\/wp-content\/uploads\/2008\/10\/2013-C-Jugend-m\u00e4nnlich-JSG-300x225.jpg 300w\" sizes=\"auto, (max-width: 1024px) 100vw, 1024px\" \/><\/a><\/figure>\n<\/div>\n\n\n<table border=\"0\" cellspacing=\"5\" cellpadding=\"2\" align=\"center\"><tbody><tr><td>Stehend v.l.:<\/td><td>Felix Leitschuh, Leon Hartung, Johannes Kulla, Leon M\u00fcller, Jonathan M\u00f6ller, Joshua Ruppel<\/td><\/tr><tr><td>Kniend v.l.:<\/td><td>Clemens Sch\u00f6ppner, Konrad Klug, Ren\u00e9 Kl\u00fch, Manuel Betz, Jannis Diegelmann, Levin Heil<\/td><\/tr><tr><td>Es fehlen:<\/td><td>Robin B\u00fcrtel, Elias Hack, Maximilian Leitschuh, Torben M\u00fcller<\/td><\/tr><\/tbody><\/table>\n<p><strong>&nbsp;<\/strong><\/p>\n\n\n\n<h1 class=\"wp-block-heading has-text-align-center\">C-Jugend weiblich (JSG) &#8211; Bezirksmeister<\/h1>\n\n\n<div class=\"wp-block-image\">\n<figure class=\"aligncenter size-full is-resized\"><a href=\"https:\/\/www.tv-neuhof.de\/wordpress\/unsere-mannschaften\/c-jugend-weiblich\/2013-c-jugend-weiblich-jsg\/\"><img loading=\"lazy\" decoding=\"async\" width=\"1024\" height=\"763\" src=\"https:\/\/www.tv-neuhof.de\/wordpress\/wp-content\/uploads\/2008\/10\/2013-C-Jugend-weiblich-JSG.jpg\" alt=\"\" class=\"wp-image-6727\" style=\"width:512px\" srcset=\"https:\/\/www.tv-neuhof.de\/wordpress\/wp-content\/uploads\/2008\/10\/2013-C-Jugend-weiblich-JSG.jpg 1024w, https:\/\/www.tv-neuhof.de\/wordpress\/wp-content\/uploads\/2008\/10\/2013-C-Jugend-weiblich-JSG-300x223.jpg 300w\" sizes=\"auto, (max-width: 1024px) 100vw, 1024px\" \/><\/a><\/figure>\n<\/div>\n\n\n<table border=\"0\" cellspacing=\"5\" cellpadding=\"2\" align=\"center\"><tbody><tr><td>Hinten (v.l.):<\/td><td>Leonie Frings, Celine N\u00fcchter, Paulin Haas, Tina Bagus, Elisa Heil, Paul Zentgraf (Trainer)<\/td><\/tr><tr><td>Vorne (v.l.):<\/td><td>Leonie Brunner, Lea Diegelmann, Leonie Reichenauer, Jana R\u00fctzel, Julia M\u00fcller<\/td><\/tr><tr><td>Es fehlen:<\/td><td>Leonie Odenwald, Luca-Marie Engel, Antonia Gerhard<\/td><\/tr><\/tbody><\/table>\n<p><strong>&nbsp;<\/strong><\/p>\n\n\n\n<h1 class=\"wp-block-heading has-text-align-center\">D-Jugend m\u00e4nnlich (JSG)<\/h1>\n\n\n<div class=\"wp-block-image\">\n<figure class=\"aligncenter size-full is-resized\"><a href=\"https:\/\/www.tv-neuhof.de\/wordpress\/unsere-mannschaften\/mannliche-d-jugend-20072008\/2013-d-jugend\/\"><img loading=\"lazy\" decoding=\"async\" width=\"1024\" height=\"767\" src=\"https:\/\/www.tv-neuhof.de\/wordpress\/wp-content\/uploads\/2008\/02\/2013-D-Jugend.jpg\" alt=\"\" class=\"wp-image-7023\" style=\"width:512px\" srcset=\"https:\/\/www.tv-neuhof.de\/wordpress\/wp-content\/uploads\/2008\/02\/2013-D-Jugend.jpg 1024w, https:\/\/www.tv-neuhof.de\/wordpress\/wp-content\/uploads\/2008\/02\/2013-D-Jugend-300x224.jpg 300w\" sizes=\"auto, (max-width: 1024px) 100vw, 1024px\" \/><\/a><\/figure>\n<\/div>\n\n\n<table border=\"0\" cellspacing=\"5\" cellpadding=\"2\" align=\"center\"><tbody><tr><td>Hinten v.l.:<\/td><td>Tizian Gr\u00f6\u00dfl, Jan Wypchol, Moritz Sch\u00f6ppner, Lorenz Auth, Paul Hartwig, Maurizio Fell, Marius Reich (Trainer)<\/td><\/tr><tr><td>Vorne v.l.:<\/td><td>Hannes Berboth, Samuel Schad, Janosch Block, Benedikt Pfeffer, Nils Seng<\/td><\/tr><tr><td>Es fehlen:<\/td><td>Tim-Ole Bachus, Manuel Betz, Noah Heil, Yaha Zerbe, Fabian Friedrich (Trainer)<\/td><\/tr><\/tbody><\/table>\n<p><strong>&nbsp;<\/strong><\/p>\n\n\n\n<h1 class=\"wp-block-heading has-text-align-center\">Minis<\/h1>\n\n\n<div class=\"wp-block-image\">\n<figure class=\"aligncenter size-full is-resized\"><a href=\"https:\/\/www.tv-neuhof.de\/wordpress\/unsere-mannschaften\/minis\/2013-minis\/\"><img loading=\"lazy\" decoding=\"async\" width=\"1024\" height=\"768\" src=\"https:\/\/www.tv-neuhof.de\/wordpress\/wp-content\/uploads\/2010\/03\/2013-Minis.jpg\" alt=\"\" class=\"wp-image-6688\" style=\"width:512px\" srcset=\"https:\/\/www.tv-neuhof.de\/wordpress\/wp-content\/uploads\/2010\/03\/2013-Minis.jpg 1024w, https:\/\/www.tv-neuhof.de\/wordpress\/wp-content\/uploads\/2010\/03\/2013-Minis-300x225.jpg 300w\" sizes=\"auto, (max-width: 1024px) 100vw, 1024px\" \/><\/a><\/figure>\n<\/div>\n\n\n<table border=\"0\" cellspacing=\"5\" cellpadding=\"2\" align=\"center\"><tbody><tr><td>Im Uhrzeigersinn:<\/td><td>Mara Hillenbrand (blaues T-shirt), Terese Weber, Lea Klietsch, Mika Herren, Ronja Enders, Elisa Sippel, Sverre Jehnert, Nele Jehnert, Nike Diegm\u00fcller<\/td><\/tr><tr><td>Es fehlt:<\/td><td>Laura Theiss<\/td><\/tr><\/tbody><\/table>\n<p><strong>&nbsp;<\/strong><\/p>\n\n\n\n<p><\/p>\n","protected":false},"excerpt":{"rendered":"<p>Herren I Stehend v.l.: Lukas Benkner, Dominik Vogler, Fabian Benkner, Winfried Schmitt, Daniel Arnreich, Johannes Engel, J\u00fcrgen Sch\u00e4fer (Betreuer), J\u00fcrgen Arnold (Trainer) Sitzend v.l.: Johannes Manz, Marius Auth, Frederick Storch, Peter Vamberg, Tim Eisenstein, Christoph Temburg, Karsten Simon, Andreas Stehling, Thomas Schaub (Zeitnehmer) Es fehlen: Mirko Auth, Benedikt Grob, Felix M\u00f6ller, Kilian Schmitt &nbsp; Damen [&hellip;]<\/p>\n","protected":false},"author":11,"featured_media":0,"parent":2399,"menu_order":2013,"comment_status":"open","ping_status":"closed","template":"","meta":{"ngg_post_thumbnail":0,"footnotes":""},"class_list":["post-7334","page","type-page","status-publish","hentry"],"_links":{"self":[{"href":"https:\/\/www.tv-neuhof.de\/wordpress\/wp-json\/wp\/v2\/pages\/7334","targetHints":{"allow":["GET"]}}],"collection":[{"href":"https:\/\/www.tv-neuhof.de\/wordpress\/wp-json\/wp\/v2\/pages"}],"about":[{"href":"https:\/\/www.tv-neuhof.de\/wordpress\/wp-json\/wp\/v2\/types\/page"}],"author":[{"embeddable":true,"href":"https:\/\/www.tv-neuhof.de\/wordpress\/wp-json\/wp\/v2\/users\/11"}],"replies":[{"embeddable":true,"href":"https:\/\/www.tv-neuhof.de\/wordpress\/wp-json\/wp\/v2\/comments?post=7334"}],"version-history":[{"count":31,"href":"https:\/\/www.tv-neuhof.de\/wordpress\/wp-json\/wp\/v2\/pages\/7334\/revisions"}],"predecessor-version":[{"id":13077,"href":"https:\/\/www.tv-neuhof.de\/wordpress\/wp-json\/wp\/v2\/pages\/7334\/revisions\/13077"}],"up":[{"embeddable":true,"href":"https:\/\/www.tv-neuhof.de\/wordpress\/wp-json\/wp\/v2\/pages\/2399"}],"wp:attachment":[{"href":"https:\/\/www.tv-neuhof.de\/wordpress\/wp-json\/wp\/v2\/media?parent=7334"}],"curies":[{"name":"wp","href":"https:\/\/api.w.org\/{rel}","templated":true}]}}