

{"id":7938,"date":"2015-09-13T13:08:46","date_gmt":"2015-09-13T12:08:46","guid":{"rendered":"http:\/\/www.tv-neuhof.de\/wordpress\/?page_id=7938"},"modified":"2024-10-14T15:28:40","modified_gmt":"2024-10-14T13:28:40","slug":"201415-2","status":"publish","type":"page","link":"https:\/\/www.tv-neuhof.de\/wordpress\/about\/historisches\/mannschaftsfotos\/201415-2\/","title":{"rendered":"2014\/15"},"content":{"rendered":"\n<h1 class=\"wp-block-heading has-text-align-center\">Herren I<\/h1>\n\n\n<div class=\"wp-block-image\">\n<figure class=\"aligncenter size-full is-resized\"><a href=\"https:\/\/www.tv-neuhof.de\/wordpress\/unsere-mannschaften\/herren-mannschaft-20072008\/2012-herren-i\/\"><img loading=\"lazy\" decoding=\"async\" width=\"1024\" height=\"526\" src=\"https:\/\/www.tv-neuhof.de\/wordpress\/wp-content\/uploads\/2008\/04\/2012-Herren-I.jpg\" alt=\"\" class=\"wp-image-6098\" style=\"width:512px\" srcset=\"https:\/\/www.tv-neuhof.de\/wordpress\/wp-content\/uploads\/2008\/04\/2012-Herren-I.jpg 1024w, https:\/\/www.tv-neuhof.de\/wordpress\/wp-content\/uploads\/2008\/04\/2012-Herren-I-300x154.jpg 300w\" sizes=\"auto, (max-width: 1024px) 100vw, 1024px\" \/><\/a><\/figure>\n<\/div>\n\n\n<table border=\"0\" cellspacing=\"5\" cellpadding=\"2\" align=\"center\"><tbody><tr><td>Stehend v.l.:<\/td><td>Lukas Benkner, Dominik Vogler, Fabian Benkner, Winfried Schmitt, Daniel Arnreich, Johannes Engel, J\u00fcrgen Sch\u00e4fer (Betreuer), J\u00fcrgen Arnold (Trainer)<\/td><\/tr><tr><td>Sitzend v.l.:<\/td><td>Johannes Manz, Marius Auth, Frederick Storch, Peter Vamberg, Tim Eisenstein, Christoph Temburg, Karsten Simon, Andreas Stehling, Thomas Schaub (Zeitnehmer)<\/td><\/tr><tr><td>Es fehlen:<\/td><td>Mirko Auth, Benedikt Grob, Felix M\u00f6ller, Kilian Schmitt<\/td><\/tr><\/tbody><\/table>\n<p><strong>&nbsp;<\/strong><\/p>\n\n\n\n<h1 class=\"wp-block-heading has-text-align-center\">Damen I<\/h1>\n\n\n<div class=\"wp-block-image\">\n<figure class=\"aligncenter size-full is-resized\"><a href=\"https:\/\/www.tv-neuhof.de\/wordpress\/unsere-mannschaften\/damen-mannschaft-i\/2014-damen-bol\/\"><img loading=\"lazy\" decoding=\"async\" width=\"1024\" height=\"568\" src=\"https:\/\/www.tv-neuhof.de\/wordpress\/wp-content\/uploads\/2008\/11\/2014-Damen-BOL.jpg\" alt=\"\" class=\"wp-image-7341\" style=\"width:512px\" srcset=\"https:\/\/www.tv-neuhof.de\/wordpress\/wp-content\/uploads\/2008\/11\/2014-Damen-BOL.jpg 1024w, https:\/\/www.tv-neuhof.de\/wordpress\/wp-content\/uploads\/2008\/11\/2014-Damen-BOL-300x166.jpg 300w\" sizes=\"auto, (max-width: 1024px) 100vw, 1024px\" \/><\/a><\/figure>\n<\/div>\n\n\n<table border=\"0\" cellspacing=\"5\" cellpadding=\"2\" align=\"center\"><tbody><tr><td>Stehend v.l.:<\/td><td>Trainer Christof Hadwiger, Franziska Kern, Sabine Wehner, Ariane Benkner, Luisa Pfeifer, Laura Kern, Elisabeth Weber, Miriam Benkner und Betreuer Thomas Heil<\/td><\/tr><tr><td>Sitzend v.l.:<\/td><td>Anna-Sophia M\u00f6ller, Sabine Schmitt, Anna H\u00fcbner, Anna-Lena Heil, Ann Giersberg, Henrike Stuwe, Julia Bachmann, Alida Maxand, Mattea Heil, Annika Wenzel und Corinna Kuschnick<\/td><\/tr><tr><td>Es fehlen:<\/td><td>Anna-Maria Weber, Frederike Weber, Jasmin Mimietz, Patricia Betz und Natalie Nau<\/td><\/tr><\/tbody><\/table>\n<p><strong>&nbsp;<\/strong><\/p>\n\n\n\n<h1 class=\"wp-block-heading has-text-align-center\">A-Jugend weiblich (JSG)<\/h1>\n\n\n<div class=\"wp-block-image\">\n<figure class=\"aligncenter size-full is-resized\"><a href=\"https:\/\/www.tv-neuhof.de\/wordpress\/unsere-mannschaften\/a-jugend-weiblich\/2013-a-jugend-weiblich-jsg\/\"><img loading=\"lazy\" decoding=\"async\" width=\"1024\" height=\"739\" src=\"https:\/\/www.tv-neuhof.de\/wordpress\/wp-content\/uploads\/2012\/09\/2013-A-Jugend-weiblich-JSG.jpg\" alt=\"\" class=\"wp-image-6594\" style=\"width:512px\" srcset=\"https:\/\/www.tv-neuhof.de\/wordpress\/wp-content\/uploads\/2012\/09\/2013-A-Jugend-weiblich-JSG.jpg 1024w, https:\/\/www.tv-neuhof.de\/wordpress\/wp-content\/uploads\/2012\/09\/2013-A-Jugend-weiblich-JSG-300x216.jpg 300w\" sizes=\"auto, (max-width: 1024px) 100vw, 1024px\" \/><\/a><\/figure>\n<\/div>\n\n\n<table border=\"0\" cellspacing=\"5\" cellpadding=\"2\" align=\"center\"><tbody><tr><td>Hinten v.l.:<\/td><td>Alida Maxand, Luisa Friedrich, Anna-Lena Engel, Norbert Kern (Trainer)<\/td><\/tr><tr><td>Mitte v.l.:<\/td><td>Franziska Kern, Marion Elm, Theresa Betz<\/td><\/tr><tr><td>Vorne v.l.:<\/td><td>Tatiana Elistratova, Patricia Betz, Vanessa Hohmann<\/td><\/tr><tr><td>Es fehlen:<\/td><td>Katharina Kramer, Antonia K\u00fcpferling, Deborah Schneider<\/td><\/tr><\/tbody><\/table>\n<p><strong>&nbsp;<\/strong><\/p>\n\n\n\n<h1 class=\"wp-block-heading has-text-align-center\">B-Jugend m\u00e4nnlich (JSG)<\/h1>\n\n\n<div class=\"wp-block-image\">\n<figure class=\"aligncenter size-full is-resized\"><a href=\"https:\/\/www.tv-neuhof.de\/wordpress\/unsere-mannschaften\/b-jugend-mannlich\/2013-b-jugend-mannlich-jsg_1\/\"><img loading=\"lazy\" decoding=\"async\" width=\"1024\" height=\"600\" src=\"https:\/\/www.tv-neuhof.de\/wordpress\/wp-content\/uploads\/2008\/11\/2013-B-Jugend-m\u00e4nnlich-JSG_1.jpg\" alt=\"\" class=\"wp-image-6838\" style=\"width:512px\" srcset=\"https:\/\/www.tv-neuhof.de\/wordpress\/wp-content\/uploads\/2008\/11\/2013-B-Jugend-m\u00e4nnlich-JSG_1.jpg 1024w, https:\/\/www.tv-neuhof.de\/wordpress\/wp-content\/uploads\/2008\/11\/2013-B-Jugend-m\u00e4nnlich-JSG_1-300x175.jpg 300w\" sizes=\"auto, (max-width: 1024px) 100vw, 1024px\" \/><\/a><\/figure>\n<\/div>\n\n\n<table border=\"0\" cellspacing=\"5\" cellpadding=\"2\" align=\"center\"><tbody><tr><td>Stehend v.l.:<\/td><td>Alexander Seng (Betreuer), Moritz Born, Jonas Seng, Jonas Harengel, Constantin Haas, Marvin R\u00fctzel, Konstantin Be\u00dfler, Alexander Remmert, Simon Kramer, Mladen Habalija (Trainer)<\/td><\/tr><tr><td>Kniend v.l.:<\/td><td>Clemens Sch\u00f6ppner, Yannis Frings, Felix M\u00f6ller, Leon Hartung, Felix Leitschuh, Konrad Klug, Jonathan Schad, Maximilian Leitschuh<\/td><\/tr><tr><td>Es fehlen:<\/td><td>Felix Sch\u00f6ppner, Jan Leitsch, Jonas Leitsch<\/td><\/tr><\/tbody><\/table>\n<p><strong>&nbsp;<\/strong><\/p>\n\n\n\n<h1 class=\"wp-block-heading has-text-align-center\">B-Jugend weiblich (JSG)<\/h1>\n\n\n<div class=\"wp-block-image\">\n<figure class=\"aligncenter size-full is-resized\"><a href=\"https:\/\/www.tv-neuhof.de\/wordpress\/unsere-mannschaften\/b-jugend-weiblich\/2013-b-jugend-weiblich-jsg\/\"><img loading=\"lazy\" decoding=\"async\" width=\"1024\" height=\"767\" src=\"https:\/\/www.tv-neuhof.de\/wordpress\/wp-content\/uploads\/2010\/09\/2013-B-Jugend-weiblich-JSG.jpg\" alt=\"\" class=\"wp-image-6724\" style=\"width:512px\" srcset=\"https:\/\/www.tv-neuhof.de\/wordpress\/wp-content\/uploads\/2010\/09\/2013-B-Jugend-weiblich-JSG.jpg 1024w, https:\/\/www.tv-neuhof.de\/wordpress\/wp-content\/uploads\/2010\/09\/2013-B-Jugend-weiblich-JSG-300x224.jpg 300w\" sizes=\"auto, (max-width: 1024px) 100vw, 1024px\" \/><\/a><\/figure>\n<\/div>\n\n\n<table border=\"0\" cellspacing=\"5\" cellpadding=\"2\" align=\"center\"><tbody><tr><td>Hinten (v.l.):<\/td><td>Ann-Kathrin Auth, Luca Pappert, Sophie Leibold, Milena Betz, Paulin Haas, Dominic Di Meglio (Trainer)<\/td><\/tr><tr><td>Vorne (v.l.):<\/td><td>Antonia Kulla, Ann-Kristin Krah, Celine N\u00fcchter, Elisa Heil, Leonie Brunner, Tina Bagus<\/td><\/tr><tr><td>Es fehlen:<\/td><td>Lena Junk, Julia Rehberg (Betreuerin) und Franzi Iller (Betreuerin)<\/td><\/tr><\/tbody><\/table>\n<p><strong>&nbsp;<\/strong><\/p>\n\n\n\n<h1 class=\"wp-block-heading has-text-align-center\">C-Jugend m\u00e4nnlich (JSG)<\/h1>\n\n\n<div class=\"wp-block-image\">\n<figure class=\"aligncenter size-full is-resized\"><a href=\"https:\/\/www.tv-neuhof.de\/wordpress\/unsere-mannschaften\/c-jugend-mannlich\/2014-c-jugend-mannlich\/\"><img loading=\"lazy\" decoding=\"async\" width=\"1024\" height=\"683\" src=\"https:\/\/www.tv-neuhof.de\/wordpress\/wp-content\/uploads\/2008\/10\/2014-C-Jugend-m\u00e4nnlich.jpg\" alt=\"\" class=\"wp-image-7509\" style=\"width:512px\" srcset=\"https:\/\/www.tv-neuhof.de\/wordpress\/wp-content\/uploads\/2008\/10\/2014-C-Jugend-m\u00e4nnlich.jpg 1024w, https:\/\/www.tv-neuhof.de\/wordpress\/wp-content\/uploads\/2008\/10\/2014-C-Jugend-m\u00e4nnlich-300x200.jpg 300w\" sizes=\"auto, (max-width: 1024px) 100vw, 1024px\" \/><\/a><\/figure>\n<\/div>\n\n\n<table border=\"0\" cellspacing=\"5\" cellpadding=\"2\" align=\"center\"><tbody><tr><td>Hinten v.l.:<\/td><td>Clemens Sch\u00f6ppner, Yaha Zerbe, Nils Seng, Jannis Diegelmann<\/td><\/tr><tr><td>Vorne v.l.:<\/td><td>Elias Hack, Janosch Block, Paul Hartwig, Marius Reich (Trainer)<\/td><\/tr><tr><td>Es fehlen:<\/td><td>Maurizo Fell, Moritz Sch\u00f6ppner, Jan Wypchol, Hannes Berboth, Manuel Betz, Leon Hartung, Leon M\u00fcller, Joshua Ruppel, Lorenz M\u00fcller<\/td><\/tr><\/tbody><\/table>\n<p><strong>&nbsp;<\/strong><\/p>\n\n\n\n<h1 class=\"wp-block-heading has-text-align-center\">C-Jugend weiblich (JSG)<\/h1>\n\n\n<div class=\"wp-block-image\">\n<figure class=\"aligncenter size-full is-resized\"><a href=\"https:\/\/www.tv-neuhof.de\/wordpress\/2014\/02\/25\/c-jugend-weiblich-jsg-fliedenneuhof-%e2%80%93-tsv-grebenhain-317-154\/2014-c-jugend-weiblich-bezirksmeister-2013-14\/\"><img loading=\"lazy\" decoding=\"async\" width=\"1024\" height=\"747\" src=\"https:\/\/www.tv-neuhof.de\/wordpress\/wp-content\/uploads\/2014\/02\/2014-C-Jugend-weiblich-Bezirksmeister-2013-14.png\" alt=\"\" class=\"wp-image-7216\" style=\"width:512px\" srcset=\"https:\/\/www.tv-neuhof.de\/wordpress\/wp-content\/uploads\/2014\/02\/2014-C-Jugend-weiblich-Bezirksmeister-2013-14.png 1024w, https:\/\/www.tv-neuhof.de\/wordpress\/wp-content\/uploads\/2014\/02\/2014-C-Jugend-weiblich-Bezirksmeister-2013-14-300x218.png 300w\" sizes=\"auto, (max-width: 1024px) 100vw, 1024px\" \/><\/a><\/figure>\n<\/div>\n\n\n<table border=\"0\" cellspacing=\"5\" cellpadding=\"2\" align=\"center\"><tbody><tr><td>Hinten v.l.:<\/td><td>Lara Gass, Lea Diegelmann, Leonie Frings, Tina Bagus, Leonie Brunner, Paulin Haas, Elisa Heil, Paul Zentgraf (Trainer)<\/td><\/tr><tr><td>Vorne v.l.:<\/td><td>LLuca Marie Engel, Julia M\u00fcller, Leonie Reichenauer, Celine N\u00fcchter<\/td><\/tr><tr><td>Es fehlen:<\/td><td>Jana R\u00fctzel, Paulina K\u00fcpferling, Leonie Odenwald<\/td><\/tr><\/tbody><\/table>\n<p><strong>&nbsp;<\/strong><\/p>\n\n\n\n<h1 class=\"wp-block-heading has-text-align-center\">D-Jugend m\u00e4nnlich (JSG)<\/h1>\n\n\n<div class=\"wp-block-image\">\n<figure class=\"aligncenter size-full is-resized\"><a href=\"https:\/\/www.tv-neuhof.de\/wordpress\/unsere-mannschaften\/mannliche-d-jugend-20072008\/2014-d-jugend\/\"><img loading=\"lazy\" decoding=\"async\" width=\"1024\" height=\"683\" src=\"https:\/\/www.tv-neuhof.de\/wordpress\/wp-content\/uploads\/2008\/02\/2014-D-Jugend.jpg\" alt=\"\" class=\"wp-image-7568\" style=\"width:512px\" srcset=\"https:\/\/www.tv-neuhof.de\/wordpress\/wp-content\/uploads\/2008\/02\/2014-D-Jugend.jpg 1024w, https:\/\/www.tv-neuhof.de\/wordpress\/wp-content\/uploads\/2008\/02\/2014-D-Jugend-300x200.jpg 300w\" sizes=\"auto, (max-width: 1024px) 100vw, 1024px\" \/><\/a><\/figure>\n<\/div>\n\n\n<table border=\"0\" cellspacing=\"5\" cellpadding=\"2\" align=\"center\"><tbody><tr><td>Hinten v.l.:<\/td><td>Lioba Huppmann, Mathilda Albinger, Barbara Hauschild, Leon Wolf, Tim-Ole Bachus, Lorenz Auth, Fabian Friedrich (Trainer)<\/td><\/tr><tr><td>Vorne v.l.:<\/td><td>Lilli Olemotz, Sophie R\u00e4sch, Justus Sch\u00f6ppner, Tizian Seng, Felix R\u00e4sch, Lucas GitterHannes Berboth, Samuel Schad, Janosch Block, Benedikt Pfeffer, Nils Seng<\/td><\/tr><tr><td>Es fehlen:<\/td><td>Benedikt Pfeffer, Noah Heil und Peter Sch\u00f6ppner (Trainer)<\/td><\/tr><\/tbody><\/table>\n<p><strong>&nbsp;<\/strong><\/p>\n\n\n\n<h1 class=\"wp-block-heading has-text-align-center\">Minis<\/h1>\n\n\n<div class=\"wp-block-image\">\n<figure class=\"aligncenter size-full is-resized\"><a href=\"https:\/\/www.tv-neuhof.de\/wordpress\/unsere-mannschaften\/minis\/2013-minis\/\"><img loading=\"lazy\" decoding=\"async\" width=\"1024\" height=\"768\" src=\"https:\/\/www.tv-neuhof.de\/wordpress\/wp-content\/uploads\/2010\/03\/2013-Minis.jpg\" alt=\"\" class=\"wp-image-6688\" style=\"width:512px\" srcset=\"https:\/\/www.tv-neuhof.de\/wordpress\/wp-content\/uploads\/2010\/03\/2013-Minis.jpg 1024w, https:\/\/www.tv-neuhof.de\/wordpress\/wp-content\/uploads\/2010\/03\/2013-Minis-300x225.jpg 300w\" sizes=\"auto, (max-width: 1024px) 100vw, 1024px\" \/><\/a><\/figure>\n<\/div>\n\n\n<table border=\"0\" cellspacing=\"5\" cellpadding=\"2\" align=\"center\"><tbody><tr><td>Im Uhrzeigersinn:<\/td><td>Mara Hillenbrand (blaues T-shirt), Terese Weber, Lea Klietsch, Mika Herren, Ronja Enders, Elisa Sippel, Sverre Jehnert, Nele Jehnert, Nike Diegm\u00fcller<\/td><\/tr><tr><td>Es fehlt:<\/td><td>Laura Theiss<\/td><\/tr><\/tbody><\/table>\n<p><strong>&nbsp;<\/strong><\/p>\n","protected":false},"excerpt":{"rendered":"<p>Herren I Stehend v.l.: Lukas Benkner, Dominik Vogler, Fabian Benkner, Winfried Schmitt, Daniel Arnreich, Johannes Engel, J\u00fcrgen Sch\u00e4fer (Betreuer), J\u00fcrgen Arnold (Trainer) Sitzend v.l.: Johannes Manz, Marius Auth, Frederick Storch, Peter Vamberg, Tim Eisenstein, Christoph Temburg, Karsten Simon, Andreas Stehling, Thomas Schaub (Zeitnehmer) Es fehlen: Mirko Auth, Benedikt Grob, Felix M\u00f6ller, Kilian Schmitt &nbsp; Damen [&hellip;]<\/p>\n","protected":false},"author":11,"featured_media":0,"parent":2399,"menu_order":2014,"comment_status":"open","ping_status":"closed","template":"","meta":{"ngg_post_thumbnail":0,"footnotes":""},"class_list":["post-7938","page","type-page","status-publish","hentry"],"_links":{"self":[{"href":"https:\/\/www.tv-neuhof.de\/wordpress\/wp-json\/wp\/v2\/pages\/7938","targetHints":{"allow":["GET"]}}],"collection":[{"href":"https:\/\/www.tv-neuhof.de\/wordpress\/wp-json\/wp\/v2\/pages"}],"about":[{"href":"https:\/\/www.tv-neuhof.de\/wordpress\/wp-json\/wp\/v2\/types\/page"}],"author":[{"embeddable":true,"href":"https:\/\/www.tv-neuhof.de\/wordpress\/wp-json\/wp\/v2\/users\/11"}],"replies":[{"embeddable":true,"href":"https:\/\/www.tv-neuhof.de\/wordpress\/wp-json\/wp\/v2\/comments?post=7938"}],"version-history":[{"count":24,"href":"https:\/\/www.tv-neuhof.de\/wordpress\/wp-json\/wp\/v2\/pages\/7938\/revisions"}],"predecessor-version":[{"id":13075,"href":"https:\/\/www.tv-neuhof.de\/wordpress\/wp-json\/wp\/v2\/pages\/7938\/revisions\/13075"}],"up":[{"embeddable":true,"href":"https:\/\/www.tv-neuhof.de\/wordpress\/wp-json\/wp\/v2\/pages\/2399"}],"wp:attachment":[{"href":"https:\/\/www.tv-neuhof.de\/wordpress\/wp-json\/wp\/v2\/media?parent=7938"}],"curies":[{"name":"wp","href":"https:\/\/api.w.org\/{rel}","templated":true}]}}