

{"id":8047,"date":"2015-09-20T10:07:39","date_gmt":"2015-09-20T09:07:39","guid":{"rendered":"http:\/\/www.tv-neuhof.de\/wordpress\/?page_id=8047"},"modified":"2019-09-25T12:29:53","modified_gmt":"2019-09-25T11:29:53","slug":"claus-jurgen-schulz","status":"publish","type":"page","link":"https:\/\/www.tv-neuhof.de\/wordpress\/about\/kontakte\/kontaktdetails\/claus-jurgen-schulz\/","title":{"rendered":"Claus-J\u00fcrgen Schulz"},"content":{"rendered":"\n<table border=\"2\" rules=\"none\" cellspacing=\"10\">\n<tbody>\n<tr>\n<th rowspan=\"3\"><img loading=\"lazy\" decoding=\"async\" class=\"alignnone wp-image-139\" title=\"Bildplatzhalter\" src=\"https:\/\/www.tv-neuhof.de\/wordpress\/wp-content\/uploads\/2008\/09\/bildplatzhalter.gif\" alt=\"\" width=\"100\" height=\"100\"><\/th>\n<td width=\"60\">Name:<\/td>\n<td width=\"250\">Claus-J\u00fcrgen Schulz<\/td>\n<\/tr>\n<tr>\n<td>Kontakt:<\/td>\n<td>+49 6655 910602<br>+49 152 53979813<br><a href=\"mailto:charlylan@gmx.de\">charlylan@gmx.de<\/a><\/td>\n<\/tr>\n<tr>\n<td>T\u00e4tigkeit:<\/td>\n<td>Schiedsrichter<\/td>\n<\/tr>\n<\/tbody>\n<\/table>\n<p><br><a href=\"javascript:history.back()\">&lt;&#8211;Zur\u00fcck<\/a><\/p>\n","protected":false},"excerpt":{"rendered":"<p>Name: Claus-J\u00fcrgen Schulz Kontakt: +49 6655 910602+49 152 53979813charlylan@gmx.de T\u00e4tigkeit: Schiedsrichter &lt;&#8211;Zur\u00fcck<\/p>\n","protected":false},"author":11,"featured_media":0,"parent":3641,"menu_order":19,"comment_status":"open","ping_status":"closed","template":"","meta":{"ngg_post_thumbnail":0,"footnotes":""},"class_list":["post-8047","page","type-page","status-publish","hentry"],"_links":{"self":[{"href":"https:\/\/www.tv-neuhof.de\/wordpress\/wp-json\/wp\/v2\/pages\/8047","targetHints":{"allow":["GET"]}}],"collection":[{"href":"https:\/\/www.tv-neuhof.de\/wordpress\/wp-json\/wp\/v2\/pages"}],"about":[{"href":"https:\/\/www.tv-neuhof.de\/wordpress\/wp-json\/wp\/v2\/types\/page"}],"author":[{"embeddable":true,"href":"https:\/\/www.tv-neuhof.de\/wordpress\/wp-json\/wp\/v2\/users\/11"}],"replies":[{"embeddable":true,"href":"https:\/\/www.tv-neuhof.de\/wordpress\/wp-json\/wp\/v2\/comments?post=8047"}],"version-history":[{"count":10,"href":"https:\/\/www.tv-neuhof.de\/wordpress\/wp-json\/wp\/v2\/pages\/8047\/revisions"}],"predecessor-version":[{"id":10923,"href":"https:\/\/www.tv-neuhof.de\/wordpress\/wp-json\/wp\/v2\/pages\/8047\/revisions\/10923"}],"up":[{"embeddable":true,"href":"https:\/\/www.tv-neuhof.de\/wordpress\/wp-json\/wp\/v2\/pages\/3641"}],"wp:attachment":[{"href":"https:\/\/www.tv-neuhof.de\/wordpress\/wp-json\/wp\/v2\/media?parent=8047"}],"curies":[{"name":"wp","href":"https:\/\/api.w.org\/{rel}","templated":true}]}}