

{"id":812,"date":"2008-11-27T21:40:30","date_gmt":"2008-11-27T20:40:30","guid":{"rendered":"http:\/\/www.tv-neuhof.de\/wordpress\/?page_id=812"},"modified":"2019-09-25T12:13:13","modified_gmt":"2019-09-25T11:13:13","slug":"thomas-diegmuller","status":"publish","type":"page","link":"https:\/\/www.tv-neuhof.de\/wordpress\/about\/kontakte\/kontaktdetails\/thomas-diegmuller\/","title":{"rendered":"Thomas Diegm\u00fcller"},"content":{"rendered":"\n<table border=\"2\" rules=\"none\" cellspacing=\"10\">\n<tbody>\n<tr>\n<th rowspan=\"3\" width=\"250\"><a title=\"Bildplatzhalter\" href=\"https:\/\/www.tv-neuhof.de\/wordpress\/?attachment_id=139\" rel=\"attachment wp-att-139\">ngg_shortcode_0_placeholder<\/a><\/th>\n<td width=\"60\">Name:<\/td>\n<td width=\"250\">Thomas Diegm\u00fcller<\/td>\n<\/tr>\n<tr>\n<td>Kontakt:<\/td>\n<td><a href=\"mailto:tvneuhof@diegmueller.de\">tvneuhof@diegmueller.de<\/a><\/td>\n<\/tr>\n<tr>\n<td>T\u00e4tigkeit:<\/td>\n<td>Homepage-Verantworlicher<\/td>\n<\/tr>\n<\/tbody>\n<\/table>\n<p><br><a href=\"javascript:history.back()\">&lt;&#8211;Zur\u00fcck<\/a><\/p>\n","protected":false},"excerpt":{"rendered":"<p>Name: Thomas Diegm\u00fcller Kontakt: tvneuhof@diegmueller.de T\u00e4tigkeit: Homepage-Verantworlicher &lt;&#8211;Zur\u00fcck<\/p>\n","protected":false},"author":11,"featured_media":0,"parent":3641,"menu_order":4,"comment_status":"closed","ping_status":"closed","template":"","meta":{"ngg_post_thumbnail":0,"footnotes":""},"class_list":["post-812","page","type-page","status-publish","hentry"],"_links":{"self":[{"href":"https:\/\/www.tv-neuhof.de\/wordpress\/wp-json\/wp\/v2\/pages\/812","targetHints":{"allow":["GET"]}}],"collection":[{"href":"https:\/\/www.tv-neuhof.de\/wordpress\/wp-json\/wp\/v2\/pages"}],"about":[{"href":"https:\/\/www.tv-neuhof.de\/wordpress\/wp-json\/wp\/v2\/types\/page"}],"author":[{"embeddable":true,"href":"https:\/\/www.tv-neuhof.de\/wordpress\/wp-json\/wp\/v2\/users\/11"}],"replies":[{"embeddable":true,"href":"https:\/\/www.tv-neuhof.de\/wordpress\/wp-json\/wp\/v2\/comments?post=812"}],"version-history":[{"count":31,"href":"https:\/\/www.tv-neuhof.de\/wordpress\/wp-json\/wp\/v2\/pages\/812\/revisions"}],"predecessor-version":[{"id":10899,"href":"https:\/\/www.tv-neuhof.de\/wordpress\/wp-json\/wp\/v2\/pages\/812\/revisions\/10899"}],"up":[{"embeddable":true,"href":"https:\/\/www.tv-neuhof.de\/wordpress\/wp-json\/wp\/v2\/pages\/3641"}],"wp:attachment":[{"href":"https:\/\/www.tv-neuhof.de\/wordpress\/wp-json\/wp\/v2\/media?parent=812"}],"curies":[{"name":"wp","href":"https:\/\/api.w.org\/{rel}","templated":true}]}}