

{"id":8516,"date":"2016-03-15T15:06:35","date_gmt":"2016-03-15T14:06:35","guid":{"rendered":"http:\/\/www.tv-neuhof.de\/wordpress\/?page_id=8516"},"modified":"2024-09-26T13:16:03","modified_gmt":"2024-09-26T11:16:03","slug":"sabine-kress","status":"publish","type":"page","link":"https:\/\/www.tv-neuhof.de\/wordpress\/about\/kontakte\/kontaktdetails\/sabine-kress\/","title":{"rendered":"Sabine Kre\u00df"},"content":{"rendered":"\n<table border=\"2\" rules=\"none\" cellspacing=\"10\">\n<tbody>\n<tr>\n<th rowspan=\"3\"><img loading=\"lazy\" decoding=\"async\" class=\"aligncenter size-medium wp-image-8510\" title=\"Sabine Kre\u00df 2016\" src=\"https:\/\/www.tv-neuhof.de\/wordpress\/wp-content\/uploads\/2008\/09\/Sabine-Kre\u00df-2016-256x300.jpg\" alt=\"\" width=\"140\" height=\"160\"><\/th>\n<td width=\"60\">Name:<\/td>\n<td width=\"250\">Sabine Kre\u00df<\/td>\n<\/tr>\n<tr>\n<td>Kontakt:<\/td>\n<td><a href=\"mailto:sab.kress@gmx.de\">sab.kress@gmx.de<\/a><\/td>\n<\/tr>\n<tr>\n<td>T\u00e4tigkeit:<\/td>\n<td>Trainerin F-Jugend<\/td>\n<\/tr>\n<\/tbody>\n<\/table>\n<p><br><a href=\"javascript:history.back()\">&lt;&#8211;Zur\u00fcck<\/a><\/p>\n\n\n\n<p><\/p>\n","protected":false},"excerpt":{"rendered":"<p>Name: Sabine Kre\u00df Kontakt: sab.kress@gmx.de T\u00e4tigkeit: Trainerin F-Jugend &lt;&#8211;Zur\u00fcck<\/p>\n","protected":false},"author":11,"featured_media":0,"parent":3641,"menu_order":11,"comment_status":"open","ping_status":"closed","template":"","meta":{"ngg_post_thumbnail":0,"footnotes":""},"class_list":["post-8516","page","type-page","status-publish","hentry"],"_links":{"self":[{"href":"https:\/\/www.tv-neuhof.de\/wordpress\/wp-json\/wp\/v2\/pages\/8516","targetHints":{"allow":["GET"]}}],"collection":[{"href":"https:\/\/www.tv-neuhof.de\/wordpress\/wp-json\/wp\/v2\/pages"}],"about":[{"href":"https:\/\/www.tv-neuhof.de\/wordpress\/wp-json\/wp\/v2\/types\/page"}],"author":[{"embeddable":true,"href":"https:\/\/www.tv-neuhof.de\/wordpress\/wp-json\/wp\/v2\/users\/11"}],"replies":[{"embeddable":true,"href":"https:\/\/www.tv-neuhof.de\/wordpress\/wp-json\/wp\/v2\/comments?post=8516"}],"version-history":[{"count":12,"href":"https:\/\/www.tv-neuhof.de\/wordpress\/wp-json\/wp\/v2\/pages\/8516\/revisions"}],"predecessor-version":[{"id":12969,"href":"https:\/\/www.tv-neuhof.de\/wordpress\/wp-json\/wp\/v2\/pages\/8516\/revisions\/12969"}],"up":[{"embeddable":true,"href":"https:\/\/www.tv-neuhof.de\/wordpress\/wp-json\/wp\/v2\/pages\/3641"}],"wp:attachment":[{"href":"https:\/\/www.tv-neuhof.de\/wordpress\/wp-json\/wp\/v2\/media?parent=8516"}],"curies":[{"name":"wp","href":"https:\/\/api.w.org\/{rel}","templated":true}]}}