

{"id":9337,"date":"2017-08-22T06:22:35","date_gmt":"2017-08-22T05:22:35","guid":{"rendered":"http:\/\/www.tv-neuhof.de\/wordpress\/?page_id=9337"},"modified":"2018-09-21T07:54:08","modified_gmt":"2018-09-21T06:54:08","slug":"201617-2","status":"publish","type":"page","link":"https:\/\/www.tv-neuhof.de\/wordpress\/about\/historisches\/mannschaftsfotos\/201617-2\/","title":{"rendered":"2016\/17"},"content":{"rendered":"<p style=\"text-align: center;\"><strong>Herren<\/strong><\/p>\n<p style=\"text-align: center;\"><a href=\"https:\/\/www.tv-neuhof.de\/wordpress\/?attachment_id=8830\" rel=\"attachment wp-att-8830\"><img loading=\"lazy\" decoding=\"async\" src=\"https:\/\/www.tv-neuhof.de\/wordpress\/wp-content\/uploads\/2008\/04\/2016-Herren-300x175.jpg\" alt=\"\" title=\"2016 Herren\" width=\"300\" height=\"175\" class=\"aligncenter size-thumbnail wp-image-8830\" srcset=\"https:\/\/www.tv-neuhof.de\/wordpress\/wp-content\/uploads\/2008\/04\/2016-Herren-300x175.jpg 300w, https:\/\/www.tv-neuhof.de\/wordpress\/wp-content\/uploads\/2008\/04\/2016-Herren.jpg 1024w\" sizes=\"auto, (max-width: 300px) 100vw, 300px\" \/><\/a><\/p>\n<table border=\"0\" cellspacing=\"5\" cellpadding=\"2\" align=\"center\">\n<tbody>\n<tr>\n<td valign=\"top\" width=\"80px\">Stehend v.l.:<\/td>\n<td>Bernd Leidheiser (Trainer), Benedikt Grob, Winfried Schmitt, Marcel Sch\u00e4fer, Christoph Temburg, Christian Remmert, Sebastian Ellenbrand, Andreas Stehling, Julian Kl\u00fch, J\u00fcrgen Sch\u00e4fer (Betreuer), Johannes Manz<\/td>\n<\/tr>\n<tr>\n<td valign=\"top\" width=\"80px\">Sitzend v.l.:<\/td>\n<td>Lukas Benkner, Frederick Storch, Jannik Enders, Daniel H\u00e4ndler, Tim Eisenstein, Fabian Benkner, Felix M\u00f6ller, Felix M\u00f6ller, Daniel Arnreich<\/td>\n<\/tr>\n<tr>\n<td valign=\"top\" width=\"80px\">Es fehlen:<\/td>\n<td>Michael Andre, Christopher Auth, Leonard Hack, Lucas Jung, Rafi Oria, Alexander Remmert und Peter Vamberg<\/td>\n<\/tr>\n<\/tbody>\n<\/table>\n<p><strong> <\/strong><\/p>\n<p style=\"text-align: center;\"><strong>Damen<\/strong><\/p>\n<p style=\"text-align: center;\"><a href=\"https:\/\/www.tv-neuhof.de\/wordpress\/?attachment_id=8911\" rel=\"attachment wp-att-8911\"><img loading=\"lazy\" decoding=\"async\" src=\"https:\/\/www.tv-neuhof.de\/wordpress\/wp-content\/uploads\/2008\/11\/2016-Damen-300x200.jpg\" alt=\"\" title=\"2016 - Damen\" width=\"300\" height=\"200\" class=\"aligncenter size-medium wp-image-8911\" srcset=\"https:\/\/www.tv-neuhof.de\/wordpress\/wp-content\/uploads\/2008\/11\/2016-Damen-300x200.jpg 300w, https:\/\/www.tv-neuhof.de\/wordpress\/wp-content\/uploads\/2008\/11\/2016-Damen.jpg 1024w\" sizes=\"auto, (max-width: 300px) 100vw, 300px\" \/><\/a><\/p>\n<table border=\"0\" cellspacing=\"5\" cellpadding=\"2\" align=\"center\">\n<tbody>\n<tr>\n<td valign=\"top\" width=\"80px\">Hinten v.l.:<\/td>\n<td>Thomas Heil (Betreuer), Laura Kern, Anna-Sophia M\u00f6ller, Franziska Kern, Jasmin Miemitz, Sabine Kress, Corinna Kuschnick, Sabine Wehner, Leonie Brunner, Frank Br\u00e4hler (Trainer)<\/td>\n<\/tr>\n<tr>\n<td valign=\"top\">Vorne v.l.:<\/td>\n<td>Mattea Heil, Alida Maxand, Annika Wenzel, Henrike Stuwe, Patricia Betz, Antonia Kulla, Anna-Lena Heil, Bernadette Wahl<\/td>\n<\/tr>\n<tr>\n<td valign=\"top\">Es fehlen:<\/td>\n<td>Julia Bachmann, Miriam Benkner, Anna H\u00fcbner, Ann-Kristin Krah, Julia M\u00fcller, Christopher Auth (Co-Trainer)<\/td>\n<\/tr>\n<\/tbody>\n<\/table>\n<p><strong> <\/strong><\/p>\n<p style=\"text-align: center;\"><strong>A-Jugend m\u00e4nnlich (JSG)<\/strong><\/p>\n<p style=\"text-align: center;\"><a href=\"https:\/\/www.tv-neuhof.de\/wordpress\/?attachment_id=8720\" rel=\"attachment wp-att-8720\"><img loading=\"lazy\" decoding=\"async\" src=\"https:\/\/www.tv-neuhof.de\/wordpress\/wp-content\/uploads\/2009\/08\/2016-A-Jugend-m\u00e4nnlich-300x225.jpg\" alt=\"\" title=\"2016 - A-Jugend m\u00e4nnlich\" width=\"300\" height=\"225\" class=\"aligncenter size-thumbnail wp-image-8720\" srcset=\"https:\/\/www.tv-neuhof.de\/wordpress\/wp-content\/uploads\/2009\/08\/2016-A-Jugend-m\u00e4nnlich-300x225.jpg 300w, https:\/\/www.tv-neuhof.de\/wordpress\/wp-content\/uploads\/2009\/08\/2016-A-Jugend-m\u00e4nnlich.jpg 1024w\" sizes=\"auto, (max-width: 300px) 100vw, 300px\" \/><\/a><\/p>\n<table border=\"0\" cellspacing=\"5\" cellpadding=\"2\" align=\"center\">\n<tbody>\n<tr>\n<td valign=\"top\" width=\"80px\">Stehend v.l.:<\/td>\n<td>Alexander Seng (Betreuer), Yannis F., Felix M., Jan W., Johannes K., Marvin R., Jonas H., Mladen Habalija (Trainer)<\/td>\n<\/tr>\n<tr>\n<td valign=\"top\" width=\"80px\">Kniend v.l.:<\/td>\n<td>Felix L., Jonathan S., Konrad K., Lorenz M., Moritz K., Nicolas H., Maximilian L.<\/td>\n<\/tr>\n<tr>\n<td valign=\"top\" width=\"80px\">Es fehlen:<\/td>\n<td>Elmar Kullmann (Co-Trainer), Jonas S., Felix S., Moritz B., Alexander R., Patrick K.<\/td>\n<\/tr>\n<\/tbody>\n<\/table>\n<p><strong> <\/strong><\/p>\n<p style=\"text-align: center;\"><strong>A-Jugend weiblich (JSG)<\/strong><\/p>\n<p style=\"text-align: center;\"><a href=\"https:\/\/www.tv-neuhof.de\/wordpress\/?attachment_id=8754\" rel=\"attachment wp-att-8754\"><img loading=\"lazy\" decoding=\"async\" src=\"https:\/\/www.tv-neuhof.de\/wordpress\/wp-content\/uploads\/2012\/09\/2016-A-Jugend-weiblich-300x225.jpg\" alt=\"\" title=\"2016 - A-Jugend weiblich\" width=\"300\" height=\"225\" class=\"aligncenter size-thumbnail wp-image-8754\" srcset=\"https:\/\/www.tv-neuhof.de\/wordpress\/wp-content\/uploads\/2012\/09\/2016-A-Jugend-weiblich-300x225.jpg 300w, https:\/\/www.tv-neuhof.de\/wordpress\/wp-content\/uploads\/2012\/09\/2016-A-Jugend-weiblich.jpg 1024w\" sizes=\"auto, (max-width: 300px) 100vw, 300px\" \/><\/a><\/p>\n<p style=\"text-align: left;\">\n<table border=\"0\" cellspacing=\"5\" cellpadding=\"2\" align=\"center\">\n<tbody>\n<tr>\n<td valign=\"top\" width=\"80px\">Spieler:<\/td>\n<td>Luca Pappert. Ann-Kathrin Auth, Sophie Leibold, Lusia R\u00fcbsam, Celine N\u00fcchter, Elisa Heil, Paulin Haas, Tina Bagus, Leonie Brunner, Leonie Reichenauer, Lea Diegelmann, Julia M\u00fcller, Victoria Wingenfeld , Katharina Neidhardt, Julia N\u00fcchter<\/td>\n<\/tr>\n<\/tbody>\n<\/table>\n<p><strong> <\/strong><\/p>\n<p style=\"text-align: center;\"><strong>B-Jugend m\u00e4nnlich (JSG)<\/strong><\/p>\n<p style=\"text-align: center;\"><a href=\"https:\/\/www.tv-neuhof.de\/wordpress\/?attachment_id=8723\" rel=\"attachment wp-att-8723\"><img loading=\"lazy\" decoding=\"async\" src=\"https:\/\/www.tv-neuhof.de\/wordpress\/wp-content\/uploads\/2008\/11\/2016-B-Jugend-m\u00e4nnlich-300x195.jpg\" alt=\"\" title=\"2016 - B-Jugend m\u00e4nnlich\" width=\"300\" height=\"195\" class=\"aligncenter size-thumbnail wp-image-8723\" srcset=\"https:\/\/www.tv-neuhof.de\/wordpress\/wp-content\/uploads\/2008\/11\/2016-B-Jugend-m\u00e4nnlich-300x195.jpg 300w, https:\/\/www.tv-neuhof.de\/wordpress\/wp-content\/uploads\/2008\/11\/2016-B-Jugend-m\u00e4nnlich.jpg 1024w\" sizes=\"auto, (max-width: 300px) 100vw, 300px\" \/><\/a><\/p>\n<table border=\"0\" cellspacing=\"5\" cellpadding=\"2\" align=\"center\">\n<tbody>\n<tr>\n<td valign=\"top\" width=\"80px\">Hinten v.l.:<\/td>\n<td>Roman F., Andreas K., Maurizio F., Mladen Habalija (Trainer)<\/td>\n<\/tr>\n<tr>\n<td valign=\"top\" width=\"80px\">Vorne v.l.:<\/td>\n<td>Nils S., Hannes B., Clemens S., Manuel B.<\/td>\n<\/tr>\n<tr>\n<td valign=\"top\" width=\"80px\">Es fehlen:<\/td>\n<td>Moritz K., Joshua S., Lorenz M., Tim B., Leon H., Jan W., Paul H., Janosch B., Moritz S.<\/td>\n<\/tr>\n<\/tbody>\n<\/table>\n<p><strong> <\/strong><\/p>\n<p style=\"text-align: center;\"><strong>C-Jugend m\u00e4nnlich (JSG)<\/strong><\/p>\n<p style=\"text-align: center;\"><a href=\"https:\/\/www.tv-neuhof.de\/wordpress\/?attachment_id=8726\" rel=\"attachment wp-att-8726\"><img loading=\"lazy\" decoding=\"async\" src=\"https:\/\/www.tv-neuhof.de\/wordpress\/wp-content\/uploads\/2008\/10\/2016-C-Jugend-m\u00e4nnlich-300x200.jpg\" alt=\"\" title=\"2016 - C-Jugend m\u00e4nnlich\" width=\"300\" height=\"200\" class=\"aligncenter size-thumbnail wp-image-8726\" srcset=\"https:\/\/www.tv-neuhof.de\/wordpress\/wp-content\/uploads\/2008\/10\/2016-C-Jugend-m\u00e4nnlich-300x200.jpg 300w, https:\/\/www.tv-neuhof.de\/wordpress\/wp-content\/uploads\/2008\/10\/2016-C-Jugend-m\u00e4nnlich.jpg 1024w\" sizes=\"auto, (max-width: 300px) 100vw, 300px\" \/><\/a><\/p>\n<table border=\"0\" cellspacing=\"5\" cellpadding=\"2\" align=\"center\">\n<tbody>\n<tr>\n<td valign=\"top\" width=\"80px\">Hinten v.l.:<\/td>\n<td>Lars Bayer (Trainer), Joseph L., Noah H., Tim-Ol\u00e8 B., Lorenz A., Leon W., Christoph H\u00e4u\u00dfel (Trainer)<\/td>\n<\/tr>\n<tr>\n<td valign=\"top\" width=\"80px\">Vorne v.l.:<\/td>\n<td>Benedikt P., Lucas G., Felix R., Florian B.<\/td>\n<\/tr>\n<tr>\n<td valign=\"top\" width=\"80px\">Es fehlen:<\/td>\n<td>Justus S., Jonas R., Luca H.<\/td>\n<\/tr>\n<\/tbody>\n<\/table>\n<p><strong> <\/strong><\/p>\n<p style=\"text-align: center;\"><strong>C-Jugend weiblich (JSG)<\/strong><\/p>\n<p style=\"text-align: center;\"><a href=\"https:\/\/www.tv-neuhof.de\/wordpress\/?attachment_id=8729\" rel=\"attachment wp-att-8729\"><img loading=\"lazy\" decoding=\"async\" src=\"https:\/\/www.tv-neuhof.de\/wordpress\/wp-content\/uploads\/2008\/10\/2016-C-Jugend-weiblich-300x200.jpg\" alt=\"\" title=\"2016 - C-Jugend weiblich\" width=\"300\" height=\"200\" class=\"aligncenter size-thumbnail wp-image-8729\" srcset=\"https:\/\/www.tv-neuhof.de\/wordpress\/wp-content\/uploads\/2008\/10\/2016-C-Jugend-weiblich-300x200.jpg 300w, https:\/\/www.tv-neuhof.de\/wordpress\/wp-content\/uploads\/2008\/10\/2016-C-Jugend-weiblich.jpg 1024w\" sizes=\"auto, (max-width: 300px) 100vw, 300px\" \/><\/a><\/p>\n<table border=\"0\" cellspacing=\"5\" cellpadding=\"2\" align=\"center\">\n<tbody>\n<tr>\n<td valign=\"top\" width=\"80px\">Hinten v.l.:<\/td>\n<td>Anna-Lena Heil (Trainerin), Barbara H., Sophie R., Marie M., Mathilda A., Kiara P., Lilli O., Sonja Pfannm\u00fcller (Betreuerin)<\/td>\n<\/tr>\n<tr>\n<td valign=\"top\" width=\"80px\">Vorne v.l.<\/td>\n<td>Amelie H., Lilly D., Elisabeth L., Luisa L., Neele R.<\/td>\n<\/tr>\n<tr>\n<td valign=\"top\" width=\"80px\">Es fehlt:<\/td>\n<td>Lea W.<\/td>\n<\/tr>\n<\/tbody>\n<\/table>\n<p><strong> <\/strong><\/p>\n<p style=\"text-align: center;\"><strong>D-Jugend (JSG)<\/strong><\/p>\n<p style=\"text-align: center;\"><a href=\"https:\/\/www.tv-neuhof.de\/wordpress\/?attachment_id=8757\" rel=\"attachment wp-att-8757\"><img loading=\"lazy\" decoding=\"async\" src=\"https:\/\/www.tv-neuhof.de\/wordpress\/wp-content\/uploads\/2008\/02\/2016-D-Jugend-300x225.jpg\" alt=\"\" title=\"2016 - D-Jugend\" width=\"300\" height=\"225\" class=\"aligncenter size-thumbnail wp-image-8757\" srcset=\"https:\/\/www.tv-neuhof.de\/wordpress\/wp-content\/uploads\/2008\/02\/2016-D-Jugend-300x225.jpg 300w, https:\/\/www.tv-neuhof.de\/wordpress\/wp-content\/uploads\/2008\/02\/2016-D-Jugend.jpg 1024w\" sizes=\"auto, (max-width: 300px) 100vw, 300px\" \/><\/a><\/p>\n<table border=\"0\" cellspacing=\"5\" cellpadding=\"2\" align=\"center\">\n<tbody>\n<tr>\n<td valign=\"top\" width=\"80px\">Hinten v.l.:<\/td>\n<td>Tim H., Lorenz H., Merlin P., Noah \u00d6., Dylan M., Marlon P., Vincent P., Thorsten Seng (Trainer)<\/td>\n<\/tr>\n<tr>\n<td valign=\"top\" width=\"80px\">Vorne v.l.:<\/td>\n<td>Neda K., Hannah K., Anna S., Sarah F., Delyn M., Lasse T., Jannis L.<\/td>\n<\/tr>\n<tr>\n<td valign=\"top\" width=\"80px\">Es fehlen:<\/td>\n<td>Harald Thiem (Trainer), Karim G.<\/td>\n<\/tr>\n<\/tbody>\n<\/table>\n<p><strong> <\/strong><\/p>\n<p style=\"text-align: center;\"><strong>E-Jugend<\/strong><\/p>\n<p style=\"text-align: center;\"><a href=\"https:\/\/www.tv-neuhof.de\/wordpress\/?attachment_id=8670\" rel=\"attachment wp-att-8670\"><img loading=\"lazy\" decoding=\"async\" src=\"https:\/\/www.tv-neuhof.de\/wordpress\/wp-content\/uploads\/2008\/09\/2016-E-Jugend-300x199.jpg\" alt=\"\" title=\"2016 - E-Jugend\" width=\"300\" height=\"199\" class=\"aligncenter size-thumbnail wp-image-8670\" srcset=\"https:\/\/www.tv-neuhof.de\/wordpress\/wp-content\/uploads\/2008\/09\/2016-E-Jugend-300x199.jpg 300w, https:\/\/www.tv-neuhof.de\/wordpress\/wp-content\/uploads\/2008\/09\/2016-E-Jugend.jpg 1024w\" sizes=\"auto, (max-width: 300px) 100vw, 300px\" \/><\/a><\/p>\n<table border=\"0\" cellspacing=\"5\" cellpadding=\"2\" align=\"center\">\n<tbody>\n<tr>\n<td valign=\"top\" width=\"80px\">Spieler:<\/td>\n<td>Natalie Nau (Trainerin), Lylli W., Elisa S., Noah V., Ronja E., Elsa S., Marius S., Steffi Sallman (Trainerin)<\/td>\n<\/tr>\n<tr>\n<td valign=\"top\" width=\"80px\">Kniend v.l.:<\/td>\n<td>Lara T., Nike D., Jana K., Teresa W., Noah B.<\/td>\n<\/tr>\n<tr>\n<td valign=\"top\" width=\"80px\">Liegend:<\/td>\n<td>Sverre J.<\/td>\n<\/tr>\n<\/tbody>\n<\/table>\n<p><strong> <\/strong><\/p>\n","protected":false},"excerpt":{"rendered":"<p>Herren Stehend v.l.: Bernd Leidheiser (Trainer), Benedikt Grob, Winfried Schmitt, Marcel Sch\u00e4fer, Christoph Temburg, Christian Remmert, Sebastian Ellenbrand, Andreas Stehling, Julian Kl\u00fch, J\u00fcrgen Sch\u00e4fer (Betreuer), Johannes Manz Sitzend v.l.: Lukas Benkner, Frederick Storch, Jannik Enders, Daniel H\u00e4ndler, Tim Eisenstein, Fabian Benkner, Felix M\u00f6ller, Felix M\u00f6ller, Daniel Arnreich Es fehlen: Michael Andre, Christopher Auth, Leonard Hack, [&hellip;]<\/p>\n","protected":false},"author":11,"featured_media":0,"parent":2399,"menu_order":2016,"comment_status":"open","ping_status":"closed","template":"","meta":{"ngg_post_thumbnail":0,"footnotes":""},"class_list":["post-9337","page","type-page","status-publish","hentry"],"_links":{"self":[{"href":"https:\/\/www.tv-neuhof.de\/wordpress\/wp-json\/wp\/v2\/pages\/9337","targetHints":{"allow":["GET"]}}],"collection":[{"href":"https:\/\/www.tv-neuhof.de\/wordpress\/wp-json\/wp\/v2\/pages"}],"about":[{"href":"https:\/\/www.tv-neuhof.de\/wordpress\/wp-json\/wp\/v2\/types\/page"}],"author":[{"embeddable":true,"href":"https:\/\/www.tv-neuhof.de\/wordpress\/wp-json\/wp\/v2\/users\/11"}],"replies":[{"embeddable":true,"href":"https:\/\/www.tv-neuhof.de\/wordpress\/wp-json\/wp\/v2\/comments?post=9337"}],"version-history":[{"count":18,"href":"https:\/\/www.tv-neuhof.de\/wordpress\/wp-json\/wp\/v2\/pages\/9337\/revisions"}],"predecessor-version":[{"id":10115,"href":"https:\/\/www.tv-neuhof.de\/wordpress\/wp-json\/wp\/v2\/pages\/9337\/revisions\/10115"}],"up":[{"embeddable":true,"href":"https:\/\/www.tv-neuhof.de\/wordpress\/wp-json\/wp\/v2\/pages\/2399"}],"wp:attachment":[{"href":"https:\/\/www.tv-neuhof.de\/wordpress\/wp-json\/wp\/v2\/media?parent=9337"}],"curies":[{"name":"wp","href":"https:\/\/api.w.org\/{rel}","templated":true}]}}