

{"id":9929,"date":"2018-08-22T07:08:43","date_gmt":"2018-08-22T06:08:43","guid":{"rendered":"http:\/\/www.tv-neuhof.de\/wordpress\/?page_id=9929"},"modified":"2018-09-21T08:01:21","modified_gmt":"2018-09-21T07:01:21","slug":"2017-18","status":"publish","type":"page","link":"https:\/\/www.tv-neuhof.de\/wordpress\/about\/historisches\/mannschaftsfotos\/2017-18\/","title":{"rendered":"2017\/18"},"content":{"rendered":"<p style=\"text-align: center;\"><strong>Herren<\/strong><\/p>\n<p style=\"text-align: center;\"><a href=\"https:\/\/www.tv-neuhof.de\/wordpress\/?attachment_id=9392\" rel=\"attachment wp-att-9392\"><img loading=\"lazy\" decoding=\"async\" src=\"https:\/\/www.tv-neuhof.de\/wordpress\/wp-content\/uploads\/2008\/04\/2017-Herren-300x198.jpg\" alt=\"\" title=\"2017 - Herren\" width=\"300\" height=\"198\" class=\"aligncenter size-medium wp-image-9392\" srcset=\"https:\/\/www.tv-neuhof.de\/wordpress\/wp-content\/uploads\/2008\/04\/2017-Herren-300x198.jpg 300w, https:\/\/www.tv-neuhof.de\/wordpress\/wp-content\/uploads\/2008\/04\/2017-Herren.jpg 1024w\" sizes=\"auto, (max-width: 300px) 100vw, 300px\" \/><\/a><\/p>\n<table border=\"0\" cellspacing=\"5\" cellpadding=\"2\" align=\"center\">\n<tbody>\n<tr>\n<td valign=\"top\" width=\"80px\">Hinten v.l.:<\/td>\n<td>Christian Remmert, Felix M\u00f6ller, Julian Kl\u00fch, Daniel H\u00e4ndler, Frederick Storch, Florian Kramer, Daniel Arnreich<\/td>\n<\/tr>\n<tr>\n<td valign=\"top\" width=\"80px\">Mitte v.l.:<\/td>\n<td>J\u00fcrgen Sch\u00e4fer (Betreuer), Michael Andr\u00e9, Alexander Remmert, Marcel Sch\u00e4fer, Christoph Temburg, Felix M\u00f6ller, Fabian Benkner, Michael Remmert (Co-Trainer)<\/td>\n<\/tr>\n<tr>\n<td valign=\"top\" width=\"80px\">Vorne v.l.:<\/td>\n<td>Dominik Vogler, Rafi Oria, Benedikt Grob, Tim Eisenstein, Winfried Schmitt, Jannik Enders, Lucas Jung, Johannes Manz (Spielertrainer)<\/td>\n<\/tr>\n<tr>\n<td valign=\"top\" width=\"80px\">Es fehlen:<\/td>\n<td>Tobias Neidert, Sebastian Ellenbrand, Lukas Benkner<\/td>\n<\/tr>\n<\/tbody>\n<\/table>\n<p><strong> <\/strong><\/p>\n<p style=\"text-align: center;\"><strong>A-Jugend m\u00e4nnlich (JSG)<\/strong><\/p>\n<p style=\"text-align: center;\"><a href=\"https:\/\/www.tv-neuhof.de\/wordpress\/?attachment_id=9355\" rel=\"attachment wp-att-9355\"><img loading=\"lazy\" decoding=\"async\" src=\"https:\/\/www.tv-neuhof.de\/wordpress\/wp-content\/uploads\/2009\/08\/2017-A-Jugend-m\u00e4nnlich-300x200.jpg\" alt=\"\" title=\"2017 - A-Jugend m\u00e4nnlich\" width=\"300\" height=\"200\" class=\"aligncenter size-medium wp-image-9355\" srcset=\"https:\/\/www.tv-neuhof.de\/wordpress\/wp-content\/uploads\/2009\/08\/2017-A-Jugend-m\u00e4nnlich-300x200.jpg 300w, https:\/\/www.tv-neuhof.de\/wordpress\/wp-content\/uploads\/2009\/08\/2017-A-Jugend-m\u00e4nnlich.jpg 1024w\" sizes=\"auto, (max-width: 300px) 100vw, 300px\" \/><\/a><\/p>\n<table border=\"0\" cellspacing=\"5\" cellpadding=\"2\" align=\"center\">\n<tbody>\n<tr>\n<td valign=\"top\" width=\"80px\">Stehend v.l.:<\/td>\n<td>Clemens S., Konrad K., Johannes K., Felix L., Tim B., Sven W., Lorenz M., Maximilian L., Mladen Habalija (Trainer)<\/td>\n<\/tr>\n<tr>\n<td valign=\"top\" width=\"80px\">Es fehlt:<\/td>\n<td>Leon H.<\/td>\n<\/tr>\n<\/tbody>\n<\/table>\n<p><strong> <\/strong><\/p>\n<p style=\"text-align: center;\"><strong>B-Jugend m\u00e4nnlich (JSG)<\/strong><\/p>\n<p style=\"text-align: center;\"><a href=\"https:\/\/www.tv-neuhof.de\/wordpress\/?attachment_id=9343\" rel=\"attachment wp-att-9343\"><img loading=\"lazy\" decoding=\"async\" src=\"https:\/\/www.tv-neuhof.de\/wordpress\/wp-content\/uploads\/2008\/11\/2017-B-Jugend-m\u00e4nnlich-300x200.jpg\" alt=\"\" title=\"2017 - B-Jugend m\u00e4nnlich\" width=\"300\" height=\"200\" class=\"aligncenter size-medium wp-image-9343\" srcset=\"https:\/\/www.tv-neuhof.de\/wordpress\/wp-content\/uploads\/2008\/11\/2017-B-Jugend-m\u00e4nnlich-300x200.jpg 300w, https:\/\/www.tv-neuhof.de\/wordpress\/wp-content\/uploads\/2008\/11\/2017-B-Jugend-m\u00e4nnlich.jpg 1024w\" sizes=\"auto, (max-width: 300px) 100vw, 300px\" \/><\/a><\/p>\n<table border=\"0\" cellspacing=\"5\" cellpadding=\"2\" align=\"center\">\n<tbody>\n<tr>\n<td valign=\"top\" width=\"80px\">Hinten v.l.:<\/td>\n<td>Mladen Habalija (Trainer), Nils S., Roman F., Noah H., Jonas R., Lorenz A., Tim-Ole B., Peter Sch\u00f6ppner (Betreuer)<\/td>\n<\/tr>\n<tr>\n<td valign=\"top\" width=\"80px\">Vorne v.l.:<\/td>\n<td>Maurizio F., Paul H., Moritz K., Janosch B., Hannes B., Manuel B., Moritz S.<\/td>\n<\/tr>\n<tr>\n<td valign=\"top\" width=\"80px\">Es fehlen:<\/td>\n<td>Magnus A., Benedikt P., Joshua S.<\/td>\n<\/tr>\n<\/tbody>\n<\/table>\n<p><strong> <\/strong><\/p>\n<p style=\"text-align: center;\"><strong>C-Jugend weiblich (JSG)<\/strong><\/p>\n<p style=\"text-align: center;\"><a href=\"https:\/\/www.tv-neuhof.de\/wordpress\/?attachment_id=9350\" rel=\"attachment wp-att-9350\"><img loading=\"lazy\" decoding=\"async\" src=\"https:\/\/www.tv-neuhof.de\/wordpress\/wp-content\/uploads\/2008\/10\/2017-C-Jugend-weiblich-300x225.jpg\" alt=\"\" title=\"2017 - C-Jugend weiblich\" width=\"300\" height=\"225\" class=\"aligncenter size-medium wp-image-9350\" srcset=\"https:\/\/www.tv-neuhof.de\/wordpress\/wp-content\/uploads\/2008\/10\/2017-C-Jugend-weiblich-300x225.jpg 300w, https:\/\/www.tv-neuhof.de\/wordpress\/wp-content\/uploads\/2008\/10\/2017-C-Jugend-weiblich.jpg 1024w\" sizes=\"auto, (max-width: 300px) 100vw, 300px\" \/><\/a><\/p>\n<table border=\"0\" cellspacing=\"5\" cellpadding=\"2\" align=\"center\">\n<tbody>\n<tr>\n<td valign=\"top\" width=\"80px\">Hinten v.l.:<\/td>\n<td>Sonja Pfannm\u00fcller (Betreuerin), Lilli O., Lea W., Marie M., Sophie R., Kiara P., Neele R., Anna-Lena Heil (Trainerin)<\/td>\n<\/tr>\n<tr>\n<td valign=\"top\" width=\"80px\">Vorne v.l.<\/td>\n<td>Amelie H., Luisa L., Mathilda A., Sarah F., Lilly D.<\/td>\n<\/tr>\n<tr>\n<td valign=\"top\" width=\"80px\">Es fehlen:<\/td>\n<td>Barbara H., Neda K. und Hannah K.<\/td>\n<\/tr>\n<\/tbody>\n<\/table>\n<p><strong> <\/strong><\/p>\n<p style=\"text-align: center;\"><strong>Minis<\/strong><\/p>\n<table border=\"0\" align=\"center\">\n<tbody>\n<tr>\n<td align=\"center\"><a href=\"https:\/\/www.tv-neuhof.de\/wordpress\/wp-content\/uploads\/2010\/03\/Minis_1_2017.jpg\"><img loading=\"lazy\" decoding=\"async\" src=\"https:\/\/www.tv-neuhof.de\/wordpress\/wp-content\/uploads\/2010\/03\/Minis_1_2017-300x225.jpg\" alt=\"\" width=\"300\" height=\"225\" class=\"aligncenter size-medium wp-image-9501\" srcset=\"https:\/\/www.tv-neuhof.de\/wordpress\/wp-content\/uploads\/2010\/03\/Minis_1_2017-300x225.jpg 300w, https:\/\/www.tv-neuhof.de\/wordpress\/wp-content\/uploads\/2010\/03\/Minis_1_2017-768x575.jpg 768w, https:\/\/www.tv-neuhof.de\/wordpress\/wp-content\/uploads\/2010\/03\/Minis_1_2017.jpg 1024w\" sizes=\"auto, (max-width: 300px) 100vw, 300px\" \/><\/a><\/td>\n<td align=\"center\"><a href=\"https:\/\/www.tv-neuhof.de\/wordpress\/wp-content\/uploads\/2010\/03\/Minis_2_2017.jpg\"><img loading=\"lazy\" decoding=\"async\" src=\"https:\/\/www.tv-neuhof.de\/wordpress\/wp-content\/uploads\/2010\/03\/Minis_2_2017-300x225.jpg\" alt=\"\" width=\"300\" height=\"225\" class=\"aligncenter size-medium wp-image-9502\" srcset=\"https:\/\/www.tv-neuhof.de\/wordpress\/wp-content\/uploads\/2010\/03\/Minis_2_2017-300x225.jpg 300w, https:\/\/www.tv-neuhof.de\/wordpress\/wp-content\/uploads\/2010\/03\/Minis_2_2017-768x577.jpg 768w, https:\/\/www.tv-neuhof.de\/wordpress\/wp-content\/uploads\/2010\/03\/Minis_2_2017.jpg 1023w\" sizes=\"auto, (max-width: 300px) 100vw, 300px\" \/><\/td>\n<\/tr>\n<tr>\n<td align=\"center\"><a href=\"https:\/\/www.tv-neuhof.de\/wordpress\/wp-content\/uploads\/2010\/03\/Minis_3_2017.jpg\"><img loading=\"lazy\" decoding=\"async\" src=\"https:\/\/www.tv-neuhof.de\/wordpress\/wp-content\/uploads\/2010\/03\/Minis_3_2017-300x225.jpg\" alt=\"\" width=\"300\" height=\"225\" class=\"aligncenter size-medium wp-image-9503\" srcset=\"https:\/\/www.tv-neuhof.de\/wordpress\/wp-content\/uploads\/2010\/03\/Minis_3_2017-300x225.jpg 300w, https:\/\/www.tv-neuhof.de\/wordpress\/wp-content\/uploads\/2010\/03\/Minis_3_2017-768x576.jpg 768w, https:\/\/www.tv-neuhof.de\/wordpress\/wp-content\/uploads\/2010\/03\/Minis_3_2017.jpg 1024w\" sizes=\"auto, (max-width: 300px) 100vw, 300px\" \/><\/a><\/td>\n<td align=\"center\"><a href=\"https:\/\/www.tv-neuhof.de\/wordpress\/wp-content\/uploads\/2010\/03\/Minis_4_2017.jpg\"><img loading=\"lazy\" decoding=\"async\" src=\"https:\/\/www.tv-neuhof.de\/wordpress\/wp-content\/uploads\/2010\/03\/Minis_4_2017-300x225.jpg\" alt=\"\" width=\"300\" height=\"225\" class=\"aligncenter size-medium wp-image-9504\" srcset=\"https:\/\/www.tv-neuhof.de\/wordpress\/wp-content\/uploads\/2010\/03\/Minis_4_2017-300x225.jpg 300w, https:\/\/www.tv-neuhof.de\/wordpress\/wp-content\/uploads\/2010\/03\/Minis_4_2017-768x576.jpg 768w, https:\/\/www.tv-neuhof.de\/wordpress\/wp-content\/uploads\/2010\/03\/Minis_4_2017.jpg 1024w\" sizes=\"auto, (max-width: 300px) 100vw, 300px\" \/><\/a><\/td>\n<\/tr>\n<\/tbody>\n<\/table>\n<p><strong> <\/strong><\/p>\n","protected":false},"excerpt":{"rendered":"<p>Herren Hinten v.l.: Christian Remmert, Felix M\u00f6ller, Julian Kl\u00fch, Daniel H\u00e4ndler, Frederick Storch, Florian Kramer, Daniel Arnreich Mitte v.l.: J\u00fcrgen Sch\u00e4fer (Betreuer), Michael Andr\u00e9, Alexander Remmert, Marcel Sch\u00e4fer, Christoph Temburg, Felix M\u00f6ller, Fabian Benkner, Michael Remmert (Co-Trainer) Vorne v.l.: Dominik Vogler, Rafi Oria, Benedikt Grob, Tim Eisenstein, Winfried Schmitt, Jannik Enders, Lucas Jung, Johannes Manz [&hellip;]<\/p>\n","protected":false},"author":11,"featured_media":0,"parent":2399,"menu_order":2017,"comment_status":"closed","ping_status":"closed","template":"","meta":{"ngg_post_thumbnail":0,"footnotes":""},"class_list":["post-9929","page","type-page","status-publish","hentry"],"_links":{"self":[{"href":"https:\/\/www.tv-neuhof.de\/wordpress\/wp-json\/wp\/v2\/pages\/9929","targetHints":{"allow":["GET"]}}],"collection":[{"href":"https:\/\/www.tv-neuhof.de\/wordpress\/wp-json\/wp\/v2\/pages"}],"about":[{"href":"https:\/\/www.tv-neuhof.de\/wordpress\/wp-json\/wp\/v2\/types\/page"}],"author":[{"embeddable":true,"href":"https:\/\/www.tv-neuhof.de\/wordpress\/wp-json\/wp\/v2\/users\/11"}],"replies":[{"embeddable":true,"href":"https:\/\/www.tv-neuhof.de\/wordpress\/wp-json\/wp\/v2\/comments?post=9929"}],"version-history":[{"count":10,"href":"https:\/\/www.tv-neuhof.de\/wordpress\/wp-json\/wp\/v2\/pages\/9929\/revisions"}],"predecessor-version":[{"id":10764,"href":"https:\/\/www.tv-neuhof.de\/wordpress\/wp-json\/wp\/v2\/pages\/9929\/revisions\/10764"}],"up":[{"embeddable":true,"href":"https:\/\/www.tv-neuhof.de\/wordpress\/wp-json\/wp\/v2\/pages\/2399"}],"wp:attachment":[{"href":"https:\/\/www.tv-neuhof.de\/wordpress\/wp-json\/wp\/v2\/media?parent=9929"}],"curies":[{"name":"wp","href":"https:\/\/api.w.org\/{rel}","templated":true}]}}